{"id":5057,"date":"2021-03-23T14:32:01","date_gmt":"2021-03-23T13:32:01","guid":{"rendered":"https:\/\/us.edu.pl\/szkola-doktorska\/?page_id=5057"},"modified":"2021-03-29T14:50:29","modified_gmt":"2021-03-29T12:50:29","slug":"ewaluacja-doktorantow","status":"publish","type":"page","link":"https:\/\/us.edu.pl\/szkola-doktorska\/ewaluacja-doktorantow\/","title":{"rendered":"Ewaluacja doktorant\u00f3w"},"content":{"rendered":"<p>[vc_row][vc_column]\r\n                <div class=\"text-modules \">\r\n                    <div class=\"container\">\r\n                        <h3 class=\"section-title section-title_border-bottom\">Podstawy prawne<\/h3> \r\n                        <div class=\"row m-0\">\r\n                            <div class=\"text-modules__content\">\r\n                                Regulamin Szko\u0142y Doktorskiej obowi\u0105zuj\u0105cy od 1.10.2021<\/p>\n<p><a href=\"http:\/\/bip.us.edu.pl\/uchwala-nr-752021\">http:\/\/bip.us.edu.pl\/uchwala-nr-752021<\/a><\/p>\n<p>Regulamin Szko\u0142y Doktorskiej obowi\u0105zuj\u0105cy do 30.09.2021<\/p>\n<p><a href=\"http:\/\/bip.us.edu.pl\/uchwala-nr-4302019\">http:\/\/bip.us.edu.pl\/uchwala-nr-4302019<\/a><\/p>\n<p>Zarz\u0105dzenie dziekana dotycz\u0105ce ewaluacji doktorant\u00f3w I roku<\/p>\n<p><a href=\"https:\/\/us.edu.pl\/szkola-doktorska\/wp-content\/uploads\/sites\/50\/Nieprzypisane\/zarza\u0328dzenie-nr-5-dziekana-SD-z-16.03.2021-w-sprawie-komisji-ewaluacyjnych.pdf\" class=\"mtli_attachment mtli_pdf\" data-mtli=\"mtli_filesize316,00kB\">zarza\u0328dzenie nr 5 dziekana SD z 16.03.2021 w sprawie komisji ewaluacyjnych<\/a> \r\n                                <div class=\"mt-3\"><\/div>\r\n                            <\/div>\r\n                            \r\n                            <div class=\"text-modules__img\"><img src=\"https:\/\/us.edu.pl\/szkola-doktorska\/wp-content\/uploads\/sites\/50\/Nieprzypisane\/books-1845614_1920.jpg\" alt=\"img\"><\/div>\r\n                        <\/div>\r\n                    <\/div>\r\n                <\/div>\r\n                <div class=\"text-modules\">\r\n                    <div class=\"container\">\r\n                        <h3 class=\"page-title text__title\">Ewaluacja po I roku<\/h3>\r\n                        <div class=\"text-modules__content\"><p>&#8230;<\/p>\n<\/div>\r\n                    <\/div>\r\n                <\/div>\r\n                <div class=\"text-modules \">\r\n                    <div class=\"container\">\r\n                        <h3 class=\"section-title section-title_border-bottom\">Ocena \u015br\u00f3dokresowa - ewaluacja po II roku<\/h3> \r\n                        <div class=\"row m-0\">\r\n                            <div class=\"text-modules__content\">\r\n                                Ocena \u015br\u00f3dokresowa jest najwa\u017cniejszym dzia\u0142aniem ewaluacyjnym w Szkole Doktorskiej, kt\u00f3rego skutkiem jest albo kontynuacja kszta\u0142cenia (i podniesienie stypendium), albo skre\u015blenie z listy doktorant\u00f3w.<\/p>\n<p>Oceny \u015br\u00f3dokresowej dokonuje komisja ewaluacyjna powo\u0142ana ju\u017c na I roku kszta\u0142cenia. Przedmiotem oceny jest realizacja indywidualnego planu badawczego. Jest ona trzyetapowa:<\/p>\n<ol>\n<li>W\u00a0pierwszym etapie komisja zapoznaje si\u0119 z\u00a0dokumentacj\u0105: planem badawczym, przebiegiem kszta\u0142cenia i\u00a0rocznymi sprawozdaniami doktoranta\/doktorantki.<\/li>\n<li>W drugim etapie doktorant\/doktorantka prezentuje sw\u00f3j plan badawczy, wskazuj\u0105c, kt\u00f3re etapy bada\u0144 zosta\u0142y ju\u017c zrealizowane i jak s\u0105 rozplanowane kolejne. Prezentacja odbywa si\u0119 na posiedzeniu rady naukowej instytutu odpowiedniej dyscypliny. Cz\u0142onkowie rady oraz cz\u0142onkowie komisji ewaluacyjnej mog\u0105 zadawa\u0107<br \/>\ndoktorantowi pytania zwi\u0105zane z prezentowan\u0105 prac\u0105 badawcz\u0105.<\/li>\n<li>W trzecim etapie komisja ewaluacyjna, na odr\u0119bnym posiedzeniu w\u0142asnym, podejmuje decyzj\u0119 o wyniku oceny \u015br\u00f3dokresowej. Je\u015bli sytuacja tego wymaga, komisja mo\u017ce zaprosi\u0107 doktoranta\/doktorantk\u0119 lub promotora\/promotor\u00f3w na to posiedzenie; zar\u00f3wno doktorant\/doktorantka, jak promotor\/promotorzy powinni by\u0107 uprzedzeni o tym zaproszeniu z tygodniowym wyprzedzeniem.<\/li>\n<\/ol>\n<div class=\"mt-3\"><\/div>\r\n                            <\/div>\r\n                            \r\n                            \r\n                        <\/div>\r\n                    <\/div>\r\n                <\/div>[\/vc_column][\/vc_row]<\/p>\n<style type=\"text\/css\">a[data-mtli~=\"mtli_filesize316,00kB\"]:after {content:\" (316,00 kB)\"}<\/style>","protected":false},"excerpt":{"rendered":"<p>[vc_row][vc_column][\/vc_column][\/vc_row] [&#8230;]<\/p>\n<p><a class=\"btn btn-secondary understrap-read-more-link\" href=\"https:\/\/us.edu.pl\/szkola-doktorska\/ewaluacja-doktorantow\/\">Read More&#8230;<\/a><\/p>\n","protected":false},"author":42,"featured_media":0,"parent":0,"menu_order":0,"comment_status":"closed","ping_status":"closed","template":"","meta":{"_expiration-date-status":"saved","_expiration-date":0,"_expiration-date-type":"","_expiration-date-categories":[],"_expiration-date-options":[]},"acf":[],"_links":{"self":[{"href":"https:\/\/us.edu.pl\/szkola-doktorska\/wp-json\/wp\/v2\/pages\/5057"}],"collection":[{"href":"https:\/\/us.edu.pl\/szkola-doktorska\/wp-json\/wp\/v2\/pages"}],"about":[{"href":"https:\/\/us.edu.pl\/szkola-doktorska\/wp-json\/wp\/v2\/types\/page"}],"author":[{"embeddable":true,"href":"https:\/\/us.edu.pl\/szkola-doktorska\/wp-json\/wp\/v2\/users\/42"}],"replies":[{"embeddable":true,"href":"https:\/\/us.edu.pl\/szkola-doktorska\/wp-json\/wp\/v2\/comments?post=5057"}],"version-history":[{"count":5,"href":"https:\/\/us.edu.pl\/szkola-doktorska\/wp-json\/wp\/v2\/pages\/5057\/revisions"}],"predecessor-version":[{"id":5313,"href":"https:\/\/us.edu.pl\/szkola-doktorska\/wp-json\/wp\/v2\/pages\/5057\/revisions\/5313"}],"wp:attachment":[{"href":"https:\/\/us.edu.pl\/szkola-doktorska\/wp-json\/wp\/v2\/media?parent=5057"}],"curies":[{"name":"wp","href":"https:\/\/api.w.org\/{rel}","templated":true}]}}