{"id":529,"date":"2019-12-08T21:41:16","date_gmt":"2019-12-08T20:41:16","guid":{"rendered":"http:\/\/us.edu.pl\/szkola-doktorska\/?page_id=529"},"modified":"2023-10-10T12:06:34","modified_gmt":"2023-10-10T10:06:34","slug":"obowiazki-promotora-w-szkole-doktorskiej","status":"publish","type":"page","link":"https:\/\/us.edu.pl\/szkola-doktorska\/promotor\/obowiazki-promotora-w-szkole-doktorskiej\/","title":{"rendered":"Obowi\u0105zki promotora w Szkole Doktorskiej"},"content":{"rendered":"<p>[vc_row][vc_column]\r\n                <div class=\"text-modules\">\r\n                    <div class=\"container\">\r\n                        \r\n                        <div class=\"text-modules__content\"><\/p>\n<p style=\"text-align: center;\"><!--more-->Podstawowym zadaniem promotora jest prowadzenie doktoranta w jego rozwoju naukowym. Dlatego bardzo istotne jest, \u017ceby ka\u017cdy promotor by\u0142 \u015bwiadomy tego, jak wygl\u0105da proces kszta\u0142cenia doktoranta w Szkole Doktorskiej.<\/p>\n<p>\n<\/div>\r\n                    <\/div>\r\n                <\/div>\r\n                <div class=\"tiles-section\" style=\"background: \">\r\n                    <div class=\"container\">\r\n                        <h3 class=\"page-title\"><\/h3>\r\n                        <div class=\"tiles tiles-2\">\r\n                            <a href=\"\/szkola-doktorska\/cykl-ksztalcenia-doktoranta-w-szkole-doktorskiej\/\" class=\"tile tile_double justify-content-center\" style=\"background-color: #002E5A; font-weight: ; color: #ffffff;  \">\r\n                                \r\n                                   \r\n                               \r\n                                <div class=\"tile__name\">Schemat cyklu kszta\u0142cenia doktoranta w Szkole Doktorskiej<\/div>\r\n                            <\/a><\/div>\r\n                    <\/div>\r\n                <\/div>\r\n                <div class=\"text-modules\">\r\n                    <div class=\"container\">\r\n                        <h3 class=\"page-title text__title\">Zakres obowi\u0105zk\u00f3w promotora<\/h3>\r\n                        <div class=\"text-modules__content\"><p>Zgodnie z \u00a726 ust. 2 Uchwa\u0142y nr 409 Senatu Uniwersytetu \u015al\u0105skiego w Katowicach z dnia 25 czerwca 2019 r., do obowi\u0105zk\u00f3w promotora nale\u017cy:<\/p>\n<ul>\n<li>opieka nad realizacj\u0105 planu badawczego przez doktoranta;<\/li>\n<li>udzielanie doktorantowi pomocy merytorycznej i metodycznej w pracy naukowej, w tym w opracowaniu indywidualnego planu badawczego;<\/li>\n<li>dokonywanie corocznej oceny post\u0119p\u00f3w w pracy naukowej, a zw\u0142aszcza post\u0119p\u00f3w w realizacji programu i indywidualnego planu badawczego, w postaci pisemnej opinii;<\/li>\n<li>wsp\u00f3\u0142praca z komisj\u0105 ewaluacyjn\u0105;<\/li>\n<li>udzielanie wskaz\u00f3wek metodycznych i pomocy w zdobywaniu do\u015bwiadcze\u0144 dydaktycznych;<\/li>\n<li>opiniowanie wniosk\u00f3w sk\u0142adanych przez doktoranta;<\/li>\n<li>prowadzenie lub wsp\u00f3\u0142prowadzenie seminarium doktoranckiego;<\/li>\n<li>informowanie dziekana o zaistnieniu przes\u0142anek do skre\u015blenia doktoranta z listy uczestnik\u00f3w Szko\u0142y Doktorskiej.<\/li>\n<\/ul>\n<p>\n<\/div>\r\n                    <\/div>\r\n                <\/div>\r\n                <div class=\"text-modules\">\r\n                    <div class=\"container\">\r\n                        <h3 class=\"page-title text__title\">Obowi\u0105zki dydaktyczne promotora<\/h3>\r\n                        <div class=\"text-modules__content\"><p>Praca promotora z doktorantem odbywa si\u0119 w ramach seminarium doktorskiego w wymiarze 15 godzin w semestrze przez ca\u0142y okres kszta\u0142cenia w Szkole Doktorskiej. Ten zakres realizowany jest w ramach pensum dydaktycznego pracownika badawczo-dydaktycznego U\u015a albo w formie umowy cywilno-prawnej z osob\u0105 zewn\u0119trzn\u0105.<\/p>\n<p>Badacz, kt\u00f3ry jest promotorem dw\u00f3ch lub trzech doktorant\u00f3w w Szkole Doktorskiej realizuje seminarium doktorskie w tym samym wymiarze godzin.<\/p>\n<p>Zasady rozliczania godzin seminarium okre\u015bla <a href=\"https:\/\/us.edu.pl\/szkola-doktorska\/wp-content\/uploads\/sites\/50\/prawo\/zarzadzenia-dziekana\/2021\/zarzadzenie-nr-4-2021.pdf\" class=\"mtli_attachment mtli_pdf\" data-mtli=\"mtli_filesize286,64kB\" class=\"mtli_attachment mtli_pdf\" data-mtli=\"mtli_filesize286,64kB\">Zarz\u0105dzenie nr 4\/2021 Dziekana Szko\u0142y Doktorskiej z dnia 16 marca 2021 roku w sprawie sposobu naliczania godzin seminarium doktoranckiego<\/a>.<\/p>\n<style type=\"text\/css\">a[data-mtli~=\"mtli_filesize286,64kB\"]:after {content:\" (286,64 kB)\"}<\/style><\/div>\r\n                    <\/div>\r\n                <\/div>[\/vc_column][\/vc_row]<\/p>\n<style type=\"text\/css\">a[data-mtli~=\"mtli_filesize286,64kB\"]:after {content:\" (286,64 kB)\"}<\/style>","protected":false},"excerpt":{"rendered":"<p>[vc_row][vc_column] [&#8230;]<\/p>\n<p><a class=\"btn btn-secondary understrap-read-more-link\" href=\"https:\/\/us.edu.pl\/szkola-doktorska\/promotor\/obowiazki-promotora-w-szkole-doktorskiej\/\">Read More&#8230;<\/a><\/p>\n","protected":false},"author":42,"featured_media":0,"parent":454,"menu_order":0,"comment_status":"closed","ping_status":"closed","template":"","meta":{"_expiration-date-status":"","_expiration-date":0,"_expiration-date-type":"","_expiration-date-categories":[],"_expiration-date-options":[]},"acf":[],"_links":{"self":[{"href":"https:\/\/us.edu.pl\/szkola-doktorska\/wp-json\/wp\/v2\/pages\/529"}],"collection":[{"href":"https:\/\/us.edu.pl\/szkola-doktorska\/wp-json\/wp\/v2\/pages"}],"about":[{"href":"https:\/\/us.edu.pl\/szkola-doktorska\/wp-json\/wp\/v2\/types\/page"}],"author":[{"embeddable":true,"href":"https:\/\/us.edu.pl\/szkola-doktorska\/wp-json\/wp\/v2\/users\/42"}],"replies":[{"embeddable":true,"href":"https:\/\/us.edu.pl\/szkola-doktorska\/wp-json\/wp\/v2\/comments?post=529"}],"version-history":[{"count":8,"href":"https:\/\/us.edu.pl\/szkola-doktorska\/wp-json\/wp\/v2\/pages\/529\/revisions"}],"predecessor-version":[{"id":8836,"href":"https:\/\/us.edu.pl\/szkola-doktorska\/wp-json\/wp\/v2\/pages\/529\/revisions\/8836"}],"up":[{"embeddable":true,"href":"https:\/\/us.edu.pl\/szkola-doktorska\/wp-json\/wp\/v2\/pages\/454"}],"wp:attachment":[{"href":"https:\/\/us.edu.pl\/szkola-doktorska\/wp-json\/wp\/v2\/media?parent=529"}],"curies":[{"name":"wp","href":"https:\/\/api.w.org\/{rel}","templated":true}]}}