{"id":53,"date":"2019-10-04T14:08:24","date_gmt":"2019-10-04T12:08:24","guid":{"rendered":"https:\/\/us.edu.pl\/sd\/?page_id=53"},"modified":"2020-02-03T10:50:09","modified_gmt":"2020-02-03T09:50:09","slug":"ksztalcenie-indywidualne","status":"publish","type":"page","link":"https:\/\/us.edu.pl\/szkola-doktorska\/ksztalcenie-indywidualne\/","title":{"rendered":"Kszta\u0142cenie indywidualne"},"content":{"rendered":"<p>[vc_row][vc_column]\r\n                <div class=\"text-modules\">\r\n                    <div class=\"container\">\r\n                        <h3 class=\"page-title text__title\">Kszta\u0142cenie indywidualne w Szkole Doktorskiej<\/h3>\r\n                        <div class=\"text-modules__content\"><p>Kszta\u0142cenie w Szkole Doktorskiej ma charakter zindywidualizowany. Nadrz\u0119dnym celem kszta\u0142cenia jest przygotowanie przez doktoranta bardzo dobrej rozprawy doktorskiej, a tak\u017ce wprowadzenie go w dojrza\u0142e, mi\u0119dzynarodowe \u017cycie naukowe. Dlatego nawet wtedy, gdy doktorant uczestniczy we wsp\u00f3lnych zaj\u0119ciach, zorganizowanych dla du\u017cej lub \u015bredniej grupy, to program tych zaj\u0119\u0107, omawiane zagadnienia, analizowane case study i warunki zaliczenia zaplanowane s\u0105 tak, \u017ceby bra\u0107 pod uwag\u0119 indywidualne potrzeby doktoranta. Przede wszystkim jednak zaj\u0119cia dla doktorant\u00f3w s\u0105 zindywidualizowane, co oznacza \u017ce po pierwsze &#8211; s\u0105 prowadzone indywidualnie lub w niewielkiej grupie, a po drugie doktorant ma wp\u0142yw na wyb\u00f3r prowadz\u0105cych, grup i typ\u00f3w zaj\u0119\u0107 w kt\u00f3rych uczestniczy oraz tego, gdzie realizuje sw\u00f3j program. W przypadku zindywidualizowanych potrzeb, na przyk\u0142ad zwi\u0105zanych z cz\u0119stymi lub d\u0142ugoterminowymi wyjazdami, mo\u017cliwe jest przyznanie doktorantowi indywidualnego toku kszta\u0142cenia.<\/p>\n<\/div>\r\n                    <\/div>\r\n                <\/div>\r\n                <div class=\"tiles-section\" style=\"background: #EBEBEB\">\r\n                    <div class=\"container\">\r\n                        <h3 class=\"page-title\">Aspekty kszta\u0142cenia indywidualnego<\/h3>\r\n                        <div class=\"tiles tiles-4\">\r\n                            <a href=\"\" class=\"tile tile_ justify-content-center\" style=\"background-color: #ffffff; font-weight: bold; color: #002E5A;  \">\r\n                                \r\n                                   \r\n                               \r\n                                <div class=\"tile__name\">Seminarium doktorskie<\/div>\r\n                            <\/a>\r\n                            <a href=\"\/szkola-doktorska\/tutoring\/\" class=\"tile tile_ justify-content-center\" style=\"background-color: #ffffff; font-weight: bold; color: #002E5A;  \">\r\n                                \r\n                                   \r\n                               \r\n                                <div class=\"tile__name\">Tutoring<\/div>\r\n                            <\/a>\r\n                            <a href=\"\" class=\"tile tile_ justify-content-center\" style=\"background-color: #ffffff; font-weight: bold; color: #002E5A;  \">\r\n                                \r\n                                   \r\n                               \r\n                                <div class=\"tile__name\">Przedmioty do wyboru<\/div>\r\n                            <\/a>\r\n                            <a href=\"\" class=\"tile tile_ justify-content-center\" style=\"background-color: #ffffff; font-weight: bold; color: #002E5A;  \">\r\n                                \r\n                                   \r\n                               \r\n                                <div class=\"tile__name\">Indywidualny tok kszta\u0142cenia<\/div>\r\n                            <\/a><\/div>\r\n                    <\/div>\r\n                <\/div>[\/vc_column][\/vc_row]<\/p>","protected":false},"excerpt":{"rendered":"<p>[vc_row][vc_column][\/vc_column][\/vc_row] [&#8230;]<\/p>\n<p><a class=\"btn btn-secondary understrap-read-more-link\" href=\"https:\/\/us.edu.pl\/szkola-doktorska\/ksztalcenie-indywidualne\/\">Read More&#8230;<\/a><\/p>\n","protected":false},"author":29,"featured_media":400,"parent":0,"menu_order":0,"comment_status":"closed","ping_status":"closed","template":"","meta":{"_expiration-date-status":"saved","_expiration-date":0,"_expiration-date-type":"","_expiration-date-categories":[],"_expiration-date-options":[]},"acf":[],"_links":{"self":[{"href":"https:\/\/us.edu.pl\/szkola-doktorska\/wp-json\/wp\/v2\/pages\/53"}],"collection":[{"href":"https:\/\/us.edu.pl\/szkola-doktorska\/wp-json\/wp\/v2\/pages"}],"about":[{"href":"https:\/\/us.edu.pl\/szkola-doktorska\/wp-json\/wp\/v2\/types\/page"}],"author":[{"embeddable":true,"href":"https:\/\/us.edu.pl\/szkola-doktorska\/wp-json\/wp\/v2\/users\/29"}],"replies":[{"embeddable":true,"href":"https:\/\/us.edu.pl\/szkola-doktorska\/wp-json\/wp\/v2\/comments?post=53"}],"version-history":[{"count":8,"href":"https:\/\/us.edu.pl\/szkola-doktorska\/wp-json\/wp\/v2\/pages\/53\/revisions"}],"predecessor-version":[{"id":758,"href":"https:\/\/us.edu.pl\/szkola-doktorska\/wp-json\/wp\/v2\/pages\/53\/revisions\/758"}],"wp:featuredmedia":[{"embeddable":true,"href":"https:\/\/us.edu.pl\/szkola-doktorska\/wp-json\/wp\/v2\/media\/400"}],"wp:attachment":[{"href":"https:\/\/us.edu.pl\/szkola-doktorska\/wp-json\/wp\/v2\/media?parent=53"}],"curies":[{"name":"wp","href":"https:\/\/api.w.org\/{rel}","templated":true}]}}