{"id":5475,"date":"2021-05-13T14:28:32","date_gmt":"2021-05-13T12:28:32","guid":{"rendered":"https:\/\/us.edu.pl\/szkola-doktorska\/?page_id=5475"},"modified":"2026-03-09T14:13:13","modified_gmt":"2026-03-09T13:13:13","slug":"kamienie-milowe-rekrutacji","status":"publish","type":"page","link":"https:\/\/us.edu.pl\/szkola-doktorska\/kamienie-milowe-rekrutacji\/","title":{"rendered":"\u015acie\u017cki i kamienie milowe rekrutacji"},"content":{"rendered":"<p>[vc_row][vc_column]\r\n                <div class=\"text-modules \">\r\n                    <div class=\"container\">\r\n                        <h3 class=\"section-title section-title_border-bottom\">Dwie \u015bcie\u017cki rekrutacji w zale\u017cno\u015bci od dyscypliny<\/h3> \r\n                        <div class=\"row m-0\">\r\n                            <div class=\"text-modules__content\">\r\n                                Na Uniwersytecie \u015al\u0105skim od 2026 roku rekrutacja odbywa si\u0119 wed\u0142ug dw\u00f3ch r\u00f3\u017cnych \u015bcie\u017cek, w zale\u017cno\u015bci od tego, do jakiej dyscypliny si\u0119 zg\u0142osisz.<\/p>\n<p><strong>W obszarze nauk \u015bcis\u0142ych i in\u017cynieryjno-technicznych uczelnia og\u0142asza list\u0119 temat\u00f3w i przypisanych do nich promotor\u00f3w<\/strong>. Kandydat\/kandydatka wybiera z listy temat\u00f3w. Dotyczy to nast\u0119puj\u0105cych dyscyplin:<\/p>\n<ul>\n<li>informatyka, in\u017cynieria biomedyczna, in\u017cynieria materia\u0142owa, matematyka, nauki chemiczne, nauki fizyczne<\/li>\n<\/ul>\n<p><strong>W pozosta\u0142ych obszarach to kandydat przygotowuje temat i znajduje promotora spo\u015br\u00f3d pracownik\u00f3w uczelni<\/strong>. Dotyczy to nast\u0119puj\u0105cych obszar\u00f3w i dyscyplin, kt\u00f3rych odbywa si\u0119 rekrutacja:<\/p>\n<ul>\n<li>nauki przyrodnicze: nauki biologiczne, nauki o Ziemi i \u015brodowisku<\/li>\n<li>nauki humanistyczne i teologiczne: filozofia, historia, literaturoznawstwo, j\u0119zykoznawstwo, nauki o kulturze i religii, nauki o sztuce, polonistyka, nauki teologiczne<\/li>\n<li>nauki spo\u0142eczne: geografia spo\u0142eczno-ekonomiczna i gospodarka przestrzenna, nauki o komunikacji spo\u0142ecznej i mediach, nauki o polityce i administracji, nauki prawne, nauki socjologiczne, pedagogika, psychologia<\/li>\n<li>sztuka: sztuki filmowe i teatralne, sztuki muzyczne, sztuki plastyczne i konserwacja dzie\u0142 sztuki<\/li>\n<\/ul>\n<p><strong>Dlatego pierwsze dwa kamienie milowe r\u00f3\u017cni\u0105 si\u0119 w zale\u017cno\u015bci od tego, jaki obszar rekrutacji wybierasz.<\/strong> \r\n                                <div class=\"mt-3\"><\/div>\r\n                            <\/div>\r\n                            \r\n                            \r\n                        <\/div>\r\n                    <\/div>\r\n                <\/div>\r\n                <div class=\"text-modules \">\r\n                    <div class=\"container\">\r\n                        <h3 class=\"section-title section-title_border-bottom\">Kamienie milowe rekrutacji<\/h3> \r\n                        <div class=\"row m-0\">\r\n                            <div class=\"text-modules__content\">\r\n                                Udzia\u0142 w rekrutacji do Szko\u0142y Doktorskiej to wa\u017cna decyzja, kt\u00f3ra mo\u017ce oznacza\u0107 dla Ciebie pocz\u0105tek wspania\u0142ej przygody naukowej. Przygotowanie si\u0119 do rekrutacji zajmuje troch\u0119 czasu i proces ten mo\u017ce wydawa\u0107 si\u0119 skomplikowany. Wcale jednak taki nie jest &#8211; wystarczy, \u017ce oprzesz si\u0119 na pi\u0119ciu kamieniach milowych, kt\u00f3re dla Ciebie opisali\u015bmy. \r\n                                <div class=\"mt-3\"><\/div>\r\n                            <\/div>\r\n                            \r\n                            \r\n                        <\/div>\r\n                    <\/div>\r\n                <\/div>\r\n                <div class=\"tiles-section\" style=\"background: \">\r\n                    <div class=\"container\">\r\n                        <h3 class=\"page-title\"><\/h3>\r\n                        <div class=\"tiles tiles-2\">\r\n                            <a href=\"\/szkola-doktorska\/kamienie-milowe-rekrutacji\/znajdz-promotora\/\" class=\"tile tile_double \" style=\"background-color: #ffffff; font-weight: ; color: #002E5A;  \">\r\n                                \r\n                                   <div class=\"tile__img\"><img src=\"https:\/\/us.edu.pl\/szkola-doktorska\/wp-content\/uploads\/sites\/50\/Nieprzypisane\/i1.png\" alt=\"Znajd\u017a temat i promotora \/ Znajd\u017a promotora\"> <\/div>\r\n                               \r\n                                <div class=\"tile__name\">Znajd\u017a temat i promotora \/ Znajd\u017a promotora<\/div>\r\n                            <\/a>\r\n                            <a href=\"\/szkola-doktorska\/kamienie-milowe-rekrutacji\/opracuj-swoj-projekt\/\" class=\"tile tile_double \" style=\"background-color: #ffffff; font-weight: ; color: #002E5A;  \">\r\n                                \r\n                                   <div class=\"tile__img\"><img src=\"https:\/\/us.edu.pl\/szkola-doktorska\/wp-content\/uploads\/sites\/50\/Nieprzypisane\/i2.png\" alt=\"Napisz list motywacyjny \/ Opracuj sw\u00f3j projekt\"> <\/div>\r\n                               \r\n                                <div class=\"tile__name\">Napisz list motywacyjny \/ Opracuj sw\u00f3j projekt<\/div>\r\n                            <\/a>\r\n                            <a href=\"\/szkola-doktorska\/kamienie-milowe-rekrutacji\/przygotuj-wszystkie-dokumenty\/\" class=\"tile tile_double \" style=\"background-color: #ffffff; font-weight: ; color: #002E5A;  \">\r\n                                \r\n                                   <div class=\"tile__img\"><img src=\"https:\/\/us.edu.pl\/szkola-doktorska\/wp-content\/uploads\/sites\/50\/Nieprzypisane\/i3.png\" alt=\"Przygotuj wszystkie dokumenty\"> <\/div>\r\n                               \r\n                                <div class=\"tile__name\">Przygotuj wszystkie dokumenty<\/div>\r\n                            <\/a>\r\n                            <a href=\"\/szkola-doktorska\/kamienie-milowe-rekrutacji\/zarejestruj-sie-i-przeslij-wszystkie-dokumenty-do-irk\/\" class=\"tile tile_double \" style=\"background-color: #ffffff; font-weight: ; color: #002E5A;  \">\r\n                                \r\n                                   <div class=\"tile__img\"><img src=\"https:\/\/us.edu.pl\/szkola-doktorska\/wp-content\/uploads\/sites\/50\/Nieprzypisane\/i4.png\" alt=\"Zarejestruj si\u0119 i prze\u015blij wszystkie dokumenty do IRK\"> <\/div>\r\n                               \r\n                                <div class=\"tile__name\">Zarejestruj si\u0119 i prze\u015blij wszystkie dokumenty do IRK<\/div>\r\n                            <\/a>\r\n                            <a href=\"\/szkola-doktorska\/kamienie-milowe-rekrutacji\/przygotuj-sie-na-rozmowe-kwalifikacyjna\/\" class=\"tile tile_double \" style=\"background-color: #ffffff; font-weight: ; color: #002E5A;  \">\r\n                                \r\n                                   <div class=\"tile__img\"><img src=\"https:\/\/us.edu.pl\/szkola-doktorska\/wp-content\/uploads\/sites\/50\/Nieprzypisane\/i5.png\" alt=\"Przygotuj si\u0119 na rozmow\u0119 kwalifikacyjn\u0105\"> <\/div>\r\n                               \r\n                                <div class=\"tile__name\">Przygotuj si\u0119 na rozmow\u0119 kwalifikacyjn\u0105<\/div>\r\n                            <\/a><\/div>\r\n                    <\/div>\r\n                <\/div>[\/vc_column][\/vc_row]<\/p>","protected":false},"excerpt":{"rendered":"<p>[vc_row][vc_column][\/vc_column][\/vc_row] [&#8230;]<\/p>\n<p><a class=\"btn btn-secondary understrap-read-more-link\" href=\"https:\/\/us.edu.pl\/szkola-doktorska\/kamienie-milowe-rekrutacji\/\">Read More&#8230;<\/a><\/p>\n","protected":false},"author":42,"featured_media":0,"parent":0,"menu_order":0,"comment_status":"closed","ping_status":"closed","template":"","meta":{"_expiration-date-status":"","_expiration-date":0,"_expiration-date-type":"","_expiration-date-categories":[],"_expiration-date-options":[]},"acf":[],"_links":{"self":[{"href":"https:\/\/us.edu.pl\/szkola-doktorska\/wp-json\/wp\/v2\/pages\/5475"}],"collection":[{"href":"https:\/\/us.edu.pl\/szkola-doktorska\/wp-json\/wp\/v2\/pages"}],"about":[{"href":"https:\/\/us.edu.pl\/szkola-doktorska\/wp-json\/wp\/v2\/types\/page"}],"author":[{"embeddable":true,"href":"https:\/\/us.edu.pl\/szkola-doktorska\/wp-json\/wp\/v2\/users\/42"}],"replies":[{"embeddable":true,"href":"https:\/\/us.edu.pl\/szkola-doktorska\/wp-json\/wp\/v2\/comments?post=5475"}],"version-history":[{"count":10,"href":"https:\/\/us.edu.pl\/szkola-doktorska\/wp-json\/wp\/v2\/pages\/5475\/revisions"}],"predecessor-version":[{"id":25128,"href":"https:\/\/us.edu.pl\/szkola-doktorska\/wp-json\/wp\/v2\/pages\/5475\/revisions\/25128"}],"wp:attachment":[{"href":"https:\/\/us.edu.pl\/szkola-doktorska\/wp-json\/wp\/v2\/media?parent=5475"}],"curies":[{"name":"wp","href":"https:\/\/api.w.org\/{rel}","templated":true}]}}