{"id":5479,"date":"2021-05-13T16:03:54","date_gmt":"2021-05-13T14:03:54","guid":{"rendered":"https:\/\/us.edu.pl\/szkola-doktorska\/?page_id=5479"},"modified":"2026-03-09T14:09:52","modified_gmt":"2026-03-09T13:09:52","slug":"znajdz-promotora","status":"publish","type":"page","link":"https:\/\/us.edu.pl\/szkola-doktorska\/kamienie-milowe-rekrutacji\/znajdz-promotora\/","title":{"rendered":"Znajd\u017a temat i promotora \/ Znajd\u017a promotora"},"content":{"rendered":"<p>[vc_row][vc_column]\r\n                <div class=\"text-modules\">\r\n                    <div class=\"container\">\r\n                        <h3 class=\"page-title text__title\">Znajd\u017a temat i promotora<\/h3>\r\n                        <div class=\"text-modules__content\"><p>Instytuty naukowe Wydzia\u0142u Nauk \u015acis\u0142ych i Technicznych publikuj\u0105 list\u0119 temat\u00f3w i przypisanych do nich promotor\u00f3w. Kandydaci aplikuj\u0105cy do tych dyscyplin wybieraj\u0105 jeden z temat\u00f3w.<\/p>\n<p>Lista temat\u00f3w w rekrutacji na rok akademicki 2026\/2027: <a href=\"https:\/\/us.edu.pl\/szkola-doktorska\/rekrutacja-na-rok-akademicki-2026-2027\/topics\">https:\/\/us.edu.pl\/szkola-doktorska\/rekrutacja-na-rok-akademicki-2026-2027\/topics<\/a><\/p>\n<p><strong>Dotyczy dyscyplin: infotymatyka, in\u017cynieria biomedyczna, in\u017cynieria materia\u0142owa, matematyka, nauki chemiczne, nauki fizyczne.<\/strong><\/p>\n<\/div>\r\n                    <\/div>\r\n                <\/div>\r\n                <div class=\"text-modules\">\r\n                    <div class=\"container\">\r\n                        <h3 class=\"page-title text__title\">Znajd\u017a promotora<\/h3>\r\n                        <div class=\"text-modules__content\"><p>Je\u017celi wybierasz Uniwersytet \u015al\u0105ski w Katowicach jako miejsce, w kt\u00f3rym przygotujesz rozpraw\u0119 doktorsk\u0105, to najpierw ustal, z kt\u00f3rym badaczem lub badaczk\u0105 z tej uczelni chcesz pracowa\u0107. By\u0107 mo\u017ce wcze\u015bniej pracowa\u0142e\u015b ju\u017c z kim\u015b z naszej uczelni, kto teraz zaprasza ci\u0119 do wsp\u00f3\u0142pracy, albo aplikujesz do konkretnego projektu grantowego. Je\u015bli tak, to ten etap masz ju\u017c za sob\u0105. Je\u017celi nie, to zacznij poszukiwania swojego promotora wed\u0142ug opisanych poni\u017cej krok\u00f3w.<\/p>\n<p><strong>Dotyczy dyscyplin ze wszystkich wydzia\u0142\u00f3w z wyj\u0105tkiem Wydzia\u0142u Nauk \u015acis\u0142ych i Tecznicznych, czyli: Wydzia\u0142u Humanistycznego, Wydzia\u0142u Nauk Przyrodniczych, Wydzia\u0142u Nauk Spo\u0142ecznych, Wydzia\u0142u Prawa i Administracji, Wydzia\u0142u Teologicznego, Wydzia\u0142u Sztuki i Nauk o Edukacji, Szko\u0142y Filmowej.<\/strong><\/p>\n<\/div>\r\n                    <\/div>\r\n                <\/div>\r\n                <div class=\"text-modules reverse\">\r\n                    <div class=\"container\">\r\n                         \r\n                        <div class=\"row m-0\">\r\n                            <div class=\"text-modules__content\">\r\n                                Je\u017celi ju\u017c wiesz, z kim chcesz pracowa\u0107 \u2013 znasz jakiego\u015b badacza, poniewa\u017c zetkn\u0105\u0142e\u015b si\u0119 z nim wcze\u015bniej lub czyta\u0142e\u015b jego publikacje \u2013 skontaktuj si\u0119 z t\u0105 osob\u0105. Ka\u017cdy badacz na Uniwersytecie \u015al\u0105skim ma s\u0142u\u017cbowy adres email, kt\u00f3ry znajdziesz, wpisuj\u0105c jego imi\u0119 i nazwisko w formularzu <a href=\"https:\/\/us.edu.pl\/pracownik\/\">https:\/\/us.edu.pl\/pracownik\/<\/a>. Przedstaw si\u0119, napisz co\u015b o swoim wykszta\u0142ceniu i do\u015bwiadczeniu naukowym, a nast\u0119pnie wyja\u015bnij, czym chcia\u0142by\u015b si\u0119 zajmowa\u0107 i dlaczego wybra\u0142e\u015b w\u0142a\u015bnie t\u0119 osob\u0119. \r\n                                <div class=\"mt-3\"><\/div>\r\n                            <\/div>\r\n                            \r\n                            <div class=\"text-modules__img\"><img src=\"https:\/\/us.edu.pl\/szkola-doktorska\/wp-content\/uploads\/sites\/50\/Nieprzypisane\/i1-150x150.png\" alt=\"img\"><\/div>\r\n                        <\/div>\r\n                    <\/div>\r\n                <\/div>\r\n                <div class=\"text-modules reverse\">\r\n                    <div class=\"container\">\r\n                         \r\n                        <div class=\"row m-0\">\r\n                            <div class=\"text-modules__content\">\r\n                                Sprawd\u017a aktualn\u0105 ofert\u0119 projekt\u00f3w grantowych, do kt\u00f3rych w\u0142a\u015bnie prowadzimy rekrutacj\u0119: <a href=\"https:\/\/us.edu.pl\/szkola-doktorska\/informacje-o-otwartych-naborach-na-miejsca-stypendialne-w-ramach-grantow-i-programow-stypendialnych\/informacja-o-otwartych-naborach-na-stypendia-doktoranckie-2025-2026\/\">https:\/\/us.edu.pl\/szkola-doktorska\/informacje-o-otwartych-naborach-na-miejsca-stypendialne-w-ramach-grantow-i-programow-stypendialnych\/informacja-o-otwartych-naborach-na-stypendia-doktoranckie-2025-2026\/<\/a>. To oddzielna \u015bcie\u017cka rekrutacji, z kt\u00f3rej r\u00f3wnie\u017c mo\u017cesz skorzysta\u0107. Uwaga: rekrutacja do grantu mo\u017ce si\u0119 zacz\u0105\u0107 w dowolnym momencie roku, ale najcz\u0119\u015bciej takie og\u0142oszenia pojawiaj\u0105 si\u0119 w wiosn\u0105 (kwiecie\u0144-czerwiec) i jesieni\u0105 (wrzesie\u0144-pa\u017adziernik). \r\n                                <div class=\"mt-3\"><\/div>\r\n                            <\/div>\r\n                            \r\n                            <div class=\"text-modules__img\"><img src=\"https:\/\/us.edu.pl\/szkola-doktorska\/wp-content\/uploads\/sites\/50\/Nieprzypisane\/i1-150x150.png\" alt=\"img\"><\/div>\r\n                        <\/div>\r\n                    <\/div>\r\n                <\/div>\r\n                <div class=\"text-modules reverse\">\r\n                    <div class=\"container\">\r\n                         \r\n                        <div class=\"row m-0\">\r\n                            <div class=\"text-modules__content\">\r\n                                Niekt\u00f3rzy badacze dzia\u0142aj\u0105 samodzielnie, szczeg\u00f3lnie w naukach humanistycznych i spo\u0142ecznych. W innych dyscyplinach badawczych podstaw\u0105 jest praca zespo\u0142owa. Przygotowujemy katalog wszystkich zespo\u0142\u00f3w badawczych i samodzielnych badaczy, a zanim b\u0119dzie gotowy szukaj informacji<\/p>\n<ul>\n<li><strong>o zespo\u0142ach badawczych<\/strong> na stronach poszczeg\u00f3lnych instytut\u00f3w: <a href=\"https:\/\/us.edu.pl\/uczelnia\/struktura\/\">https:\/\/us.edu.pl\/uczelnia\/struktura\/<\/a><\/li>\n<li><strong>o poszczeg\u00f3lnych badaczach<\/strong> w naszej ksi\u0105\u017cce teleadresowej: <a href=\"https:\/\/ab.us.edu.pl\/\">https:\/\/ab.us.edu.pl\/<\/a>, ale zamiast nazwiska naukowca wpisz nazw\u0119 dyscypliny (uwaga &#8211; pami\u0119taj, \u017ceby pisa\u0107 precyzyjnie, np. nauki chemiczne, a nie chemia &#8211; lista tu: <a href=\"https:\/\/us.edu.pl\/szkola-doktorska\/szkola-doktorska-w-uniwersytecie-slaskim\/\">https:\/\/us.edu.pl\/szkola-doktorska\/szkola-doktorska-w-uniwersytecie-slaskim\/<\/a>)<\/li>\n<\/ul>\n<div class=\"mt-3\"><\/div>\r\n                            <\/div>\r\n                            \r\n                            <div class=\"text-modules__img\"><img src=\"https:\/\/us.edu.pl\/szkola-doktorska\/wp-content\/uploads\/sites\/50\/Nieprzypisane\/i1-150x150.png\" alt=\"img\"><\/div>\r\n                        <\/div>\r\n                    <\/div>\r\n                <\/div>\r\n                <div class=\"text-modules reverse\">\r\n                    <div class=\"container\">\r\n                         \r\n                        <div class=\"row m-0\">\r\n                            <div class=\"text-modules__content\">\r\n                                Je\u017celi masz trudno\u015b\u0107 z samodzielnym znalezieniem odpowiedniej osoby, mo\u017cesz napisa\u0107 do jednego z naszych koordynator\u00f3w: <a href=\"https:\/\/us.edu.pl\/szkola-doktorska\/86-2\/\">https:\/\/us.edu.pl\/szkola-doktorska\/86-2\/<\/a>. Podpowiedz\u0105 Ci, z kim mo\u017cesz si\u0119 kontaktowa\u0107, je\u017celi odpowiedni badacz jest na naszym uniwersytecie. Pami\u0119taj jednak, \u017ce na odpowied\u017a by\u0107 mo\u017ce b\u0119dziesz musia\u0142 poczeka\u0107 kilku dni. \r\n                                <div class=\"mt-3\"><\/div>\r\n                            <\/div>\r\n                            \r\n                            <div class=\"text-modules__img\"><img src=\"https:\/\/us.edu.pl\/szkola-doktorska\/wp-content\/uploads\/sites\/50\/Nieprzypisane\/i1-150x150.png\" alt=\"img\"><\/div>\r\n                        <\/div>\r\n                    <\/div>\r\n                <\/div>[\/vc_column][\/vc_row]<\/p>","protected":false},"excerpt":{"rendered":"<p>[vc_row][vc_column][\/vc_column][\/vc_row] [&#8230;]<\/p>\n<p><a class=\"btn btn-secondary understrap-read-more-link\" href=\"https:\/\/us.edu.pl\/szkola-doktorska\/kamienie-milowe-rekrutacji\/znajdz-promotora\/\">Read More&#8230;<\/a><\/p>\n","protected":false},"author":42,"featured_media":0,"parent":5475,"menu_order":0,"comment_status":"closed","ping_status":"closed","template":"page-templates\/page-with-sidebar.php","meta":{"_expiration-date-status":"","_expiration-date":0,"_expiration-date-type":"","_expiration-date-categories":[],"_expiration-date-options":[]},"acf":[],"_links":{"self":[{"href":"https:\/\/us.edu.pl\/szkola-doktorska\/wp-json\/wp\/v2\/pages\/5479"}],"collection":[{"href":"https:\/\/us.edu.pl\/szkola-doktorska\/wp-json\/wp\/v2\/pages"}],"about":[{"href":"https:\/\/us.edu.pl\/szkola-doktorska\/wp-json\/wp\/v2\/types\/page"}],"author":[{"embeddable":true,"href":"https:\/\/us.edu.pl\/szkola-doktorska\/wp-json\/wp\/v2\/users\/42"}],"replies":[{"embeddable":true,"href":"https:\/\/us.edu.pl\/szkola-doktorska\/wp-json\/wp\/v2\/comments?post=5479"}],"version-history":[{"count":10,"href":"https:\/\/us.edu.pl\/szkola-doktorska\/wp-json\/wp\/v2\/pages\/5479\/revisions"}],"predecessor-version":[{"id":25123,"href":"https:\/\/us.edu.pl\/szkola-doktorska\/wp-json\/wp\/v2\/pages\/5479\/revisions\/25123"}],"up":[{"embeddable":true,"href":"https:\/\/us.edu.pl\/szkola-doktorska\/wp-json\/wp\/v2\/pages\/5475"}],"wp:attachment":[{"href":"https:\/\/us.edu.pl\/szkola-doktorska\/wp-json\/wp\/v2\/media?parent=5479"}],"curies":[{"name":"wp","href":"https:\/\/api.w.org\/{rel}","templated":true}]}}