{"id":5511,"date":"2021-05-14T23:51:58","date_gmt":"2021-05-14T21:51:58","guid":{"rendered":"https:\/\/us.edu.pl\/szkola-doktorska\/?page_id=5511"},"modified":"2026-03-09T14:38:01","modified_gmt":"2026-03-09T13:38:01","slug":"opracuj-swoj-projekt","status":"publish","type":"page","link":"https:\/\/us.edu.pl\/szkola-doktorska\/kamienie-milowe-rekrutacji\/opracuj-swoj-projekt\/","title":{"rendered":"Przygotuj list motywacyjny \/ Opracuj sw\u00f3j projekt"},"content":{"rendered":"<p>[vc_row][vc_column]\r\n                <div class=\"text-modules\">\r\n                    <div class=\"container\">\r\n                        <h3 class=\"page-title text__title\">Przygotuj list motywacyjny<\/h3>\r\n                        <div class=\"text-modules__content\"><p>Po wybraniu tematu, do kt\u00f3rego chcesz aplikowa\u0107, przygotowujesz list motywacyjny, w kt\u00f3rym uzasadniasz wyb\u00f3r tematu. Pami\u0119taj, \u017ceby w li\u015bcie pokaza\u0107 swoje przygotowanie do realizacji wybranego tematu.<\/p>\n<p><strong>Dotyczy dyscyplin: infotymatyka, in\u017cynieria biomedyczna, in\u017cynieria materia\u0142owa, nauki chemiczne, nauki fizyczne.<\/strong><\/p>\n<p><strong>Uwaga \u2013 w dyscyplinie matematyka nie oczekuje si\u0119 od kandydat\u00f3w przygotowania listu motywacyjnego.<\/strong><\/p>\n<\/div>\r\n                    <\/div>\r\n                <\/div>\r\n                <div class=\"text-modules\">\r\n                    <div class=\"container\">\r\n                        <h3 class=\"page-title text__title\">Opracuj sw\u00f3j projekt<\/h3>\r\n                        <div class=\"text-modules__content\"><p>W rekturacji do Szko\u0142y Doktorskiej oceniany b\u0119dzie tw\u00f3j pomys\u0142 na projekt. Ustal ze swoim przysz\u0142ym promotorem, nad czym b\u0119dziesz pracowa\u0107 przez cztery lata kszta\u0142cenia w Szkole Doktorskiej. W zale\u017cno\u015bci od sposobu prowadzenia bada\u0144 w konkretnej dyscyplinie naukowej albo b\u0119dzie to fragment du\u017cego projektu, nad kt\u00f3rym pracuje ca\u0142y zesp\u00f3\u0142, albo twoje samodzielne przedsi\u0119wzi\u0119cie.<\/p>\n<ul>\n<li>Zastan\u00f3w si\u0119, jaki jest cel twoich bada\u0144, co chcesz odkry\u0107, przemy\u015ble\u0107 lub zmieni\u0107.<\/li>\n<li>Jakich metod badawczych i narz\u0119dzi b\u0119dziesz potrzebowa\u0142?<\/li>\n<li>Razem z twoim przysz\u0142ym promotorem przemy\u015bl jak b\u0119d\u0105 przebiega\u0107 badania.<\/li>\n<li>Sprawd\u017a, jaki jest stan bada\u0144 na ten temat.<\/li>\n<\/ul>\n<p>Oczywi\u015bcie, to tylko projekt. Je\u017celi dostaniesz si\u0119 do Szko\u0142y Doktorskiej, b\u0119dziesz mie\u0107 rok na jego dopracowanie, w czym wesprze ci\u0119 promotor i organizowane zaj\u0119cia. Pami\u0119taj jednak, \u017ce dobrze zaplanowane badania to podstawa \u2013 zar\u00f3wno podczas rekrutacji, jak i p\u00f3\u017aniej.<\/p>\n<p><strong>Dotyczy dyscyplin ze wszystkich wydzia\u0142\u00f3w z wyj\u0105tkiem Wydzia\u0142u Nauk \u015acis\u0142ych i Tecznicznych, czyli: Wydzia\u0142u Humanistycznego, Wydzia\u0142u Nauk Przyrodniczych, Wydzia\u0142u Nauk Spo\u0142ecznych, Wydzia\u0142u Prawa i Administracji, Wydzia\u0142u Teologicznego, Wydzia\u0142u Sztuki i Nauk o Edukacji, Szko\u0142y Filmowej.<\/strong><\/p>\n<\/div>\r\n                    <\/div>\r\n                <\/div>\r\n                <div class=\"text-modules reverse\">\r\n                    <div class=\"container\">\r\n                         \r\n                        <div class=\"row m-0\">\r\n                            <div class=\"text-modules__content\">\r\n                                Opracuj sw\u00f3j projekt w polskiej lub angielskiej wersji j\u0119zykowej:<\/p>\n<p>wersja polska: <a href=\"https:\/\/us.edu.pl\/szkola-doktorska\/wp-content\/uploads\/sites\/50\/Bez-kategorii\/projekt-planu-badawczego-2026.docx\" class=\"mtli_attachment mtli_docx\" data-mtli=\"mtli_filesize24,26kB\">projekt-planu-badawczego-2026<\/a><\/p>\n<p>wersja angielska: <a href=\"https:\/\/us.edu.pl\/szkola-doktorska\/wp-content\/uploads\/sites\/50\/Bez-kategorii\/project-of-the-research-plan-2026.docx\" class=\"mtli_attachment mtli_docx\" data-mtli=\"mtli_filesize23,20kB\">project-of-the-research-plan-2026<\/a> \r\n                                <div class=\"mt-3\"><\/div>\r\n                            <\/div>\r\n                            \r\n                            <div class=\"text-modules__img\"><img src=\"https:\/\/us.edu.pl\/szkola-doktorska\/wp-content\/uploads\/sites\/50\/Nieprzypisane\/i2-150x150.png\" alt=\"img\"><\/div>\r\n                        <\/div>\r\n                    <\/div>\r\n                <\/div>[\/vc_column][\/vc_row]<\/p>\n<style type=\"text\/css\">a[data-mtli~=\"mtli_filesize24,26kB\"]:after {content:\" (24,26 kB)\"}a[data-mtli~=\"mtli_filesize23,20kB\"]:after {content:\" (23,20 kB)\"}<\/style>","protected":false},"excerpt":{"rendered":"<p>[vc_row][vc_column][\/vc_column][\/vc_row] [&#8230;]<\/p>\n<p><a class=\"btn btn-secondary understrap-read-more-link\" href=\"https:\/\/us.edu.pl\/szkola-doktorska\/kamienie-milowe-rekrutacji\/opracuj-swoj-projekt\/\">Read More&#8230;<\/a><\/p>\n","protected":false},"author":42,"featured_media":0,"parent":5475,"menu_order":0,"comment_status":"closed","ping_status":"closed","template":"page-templates\/page-with-sidebar.php","meta":{"_expiration-date-status":"","_expiration-date":0,"_expiration-date-type":"","_expiration-date-categories":[],"_expiration-date-options":[]},"acf":[],"_links":{"self":[{"href":"https:\/\/us.edu.pl\/szkola-doktorska\/wp-json\/wp\/v2\/pages\/5511"}],"collection":[{"href":"https:\/\/us.edu.pl\/szkola-doktorska\/wp-json\/wp\/v2\/pages"}],"about":[{"href":"https:\/\/us.edu.pl\/szkola-doktorska\/wp-json\/wp\/v2\/types\/page"}],"author":[{"embeddable":true,"href":"https:\/\/us.edu.pl\/szkola-doktorska\/wp-json\/wp\/v2\/users\/42"}],"replies":[{"embeddable":true,"href":"https:\/\/us.edu.pl\/szkola-doktorska\/wp-json\/wp\/v2\/comments?post=5511"}],"version-history":[{"count":10,"href":"https:\/\/us.edu.pl\/szkola-doktorska\/wp-json\/wp\/v2\/pages\/5511\/revisions"}],"predecessor-version":[{"id":25133,"href":"https:\/\/us.edu.pl\/szkola-doktorska\/wp-json\/wp\/v2\/pages\/5511\/revisions\/25133"}],"up":[{"embeddable":true,"href":"https:\/\/us.edu.pl\/szkola-doktorska\/wp-json\/wp\/v2\/pages\/5475"}],"wp:attachment":[{"href":"https:\/\/us.edu.pl\/szkola-doktorska\/wp-json\/wp\/v2\/media?parent=5511"}],"curies":[{"name":"wp","href":"https:\/\/api.w.org\/{rel}","templated":true}]}}