{"id":5515,"date":"2021-05-15T00:04:31","date_gmt":"2021-05-14T22:04:31","guid":{"rendered":"https:\/\/us.edu.pl\/szkola-doktorska\/?page_id=5515"},"modified":"2026-03-09T14:42:49","modified_gmt":"2026-03-09T13:42:49","slug":"przygotuj-wszystkie-dokumenty","status":"publish","type":"page","link":"https:\/\/us.edu.pl\/szkola-doktorska\/kamienie-milowe-rekrutacji\/przygotuj-wszystkie-dokumenty\/","title":{"rendered":"Przygotuj wszystkie dokumenty"},"content":{"rendered":"<p>[vc_row][vc_column]\r\n                <div class=\"text-modules\">\r\n                    <div class=\"container\">\r\n                        <h3 class=\"page-title text__title\">Przygotuj wszystkie dokumenty<\/h3>\r\n                        <div class=\"text-modules__content\"><p>Zdobycie lub przygotowanie niekt\u00f3rych dokument\u00f3w wymaga du\u017co czasu, warto wi\u0119c zacz\u0105\u0107 jak najszybciej. Pami\u0119taj te\u017c, \u017ce w czasie rekrutacji b\u0119dziesz potrzebowa\u0142 skan\u00f3w tych wszystkich dokument\u00f3w.<\/p>\n<\/div>\r\n                    <\/div>\r\n                <\/div>\r\n                <div class=\"text-modules reverse\">\r\n                    <div class=\"container\">\r\n                        <h3 class=\"section-title section-title_border-bottom\">1<\/h3> <h3 class=\"subtitle text-modules__subtitle\">Dyplom potwierdzaj\u0105cy wykszta\u0142cenie<\/h3>\r\n                        <div class=\"row m-0\">\r\n                            <div class=\"text-modules__content\">\r\n                                Najwa\u017cniejszy dla nas jest tw\u00f3j dyplom uko\u0144czenia studi\u00f3w. Dzi\u0119ki niemu b\u0119dziemy mieli pewno\u015b\u0107, \u017ce masz prawo kszta\u0142ci\u0107 si\u0119 w Szkole Doktorskiej. Dyplomy na \u015bwiecie s\u0105 bardzo r\u00f3\u017cne, dlatego je\u017celi uzyska\u0142e\u015b dyplom poza Polsk\u0105 to, czy tw\u00f3j dyplom uprawnia Ci\u0119 do ubiegania si\u0119 w Polsce o stopie\u0144 doktora, potwierdzaj\u0105 w twoim kraju odpowiednie urz\u0119dy \u2013 najcz\u0119\u015bciej agencje ministerstwa odpowiedzialnego za szkolnictwo wy\u017csze, ambasady, konsulaty lub agencje krajowe.<\/p>\n<p>Sprawd\u017a najpierw, czy kraj, w kt\u00f3rym uzyska\u0142e\u015b dyplom uko\u0144czenia studi\u00f3w, przyst\u0105pi\u0142 do konwencji haskiej z 1961\u00a0roku o\u00a0zniesieniu wymogu legalizacji zagranicznych dokument\u00f3w urz\u0119dowych: <a href=\"https:\/\/www.hcch.net\/en\/instruments\/conventions\/status-table\/?cid=41\">https:\/\/www.hcch.net\/en\/instruments\/conventions\/status-table\/?cid=41<\/a>.<\/p>\n<ul>\n<li>Je\u017celi kraj, w kt\u00f3rym uko\u0144czy\u0142e\u015b studia, <strong>przyst\u0105pi\u0142 do<\/strong> <strong>konwencja haskiej<\/strong>, to oczekujemy tylko apostille, czyli odpowiedniej piecz\u0119ci na dyplomie lub na osobnym dokumencie. Uzyskasz j\u0105 w\u00a0swoim ministerstwie odpowiedzialnym za kszta\u0142cenia student\u00f3w albo w\u00a0innej agencji rz\u0105dowej. Je\u017celi nie jeste\u015b teraz w\u00a0kraju, w kt\u00f3rym zdoby\u0142e\u015b dyplom, to sprawd\u017a, czy ten kraj umo\u017cliwia apostille na przyk\u0142ad przez swoje konsulaty lub ambasady. Je\u017celi nie, to b\u0119dziesz musia\u0142 za\u0142atwi\u0107 to korespondencyjnie.<\/li>\n<li>Je\u017celi kraj, w kt\u00f3rym uko\u0144czy\u0142e\u015b studia, <strong>nie przyst\u0105pi\u0142 do konwencja haskiej<\/strong>, to konieczna b\u0119dzie legalizacja twojego dyplomu. Oznacza to najcz\u0119\u015bciej dwa etapy dzia\u0142ania \u2013 najpierw potwierdzenie w\u00a0odpowiednim ministerstwie lub agencji, a\u00a0potem legalizacj\u0119 w konsulacie Rzeczpospolitej Polskiej w\u00a0kraju, w\u00a0kt\u00f3rym uko\u0144czy\u0142e\u015b studia. Aby sprawdzi\u0107, jaka procedura ci\u0119 obowi\u0105zuje, skontaktuj si\u0119 z\u00a0polskim konsulatem.<\/li>\n<\/ul>\n<div class=\"mt-3\"><\/div>\r\n                            <\/div>\r\n                            \r\n                            <div class=\"text-modules__img\"><img src=\"https:\/\/us.edu.pl\/szkola-doktorska\/wp-content\/uploads\/sites\/50\/Nieprzypisane\/i3-150x150.png\" alt=\"img\"><\/div>\r\n                        <\/div>\r\n                    <\/div>\r\n                <\/div>\r\n                <div class=\"text-modules reverse\">\r\n                    <div class=\"container\">\r\n                        <h3 class=\"section-title section-title_border-bottom\">2<\/h3> <h3 class=\"subtitle text-modules__subtitle\">Twoja fotografia<\/h3>\r\n                        <div class=\"row m-0\">\r\n                            <div class=\"text-modules__content\">\r\n                                Przygotuj fotografi\u0119, kt\u00f3ra jest nowa i spe\u0142nia wymogi fotografii paszportowej: <a href=\"https:\/\/obywatel.gov.pl\/pl\/dokumenty-i-dane-osobowe\/zdjecie-do-dowodu-lub-paszportu\">https:\/\/obywatel.gov.pl\/pl\/dokumenty-i-dane-osobowe\/zdjecie-do-dowodu-lub-paszportu<\/a> (oczywi\u015bcie zasady te zna ka\u017cdy salon fotograficzny). Chcemy wiedzie\u0107, jak wygl\u0105dasz \u2013 by\u0107 mo\u017ce za chwil\u0119 spotkamy si\u0119 na rozmowie kwalifikacyjnej. Tego zdj\u0119cia u\u017cyjemy te\u017c do przygotowania legitymacji doktoranta. \r\n                                <div class=\"mt-3\"><\/div>\r\n                            <\/div>\r\n                            \r\n                            <div class=\"text-modules__img\"><img src=\"https:\/\/us.edu.pl\/szkola-doktorska\/wp-content\/uploads\/sites\/50\/Nieprzypisane\/i3-150x150.png\" alt=\"img\"><\/div>\r\n                        <\/div>\r\n                    <\/div>\r\n                <\/div>\r\n                <div class=\"text-modules reverse\">\r\n                    <div class=\"container\">\r\n                        <h3 class=\"section-title section-title_border-bottom\">3<\/h3> <h3 class=\"subtitle text-modules__subtitle\">Rekomendacje od dw\u00f3ch pracownik\u00f3w naukowych<\/h3>\r\n                        <div class=\"row m-0\">\r\n                            <div class=\"text-modules__content\">\r\n                                Poka\u017c nam, z kim pracujesz lub pracowa\u0142e\u015b w przesz\u0142o\u015bci. Popro\u015b o opini\u0119 na tw\u00f3j temat i na temat twojego projektu dw\u00f3ch badaczy, kt\u00f3rych cenisz. Jeden z nich ma by\u0107 w przysz\u0142o\u015bci twoim promotorem. Popro\u015b go, \u017ceby zadeklarowa\u0142 to w swojej opinii. Drugi mo\u017ce by\u0107 osob\u0105, z kt\u00f3r\u0105 ju\u017c pracowa\u0142e\u015b, na przyk\u0142ad twoim promotorem pracy magisterskiej albo szefem twojego laboratorium.<\/p>\n<p>Dokumenty mog\u0105 by\u0107 przygotowane w polskiej lub angielskiej wersji j\u0119zykowej:<\/p>\n<p>wersja polska:<\/p>\n<ul>\n<li>opinia przysz\u0142ego promotora lub promotora pomocniczego (pracownika Uniwersytetu \u015al\u0105skiego) &#8211; <a href=\"https:\/\/us.edu.pl\/szkola-doktorska\/wp-content\/uploads\/sites\/50\/Bez-kategorii\/opinia-opiekuna-naukowego-kandydata.docx\" class=\"mtli_attachment mtli_docx\" data-mtli=\"mtli_filesize26,43kB\">opinia-opiekuna-naukowego-kandydata<\/a><\/li>\n<li><a href=\"https:\/\/us.edu.pl\/szkola-doktorska\/wp-content\/uploads\/sites\/50\/Bez-kategorii\/opinia-dodatkowego-nauczyciela-akademickiego-lub-pracownika-naukowego-2026.docx\" class=\"mtli_attachment mtli_docx\" data-mtli=\"mtli_filesize26,20kB\">opinia-dodatkowego-nauczyciela-akademickiego-lub-pracownika-naukowego-2026<\/a><\/li>\n<\/ul>\n<p>wersja angielska:<\/p>\n<ul>\n<li>opinia przysz\u0142ego promotora lub promotora pomocniczego (pracownika Uniwersytetu \u015al\u0105skiego) &#8211; <a href=\"https:\/\/us.edu.pl\/szkola-doktorska\/wp-content\/uploads\/sites\/50\/Bez-kategorii\/opinion-of-the-scientific-advisor-of-the-candidate-2026-2.docx\" class=\"mtli_attachment mtli_docx\" data-mtli=\"mtli_filesize26,04kB\">opinion-of-the-scientific-advisor-of-the-candidate-2026<\/a><\/li>\n<li><a href=\"https:\/\/us.edu.pl\/szkola-doktorska\/wp-content\/uploads\/sites\/50\/Bez-kategorii\/opinion-of-an-additional-academic-teacher-or-reseracher-with-at-least-PhD-degree-2026-1.docx\" class=\"mtli_attachment mtli_docx\" data-mtli=\"mtli_filesize25,90kB\">opinion-of-an-additional-academic-teacher-or-reseracher-with-at-least-PhD-degree-2026<\/a><\/li>\n<\/ul>\n<div class=\"mt-3\"><\/div>\r\n                            <\/div>\r\n                            \r\n                            <div class=\"text-modules__img\"><img src=\"https:\/\/us.edu.pl\/szkola-doktorska\/wp-content\/uploads\/sites\/50\/Nieprzypisane\/i3-150x150.png\" alt=\"img\"><\/div>\r\n                        <\/div>\r\n                    <\/div>\r\n                <\/div>\r\n                <div class=\"text-modules reverse\">\r\n                    <div class=\"container\">\r\n                        <h3 class=\"section-title section-title_border-bottom\">4<\/h3> <h3 class=\"subtitle text-modules__subtitle\">Twoje osi\u0105gni\u0119cia naukowe i do\u015bwiadczenie zwi\u0105zane ze wsp\u00f3\u0142prac\u0105 mi\u0119dzynarodow\u0105<\/h3>\r\n                        <div class=\"row m-0\">\r\n                            <div class=\"text-modules__content\">\r\n                                Przygotowali\u015bmy dokument, w kt\u00f3rym wyka\u017cesz wszystkie swoje osi\u0105gni\u0119cia naukowe, a tak\u017ce to, czy masz ju\u017c mi\u0119dzynarodowe do\u015bwiadczenie. Znajdziesz go tutaj:<\/p>\n<p>polska wersja:<a href=\"https:\/\/us.edu.pl\/szkola-doktorska\/wp-content\/uploads\/sites\/50\/Bez-kategorii\/osiagniecia-naukowe-i-dzialania-miedzynarodowe-2026.docx\" class=\"mtli_attachment mtli_docx\" data-mtli=\"mtli_filesize26,64kB\">osiagniecia-naukowe-i-dzialania-miedzynarodowe-2026<\/a><\/p>\n<p>angielska wersja: <a href=\"https:\/\/us.edu.pl\/szkola-doktorska\/wp-content\/uploads\/sites\/50\/Bez-kategorii\/Scientific-achievements-and-international-cooperation-2026.docx\" class=\"mtli_attachment mtli_docx\" data-mtli=\"mtli_filesize25,90kB\">Scientific-achievements-and-international-cooperation-2026<\/a> \r\n                                <div class=\"mt-3\"><\/div>\r\n                            <\/div>\r\n                            \r\n                            <div class=\"text-modules__img\"><img src=\"https:\/\/us.edu.pl\/szkola-doktorska\/wp-content\/uploads\/sites\/50\/Nieprzypisane\/i3-150x150.png\" alt=\"img\"><\/div>\r\n                        <\/div>\r\n                    <\/div>\r\n                <\/div>[\/vc_column][\/vc_row]<\/p>\n<style type=\"text\/css\">a[data-mtli~=\"mtli_filesize26,43kB\"]:after {content:\" (26,43 kB)\"}a[data-mtli~=\"mtli_filesize26,20kB\"]:after {content:\" (26,20 kB)\"}a[data-mtli~=\"mtli_filesize26,04kB\"]:after {content:\" (26,04 kB)\"}a[data-mtli~=\"mtli_filesize25,90kB\"]:after {content:\" (25,90 kB)\"}a[data-mtli~=\"mtli_filesize26,64kB\"]:after {content:\" (26,64 kB)\"}<\/style>","protected":false},"excerpt":{"rendered":"<p>[vc_row][vc_column][\/vc_column][\/vc_row] [&#8230;]<\/p>\n<p><a class=\"btn btn-secondary understrap-read-more-link\" href=\"https:\/\/us.edu.pl\/szkola-doktorska\/kamienie-milowe-rekrutacji\/przygotuj-wszystkie-dokumenty\/\">Read More&#8230;<\/a><\/p>\n","protected":false},"author":42,"featured_media":0,"parent":5475,"menu_order":0,"comment_status":"closed","ping_status":"closed","template":"page-templates\/page-with-sidebar.php","meta":{"_expiration-date-status":"","_expiration-date":0,"_expiration-date-type":"","_expiration-date-categories":[],"_expiration-date-options":[]},"acf":[],"_links":{"self":[{"href":"https:\/\/us.edu.pl\/szkola-doktorska\/wp-json\/wp\/v2\/pages\/5515"}],"collection":[{"href":"https:\/\/us.edu.pl\/szkola-doktorska\/wp-json\/wp\/v2\/pages"}],"about":[{"href":"https:\/\/us.edu.pl\/szkola-doktorska\/wp-json\/wp\/v2\/types\/page"}],"author":[{"embeddable":true,"href":"https:\/\/us.edu.pl\/szkola-doktorska\/wp-json\/wp\/v2\/users\/42"}],"replies":[{"embeddable":true,"href":"https:\/\/us.edu.pl\/szkola-doktorska\/wp-json\/wp\/v2\/comments?post=5515"}],"version-history":[{"count":11,"href":"https:\/\/us.edu.pl\/szkola-doktorska\/wp-json\/wp\/v2\/pages\/5515\/revisions"}],"predecessor-version":[{"id":24451,"href":"https:\/\/us.edu.pl\/szkola-doktorska\/wp-json\/wp\/v2\/pages\/5515\/revisions\/24451"}],"up":[{"embeddable":true,"href":"https:\/\/us.edu.pl\/szkola-doktorska\/wp-json\/wp\/v2\/pages\/5475"}],"wp:attachment":[{"href":"https:\/\/us.edu.pl\/szkola-doktorska\/wp-json\/wp\/v2\/media?parent=5515"}],"curies":[{"name":"wp","href":"https:\/\/api.w.org\/{rel}","templated":true}]}}