{"id":5520,"date":"2021-05-15T00:16:03","date_gmt":"2021-05-14T22:16:03","guid":{"rendered":"https:\/\/us.edu.pl\/szkola-doktorska\/?page_id=5520"},"modified":"2026-03-09T14:45:51","modified_gmt":"2026-03-09T13:45:51","slug":"zarejestruj-sie-i-przeslij-wszystkie-dokumenty-do-irk","status":"publish","type":"page","link":"https:\/\/us.edu.pl\/szkola-doktorska\/kamienie-milowe-rekrutacji\/zarejestruj-sie-i-przeslij-wszystkie-dokumenty-do-irk\/","title":{"rendered":"Zarejestruj si\u0119 i prze\u015blij wszystkie dokumenty do IRK"},"content":{"rendered":"<p>[vc_row][vc_column]\r\n                <div class=\"text-modules\">\r\n                    <div class=\"container\">\r\n                        <h3 class=\"page-title text__title\">Zarejestruj si\u0119 i prze\u015blij wszystkie dokumenty do IRK<\/h3>\r\n                        <div class=\"text-modules__content\"><p>Rejestracja w systemie online odbywa si\u0119 od 1 czerwca do 12 czerwca 2026. System IRK nie jest doskona\u0142y, ale pozwoli Ci dostarczy\u0107 nam wszystkie dokumenty i informacje o Tobie. Do IRK wgrasz skany wszystkich dokument\u00f3w, kt\u00f3re wcze\u015bniej przygotowa\u0142e\u015b. Upewnij si\u0119, \u017ce mo\u017cesz je zeskanowa\u0107 w dobrej jako\u015bci \u2013 w formie plik\u00f3w pdf.<\/p>\n<\/div>\r\n                    <\/div>\r\n                <\/div>\r\n                <div class=\"text-modules reverse\">\r\n                    <div class=\"container\">\r\n                         \r\n                        <div class=\"row m-0\">\r\n                            <div class=\"text-modules__content\">\r\n                                Link do systemu IRK (Internetowa Rejestracja Kandydat\u00f3w):\u00a0 <a href=\"https:\/\/irk.us.edu.pl\">https:\/\/irk.us.edu.pl<\/a><\/p>\n<p>Uwaga &#8211; system IRK dla kandydat\u00f3w do Szko\u0142y Doktorskiej b\u0119dzie dzia\u0142a\u0107 poprawienie od 1 czerwca, 2026. \r\n                                <div class=\"mt-3\"><\/div>\r\n                            <\/div>\r\n                            \r\n                            <div class=\"text-modules__img\"><img src=\"https:\/\/us.edu.pl\/szkola-doktorska\/wp-content\/uploads\/sites\/50\/Nieprzypisane\/i4-150x150.png\" alt=\"img\"><\/div>\r\n                        <\/div>\r\n                    <\/div>\r\n                <\/div>\r\n                <div class=\"text-modules reverse\">\r\n                    <div class=\"container\">\r\n                         \r\n                        <div class=\"row m-0\">\r\n                            <div class=\"text-modules__content\">\r\n                                Rejestracja podzielona jest na 4 grupy \u2013 wybierz t\u0119, kt\u00f3ra odpowiada Twojej \u015bcie\u017cce:<\/p>\n<ul>\n<li>obszar nauk \u015bcis\u0142ych i przyrodniczych oraz in\u017cynieryjno-technicznych,<\/li>\n<li>obszar nauk spo\u0142ecznych,<\/li>\n<li>obszar nauk humanistycznych, nauk teologicznych i sztuki,<\/li>\n<li>rejestracja na projekty grantowe \u2013 je\u017celi startujesz w oddzielnym konkursie na miejsce finansowane z grantu lub\u00a0do programu \u201eDoktorat wdro\u017ceniowy\u201d.<\/li>\n<\/ul>\n<div class=\"mt-3\"><\/div>\r\n                            <\/div>\r\n                            \r\n                            <div class=\"text-modules__img\"><img src=\"https:\/\/us.edu.pl\/szkola-doktorska\/wp-content\/uploads\/sites\/50\/Nieprzypisane\/i4-150x150.png\" alt=\"img\"><\/div>\r\n                        <\/div>\r\n                    <\/div>\r\n                <\/div>\r\n                <div class=\"text-modules reverse\">\r\n                    <div class=\"container\">\r\n                         \r\n                        <div class=\"row m-0\">\r\n                            <div class=\"text-modules__content\">\r\n                                W trakcie rejestracji zapytamy Ci\u0119 o dyscyplin\u0119, w kt\u00f3rej chcesz si\u0119 kszta\u0142ci\u0107, i o numer ORCID (je\u017celi jeszcze go nie masz \u2013 koniecznie zarejestruj si\u0119 na platformie ORCID <a href=\"https:\/\/orcid.org\/\">https:\/\/orcid.org\/<\/a>). Poprosimy Ci\u0119 te\u017c o decyzj\u0119, w jakim j\u0119zyku ma si\u0119 odbywa\u0107 twoja rozmowa kwalifikacyjna i czy wybierasz form\u0119 on-line, czy wolisz przyjecha\u0107 do Katowic (o ile b\u0119dzie taka mo\u017cliwo\u015b\u0107). \r\n                                <div class=\"mt-3\"><\/div>\r\n                            <\/div>\r\n                            \r\n                            <div class=\"text-modules__img\"><img src=\"https:\/\/us.edu.pl\/szkola-doktorska\/wp-content\/uploads\/sites\/50\/Nieprzypisane\/i4-150x150.png\" alt=\"img\"><\/div>\r\n                        <\/div>\r\n                    <\/div>\r\n                <\/div>\r\n                <div class=\"text-modules reverse\">\r\n                    <div class=\"container\">\r\n                         \r\n                        <div class=\"row m-0\">\r\n                            <div class=\"text-modules__content\">\r\n                                Przy rejestracji poprosimy ci\u0119 te\u017c o op\u0142at\u0119 rekrutacyjn\u0105. Wynosi ona 450 PLN, czyli oko\u0142o 123 USD lub 105 EUR. Pracujemy nad ulepszeniem systemu op\u0142at, ale na razie przyjmujemy tylko przelewy na polskie konto bankowe naszej uczelni. Sprawd\u017a, czy mo\u017cna wykona\u0107 taki przelew z kraju, w kt\u00f3rym przebywasz. \r\n                                <div class=\"mt-3\"><\/div>\r\n                            <\/div>\r\n                            \r\n                            <div class=\"text-modules__img\"><img src=\"https:\/\/us.edu.pl\/szkola-doktorska\/wp-content\/uploads\/sites\/50\/Nieprzypisane\/i4-150x150.png\" alt=\"img\"><\/div>\r\n                        <\/div>\r\n                    <\/div>\r\n                <\/div>\r\n                <div class=\"text-modules reverse\">\r\n                    <div class=\"container\">\r\n                         \r\n                        <div class=\"row m-0\">\r\n                            <div class=\"text-modules__content\">\r\n                                Je\u017celi masz specjalne potrzeby edukacyjne lub potrzebujesz wsparcia w zakresie dost\u0119pno\u015bci, bo na przyk\u0142ad jeste\u015b osob\u0105 z niepe\u0142nosprawno\u015bci\u0105, pami\u0119taj \u017ce mo\u017cesz poprosi\u0107 nas o dostosowanie. Skontaktuj si\u0119 z Agnieszk\u0105 Filipowsk\u0105, kt\u00f3ra jest Pe\u0142nomocnikiem ds. dost\u0119pno\u015bci w Szkole Doktorskiej. Kontakt: <a href=\"https:\/\/us.edu.pl\/szkola-doktorska\/biuro-szkoly-doktorskiej\/\">biuro Szko\u0142y Doktorskiej<\/a>. \r\n                                <div class=\"mt-3\"><\/div>\r\n                            <\/div>\r\n                            \r\n                            <div class=\"text-modules__img\"><img src=\"https:\/\/us.edu.pl\/szkola-doktorska\/wp-content\/uploads\/sites\/50\/Nieprzypisane\/i4-150x150.png\" alt=\"img\"><\/div>\r\n                        <\/div>\r\n                    <\/div>\r\n                <\/div>[\/vc_column][\/vc_row]<\/p>","protected":false},"excerpt":{"rendered":"<p>[vc_row][vc_column][\/vc_column][\/vc_row] [&#8230;]<\/p>\n<p><a class=\"btn btn-secondary understrap-read-more-link\" href=\"https:\/\/us.edu.pl\/szkola-doktorska\/kamienie-milowe-rekrutacji\/zarejestruj-sie-i-przeslij-wszystkie-dokumenty-do-irk\/\">Read More&#8230;<\/a><\/p>\n","protected":false},"author":42,"featured_media":0,"parent":5475,"menu_order":0,"comment_status":"closed","ping_status":"closed","template":"page-templates\/page-with-sidebar.php","meta":{"_expiration-date-status":"","_expiration-date":0,"_expiration-date-type":"","_expiration-date-categories":[],"_expiration-date-options":[]},"acf":[],"_links":{"self":[{"href":"https:\/\/us.edu.pl\/szkola-doktorska\/wp-json\/wp\/v2\/pages\/5520"}],"collection":[{"href":"https:\/\/us.edu.pl\/szkola-doktorska\/wp-json\/wp\/v2\/pages"}],"about":[{"href":"https:\/\/us.edu.pl\/szkola-doktorska\/wp-json\/wp\/v2\/types\/page"}],"author":[{"embeddable":true,"href":"https:\/\/us.edu.pl\/szkola-doktorska\/wp-json\/wp\/v2\/users\/42"}],"replies":[{"embeddable":true,"href":"https:\/\/us.edu.pl\/szkola-doktorska\/wp-json\/wp\/v2\/comments?post=5520"}],"version-history":[{"count":10,"href":"https:\/\/us.edu.pl\/szkola-doktorska\/wp-json\/wp\/v2\/pages\/5520\/revisions"}],"predecessor-version":[{"id":24992,"href":"https:\/\/us.edu.pl\/szkola-doktorska\/wp-json\/wp\/v2\/pages\/5520\/revisions\/24992"}],"up":[{"embeddable":true,"href":"https:\/\/us.edu.pl\/szkola-doktorska\/wp-json\/wp\/v2\/pages\/5475"}],"wp:attachment":[{"href":"https:\/\/us.edu.pl\/szkola-doktorska\/wp-json\/wp\/v2\/media?parent=5520"}],"curies":[{"name":"wp","href":"https:\/\/api.w.org\/{rel}","templated":true}]}}