{"id":5522,"date":"2021-05-15T00:17:53","date_gmt":"2021-05-14T22:17:53","guid":{"rendered":"https:\/\/us.edu.pl\/szkola-doktorska\/?page_id=5522"},"modified":"2026-03-09T16:31:04","modified_gmt":"2026-03-09T15:31:04","slug":"przygotuj-sie-na-rozmowe-kwalifikacyjna","status":"publish","type":"page","link":"https:\/\/us.edu.pl\/szkola-doktorska\/kamienie-milowe-rekrutacji\/przygotuj-sie-na-rozmowe-kwalifikacyjna\/","title":{"rendered":"Przygotuj si\u0119 na rozmow\u0119 kwalifikacyjn\u0105"},"content":{"rendered":"<p>[vc_row][vc_column]\r\n                <div class=\"text-modules\">\r\n                    <div class=\"container\">\r\n                        <h3 class=\"page-title text__title\">Przygotuj si\u0119 na rozmow\u0119 kwalifikacyjn\u0105<\/h3>\r\n                        <div class=\"text-modules__content\"><p>Je\u017celi uzyskasz wysok\u0105 ocen\u0119 na pierwszym etapie, zaprosimy ci\u0119 na rozmow\u0119 kwalifikacyjn\u0105. To ona ostatecznie zadecyduje o przyj\u0119ciu do Szko\u0142y Doktorskiej. Rozmowy prowadzone s\u0105 przez obszarowe albo dyscyplinowe komisje, w zale\u017cno\u015bci od tego, jaki obszar i dyscyplin\u0119 wybra\u0142e\u015b w rekrutacji.<\/p>\n<p>Obszarowe komisje egzaminacyjne sk\u0142adaj\u0105 si\u0119 z przedstawicieli ka\u017cdej dyscypliny, kt\u00f3ra nale\u017cy do tego obszaru. W naukach humanistycznych i naukach spo\u0142ecznych komisje s\u0105 wi\u0119c bardzo liczne. Komisje dyscyplinowe s\u0105 troch\u0119 mniejsze, ale w ka\u017cdej z nich b\u0119dzie co najmniej 6 os\u00f3b. Staniesz wi\u0119c przed grup\u0105 naszych najlepszych specjalist\u00f3w, kt\u00f3rzy oceni\u0105 twoje przygotowanie i kompetencje.<\/p>\n<\/div>\r\n                    <\/div>\r\n                <\/div>\r\n                <div class=\"text-modules reverse\">\r\n                    <div class=\"container\">\r\n                         \r\n                        <div class=\"row m-0\">\r\n                            <div class=\"text-modules__content\">\r\n                                Rozmowa trwa oko\u0142o 15 minut. Pierwsze 5 minut to twoja prezentacja. Je\u017celi w twojej dyscyplinie trzeba by\u0142o przygotowa\u0107 projekt planu bada\u0144, to jest to czas na zaprezentowanie tego projektu. Je\u017celi rekrutujesz si\u0119 w naukach \u015bcis\u0142ych lub in\u017cynieryjno-technicznych, to zwr\u00f3\u0107 uwag\u0119, \u017ce w ka\u017cdej dyscyplinie s\u0105 troch\u0119 inne kryteria. W ci\u0105gu pierwszych pi\u0119ciu minut musisz zaprezentowa\u0107 sw\u00f3j projekt \u2013 wybierz wi\u0119c to, co jest w nim najwa\u017cniejsze. Nast\u0119pnie cz\u0142onkowie komisji zadaj\u0105 ci pytania (najpierw ci, kt\u00f3rzy reprezentuj\u0105 twoj\u0105 dyscyplin\u0119, potem inni).<\/p>\n<p>Rozmowa odbywa\u0107 si\u0119 mo\u017ce po polsku lub po angielsku. Je\u017celi odbywa si\u0119 po polsku, to przynajmniej jedno pytanie zadamy ci po angielsku.<\/p>\n<p>Przed rozmow\u0105 zapoznaj si\u0119 dok\u0142adnie z kryteriami oceny (<a href=\"https:\/\/us.edu.pl\/szkola-doktorska\/rekrutacja-na-rok-akademicki-2026-2027\/\">Rekrutacja -&gt; Kryteria rekrutacji<\/a>). \r\n                                <div class=\"mt-3\"><\/div>\r\n                            <\/div>\r\n                            \r\n                            <div class=\"text-modules__img\"><img src=\"https:\/\/us.edu.pl\/szkola-doktorska\/wp-content\/uploads\/sites\/50\/Nieprzypisane\/i5-150x150.png\" alt=\"img\"><\/div>\r\n                        <\/div>\r\n                    <\/div>\r\n                <\/div>\r\n                <div class=\"text-modules reverse\">\r\n                    <div class=\"container\">\r\n                         \r\n                        <div class=\"row m-0\">\r\n                            <div class=\"text-modules__content\">\r\n                                Rozmowa odb\u0119dzie si\u0119 w formie stacjonarnej, tylko w szczeg\u00f3lnych przypadkach mo\u017ce odby\u0107 si\u0119 on-line (np. dla kandydat\u00f3w z zagranicy). Je\u017celi aplikujesz do jednej z dyscyplin z obszaru nauk przyrodniczych, to koniecznie przygotuj kr\u00f3tk\u0105 prezentacj\u0119, kt\u00f3ra b\u0119dzie towarzyszy\u0142a Twojej wypowiedzi. W innych obszarach prezentacja nie jest potrzebna, chyba \u017ce Tw\u00f3j projekt tego wymaga. \r\n                                <div class=\"mt-3\"><\/div>\r\n                            <\/div>\r\n                            \r\n                            <div class=\"text-modules__img\"><img src=\"https:\/\/us.edu.pl\/szkola-doktorska\/wp-content\/uploads\/sites\/50\/Nieprzypisane\/i5-150x150.png\" alt=\"img\"><\/div>\r\n                        <\/div>\r\n                    <\/div>\r\n                <\/div>\r\n                <div class=\"text-modules reverse\">\r\n                    <div class=\"container\">\r\n                         \r\n                        <div class=\"row m-0\">\r\n                            <div class=\"text-modules__content\">\r\n                                Rozmowy odbywaj\u0105 si\u0119 mi\u0119dzy 7 a 10 lipca. O dok\u0142adnym terminie dowiesz si\u0119 zaledwie kilka dni przed rozmow\u0105, zarezerwuj wi\u0119c dla nas ca\u0142y ten czas, a je\u017celi to niemo\u017cliwe \u2013 poinformuj nas z jak najwi\u0119kszym wyprzedzeniem. Wyniki rozmowy i ca\u0142ego post\u0119powania poznasz do 14 lipca. Je\u017celi zostaniesz zakwalifikowany, poinformujemy ci\u0119 o dalszych krokach. \r\n                                <div class=\"mt-3\"><\/div>\r\n                            <\/div>\r\n                            \r\n                            <div class=\"text-modules__img\"><img src=\"https:\/\/us.edu.pl\/szkola-doktorska\/wp-content\/uploads\/sites\/50\/Nieprzypisane\/i5-150x150.png\" alt=\"img\"><\/div>\r\n                        <\/div>\r\n                    <\/div>\r\n                <\/div>[\/vc_column][\/vc_row]<\/p>","protected":false},"excerpt":{"rendered":"<p>[vc_row][vc_column][\/vc_column][\/vc_row] [&#8230;]<\/p>\n<p><a class=\"btn btn-secondary understrap-read-more-link\" href=\"https:\/\/us.edu.pl\/szkola-doktorska\/kamienie-milowe-rekrutacji\/przygotuj-sie-na-rozmowe-kwalifikacyjna\/\">Read More&#8230;<\/a><\/p>\n","protected":false},"author":42,"featured_media":0,"parent":5475,"menu_order":0,"comment_status":"closed","ping_status":"closed","template":"page-templates\/page-with-sidebar.php","meta":{"_expiration-date-status":"","_expiration-date":0,"_expiration-date-type":"","_expiration-date-categories":[],"_expiration-date-options":[]},"acf":[],"_links":{"self":[{"href":"https:\/\/us.edu.pl\/szkola-doktorska\/wp-json\/wp\/v2\/pages\/5522"}],"collection":[{"href":"https:\/\/us.edu.pl\/szkola-doktorska\/wp-json\/wp\/v2\/pages"}],"about":[{"href":"https:\/\/us.edu.pl\/szkola-doktorska\/wp-json\/wp\/v2\/types\/page"}],"author":[{"embeddable":true,"href":"https:\/\/us.edu.pl\/szkola-doktorska\/wp-json\/wp\/v2\/users\/42"}],"replies":[{"embeddable":true,"href":"https:\/\/us.edu.pl\/szkola-doktorska\/wp-json\/wp\/v2\/comments?post=5522"}],"version-history":[{"count":6,"href":"https:\/\/us.edu.pl\/szkola-doktorska\/wp-json\/wp\/v2\/pages\/5522\/revisions"}],"predecessor-version":[{"id":25171,"href":"https:\/\/us.edu.pl\/szkola-doktorska\/wp-json\/wp\/v2\/pages\/5522\/revisions\/25171"}],"up":[{"embeddable":true,"href":"https:\/\/us.edu.pl\/szkola-doktorska\/wp-json\/wp\/v2\/pages\/5475"}],"wp:attachment":[{"href":"https:\/\/us.edu.pl\/szkola-doktorska\/wp-json\/wp\/v2\/media?parent=5522"}],"curies":[{"name":"wp","href":"https:\/\/api.w.org\/{rel}","templated":true}]}}