{"id":561,"date":"2020-01-29T09:14:46","date_gmt":"2020-01-29T08:14:46","guid":{"rendered":"http:\/\/us.edu.pl\/szkola-doktorska\/?page_id=561"},"modified":"2021-03-16T10:16:49","modified_gmt":"2021-03-16T09:16:49","slug":"prom-ogloszenie-o-naborze-na-wyjazdy-doktorantow-zakonczone","status":"publish","type":"page","link":"https:\/\/us.edu.pl\/szkola-doktorska\/prom-ogloszenie-o-naborze-na-wyjazdy-doktorantow-zakonczone\/","title":{"rendered":"PROM &#8211; og\u0142oszenie o naborze na wyjazdy doktorant\u00f3w (zako\u0144czone)"},"content":{"rendered":"<p>[vc_row][vc_column]\r\n                <div class=\"text-modules\">\r\n                    <div class=\"container\">\r\n                        <h3 class=\"page-title text__title\">PROM \u2013 Mi\u0119dzynarodowa wymiana stypendialna doktorant\u00f3w i kadry akademickiej<\/h3>\r\n                        <div class=\"text-modules__content\"><p>Szko\u0142a Doktorska w Uniwersytecie \u015al\u0105skim w Katowicach informuje o otwarciu naboru wniosk\u00f3w na kr\u00f3tkoterminowe wyjazdy doktorant\u00f3w w ramach programu PROM.<\/p>\n<p><strong>Uprawnieni uczestnicy<\/strong>: doktoranci Uniwersytetu \u015al\u0105skiego (studia doktoranckie i szko\u0142y doktorskie), kt\u00f3rzy nie uko\u0144czyli 40. roku \u017cycia.<\/p>\n<p>W ramach projektu dopuszczalne s\u0105 nast\u0119puj\u0105ce <strong>typy mobilno\u015bci<\/strong>:<\/p>\n<ol>\n<li style=\"list-style-type: none\">\n<ol>\n<li>udzia\u0142 w kr\u00f3tkich formach kszta\u0142cenia, tj. kursach, warsztatach, sta\u017cach zawodowych lub sta\u017cach przemys\u0142owych, wizytach studyjnych, w tym r\u00f3wnie\u017c realizowanych u\u00a0przedsi\u0119biorc\u00f3w,<\/li>\n<li>pozyskiwanie materia\u0142\u00f3w do pracy doktorskiej\/rozprawy,<\/li>\n<li>aktywny udzia\u0142 w konferencji zagranicznej (w tym np. udzia\u0142 w sesji posterowej i Flash talk).<\/li>\n<\/ol>\n<\/li>\n<\/ol>\n<p>&nbsp;<\/p>\n<p><strong>Cel wyjazdu<\/strong>: dowolny kraj, do kt\u00f3rego mo\u017cliwy jest wyjazd z Polski.<\/p>\n<p><strong>Czas trwania wyjazdu<\/strong>: od 5 do 30 dni (wliczaj\u0105c 2 dni podr\u00f3\u017cy).<\/p>\n<p><strong>Czas trwania projektu<\/strong>: wszystkie wyjazdy musz\u0105 zosta\u0107 zrealizowane do 30 wrze\u015bnia 2020 r.<\/p>\n<p><strong>Finansowanie<\/strong>:<\/p>\n<ol>\n<li>Rycza\u0142towe stawki koszt\u00f3w podr\u00f3\u017cy, ubezpieczenia zdrowotnego, OC, NNW, op\u0142at wizowych i zwi\u0105zanych z legalizacj\u0105 pobytu uzale\u017cnione od odleg\u0142o\u015bci.<\/li>\n<li>Rycza\u0142towe stawki dofinansowania koszt\u00f3w utrzymania uzale\u017cnione od kraju i d\u0142ugo\u015bci pobytu (od 260 z\u0142 do 800 za dzie\u0144).<\/li>\n<li>Koszty op\u0142at konferencyjnych\/szkole\u0144\/kurs\u00f3w.<\/li>\n<\/ol>\n<p>Finansowanie wyp\u0142acane jest w formie stypendium.<\/p>\n<p><strong>Terminy naboru<\/strong>: 22.11.2019-11.12.2019<\/p>\n<p><strong>Tryb naboru<\/strong>:<\/p>\n<p>Nab\u00f3r do projektu obywa si\u0119 drog\u0105 elektroniczn\u0105 poprzez formularz elektroniczny:<\/p>\n<p>Wersja polska: <a href=\"https:\/\/formularze.us.edu.pl\/form\/index\/1128\">https:\/\/formularze.us.edu.pl\/form\/index\/1128<\/a><\/p>\n<p>Wersja angielska: <a href=\"https:\/\/formularze.us.edu.pl\/form\/index\/1135\">https:\/\/formularze.us.edu.pl\/form\/index\/1135<\/a><\/p>\n<p>&nbsp;<\/p>\n<p>Wnioski podlegaj\u0105 ocenie formalnej w biurze projektu i merytorycznej, kt\u00f3r\u0105 wykonuje komisja kwalifikacyjna oraz eksperci reprezentuj\u0105cy dyscyplin\u0119 naukow\u0105 w\u0142a\u015bciw\u0105 do danego wniosku. Ka\u017cdy wniosek jest oceniany przez dw\u00f3ch ekspert\u00f3w. Po dokonaniu wszystkich ocen sporz\u0105dzana jest lista rankingowa, a z osobami zakwalifikowanymi do udzia\u0142u w projekcie \u2013 o ile dope\u0142ni\u0105 wszystkich formalno\u015bci \u2013 podpisywana jest umowa o finansowanie.<\/p>\n<p>W projekcie zrealizowanych zostanie co najmniej 60 mobilno\u015bci w formie wyjazd\u00f3w doktorant\u00f3w.<\/p>\n<p>&nbsp;<\/p>\n<p><strong>Szczeg\u00f3\u0142owa informacja o projekcie PROM:<\/strong> <a href=\"mailto:prom@us.edu.pl\">prom@us.edu.pl<\/a><\/p>\n<p>&nbsp;<\/p>\n<p><strong>Biuro projektu<\/strong>:<\/p>\n<p>Szko\u0142a Doktorska w Uniwersytecie \u015al\u0105skim w Katowicach<\/p>\n<p>Ul. Bankowa 14, pok. 406-40B<\/p>\n<p>Tel. 32\u00a0359 2471 \u2013 2473<\/p>\n<p>&nbsp;<\/p>\n<p><strong>Koordynator projektu<\/strong>: dr Ryszard Knapek<\/p>\n<p>&nbsp;<\/p>\n<p>Za\u0142\u0105czniki:<\/p>\n<p><a href=\"http:\/\/us.edu.pl\/szkola-doktorska\/wp-content\/uploads\/sites\/50\/2019\/11\/Regulamin-wyjazd\u00f3w-doktorant\u00f3w-w-programie-PROM.pdf\" class=\"mtli_attachment mtli_pdf\" data-mtli=\"mtli_filesize843,16kB\" class=\"mtli_attachment mtli_pdf\" data-mtli=\"mtli_filesize843,16kB\">Regulamin wyjazd\u00f3w doktorant\u00f3w w programie PROM<\/a><\/p>\n<p><a href=\"http:\/\/us.edu.pl\/szkola-doktorska\/wp-content\/uploads\/sites\/50\/2019\/11\/za\u0142\u0105cznik-nr-1-do-regulaminu-umowa-beneficjenta-z-uczestnikiem.pdf\" class=\"mtli_attachment mtli_pdf\" data-mtli=\"mtli_filesize1,58MB\" class=\"mtli_attachment mtli_pdf\" data-mtli=\"mtli_filesize1,58MB\">za\u0142\u0105cznik nr 1 do regulaminu &#8211; umowa beneficjenta z uczestnikiem<\/a><\/p>\n<p><a href=\"http:\/\/us.edu.pl\/szkola-doktorska\/wp-content\/uploads\/sites\/50\/2019\/11\/za\u0142\u0105cznik-nr-2-do-regulaminu-zakes-danych-do-formularza-aplikacyjnego-on-line.pdf\" class=\"mtli_attachment mtli_pdf\" data-mtli=\"mtli_filesize678,49kB\" class=\"mtli_attachment mtli_pdf\" data-mtli=\"mtli_filesize678,49kB\">za\u0142\u0105cznik nr 2 do regulaminu &#8211; zakes danych do formularza aplikacyjnego on-line<\/a><\/p>\n<p><a href=\"http:\/\/us.edu.pl\/szkola-doktorska\/wp-content\/uploads\/sites\/50\/2019\/11\/za\u0142\u0105cznik-nr-3-do-regulaminu-zakes-danych-do-merytorycznego-sprawozdania-z-mobilno\u015bci.pdf\" class=\"mtli_attachment mtli_pdf\" data-mtli=\"mtli_filesize674,97kB\" class=\"mtli_attachment mtli_pdf\" data-mtli=\"mtli_filesize674,97kB\">za\u0142\u0105cznik nr 3 do regulaminu &#8211; zakes danych do merytorycznego sprawozdania z mobilno\u015bci<\/a><\/p>\n<p><a href=\"http:\/\/us.edu.pl\/szkola-doktorska\/wp-content\/uploads\/sites\/50\/2019\/11\/za\u0142\u0105cznik-nr-4-do-regulaminu-stawki-rycza\u0142towe.pdf\" class=\"mtli_attachment mtli_pdf\" data-mtli=\"mtli_filesize654,17kB\" class=\"mtli_attachment mtli_pdf\" data-mtli=\"mtli_filesize654,17kB\">za\u0142\u0105cznik nr 4 do regulaminu &#8211; stawki rycza\u0142towe<\/a><\/p>\n<p>&nbsp;<\/p>\n<p><img class=\"aligncenter size-large wp-image-466\" src=\"http:\/\/us.edu.pl\/szkola-doktorska\/wp-content\/uploads\/sites\/50\/2019\/11\/logotypy-pl-1024x136.jpg\" alt=\"\" width=\"640\" height=\"85\" srcset=\"https:\/\/us.edu.pl\/szkola-doktorska\/wp-content\/uploads\/sites\/50\/2019\/11\/logotypy-pl.jpg 1024w, https:\/\/us.edu.pl\/szkola-doktorska\/wp-content\/uploads\/sites\/50\/2019\/11\/logotypy-pl-300x40.jpg 300w, https:\/\/us.edu.pl\/szkola-doktorska\/wp-content\/uploads\/sites\/50\/2019\/11\/logotypy-pl-768x102.jpg 768w, https:\/\/us.edu.pl\/szkola-doktorska\/wp-content\/uploads\/sites\/50\/2019\/11\/logotypy-pl-575x76.jpg 575w\" sizes=\"(max-width: 640px) 100vw, 640px\" \/><\/p>\n<p><em><span style=\"font-size: 10pt\">Program jest wsp\u00f3\u0142finansowany ze \u015brodk\u00f3w Europejskiego Funduszu Spo\u0142ecznego w ramach Programu Operacyjnego Wiedza Edukacja Rozw\u00f3j, projekt pozakonkursowy pt. \u201eMi\u0119dzynarodowa wymiana stypendialna doktorant\u00f3w i kadry akademickiej\u201d, realizowany w ramach Dzia\u0142ania okre\u015blony we wniosku o dofinansowanie projektu nr POWR.03.03.00-00-PN13\/18.<\/span><\/em><\/p>\n<style type=\"text\/css\">a[data-mtli~=\"mtli_filesize843,16kB\"]:after {content:\" (843,16 kB)\"}a[data-mtli~=\"mtli_filesize1,58MB\"]:after {content:\" (1,58 MB)\"}a[data-mtli~=\"mtli_filesize678,49kB\"]:after {content:\" (678,49 kB)\"}a[data-mtli~=\"mtli_filesize674,97kB\"]:after {content:\" (674,97 kB)\"}a[data-mtli~=\"mtli_filesize654,17kB\"]:after {content:\" (654,17 kB)\"}<\/style><\/div>\r\n                    <\/div>\r\n                <\/div>[\/vc_column][\/vc_row]<\/p>\n<style type=\"text\/css\">a[data-mtli~=\"mtli_filesize843,16kB\"]:after {content:\" (843,16 kB)\"}a[data-mtli~=\"mtli_filesize1,58MB\"]:after {content:\" (1,58 MB)\"}a[data-mtli~=\"mtli_filesize678,49kB\"]:after {content:\" (678,49 kB)\"}a[data-mtli~=\"mtli_filesize674,97kB\"]:after {content:\" (674,97 kB)\"}a[data-mtli~=\"mtli_filesize654,17kB\"]:after {content:\" (654,17 kB)\"}a[data-mtli~=\"mtli_filesize423,78kB\"]:after {content:\" (423,78 kB)\"}<\/style>","protected":false},"excerpt":{"rendered":"<p>[vc_row][vc_column][\/vc_column][\/vc_row] [&#8230;]<\/p>\n<p><a class=\"btn btn-secondary understrap-read-more-link\" href=\"https:\/\/us.edu.pl\/szkola-doktorska\/prom-ogloszenie-o-naborze-na-wyjazdy-doktorantow-zakonczone\/\">Read More&#8230;<\/a><\/p>\n","protected":false},"author":42,"featured_media":0,"parent":0,"menu_order":0,"comment_status":"closed","ping_status":"closed","template":"page-templates\/page-with-sidebar.php","meta":{"_expiration-date-status":"saved","_expiration-date":0,"_expiration-date-type":"","_expiration-date-categories":[],"_expiration-date-options":[]},"acf":[],"_links":{"self":[{"href":"https:\/\/us.edu.pl\/szkola-doktorska\/wp-json\/wp\/v2\/pages\/561"}],"collection":[{"href":"https:\/\/us.edu.pl\/szkola-doktorska\/wp-json\/wp\/v2\/pages"}],"about":[{"href":"https:\/\/us.edu.pl\/szkola-doktorska\/wp-json\/wp\/v2\/types\/page"}],"author":[{"embeddable":true,"href":"https:\/\/us.edu.pl\/szkola-doktorska\/wp-json\/wp\/v2\/users\/42"}],"replies":[{"embeddable":true,"href":"https:\/\/us.edu.pl\/szkola-doktorska\/wp-json\/wp\/v2\/comments?post=561"}],"version-history":[{"count":2,"href":"https:\/\/us.edu.pl\/szkola-doktorska\/wp-json\/wp\/v2\/pages\/561\/revisions"}],"predecessor-version":[{"id":627,"href":"https:\/\/us.edu.pl\/szkola-doktorska\/wp-json\/wp\/v2\/pages\/561\/revisions\/627"}],"wp:attachment":[{"href":"https:\/\/us.edu.pl\/szkola-doktorska\/wp-json\/wp\/v2\/media?parent=561"}],"curies":[{"name":"wp","href":"https:\/\/api.w.org\/{rel}","templated":true}]}}