{"id":5670,"date":"2021-05-31T16:38:17","date_gmt":"2021-05-31T14:38:17","guid":{"rendered":"https:\/\/us.edu.pl\/szkola-doktorska\/?page_id=5670"},"modified":"2021-05-31T23:25:19","modified_gmt":"2021-05-31T21:25:19","slug":"projekty-finansowane-ze-srodkow-szkoly-doktorskiej-konkurs-1-2021-2","status":"publish","type":"page","link":"https:\/\/us.edu.pl\/szkola-doktorska\/en\/projekty-finansowane-ze-srodkow-szkoly-doktorskiej-konkurs-1-2021-2\/","title":{"rendered":"Projects financed from the Doctoral School funds &#8211; contest 2\/2021"},"content":{"rendered":"<p>[vc_row][vc_column]\r\n                <div class=\"text-modules\">\r\n                    <div class=\"container\">\r\n                        <h3 class=\"page-title text__title\">Projects financed from the Doctoral School funds<\/h3>\r\n                        <div class=\"text-modules__content\"><p>Funds allocated in the contest for scientific activity of PhD students of the Doctoral School \u2013 May 31st 2021.<\/p>\n<\/div>\r\n                    <\/div>\r\n                <\/div>[\/vc_column][\/vc_row][vc_row][vc_column]\r\n                <div class=\"text-modules\">\r\n                    <div class=\"container\">\r\n                        \r\n                        <div class=\"text-modules__content\"><\/p>\n<table style=\"width: 1095px\" border=\"1\" width=\"1095\">\n<tbody>\n<tr>\n<td width=\"50\">Lp.<\/td>\n<td width=\"159\">Imi\u0119 i nazwisko \/ Name and last name<\/td>\n<td width=\"202\">Dyscyplina naukowa \/ Scientific discipline<\/td>\n<td width=\"538\">Nazwa projektu \/ Name of the project<\/td>\n<td width=\"146\">Przyznane \u015brodki \/ allocated funds<\/td>\n<\/tr>\n<tr>\n<td>1<\/td>\n<td width=\"159\">Joanna Adamczyk<\/td>\n<td width=\"202\">Earth and related environmental sciences (nauki o Ziemi i \u015brodowisku)<\/td>\n<td width=\"538\">Okre\u015blenie zawarto\u015bci pierwiastk\u00f3w ekotoksycznych w popio\u0142ach ze wsp\u00f3\u0142spalania w\u0119gla kamiennego i biomasy uwzgl\u0119dniaj\u0105c jej zmienny udzia\u0142 w procesie spalania<\/td>\n<td style=\"text-align: right\" width=\"146\">4 969,00 z\u0142<\/td>\n<\/tr>\n<tr>\n<td>2<\/td>\n<td width=\"159\">Jacek Bielawa<\/td>\n<td width=\"202\">literary studies (literaturoznawstwo)<\/td>\n<td width=\"538\">Korekta angielskoj\u0119zycznego opisu i streszcze\u0144 projektu badawczego, b\u0119d\u0105cych cz\u0119\u015bci\u0105 wniosku sk\u0142adanego w ramach konkursu Preludium 20.<\/td>\n<td style=\"text-align: right\" width=\"146\">1 000,00 z\u0142<\/td>\n<\/tr>\n<tr>\n<td>3<\/td>\n<td width=\"159\">Barbara Bieniek<\/td>\n<td width=\"202\">political science and public administration (nauki o polityce i administracji)<\/td>\n<td width=\"538\">LAURA BASSI SCHOLARSHIP<\/td>\n<td style=\"text-align: right\" width=\"146\">1 100,00 z\u0142<\/td>\n<\/tr>\n<tr>\n<td>4<\/td>\n<td width=\"159\">Barbara Bieniek<\/td>\n<td width=\"202\">political science and public administration (nauki o polityce i administracji)<\/td>\n<td width=\"538\">,,Nacjonalizm integralny, jako spos\u00f3b budowania narodu za po\u015brednictwem autorytetu monarchy. Casus Kr\u00f3lestwo Szwecji w XXI wieku&#8221;<\/td>\n<td style=\"text-align: right\" width=\"146\">900,00 z\u0142<\/td>\n<\/tr>\n<tr>\n<td>5<\/td>\n<td width=\"159\">Klaudia Bro\u0144czyk<\/td>\n<td width=\"202\">law (nauki prawne)<\/td>\n<td width=\"538\">Szko\u0142a Letnia Bioetyki i Prawa Medycznego, wniosek Preludium oraz zakup literatury przedmiotu<\/td>\n<td style=\"text-align: right\" width=\"146\">2 002,82 z\u0142<\/td>\n<\/tr>\n<tr>\n<td>6<\/td>\n<td width=\"159\">Justyna Dziadosz<\/td>\n<td width=\"202\">chemical sciences (nauki chemiczne)<\/td>\n<td width=\"538\">Wp\u0142yw d\u0142ugo\u015bci \u0142a\u0144cucha w\u0119glowego w cieczach jonowych z kationem 1-alkilo-3-metyloimidazoliowym oraz z anionem bis(trifuorometylosulfonylo)imidkowym na w\u0142a\u015bciwo\u015bci ionanofluid\u00f3w z d\u0142ugimi wielo\u015bciennymi nanorurkami w\u0119glowymi.<\/td>\n<td style=\"text-align: right\" width=\"146\">3 000,00 z\u0142<\/td>\n<\/tr>\n<tr>\n<td>7<\/td>\n<td width=\"159\">Sylwia Giza<\/td>\n<td width=\"202\">law (nauki prawne)<\/td>\n<td width=\"538\">Digital Law Summer School \u2013 Uniwersytet Genewski<\/td>\n<td style=\"text-align: right\" width=\"146\">4 956,00 z\u0142<\/td>\n<\/tr>\n<tr>\n<td>8<\/td>\n<td width=\"159\">Agata Hadry\u015b<\/td>\n<td width=\"202\">chemical sciences (nauki chemiczne)<\/td>\n<td width=\"538\">Synteza nowych pochodnych gemcytabiny z niesteroidowymi lekami przeciwzapalnymi<\/td>\n<td style=\"text-align: right\" width=\"146\">1 500,00 z\u0142<\/td>\n<\/tr>\n<tr>\n<td>9<\/td>\n<td width=\"159\">Micha\u0142 Idasiak<\/td>\n<td width=\"202\">philosophy (filozofia)<\/td>\n<td width=\"538\">Podstawowa literatura podmiotu i przedmiotu<\/td>\n<td style=\"text-align: right\" width=\"146\">1 000,00 z\u0142<\/td>\n<\/tr>\n<tr>\n<td>10<\/td>\n<td width=\"159\">Jeremiasz Kalus<\/td>\n<td width=\"202\">law (nauki prawne)<\/td>\n<td width=\"538\">Konkurs &#8211; \u015brodk\u00f3w na dzia\u0142alno\u015b\u0107 naukow\u0105 doktorant\u00f3w Szko\u0142y Doktorskiej &#8211; edycja maj 2021<\/td>\n<td style=\"text-align: right\" width=\"146\">2 220,00 z\u0142<\/td>\n<\/tr>\n<tr>\n<td>11<\/td>\n<td width=\"159\">Agnieszka Karpiel<\/td>\n<td width=\"202\">culture and religion studies (nauki o kulturze i religii)<\/td>\n<td width=\"538\">Samosio\u0142y, tury\u015bci, przewodnicy. Spotkania na skraju katastrofy<\/td>\n<td style=\"text-align: right\" width=\"146\">450,00 z\u0142<\/td>\n<\/tr>\n<tr>\n<td>12<\/td>\n<td width=\"159\">Martyna Kasperska<\/td>\n<td width=\"202\">law (nauki prawne)<\/td>\n<td width=\"538\">Og\u00f3lnopolska Konferencja Naukowa pt. \u201ePrawo &#8211; sprzymierzeniec czy wr\u00f3g przedsi\u0119biorcy?\u201d<\/td>\n<td style=\"text-align: right\" width=\"146\">300,00 z\u0142<\/td>\n<\/tr>\n<tr>\n<td>13<\/td>\n<td width=\"159\">Martyna Kasperska<\/td>\n<td width=\"202\">law (nauki prawne)<\/td>\n<td width=\"538\">18th Annual International Conference on Law<\/td>\n<td style=\"text-align: right\" width=\"146\">2 200,00 z\u0142<\/td>\n<\/tr>\n<tr>\n<td>14<\/td>\n<td width=\"159\">Krzysztof Kiczek<\/td>\n<td width=\"202\">film and theatre (sztuki filmowe i teatralne)<\/td>\n<td width=\"538\">Realizacja audiobooka ars acoustica &#8220;Cicho, cichutko&#8221; na podstawie powie\u015bci Ignacego Karpowicza<\/td>\n<td style=\"text-align: right\" width=\"146\">5 000,00 z\u0142<\/td>\n<\/tr>\n<tr>\n<td>15<\/td>\n<td width=\"159\">Aleksandra Klefas<\/td>\n<td width=\"202\">law (nauki prawne)<\/td>\n<td width=\"538\">Korekta j\u0119zykowa tekst\u00f3w naukowych<\/td>\n<td style=\"text-align: right\" width=\"146\">922,50 z\u0142<\/td>\n<\/tr>\n<tr>\n<td>16<\/td>\n<td width=\"159\">Kamil Ko\u0142odziej<\/td>\n<td width=\"202\">history (historia)<\/td>\n<td width=\"538\">Przysposobienie wojskowe w wojew\u00f3dztwie \u015bl\u0105skim w ko\u0144cu lat trzydziestych XX w . Obozy letnie jako forma pracy wychowawczej.<\/td>\n<td style=\"text-align: right\" width=\"146\">2 965,00 z\u0142<\/td>\n<\/tr>\n<tr>\n<td>17<\/td>\n<td width=\"159\">Adam Krain<\/td>\n<td width=\"202\">biological sciences (nauki biologiczne)<\/td>\n<td width=\"538\">Identyfikacja bia\u0142ek wydzielin gutacyjnych grzyb\u00f3w \u015brodowisk w\u0119gla kamiennego<\/td>\n<td style=\"text-align: right\" width=\"146\">2 510,00 z\u0142<\/td>\n<\/tr>\n<tr>\n<td>18<\/td>\n<td width=\"159\">Sara Krawczyk<\/td>\n<td width=\"202\">materials engineering (in\u017cynieria materia\u0142owa)<\/td>\n<td width=\"538\">Systemy dozowania substancji leczniczej celowane w leczenie chor\u00f3b neurodegenracyjnych oraz regeneracje uszkodzonych nerw\u00f3w bazuj\u0105ce na polipirolu.<\/td>\n<td style=\"text-align: right\" width=\"146\">3 500,00 z\u0142<\/td>\n<\/tr>\n<tr>\n<td>19<\/td>\n<td width=\"159\">Joanna Kruszy\u0144ska-Szwedo<\/td>\n<td width=\"202\">education (pedagogika)<\/td>\n<td width=\"538\">Metoda Suzuki w procesie wspierania rozwoju ucznia w spektrum autyzmu w pozaszkolnej edukacji muzycznej na przyk\u0142adzie Polski, Australii i W\u0142och.<\/td>\n<td style=\"text-align: right\" width=\"146\">500,00 z\u0142<\/td>\n<\/tr>\n<tr>\n<td>20<\/td>\n<td width=\"159\">Jessica Kufa<\/td>\n<td width=\"202\">culture and religion studies (nauki o kulturze i religii)<\/td>\n<td width=\"538\">Kwerendy w bibliotekach i archiwach<\/td>\n<td style=\"text-align: right\" width=\"146\">2 420,00 z\u0142<\/td>\n<\/tr>\n<tr>\n<td>21<\/td>\n<td width=\"159\">Adrianna Kus<\/td>\n<td width=\"202\">culture and religion studies (nauki o kulturze i religii)<\/td>\n<td width=\"538\">Usprawnienie antropologicznych bada\u0144 terenowych i rozpowszechnianie wynik\u00f3w bada\u0144<\/td>\n<td style=\"text-align: right\" width=\"146\">900,00 z\u0142<\/td>\n<\/tr>\n<tr>\n<td>22<\/td>\n<td width=\"159\">Justyna Lipka<\/td>\n<td width=\"202\">psychology (psychologia)<\/td>\n<td width=\"538\">Projekt \u201cThe relationship between national victimhood and attitudes towards violent far-right extremism\u201d. Przet\u0142umaczenie wniosku grantowego.<\/td>\n<td style=\"text-align: right\" width=\"146\">1 000,00 z\u0142<\/td>\n<\/tr>\n<tr>\n<td>23<\/td>\n<td width=\"159\">Robert \u0141asa<\/td>\n<td width=\"202\">law (nauki prawne)<\/td>\n<td width=\"538\">21st Summer Course on International Humanitarian Law<\/td>\n<td style=\"text-align: right\" width=\"146\">3 500,00 z\u0142<\/td>\n<\/tr>\n<tr>\n<td>24<\/td>\n<td width=\"159\">Oliwia Metryka<\/td>\n<td width=\"202\">biological sciences (nauki biologiczne)<\/td>\n<td width=\"538\">Wp\u0142yw nanocz\u0105stek na poziom ekspresji wybranych gen\u00f3w bakteryjnych<\/td>\n<td style=\"text-align: right\" width=\"146\">2 900,00 z\u0142<\/td>\n<\/tr>\n<tr>\n<td>25<\/td>\n<td width=\"159\">Aleksandra Miernik<\/td>\n<td width=\"202\">biological sciences (nauki biologiczne)<\/td>\n<td width=\"538\">Analiza wp\u0142ywu kr\u00f3tkoterminowego dzia\u0142ania ibuprofenu na indukcj\u0119 procesu autofagii w kom\u00f3rkach jelita \u015brodkowego\u00a0 Paramacrobiotus experimentalis Kaczmarek, Mioduchowska, Poprawa, Roszkowska 2020 (Tardigrada, Eutardigrada)<\/td>\n<td style=\"text-align: right\" width=\"146\">3 650,00 z\u0142<\/td>\n<\/tr>\n<tr>\n<td>26<\/td>\n<td width=\"159\">Karol Miko\u0142ajewski<\/td>\n<td width=\"202\">Earth and related environmental sciences (nauki o Ziemi i \u015brodowisku)<\/td>\n<td width=\"538\">Korekta j\u0119zykowa artyku\u0142u naukowego<\/td>\n<td style=\"text-align: right\" width=\"146\">2 000,00 z\u0142<\/td>\n<\/tr>\n<tr>\n<td>27<\/td>\n<td width=\"159\">Dariusz Nawrocki<\/td>\n<td width=\"202\">Earth and related environmental sciences (nauki o Ziemi i \u015brodowisku)<\/td>\n<td width=\"538\">Analiza wp\u0142ywu lokalnych warunk\u00f3w geologicznych na rejestracje sejsmiczne sygna\u0142\u00f3w drga\u0144 skr\u0119tnych i translacyjnych jako efekt wstrz\u0105s\u00f3w indukowanych.<\/td>\n<td style=\"text-align: right\" width=\"146\">1 000,00 z\u0142<\/td>\n<\/tr>\n<tr>\n<td>28<\/td>\n<td width=\"159\">Katarzyna Nowak<\/td>\n<td width=\"202\">Earth and related environmental sciences (nauki o Ziemi i \u015brodowisku)<\/td>\n<td width=\"538\">Wysokoglinowe phillipsyty z paralaw Formacji Hatrurim, Izrael<\/td>\n<td style=\"text-align: right\" width=\"146\">2 500,00 z\u0142<\/td>\n<\/tr>\n<tr>\n<td>29<\/td>\n<td width=\"159\">Anna Orli\u0144ska<\/td>\n<td width=\"202\">education (pedagogika)<\/td>\n<td width=\"538\">Doros\u0142y (w okresie \u015bredniej doros\u0142o\u015bci) w roli podmiotu ucz\u0105cego si\u0119. Postawy os\u00f3b doros\u0142ych wobec w\u0142asnego uczestnictwa w edukacji formalnej oraz ich uwarunkowania<\/td>\n<td style=\"text-align: right\" width=\"146\">400,00 z\u0142<\/td>\n<\/tr>\n<tr>\n<td>30<\/td>\n<td width=\"159\">Adam Pawe\u0142czyk<\/td>\n<td width=\"202\">political science and public administration (nauki o polityce i administracji)<\/td>\n<td width=\"538\">T\u0142umaczenia przysi\u0119g\u0142e artyku\u0142\u00f3w naukowych<\/td>\n<td style=\"text-align: right\" width=\"146\">1 500,00 z\u0142<\/td>\n<\/tr>\n<tr>\n<td>31<\/td>\n<td width=\"159\">Marlena Pa\u017adzior<\/td>\n<td width=\"202\">chemical sciences (nauki chemiczne)<\/td>\n<td width=\"538\">Synteza nanono\u015bnik\u00f3w grafenowych do sporz\u0105dzania formulacji terapeutycznych.<\/td>\n<td style=\"text-align: right\" width=\"146\">1 500,00 z\u0142<\/td>\n<\/tr>\n<tr>\n<td>32<\/td>\n<td width=\"159\">Klaudia Peczyk<\/td>\n<td width=\"202\">biological sciences (nauki biologiczne)<\/td>\n<td width=\"538\">Badanie poziomu ekspresji gen\u00f3w odpowiedzialnych za degradacj\u0119 w\u0119glowodor\u00f3w aromatycznych u szczep\u00f3w bakterii wspomagaj\u0105cych rozw\u00f3j mikoryz.<\/td>\n<td style=\"text-align: right\" width=\"146\">1 900,00 z\u0142<\/td>\n<\/tr>\n<tr>\n<td>33<\/td>\n<td width=\"159\">Ewa Pierzcha\u0142a<\/td>\n<td width=\"202\">biological sciences (nauki biologiczne)<\/td>\n<td width=\"538\">Aktywno\u015b\u0107 i r\u00f3\u017cnorodno\u015b\u0107 gatunkowa miejskich populacji nietoperzy w gradiencie centrum-przedmie\u015bcia<\/td>\n<td style=\"text-align: right\" width=\"146\">2 351,00 z\u0142<\/td>\n<\/tr>\n<tr>\n<td>34<\/td>\n<td width=\"159\">Marcelina Pietryga<\/td>\n<td width=\"202\">linguistics (j\u0119zykoznawstwo)<\/td>\n<td width=\"538\">First International Summer School on Cognitive Translation Studies<\/td>\n<td style=\"text-align: right\" width=\"146\">1 991,85 z\u0142<\/td>\n<\/tr>\n<tr>\n<td>35<\/td>\n<td width=\"159\">Mateusz Pulikowski<\/td>\n<td width=\"202\">mathematics (matematyka)<\/td>\n<td width=\"538\">Summer School on Derived and Triangulated Categories<\/td>\n<td style=\"text-align: right\" width=\"146\">4 200,00 z\u0142<\/td>\n<\/tr>\n<tr>\n<td>36<\/td>\n<td width=\"159\">Aleksandra Renc<\/td>\n<td width=\"202\">Earth and related environmental sciences (nauki o Ziemi i \u015brodowisku)<\/td>\n<td width=\"538\">Sezonowa zmienno\u015b\u0107 miejskiej wyspy ciep\u0142a w G\u00f3rno\u015bl\u0105sko \u2013 Zag\u0142\u0119biowskiej Metropolii<\/td>\n<td style=\"text-align: right\" width=\"146\">4 199,00 z\u0142<\/td>\n<\/tr>\n<tr>\n<td>37<\/td>\n<td width=\"159\">Wojciech Ryka\u0142a<\/td>\n<td width=\"202\">Earth and related environmental sciences (nauki o Ziemi i \u015brodowisku)<\/td>\n<td width=\"538\">\u201cBadanie toksyczno\u015bci odpad\u00f3w przekszta\u0142conych w efekcie po\u017caru na dzikim sk\u0142adowisku w Sosnowcu przy ul. Radocha \u2013 zaawansowanie prac\u201d<\/td>\n<td style=\"text-align: right\" width=\"146\">3 718,20 z\u0142<\/td>\n<\/tr>\n<tr>\n<td>38<\/td>\n<td width=\"159\">Wiktoria Smo\u0142kowska<\/td>\n<td width=\"202\">psychology (psychologia)<\/td>\n<td width=\"538\">Phubbing a uwa\u017cno\u015b\u0107 i samokontrola<\/td>\n<td style=\"text-align: right\" width=\"146\">1 000,00 z\u0142<\/td>\n<\/tr>\n<tr>\n<td>39<\/td>\n<td width=\"159\">Sara Smyczek-Go\u0142\u0119biewska<\/td>\n<td width=\"202\">law (nauki prawne)<\/td>\n<td width=\"538\">Udzia\u0142 w mi\u0119dzynarodowej konferencji 5th International Language and Law Association General Conference<\/td>\n<td style=\"text-align: right\" width=\"146\">1 650,00 z\u0142<\/td>\n<\/tr>\n<tr>\n<td>40<\/td>\n<td width=\"159\">Sonia Styrkacz Styrkacz<\/td>\n<td width=\"202\">education (pedagogika)<\/td>\n<td width=\"538\">Transkrypcje wywiad\u00f3w<\/td>\n<td style=\"text-align: right\" width=\"146\">1 200,00 z\u0142<\/td>\n<\/tr>\n<tr>\n<td>41<\/td>\n<td width=\"159\">Daniel Swoboda<\/td>\n<td width=\"202\">chemical sciences (nauki chemiczne)<\/td>\n<td width=\"538\">Nowe analogi b\u0142\u0119kitu metylenowego o ulepszonych w\u0142a\u015bciwo\u015bciach fotoantymikrobowych<\/td>\n<td style=\"text-align: right\" width=\"146\">3 067,95 z\u0142<\/td>\n<\/tr>\n<tr>\n<td>42<\/td>\n<td width=\"159\">Ewa Sybilska<\/td>\n<td width=\"202\">biological sciences (nauki biologiczne)<\/td>\n<td width=\"538\">Rola gen\u00f3w koduj\u0105cych kompleks wi\u0105\u017c\u0105cy kap (CBC) w odpowiedzi na ABA w procesie kie\u0142kowania nasion u j\u0119czmienia jarego.<\/td>\n<td style=\"text-align: right\" width=\"146\">2 700,00 z\u0142<\/td>\n<\/tr>\n<tr>\n<td>43<\/td>\n<td width=\"159\">Albert Szadzi\u0144ski<\/td>\n<td width=\"202\">physical sciences (nauki fizyczne)<\/td>\n<td width=\"538\">Zakup fotopowielacza H12690-300 na potrzeby eksperymentu BINA@CCB<\/td>\n<td style=\"text-align: right\" width=\"146\">3 650,00 z\u0142<\/td>\n<\/tr>\n<tr>\n<td>44<\/td>\n<td width=\"159\">Emilie Szwajnoch<\/td>\n<td width=\"202\">political science and public administration (nauki o polityce i administracji)<\/td>\n<td width=\"538\">Roczna subskrypcja &#8220;Sinocism&#8221;<\/td>\n<td style=\"text-align: right\" width=\"146\">633,53 z\u0142<\/td>\n<\/tr>\n<tr>\n<td>45<\/td>\n<td width=\"159\">Marta Szyma\u0144ska<\/td>\n<td width=\"202\">history (historia)<\/td>\n<td width=\"538\">Korpus dyplomat\u00f3w W\u0142adys\u0142awa IV Wazy. Studium prozopograficzne &#8211; kwerenda \u017ar\u00f3d\u0142owa w archiwach i bibliotekach w Krakowie, Warszawie i Wroc\u0142awiu<\/td>\n<td style=\"text-align: right\" width=\"146\">2 965,00 z\u0142<\/td>\n<\/tr>\n<tr>\n<td>46<\/td>\n<td width=\"159\">Marta Szyma\u0144ska<\/td>\n<td width=\"202\">history (historia)<\/td>\n<td width=\"538\">Edycja j\u0119zykowa wniosku grantowego na konkurs &#8220;Preludium 20&#8221; Narodowego Centrum Nauki<\/td>\n<td style=\"text-align: right\" width=\"146\">800,00 z\u0142<\/td>\n<\/tr>\n<tr>\n<td>47<\/td>\n<td width=\"159\">Jeremiasz Szyndler<\/td>\n<td width=\"202\">philosophy (filozofia)<\/td>\n<td width=\"538\">Od natury do postnatury. Etyczne aspekty dyskusji o Antropocenie. Projekt w zakresie popularyzacji wynik\u00f3w bada\u0144 i wsp\u00f3\u0142pracy naukowej.<\/td>\n<td style=\"text-align: right\" width=\"146\">3 195,00 z\u0142<\/td>\n<\/tr>\n<tr>\n<td>48<\/td>\n<td width=\"159\">Ikechukwu Ugwu<\/td>\n<td width=\"202\">law (nauki prawne)<\/td>\n<td width=\"538\">European Companies\u2019 Operations in Africa: A New International Law Approach to Protecting the Rights of Indigenous Peoples and the Environment<\/td>\n<td style=\"text-align: right\" width=\"146\">2 000,00 z\u0142<\/td>\n<\/tr>\n<tr>\n<td>49<\/td>\n<td width=\"159\">Pierre Van Cutsem<\/td>\n<td width=\"202\">literary studies (literaturoznawstwo)<\/td>\n<td width=\"538\">Fantastyka Maurycego Sandoza a fantastyka Stefana Grabi\u0144skiego. Analiza komparatystyczna<\/td>\n<td style=\"text-align: right\" width=\"146\">800,00 z\u0142<\/td>\n<\/tr>\n<tr>\n<td>50<\/td>\n<td width=\"159\">Pierre Van Cutsem<\/td>\n<td width=\"202\">literary studies (literaturoznawstwo)<\/td>\n<td width=\"538\">Udzia\u0142 w zagranicznej konferencji naukowej<\/td>\n<td style=\"text-align: right\" width=\"146\">2 400,00 z\u0142<\/td>\n<\/tr>\n<tr>\n<td>51<\/td>\n<td width=\"159\">Kamil Wrzeszcz<\/td>\n<td width=\"202\">culture and religion studies (nauki o kulturze i religii)<\/td>\n<td width=\"538\">T\u0142umaczenie artyku\u0142u do pokonferencyjnej monografii wieloautorskiej na j\u0119zyk angielski<\/td>\n<td style=\"text-align: right\" width=\"146\">750,00 z\u0142<\/td>\n<\/tr>\n<tr>\n<td>52<\/td>\n<td width=\"159\">Jakub Wyczik<\/td>\n<td width=\"202\">law (nauki prawne)<\/td>\n<td width=\"538\">Monografia naukowa w renomowanym wydawnictwie z listy ministerialnej (100 pkt)<\/td>\n<td style=\"text-align: right\" width=\"146\">5 000,00 z\u0142<\/td>\n<\/tr>\n<\/tbody>\n<\/table>\n<p>\n<\/div>\r\n                    <\/div>\r\n                <\/div>[\/vc_column][\/vc_row]<\/p>","protected":false},"excerpt":{"rendered":"<p>[vc_row][vc_column][\/vc_column][\/vc_row][vc_row][vc_column][\/vc_column][\/vc_row] [&#8230;]<\/p>\n<p><a class=\"btn btn-secondary understrap-read-more-link\" href=\"https:\/\/us.edu.pl\/szkola-doktorska\/en\/projekty-finansowane-ze-srodkow-szkoly-doktorskiej-konkurs-1-2021-2\/\">Read More&#8230;<\/a><\/p>\n","protected":false},"author":42,"featured_media":0,"parent":0,"menu_order":0,"comment_status":"closed","ping_status":"closed","template":"","meta":{"_expiration-date-status":"saved","_expiration-date":0,"_expiration-date-type":"","_expiration-date-categories":[],"_expiration-date-options":[]},"acf":[],"_links":{"self":[{"href":"https:\/\/us.edu.pl\/szkola-doktorska\/en\/wp-json\/wp\/v2\/pages\/5670"}],"collection":[{"href":"https:\/\/us.edu.pl\/szkola-doktorska\/en\/wp-json\/wp\/v2\/pages"}],"about":[{"href":"https:\/\/us.edu.pl\/szkola-doktorska\/en\/wp-json\/wp\/v2\/types\/page"}],"author":[{"embeddable":true,"href":"https:\/\/us.edu.pl\/szkola-doktorska\/en\/wp-json\/wp\/v2\/users\/42"}],"replies":[{"embeddable":true,"href":"https:\/\/us.edu.pl\/szkola-doktorska\/en\/wp-json\/wp\/v2\/comments?post=5670"}],"version-history":[{"count":3,"href":"https:\/\/us.edu.pl\/szkola-doktorska\/en\/wp-json\/wp\/v2\/pages\/5670\/revisions"}],"predecessor-version":[{"id":5673,"href":"https:\/\/us.edu.pl\/szkola-doktorska\/en\/wp-json\/wp\/v2\/pages\/5670\/revisions\/5673"}],"wp:attachment":[{"href":"https:\/\/us.edu.pl\/szkola-doktorska\/en\/wp-json\/wp\/v2\/media?parent=5670"}],"curies":[{"name":"wp","href":"https:\/\/api.w.org\/{rel}","templated":true}]}}