{"id":57,"date":"2019-10-04T14:09:31","date_gmt":"2019-10-04T12:09:31","guid":{"rendered":"https:\/\/us.edu.pl\/sd\/?page_id=57"},"modified":"2026-04-01T10:30:52","modified_gmt":"2026-04-01T08:30:52","slug":"tutoring","status":"publish","type":"page","link":"https:\/\/us.edu.pl\/szkola-doktorska\/ksztalcenie-indywidualne\/tutoring\/","title":{"rendered":"Tutoring ekspercki"},"content":{"rendered":"<p>[vc_row][vc_column]\r\n                <div class=\"text-modules\">\r\n                    <div class=\"container\">\r\n                        \r\n                        <div class=\"text-modules__content\"><p>Doktoranci w trakcie kszta\u0142cenia w Szkole Doktorskiej maj\u0105 mo\u017cliwo\u015b\u0107 indywidualnej pracy z wybranym przez siebie nauczycielem akademickim w formie tutoringu eksperckiego. Przez ca\u0142y okres kszta\u0142cenia powinni odby\u0107 trzy cykle tutorskie po 10 godzin ka\u017cdy. Celem tych zaj\u0119\u0107 jest wsparcie eksperta na okre\u015blonym etapie przygotowywania rozprawy doktorskiej. <strong>Wyb\u00f3r tutora jest zadaniem doktoranta<\/strong>, w kt\u00f3rym pom\u00f3c mu mo\u017ce (i powinien) promotor.<\/p>\n<\/div>\r\n                    <\/div>\r\n                <\/div>[\/vc_column][\/vc_row]<\/p>","protected":false},"excerpt":{"rendered":"<p>[vc_row][vc_column][\/vc_column][\/vc_row] [&#8230;]<\/p>\n<p><a class=\"btn btn-secondary understrap-read-more-link\" href=\"https:\/\/us.edu.pl\/szkola-doktorska\/ksztalcenie-indywidualne\/tutoring\/\">Read More&#8230;<\/a><\/p>\n","protected":false},"author":29,"featured_media":0,"parent":53,"menu_order":0,"comment_status":"closed","ping_status":"closed","template":"page-templates\/page-with-bookmarks.php","meta":{"_expiration-date-status":"","_expiration-date":0,"_expiration-date-type":"","_expiration-date-categories":[],"_expiration-date-options":[]},"acf":[],"_links":{"self":[{"href":"https:\/\/us.edu.pl\/szkola-doktorska\/wp-json\/wp\/v2\/pages\/57"}],"collection":[{"href":"https:\/\/us.edu.pl\/szkola-doktorska\/wp-json\/wp\/v2\/pages"}],"about":[{"href":"https:\/\/us.edu.pl\/szkola-doktorska\/wp-json\/wp\/v2\/types\/page"}],"author":[{"embeddable":true,"href":"https:\/\/us.edu.pl\/szkola-doktorska\/wp-json\/wp\/v2\/users\/29"}],"replies":[{"embeddable":true,"href":"https:\/\/us.edu.pl\/szkola-doktorska\/wp-json\/wp\/v2\/comments?post=57"}],"version-history":[{"count":10,"href":"https:\/\/us.edu.pl\/szkola-doktorska\/wp-json\/wp\/v2\/pages\/57\/revisions"}],"predecessor-version":[{"id":25309,"href":"https:\/\/us.edu.pl\/szkola-doktorska\/wp-json\/wp\/v2\/pages\/57\/revisions\/25309"}],"up":[{"embeddable":true,"href":"https:\/\/us.edu.pl\/szkola-doktorska\/wp-json\/wp\/v2\/pages\/53"}],"wp:attachment":[{"href":"https:\/\/us.edu.pl\/szkola-doktorska\/wp-json\/wp\/v2\/media?parent=57"}],"curies":[{"name":"wp","href":"https:\/\/api.w.org\/{rel}","templated":true}]}}