{"id":5879,"date":"2021-07-17T18:58:01","date_gmt":"2021-07-17T16:58:01","guid":{"rendered":"https:\/\/us.edu.pl\/szkola-doktorska\/?page_id=5879"},"modified":"2021-07-27T13:02:23","modified_gmt":"2021-07-27T11:02:23","slug":"english-zapisy-osob-zakwalifikowanych-do-szkoly-doktorskiej-2021-2022","status":"publish","type":"page","link":"https:\/\/us.edu.pl\/szkola-doktorska\/rekrutacja-na-rok-akademicki-2021-2022\/english-zapisy-osob-zakwalifikowanych-do-szkoly-doktorskiej-2021-2022\/","title":{"rendered":"Zapisy kandydat\u00f3w przyj\u0119tych do Szko\u0142y Doktorskiej 2021\/2022"},"content":{"rendered":"<p>[vc_row][vc_column]\r\n                <div class=\"text-modules\">\r\n                    <div class=\"container\">\r\n                        \r\n                        <div class=\"text-modules__content\"><p>Zapisy dla os\u00f3b zakwalifikowanych w post\u0119powaniu rekrutacyjnym odb\u0119d\u0105 si\u0119 w terminie od 28.07.2021 do 30.07.2021 w godzinach 8:30-12:30 i 13:30-15:00 (<span style=\"text-decoration: underline;\">w pi\u0105tek 30.07.2021 tylko do godziny 12:00<\/span>).<\/p>\n<p>Zapisu nale\u017cy dokona\u0107 osobi\u015bcie lub przez osob\u0119 pisemnie do tego upowa\u017cnion\u0105 (upowa\u017cnienie pozostaje w dokumentacji) w siedzibie Szko\u0142y Doktorskiej, Katowice, ul. Bankowa 14, pok. 406B (cudzoziemcy pok. 406).<\/p>\n<p>Kandydat\u00f3w, kt\u00f3rzy dotychczas nie wgrali do systemu IRK zdj\u0119cia oraz nie uzupe\u0142nili nr ORCID prosimy\u00a0 o niezw\u0142oczne uzupe\u0142nienie &#8211; bez tego zapisy nie b\u0119d\u0105 mo\u017cliwe.<\/p>\n<p>Prosimy o przestrzeganie nakazu zakrywania ust i nosa podczas przebywania na terenie szko\u0142y oraz korzystanie z w\u0142asnego d\u0142ugopisu.<\/p>\n<\/div>\r\n                    <\/div>\r\n                <\/div>\r\n                <div class=\"text-modules\">\r\n                    <div class=\"container\">\r\n                        <h3 class=\"page-title text__title\">Niezb\u0119dne dokumenty<\/h3>\r\n                        <div class=\"text-modules__content\"><p>Kandydat przynosi dokumenty w bia\u0142ej, wi\u0105zanej teczce A4. Teczka powinna by\u0107 opisana zgodnie z instrukcj\u0105 (<a href=\"https:\/\/us.edu.pl\/szkola-doktorska\/wp-content\/uploads\/sites\/50\/Nieprzypisane\/za\u0142-1-opis-teczki-1.docx\" class=\"mtli_attachment mtli_docx\" data-mtli=\"mtli_filesize11,77kB\" class=\"mtli_attachment mtli_docx\" data-mtli=\"mtli_filesize11,77kB\">za\u0142 1 opis teczki<\/a>). Teczka powinna zawiera\u0107:<\/p>\n<ol>\n<li>Podanie \u2013 ankieta osobowa \u2013 o przyj\u0119cie do Szko\u0142y Doktorskiej, wydrukowane z osobistego konta rejestracyjnego kandydata (IRK)<\/li>\n<li>Kserokopi\u0119 odpisu dyplomu po\u015bwiadczaj\u0105cego uzyskanie kwalifikacji drugiego stopnia (orygina\u0142 do wgl\u0105du), albo w przypadku ich braku, za\u015bwiadczenie z dziekanatu o nadaniu tytu\u0142u zawodowego. Kserokopi\u0119 odpisu dyplomu nale\u017cy dostarczy\u0107 niezw\u0142ocznie po jego otrzymaniu.<\/li>\n<li>Wype\u0142niony zgodnie z instrukcj\u0105, wydrukowany w dw\u00f3ch egzemplarzach druk ZUS ZUA (<a href=\"https:\/\/us.edu.pl\/szkola-doktorska\/wp-content\/uploads\/sites\/50\/Nieprzypisane\/za\u0142-2-druk-ZUS-ZUA.pdf\" class=\"mtli_attachment mtli_pdf\" data-mtli=\"mtli_filesize60,09kB\" class=\"mtli_attachment mtli_pdf\" data-mtli=\"mtli_filesize60,09kB\">za\u0142 2 druk ZUS ZUA<\/a>; <a href=\"https:\/\/us.edu.pl\/szkola-doktorska\/wp-content\/uploads\/sites\/50\/Nieprzypisane\/za\u0142-nr-3-ZUS-ZUA-obja\u015bnienia.pdf\" class=\"mtli_attachment mtli_pdf\" data-mtli=\"mtli_filesize74,12kB\" class=\"mtli_attachment mtli_pdf\" data-mtli=\"mtli_filesize74,12kB\">za\u0142 nr 3 ZUS ZUA obja\u015bnienia<\/a>)<\/li>\n<li>Uzupe\u0142niony wniosek stypendialny (<a href=\"https:\/\/us.edu.pl\/szkola-doktorska\/wp-content\/uploads\/sites\/50\/Nieprzypisane\/za\u0142-nr-4-wniosek-stypendialny-2021.docx\" class=\"mtli_attachment mtli_docx\" data-mtli=\"mtli_filesize18,93kB\" class=\"mtli_attachment mtli_docx\" data-mtli=\"mtli_filesize18,93kB\">za\u0142 nr 4 wniosek stypendialny 2021<\/a>) <strong>wydrukowany w dw\u00f3ch egzemplarzach<\/strong>.<\/li>\n<li>Podpisane o\u015bwiadczenie o znajomo\u015bci zasad wynikaj\u0105cych z Regulaminu ochrony, korzystania i zarz\u0105dzania wynikami prac intelektualnych na Uniwersytecie \u015al\u0105skim w Katowicach oraz zasad ich komercjalizacji (<a href=\"https:\/\/us.edu.pl\/szkola-doktorska\/wp-content\/uploads\/sites\/50\/Nieprzypisane\/za\u0142-nr-5-o\u015bwiadczenie-o-znajomo\u015bci-zasad.pdf\" class=\"mtli_attachment mtli_pdf\" data-mtli=\"mtli_filesize238,19kB\" class=\"mtli_attachment mtli_pdf\" data-mtli=\"mtli_filesize238,19kB\">5 &#8211; o\u015bwiadczenie o znajomo\u015bci zasad<\/a>).<\/li>\n<li>Podpisane \u015blubowanie (<a href=\"https:\/\/us.edu.pl\/szkola-doktorska\/wp-content\/uploads\/sites\/50\/Nieprzypisane\/za\u0142-6-\u015blubowanie-oath.pdf\" class=\"mtli_attachment mtli_pdf\" data-mtli=\"mtli_filesize105,03kB\" class=\"mtli_attachment mtli_pdf\" data-mtli=\"mtli_filesize105,03kB\">za\u0142 6 \u015blubowanie &#8211; oath<\/a>).<\/li>\n<li>O\u015bwiadczenie upowa\u017cniaj\u0105ce U\u015a do wykazania osi\u0105gni\u0119\u0107 doktoranta przy ewaluacji dyscypliny (<a href=\"https:\/\/us.edu.pl\/szkola-doktorska\/wp-content\/uploads\/sites\/50\/Nieprzypisane\/za\u0142-7-zalacznik_nr_3a-o\u015bwiadczenie-w-dyscyplinie.docx\" class=\"mtli_attachment mtli_docx\" data-mtli=\"mtli_filesize28,87kB\" class=\"mtli_attachment mtli_docx\" data-mtli=\"mtli_filesize28,87kB\">za\u0142 7 &#8211; zalacznik_nr_3a &#8211; o\u015bwiadczenie w dyscyplinie<\/a>).<\/li>\n<li>Klauzula informacyjna RODO (<a href=\"https:\/\/us.edu.pl\/szkola-doktorska\/wp-content\/uploads\/sites\/50\/Nieprzypisane\/za\u0142-8-klauzula-informacyjna-RODO.pdf\" class=\"mtli_attachment mtli_pdf\" data-mtli=\"mtli_filesize157,67kB\" class=\"mtli_attachment mtli_pdf\" data-mtli=\"mtli_filesize157,67kB\">za\u0142 8 &#8211; klauzula informacyjna RODO<\/a>).<\/li>\n<\/ol>\n<p>\n<style type=\"text\/css\">a[data-mtli~=\"mtli_filesize11,77kB\"]:after {content:\" (11,77 kB)\"}a[data-mtli~=\"mtli_filesize60,09kB\"]:after {content:\" (60,09 kB)\"}a[data-mtli~=\"mtli_filesize74,12kB\"]:after {content:\" (74,12 kB)\"}a[data-mtli~=\"mtli_filesize18,93kB\"]:after {content:\" (18,93 kB)\"}a[data-mtli~=\"mtli_filesize238,19kB\"]:after {content:\" (238,19 kB)\"}a[data-mtli~=\"mtli_filesize105,03kB\"]:after {content:\" (105,03 kB)\"}a[data-mtli~=\"mtli_filesize28,87kB\"]:after {content:\" (28,87 kB)\"}a[data-mtli~=\"mtli_filesize157,67kB\"]:after {content:\" (157,67 kB)\"}<\/style><\/div>\r\n                    <\/div>\r\n                <\/div>[\/vc_column][\/vc_row]<\/p>\n<style type=\"text\/css\">a[data-mtli~=\"mtli_filesize11,77kB\"]:after {content:\" (11,77 kB)\"}a[data-mtli~=\"mtli_filesize60,09kB\"]:after {content:\" (60,09 kB)\"}a[data-mtli~=\"mtli_filesize74,12kB\"]:after {content:\" (74,12 kB)\"}a[data-mtli~=\"mtli_filesize18,93kB\"]:after {content:\" (18,93 kB)\"}a[data-mtli~=\"mtli_filesize238,19kB\"]:after {content:\" (238,19 kB)\"}a[data-mtli~=\"mtli_filesize105,03kB\"]:after {content:\" (105,03 kB)\"}a[data-mtli~=\"mtli_filesize28,87kB\"]:after {content:\" (28,87 kB)\"}a[data-mtli~=\"mtli_filesize157,67kB\"]:after {content:\" (157,67 kB)\"}<\/style>","protected":false},"excerpt":{"rendered":"<p>[vc_row][vc_column][\/vc_column][\/vc_row] [&#8230;]<\/p>\n<p><a class=\"btn btn-secondary understrap-read-more-link\" href=\"https:\/\/us.edu.pl\/szkola-doktorska\/rekrutacja-na-rok-akademicki-2021-2022\/english-zapisy-osob-zakwalifikowanych-do-szkoly-doktorskiej-2021-2022\/\">Read More&#8230;<\/a><\/p>\n","protected":false},"author":42,"featured_media":0,"parent":4481,"menu_order":0,"comment_status":"closed","ping_status":"closed","template":"","meta":{"_expiration-date-status":"saved","_expiration-date":0,"_expiration-date-type":"","_expiration-date-categories":[],"_expiration-date-options":[]},"acf":[],"_links":{"self":[{"href":"https:\/\/us.edu.pl\/szkola-doktorska\/wp-json\/wp\/v2\/pages\/5879"}],"collection":[{"href":"https:\/\/us.edu.pl\/szkola-doktorska\/wp-json\/wp\/v2\/pages"}],"about":[{"href":"https:\/\/us.edu.pl\/szkola-doktorska\/wp-json\/wp\/v2\/types\/page"}],"author":[{"embeddable":true,"href":"https:\/\/us.edu.pl\/szkola-doktorska\/wp-json\/wp\/v2\/users\/42"}],"replies":[{"embeddable":true,"href":"https:\/\/us.edu.pl\/szkola-doktorska\/wp-json\/wp\/v2\/comments?post=5879"}],"version-history":[{"count":9,"href":"https:\/\/us.edu.pl\/szkola-doktorska\/wp-json\/wp\/v2\/pages\/5879\/revisions"}],"predecessor-version":[{"id":5921,"href":"https:\/\/us.edu.pl\/szkola-doktorska\/wp-json\/wp\/v2\/pages\/5879\/revisions\/5921"}],"up":[{"embeddable":true,"href":"https:\/\/us.edu.pl\/szkola-doktorska\/wp-json\/wp\/v2\/pages\/4481"}],"wp:attachment":[{"href":"https:\/\/us.edu.pl\/szkola-doktorska\/wp-json\/wp\/v2\/media?parent=5879"}],"curies":[{"name":"wp","href":"https:\/\/api.w.org\/{rel}","templated":true}]}}