{"id":6062,"date":"2021-10-04T22:40:48","date_gmt":"2021-10-04T20:40:48","guid":{"rendered":"https:\/\/us.edu.pl\/szkola-doktorska\/?page_id=6062"},"modified":"2021-10-06T08:19:31","modified_gmt":"2021-10-06T06:19:31","slug":"metodyka-badan-naukowych","status":"publish","type":"page","link":"https:\/\/us.edu.pl\/szkola-doktorska\/harmonogram-zajec-semestr-zimowy-2021-2022\/plan-zajec-semestr-zimowy-i-rok-2021\/metodyka-badan-naukowych\/","title":{"rendered":"Metodyka bada\u0144 naukowych"},"content":{"rendered":"<p>[vc_row][vc_column]\r\n                <div class=\"text-modules\">\r\n                    <div class=\"container\">\r\n                        \r\n                        <div class=\"text-modules__content\"><p>Doktoranci realizuj\u0105c 30 godzin zaj\u0119\u0107 w postaci trzech dziesi\u0119ciogodzinnych kurs\u00f3w. Doktoranci obszaru nauk \u015bcis\u0142ych i przyrodniczych oraz in\u017cynieryjno-technicznych, a tak\u017ce doktoranci obszaru nauk spo\u0142ecznych uczestnicz\u0105 w jednym obowi\u0105zkowym kursie i wybieraj\u0105 dwa z oferty, a doktoranci nauk humanistycznych wybieraj\u0105 wszystkie trzy kursy.<\/p>\n<p><strong>Logowanie na zaj\u0119cia odb\u0119dzie si\u0119 w systemie USOS i rozpocznie si\u0119 6 pa\u017adziernika o godz. 9:00.<\/strong><\/p>\n<\/div>\r\n                    <\/div>\r\n                <\/div>\r\n\r\n            <div class=\"blocks\" style=\"text-align: \">\r\n               <div class=\"container\">\r\n                  <div class=\"page-title\">Oferta zaj\u0119\u0107 do wyboru<\/div>\r\n                  <div class=\"row m-0 blocks_3\">\r\n                  \r\n                     <a href=\"\/szkola-doktorska\/harmonogram-zajec-semestr-zimowy-2021-2022\/plan-zajec-semestr-zimowy-i-rok-2021\/metodyka-badan-naukowych\/metodyka-badan-naukowych-obszar-nauk-humanistycznych\/\" class=\"thumbnail blocks__item\" style=\"background-image: url(https:\/\/us.edu.pl\/szkola-doktorska\/wp-content\/uploads\/sites\/50\/Nieprzypisane\/open-book-gcd8706a2b_1280-1024x769.jpg)\">\r\n                        <span>wi\u0119cej<\/span>\r\n                        <div class=\"blocks__bottom\">\r\n                        <div class=\"blocks__title\">obszar nauk humanistycznych, nauk teologicznych i sztuki<\/div>\r\n                        \r\n                        <\/div>\r\n                     <\/a>\r\n                  \r\n                     <a href=\"\/szkola-doktorska\/harmonogram-zajec-semestr-zimowy-2021-2022\/plan-zajec-semestr-zimowy-i-rok-2021\/metodyka-badan-naukowych\/metodyka-badan-naukowych-obszar-nauk-spolecznych\/\" class=\"thumbnail blocks__item\" style=\"background-image: url(https:\/\/us.edu.pl\/szkola-doktorska\/wp-content\/uploads\/sites\/50\/Nieprzypisane\/pedestrians-g2aa417dd7_1280-1024x682.jpg)\">\r\n                        <span>wi\u0119cej<\/span>\r\n                        <div class=\"blocks__bottom\">\r\n                        <div class=\"blocks__title\">obszar nauk spo\u0142ecznych<\/div>\r\n                        \r\n                        <\/div>\r\n                     <\/a>\r\n                  \r\n                     <a href=\"\/szkola-doktorska\/harmonogram-zajec-semestr-zimowy-2021-2022\/plan-zajec-semestr-zimowy-i-rok-2021\/metodyka-badan-naukowych\/metodyka-badan-naukowych-obszar-nauk-scislych\/\" class=\"thumbnail blocks__item\" style=\"background-image: url(https:\/\/us.edu.pl\/szkola-doktorska\/wp-content\/uploads\/sites\/50\/Nieprzypisane\/analysis-g3626ce8c3_1280-1024x683.jpg)\">\r\n                        <span>wi\u0119cej<\/span>\r\n                        <div class=\"blocks__bottom\">\r\n                        <div class=\"blocks__title\">obszar nauk \u015bcis\u0142ych i przyrodniczych oraz in\u017cynieryjno-technicznych<\/div>\r\n                        \r\n                        <\/div>\r\n                     <\/a><\/div>     \r\n               <\/div>\r\n            <\/div>[\/vc_column][\/vc_row]<\/p>","protected":false},"excerpt":{"rendered":"<p>[vc_row][vc_column][\/vc_column][\/vc_row] [&#8230;]<\/p>\n<p><a class=\"btn btn-secondary understrap-read-more-link\" href=\"https:\/\/us.edu.pl\/szkola-doktorska\/harmonogram-zajec-semestr-zimowy-2021-2022\/plan-zajec-semestr-zimowy-i-rok-2021\/metodyka-badan-naukowych\/\">Read More&#8230;<\/a><\/p>\n","protected":false},"author":42,"featured_media":0,"parent":6050,"menu_order":0,"comment_status":"closed","ping_status":"closed","template":"","meta":{"_expiration-date-status":"saved","_expiration-date":0,"_expiration-date-type":"","_expiration-date-categories":[],"_expiration-date-options":[]},"acf":[],"_links":{"self":[{"href":"https:\/\/us.edu.pl\/szkola-doktorska\/wp-json\/wp\/v2\/pages\/6062"}],"collection":[{"href":"https:\/\/us.edu.pl\/szkola-doktorska\/wp-json\/wp\/v2\/pages"}],"about":[{"href":"https:\/\/us.edu.pl\/szkola-doktorska\/wp-json\/wp\/v2\/types\/page"}],"author":[{"embeddable":true,"href":"https:\/\/us.edu.pl\/szkola-doktorska\/wp-json\/wp\/v2\/users\/42"}],"replies":[{"embeddable":true,"href":"https:\/\/us.edu.pl\/szkola-doktorska\/wp-json\/wp\/v2\/comments?post=6062"}],"version-history":[{"count":5,"href":"https:\/\/us.edu.pl\/szkola-doktorska\/wp-json\/wp\/v2\/pages\/6062\/revisions"}],"predecessor-version":[{"id":6099,"href":"https:\/\/us.edu.pl\/szkola-doktorska\/wp-json\/wp\/v2\/pages\/6062\/revisions\/6099"}],"up":[{"embeddable":true,"href":"https:\/\/us.edu.pl\/szkola-doktorska\/wp-json\/wp\/v2\/pages\/6050"}],"wp:attachment":[{"href":"https:\/\/us.edu.pl\/szkola-doktorska\/wp-json\/wp\/v2\/media?parent=6062"}],"curies":[{"name":"wp","href":"https:\/\/api.w.org\/{rel}","templated":true}]}}