{"id":6120,"date":"2021-10-08T22:55:55","date_gmt":"2021-10-08T20:55:55","guid":{"rendered":"https:\/\/us.edu.pl\/szkola-doktorska\/?page_id=6120"},"modified":"2026-04-07T10:05:47","modified_gmt":"2026-04-07T08:05:47","slug":"zadania-komisji-po-pierwszym-roku-ksztalcenia-doktoranta","status":"publish","type":"page","link":"https:\/\/us.edu.pl\/szkola-doktorska\/ocena-srodokresowa\/zadania-komisji-po-pierwszym-roku-ksztalcenia-doktoranta\/","title":{"rendered":"Zadania komisji po pierwszym roku kszta\u0142cenia doktoranta"},"content":{"rendered":"<p>[vc_row][vc_column]\r\n                <div class=\"text-modules\">\r\n                    <div class=\"container\">\r\n                        <h3 class=\"page-title text__title\">Ocena komisji ewaluacyjnej po pierwszym roku<\/h3>\r\n                        <div class=\"text-modules__content\"><\/p>\n<ol>\n<li>Doktoranci przez pierwszy rok kszta\u0142cenia, pod opiek\u0105 promotora, przygotowuj\u0105 Indywidualny plan badawczy (dalej jako IPB, zobacz wi\u0119cej: <a href=\"\/szkola-doktorska\/indywidualny-plan-badawczy\/\">Indywidualny plan badawczy<\/a>) i sk\u0142adaj\u0105 go w Szkole Doktorskiej (dalej jako SD) do 30 wrze\u015bnia (to termin z\u0142o\u017cenia finalnego dokumentu, IPB wst\u0119pnie jest sk\u0142adany koordynatorowi ju\u017c 30 czerwca).<\/li>\n<li>Plan jest sprawdzany przez koordynator\u00f3w obszarowych w SD i zatwierdzany przez dziekana.<\/li>\n<li>Doktoranci sk\u0142adaj\u0105 sprawozdanie z realizacji IPB w pierwszym roku kszta\u0142cenia.<\/li>\n<li>IPB s\u0105 skanowane i przesy\u0142ane komisji ewaluacyjnej.<\/li>\n<li>Po otrzymaniu dokument\u00f3w przewodnicz\u0105cy komisji ewaluacyjnej kontaktuje si\u0119 z pozosta\u0142ymi cz\u0142onkami komisji i ustala termin posiedzenia. Po zako\u0144czeniu posiedzenia przewodnicz\u0105cy ustala z pozosta\u0142ymi cz\u0142onkami tre\u015b\u0107 protoko\u0142u i wype\u0142nia go za pomoc\u0105 formularza online (wz\u00f3r formularza dostarcza biuro SD).<\/li>\n<\/ol>\n<p>\n<\/div>\r\n                    <\/div>\r\n                <\/div>\r\n                <div class=\"text-modules\">\r\n                    <div class=\"container\">\r\n                        <h3 class=\"page-title text__title\">Tryb pracy komisji<\/h3>\r\n                        <div class=\"text-modules__content\"><\/p>\n<ol>\n<li>Posiedzenia odbywaj\u0105 si\u0119 zdalnie, w terminie ustalonym na dany rok (znie p\u00f3\u017aniej ni\u017c w marcu danego roku akademickiego, w kt\u00f3rym doktorant kontynuuje kszta\u0142cenie po z\u0142o\u017ceniu IPB).<\/li>\n<li>Przewodnicz\u0105cy komisji ustala w porozumieniu z pozosta\u0142ymi cz\u0142onkami termin spotkania i przygotowuje spotkanie online.<\/li>\n<li>W posiedzeniu komisji bior\u0105 udzia\u0142 wszyscy cz\u0142onkowie. W szczeg\u00f3lnie uzasadnionych przypadkach dopuszcza si\u0119 nieobecno\u015b\u0107 jednej osoby, kt\u00f3ra powinna najp\u00f3\u017aniej do dnia posiedzenia komisji dostarczy\u0107 pisemn\u0105 opini\u0119 na temat IPB. Obecno\u015b\u0107 przewodnicz\u0105cego komisji na posiedzeniu jest obligatoryjna.<\/li>\n<li>Na zaproszenie przewodnicz\u0105cego komisji w posiedzeniu komisji lub w jego cz\u0119\u015bci mog\u0105 wzi\u0105\u0107 udzia\u0142 doktorant lub promotor.<\/li>\n<li>Decyzje komisji podejmowane s\u0105 bezwzgl\u0119dn\u0105 wi\u0119kszo\u015bci\u0105 g\u0142os\u00f3w.<\/li>\n<li>Po zako\u0144czeniu prac komisji przewodnicz\u0105cy przygotowuje protok\u00f3\u0142 w postaci formularza elektronicznego (link na dole strony), w tre\u015bci uzgodnionej z pozosta\u0142ymi cz\u0142onkami komisji.<\/li>\n<li>Po wype\u0142nieniu i przes\u0142aniu formularza protoko\u0142u przewodnicz\u0105cy otrzymuje plik pdf na podany w formularzu adres e-mail. Nast\u0119pnie przewodnicz\u0105cy przesy\u0142a ten plik do doktoranta, promotora, tym samym informuj\u0105c ich o wyniku ewaluacji.<\/li>\n<li>Od decyzji komisji przys\u0142uguje odwo\u0142anie do dziekana SD.<\/li>\n<\/ol>\n<p>\n<\/div>\r\n                    <\/div>\r\n                <\/div>\r\n                <div class=\"text-modules\">\r\n                    <div class=\"container\">\r\n                        <h3 class=\"page-title text__title\">Zadania komisji<\/h3>\r\n                        <div class=\"text-modules__content\"><p>Komisja ewaluacyjna opiniuje indywidualny plan badawczy doktoranta i mo\u017ce zaproponowa\u0107 zmiany.<\/p>\n<p>Opinia mo\u017ce by\u0107 pozytywna, warunkowo pozytywna albo negatywna. Je\u015bli opinia jest warunkowa, komisja wyznacza doktorantowi okre\u015blone zadania wraz z terminem ich realizacji. Po tym terminie komisja spotyka si\u0119 z doktorantem i ponownie opiniuje IPB.<\/p>\n<p>Nale\u017cy przyj\u0105\u0107, \u017ce pozytywna opinia jest akceptacj\u0105 IPB w przedstawionej formie. Komisja mo\u017ce, pomimo pozytywnej opinii, sugerowa\u0107 doktorantowi zmiany w IPB, ale ich wprowadzenie pozostaje wtedy wy\u0142\u0105cznie decyzj\u0105 doktoranta i promotora.<\/p>\n<p>Opinia negatywna jest podstaw\u0105 dla Dziekana Szko\u0142y Doktorskiej do wszcz\u0119cia post\u0119powania o skre\u015blenie doktoranta.<\/p>\n<\/div>\r\n                    <\/div>\r\n                <\/div>\r\n                <div class=\"title-with-link color-blue\" style=\"background: \">\r\n                    <div class=\"container\">\r\n                        <div class=\"title-with-link-container links-align-left\">\r\n                            <div class=\"title-with-link__title\"><span>Formularz protoko\u0142u z posiedzenia komisji ewaluacyjnej<\/span><\/div>\r\n                            <a href=\"https:\/\/formularze.us.edu.pl\/form\/index\/6945\" class=\"title-with-link__link\">link na rok akademicki 2025\/2026<\/a>\r\n                        <\/div>\r\n                    <\/div>\r\n                <\/div>\r\n            \r\n                <div class=\"text-modules\">\r\n                    <div class=\"container\">\r\n                        <h3 class=\"page-title text__title\">Podstawa prawna<\/h3>\r\n                        <div class=\"text-modules__content\"><p>Regulamin Szko\u0142y Doktorskiej obowi\u0105zuj\u0105cy od 1 pa\u017adziernika 2024 &#8211; <a href=\"https:\/\/aktyprawne.us.edu.pl\/423\/d\/6057\/5\/\">link do Regulaminu<\/a><\/p>\n<p>Regulamin Szko\u0142y Doktorskiej obowi\u0105zuj\u0105cy od 1 pa\u017adziernika 2026 &#8211; <a href=\"https:\/\/aktyprawne.us.edu.pl\/d\/9050\/5\/\">link do Regulaminu<\/a><\/p>\n<\/div>\r\n                    <\/div>\r\n                <\/div>[\/vc_column][\/vc_row]<\/p>","protected":false},"excerpt":{"rendered":"<p>[vc_row][vc_column][\/vc_column][\/vc_row] [&#8230;]<\/p>\n<p><a class=\"btn btn-secondary understrap-read-more-link\" href=\"https:\/\/us.edu.pl\/szkola-doktorska\/ocena-srodokresowa\/zadania-komisji-po-pierwszym-roku-ksztalcenia-doktoranta\/\">Read More&#8230;<\/a><\/p>\n","protected":false},"author":42,"featured_media":0,"parent":5680,"menu_order":0,"comment_status":"closed","ping_status":"closed","template":"","meta":{"_expiration-date-status":"","_expiration-date":0,"_expiration-date-type":"","_expiration-date-categories":[],"_expiration-date-options":[]},"acf":[],"_links":{"self":[{"href":"https:\/\/us.edu.pl\/szkola-doktorska\/wp-json\/wp\/v2\/pages\/6120"}],"collection":[{"href":"https:\/\/us.edu.pl\/szkola-doktorska\/wp-json\/wp\/v2\/pages"}],"about":[{"href":"https:\/\/us.edu.pl\/szkola-doktorska\/wp-json\/wp\/v2\/types\/page"}],"author":[{"embeddable":true,"href":"https:\/\/us.edu.pl\/szkola-doktorska\/wp-json\/wp\/v2\/users\/42"}],"replies":[{"embeddable":true,"href":"https:\/\/us.edu.pl\/szkola-doktorska\/wp-json\/wp\/v2\/comments?post=6120"}],"version-history":[{"count":10,"href":"https:\/\/us.edu.pl\/szkola-doktorska\/wp-json\/wp\/v2\/pages\/6120\/revisions"}],"predecessor-version":[{"id":25339,"href":"https:\/\/us.edu.pl\/szkola-doktorska\/wp-json\/wp\/v2\/pages\/6120\/revisions\/25339"}],"up":[{"embeddable":true,"href":"https:\/\/us.edu.pl\/szkola-doktorska\/wp-json\/wp\/v2\/pages\/5680"}],"wp:attachment":[{"href":"https:\/\/us.edu.pl\/szkola-doktorska\/wp-json\/wp\/v2\/media?parent=6120"}],"curies":[{"name":"wp","href":"https:\/\/api.w.org\/{rel}","templated":true}]}}