{"id":6131,"date":"2021-10-11T13:18:47","date_gmt":"2021-10-11T11:18:47","guid":{"rendered":"https:\/\/us.edu.pl\/szkola-doktorska\/?page_id=6131"},"modified":"2021-10-11T13:59:07","modified_gmt":"2021-10-11T11:59:07","slug":"oferta-zajec-fakultatywnych-zima-2021-2022","status":"publish","type":"page","link":"https:\/\/us.edu.pl\/szkola-doktorska\/oferta-zajec-fakultatywnych-zima-2021-2022\/","title":{"rendered":"Oferta zaj\u0119\u0107 fakultatywnych &#8211; zima 2021\/2022"},"content":{"rendered":"<p>[vc_row][vc_column]\r\n                <div class=\"text-modules\">\r\n                    <div class=\"container\">\r\n                        <h3 class=\"page-title text__title\">Oferta zaj\u0119\u0107 fakultatywnych organizowanych przez Szko\u0142\u0119 Doktorsk\u0105<\/h3>\r\n                        <div class=\"text-modules__content\"><p><a href=\"https:\/\/us.edu.pl\/szkola-doktorska\/wp-content\/uploads\/sites\/50\/Nieprzypisane\/zaj\u0119cia-fakultatywne-w-semestrze-zimowym-2021-oferta-1.xlsx\" class=\"mtli_attachment mtli_xlsx\" data-mtli=\"mtli_filesize44,79kB\" class=\"mtli_attachment mtli_xlsx\" data-mtli=\"mtli_filesize44,79kB\">zaj\u0119cia fakultatywne w semestrze zimowym 2021 &#8211; oferta<\/a><\/p>\n<p><a href=\"https:\/\/us.edu.pl\/szkola-doktorska\/wp-content\/uploads\/sites\/50\/Nieprzypisane\/zaj\u0119cia-fakultatywne-w-semestrze-zimowym-2021-oferta.pdf\" class=\"mtli_attachment mtli_pdf\" data-mtli=\"mtli_filesize164,87kB\" class=\"mtli_attachment mtli_pdf\" data-mtli=\"mtli_filesize164,87kB\">zaj\u0119cia fakultatywne w semestrze zimowym 2021 &#8211; oferta<\/a><\/p>\n<p>Rejestracja na zaj\u0119cia w systemie USOS odb\u0119dzie si\u0119 w dw\u00f3ch turach:<\/p>\n<p>13-14 pa\u017adziernika &#8211; ka\u017cdy doktorant mo\u017ce wybra\u0107 jedne zaj\u0119cia<\/p>\n<p>15-16 pa\u017adziernika &#8211; ka\u017cdy doktorant mo\u017ce wybra\u0107 dowoln\u0105 liczb\u0119 zaj\u0119\u0107<\/p>\n<style type=\"text\/css\">a[data-mtli~=\"mtli_filesize44,79kB\"]:after {content:\" (44,79 kB)\"}a[data-mtli~=\"mtli_filesize164,87kB\"]:after {content:\" (164,87 kB)\"}<\/style><\/div>\r\n                    <\/div>\r\n                <\/div>\r\n                <div class=\"text-modules\">\r\n                    <div class=\"container\">\r\n                        <h3 class=\"page-title text__title\">Zaj\u0119cia fakultatywne i formy ich zaliczenia<\/h3>\r\n                        <div class=\"text-modules__content\"><p>Doktoranci przyj\u0119ci w roku akademickim 2020\/2021 i p\u00f3\u017aniej maj\u0105 obowi\u0105zek zaliczenia zaj\u0119\u0107 fakultatywnych za \u0142\u0105cznie 9 ECTS w trakcie kszta\u0142cenia, przy czym co roku powinni uczestniczy\u0107 w co najmniej jednych zaj\u0119ciach (odst\u0119pstwa nale\u017cy uzgadnia\u0107 podaniem do dziekana).<\/p>\n<p>Doktoranci mog\u0105 zalicza\u0107 zaj\u0119cia:<\/p>\n<ul>\n<li>uczestnicz\u0105c w zaj\u0119ciach oferowanych przez Szko\u0142\u0119 Doktorsk\u0105 (oferta powy\u017cej)<\/li>\n<li>uczestnicz\u0105c w zaj\u0119ciach oferowanych przez studia doktoranckie i studia magisterskie &#8211; wymaga to najpierw uzgodnienia z koordynatorem obszaru ze strony SD i prowadz\u0105cym zaj\u0119cia ze strony wydzia\u0142u.<\/li>\n<li>uczestnicz\u0105c w zaj\u0119ciach innych szk\u00f3\u0142 doktorskich na innych uczelniach (lub M\u015aSD) &#8211; tak\u017ce wymaga to najpierw uzgodnienia z koordynatorem obszaru ze strony SD i prowadz\u0105cym zaj\u0119cia ze strony wydzia\u0142u.<\/li>\n<\/ul>\n<p>W przypadku zaj\u0119\u0107 realizowanych poza U\u015a Szko\u0142a Doktorska nie negocjuje w imieniu doktorant\u00f3w, ale mo\u017ce wesprze\u0107 odpowiednim za\u015bwiadczeniem czy listem referencyjnym, je\u017celi druga strona tego sobie za\u017cyczy.<\/p>\n<p>Po uzgodnieniu wszystkich szczeg\u00f3\u0142\u00f3w &#8211; doktorant zg\u0142asza zaj\u0119cia w Szkole Doktorskiej (formularz b\u0119dzie udost\u0119pniony do 15 pa\u017adziernika).<\/p>\n<\/div>\r\n                    <\/div>\r\n                <\/div>[\/vc_column][\/vc_row]<\/p>\n<style type=\"text\/css\">a[data-mtli~=\"mtli_filesize44,79kB\"]:after {content:\" (44,79 kB)\"}a[data-mtli~=\"mtli_filesize164,87kB\"]:after {content:\" (164,87 kB)\"}<\/style>","protected":false},"excerpt":{"rendered":"<p>[vc_row][vc_column][\/vc_column][\/vc_row] [&#8230;]<\/p>\n<p><a class=\"btn btn-secondary understrap-read-more-link\" href=\"https:\/\/us.edu.pl\/szkola-doktorska\/oferta-zajec-fakultatywnych-zima-2021-2022\/\">Read More&#8230;<\/a><\/p>\n","protected":false},"author":42,"featured_media":0,"parent":0,"menu_order":0,"comment_status":"closed","ping_status":"closed","template":"","meta":{"_expiration-date-status":"saved","_expiration-date":0,"_expiration-date-type":"","_expiration-date-categories":[],"_expiration-date-options":[]},"acf":[],"_links":{"self":[{"href":"https:\/\/us.edu.pl\/szkola-doktorska\/wp-json\/wp\/v2\/pages\/6131"}],"collection":[{"href":"https:\/\/us.edu.pl\/szkola-doktorska\/wp-json\/wp\/v2\/pages"}],"about":[{"href":"https:\/\/us.edu.pl\/szkola-doktorska\/wp-json\/wp\/v2\/types\/page"}],"author":[{"embeddable":true,"href":"https:\/\/us.edu.pl\/szkola-doktorska\/wp-json\/wp\/v2\/users\/42"}],"replies":[{"embeddable":true,"href":"https:\/\/us.edu.pl\/szkola-doktorska\/wp-json\/wp\/v2\/comments?post=6131"}],"version-history":[{"count":4,"href":"https:\/\/us.edu.pl\/szkola-doktorska\/wp-json\/wp\/v2\/pages\/6131\/revisions"}],"predecessor-version":[{"id":6138,"href":"https:\/\/us.edu.pl\/szkola-doktorska\/wp-json\/wp\/v2\/pages\/6131\/revisions\/6138"}],"wp:attachment":[{"href":"https:\/\/us.edu.pl\/szkola-doktorska\/wp-json\/wp\/v2\/media?parent=6131"}],"curies":[{"name":"wp","href":"https:\/\/api.w.org\/{rel}","templated":true}]}}