{"id":624,"date":"2020-01-29T12:05:54","date_gmt":"2020-01-29T11:05:54","guid":{"rendered":"http:\/\/us.edu.pl\/szkola-doktorska\/?page_id=624"},"modified":"2022-05-07T13:42:31","modified_gmt":"2022-05-07T11:42:31","slug":"prom-ogloszenie-o-naborze-na-przyjazdy-doktorantow-i-kadry-akademickiej","status":"publish","type":"page","link":"https:\/\/us.edu.pl\/szkola-doktorska\/prom-ogloszenie-o-naborze-na-przyjazdy-doktorantow-i-kadry-akademickiej\/","title":{"rendered":"PROM &#8211; og\u0142oszenie o naborze na przyjazdy doktorant\u00f3w i kadry akademickiej"},"content":{"rendered":"<p>[vc_row][vc_column]\r\n                <div class=\"text-modules\">\r\n                    <div class=\"container\">\r\n                        <h3 class=\"page-title text__title\">PROM - og\u0142oszenie o naborze na przyjazdy doktorant\u00f3w i kadry akademickiej na Uniwersytet \u015al\u0105ski w Katowicach<\/h3>\r\n                        <div class=\"text-modules__content\"><p>Szko\u0142a Doktorska w Uniwersytecie \u015al\u0105skim w Katowicach informuje o otwarciu naboru wniosk\u00f3w na kr\u00f3tkoterminowe przyjazdy doktorant\u00f3w i kadry akademickiej na Uniwersytet \u015al\u0105ski w Katowicach w ramach programu PROM.<\/p>\n<p><strong>Uprawnieni uczestnicy<\/strong>:<\/p>\n<ul>\n<li>doktoranci, kt\u00f3rzy nie uko\u0144czyli 40. roku \u017cycia<\/li>\n<li>przedstawiciele kadry akademickiej<\/li>\n<\/ul>\n<p>pochodz\u0105cych z uczelni, jednostek naukowych i naukowo-dydaktycznych ze wszystkich kraj\u00f3w, z kt\u00f3rych mo\u017cliwa jest mobilno\u015b\u0107 do Polski i kt\u00f3re potencjalnie mog\u0105 wsp\u00f3\u0142pracowa\u0107 z Uniwersytetem \u015al\u0105skim.<\/p>\n<p>W ramach projektu dopuszczalne s\u0105 nast\u0119puj\u0105ce <strong>typy mobilno\u015bci<\/strong>:<\/p>\n<ol>\n<li>Aktywny udzia\u0142 w konferencji zagranicznej (w tym np. udzia\u0142 w sesji posterowej i Flash talk).<\/li>\n<li>Pozyskiwanie materia\u0142\u00f3w do pracy doktorskiej\/artyku\u0142\u00f3w naukowych.<\/li>\n<li>Udzia\u0142 w szkole letniej\/szkole zimowej (zar\u00f3wno jako s\u0142uchacz szko\u0142y, jak i prowadz\u0105cy zaj\u0119cia).<\/li>\n<li>Wykonanie kwerend archiwalnych i bibliotecznych.<\/li>\n<li>Prowadzenie zaj\u0119\u0107 dydaktycznych.<\/li>\n<li>Udzia\u0142 w przygotowaniu mi\u0119dzynarodowego wniosku grantowego.<\/li>\n<li>Inne kr\u00f3tkie formy kszta\u0142cenia umo\u017cliwiaj\u0105ce zwi\u0119kszenie kompetencji uczestnika Projektu.<\/li>\n<\/ol>\n<p><strong>Cel wyjazdu<\/strong>: Uniwersytet \u015al\u0105ski w Katowicach, wszystkie jednostki.<\/p>\n<p><strong>Czas trwania wyjazdu<\/strong>: od 5 do 30 dni (wliczaj\u0105c maksymalnie 2 dni podr\u00f3\u017cy).<\/p>\n<p><strong>Czas trwania projektu<\/strong>: wszystkie wyjazdy musz\u0105 zosta\u0107 zrealizowane do 31 grudnia 2022 r.<\/p>\n<p><strong>Finansowanie<\/strong>:<\/p>\n<ol>\n<li>Rycza\u0142towe stawki koszt\u00f3w podr\u00f3\u017cy, ubezpieczenia zdrowotnego, OC, NNW, op\u0142at wizowych i zwi\u0105zanych z legalizacj\u0105 pobytu uzale\u017cnione od odleg\u0142o\u015bci.<\/li>\n<li>Rycza\u0142towe stawki dofinansowania koszt\u00f3w utrzymania uzale\u017cnione od kraju i d\u0142ugo\u015bci pobytu (od 260 z\u0142 do 800 za dzie\u0144).<\/li>\n<li>Koszty op\u0142at konferencyjnych\/szkole\u0144\/kurs\u00f3w.<\/li>\n<\/ol>\n<p>Finansowanie wyp\u0142acane jest w formie stypendium.<\/p>\n<p><strong>Terminy naboru<\/strong>: nab\u00f3r prowadzony jest w trybie ci\u0105g\u0142ym od 26 kwietnia 2022 roku do jego wstrzymania (w ca\u0142o\u015bci lub w jednej z kategorii)<\/p>\n<p><strong>Tryb naboru<\/strong>:<\/p>\n<p>Nab\u00f3r do projektu obywa si\u0119 drog\u0105 elektroniczn\u0105 poprzez formularz elektroniczny.<\/p>\n<p><strong>Kategorie naboru<\/strong>:<\/p>\n<ol>\n<li>Doktoranci do 40. roku \u017cycia &#8211; 18 miejsc. Formularz aplikacyjny: <a href=\"https:\/\/formularze.us.edu.pl\/form\/index\/2810\">https:\/\/formularze.us.edu.pl\/form\/index\/2810<\/a><\/li>\n<li>Przedstawiciele kadry akademickiej do 40. roku \u017cycia &#8211; 8 miejsc. Formularz aplikacyjny: <a href=\"https:\/\/formularze.us.edu.pl\/form\/index\/3143\">https:\/\/formularze.us.edu.pl\/form\/index\/3143<\/a><\/li>\n<li>Przedstawiciele kadry akademickiej (bez rozr\u00f3\u017cnie\u0144 wiekowych) &#8211; 10 miejsc. Formularz aplikacyjny: <a href=\"https:\/\/formularze.us.edu.pl\/form\/index\/3143\">https:\/\/formularze.us.edu.pl\/form\/index\/3143<\/a><\/li>\n<\/ol>\n<p><strong>Ocena wniosk\u00f3w<\/strong><\/p>\n<p>Wnioski podlegaj\u0105 ocenie formalnej w biurze projektu i merytorycznej, kt\u00f3r\u0105 wykonuje ekspert wyznaczony przez kierownika projektu.<\/p>\n<table style=\"height: 198px; width: 94.804%;\" border=\"1\">\n<tbody>\n<tr style=\"height: 18px;\">\n<td style=\"width: 739.891px; height: 18px;\" colspan=\"2\"><strong>Kryteria oceny<\/strong><\/td>\n<\/tr>\n<tr style=\"height: 36px;\">\n<td style=\"width: 603.219px; height: 36px;\"><strong>Kategoria<\/strong><\/td>\n<td style=\"width: 130.672px; height: 36px;\"><strong>liczba punkt\u00f3w<\/strong><\/td>\n<\/tr>\n<tr style=\"height: 54px;\">\n<td style=\"width: 603.219px; height: 54px;\">Poziom naukowy bada\u0144 lub dzia\u0142alno\u015bci w zakresie sztuki albo ocena merytorycznej warto\u015bci zaplanowanych dzia\u0142a\u0144 zwi\u0105zanych z kszta\u0142ceniem lub wdro\u017ceniem<\/td>\n<td style=\"width: 130.672px; height: 54px;\">0-40<\/td>\n<\/tr>\n<tr style=\"height: 36px;\">\n<td style=\"width: 603.219px; height: 36px;\">Celowo\u015b\u0107 projektu z perspektywy realizacji zada\u0144 zapisanych w strategii Uczelni<\/td>\n<td style=\"width: 130.672px; height: 36px;\">0-30<\/td>\n<\/tr>\n<tr style=\"height: 18px;\">\n<td style=\"width: 603.219px; height: 18px;\">Prawdopodobie\u0144stwo zrealizowania zaplanowanych cel\u00f3w<\/td>\n<td style=\"width: 130.672px; height: 18px;\">0-30<\/td>\n<\/tr>\n<tr style=\"height: 36px;\">\n<td style=\"width: 603.219px; height: 36px;\"><\/td>\n<td style=\"width: 130.672px; height: 36px;\"><\/td>\n<\/tr>\n<\/tbody>\n<\/table>\n<p>\n<\/div>\r\n                    <\/div>\r\n                <\/div>\r\n                <div class=\"text-modules\">\r\n                    <div class=\"container\">\r\n                        \r\n                        <div class=\"text-modules__content\"><p><strong>Szczeg\u00f3\u0142owa informacja o projekcie PROM:<\/strong> <a href=\"mailto:prom@us.edu.pl\">prom@us.edu.pl<\/a><\/p>\n<p>&nbsp;<\/p>\n<p><strong>Biuro projektu<\/strong>:<\/p>\n<p>Szko\u0142a Doktorska w Uniwersytecie \u015al\u0105skim w Katowicach<\/p>\n<p>Ul. Bankowa 14, pok. 406-40B<\/p>\n<p>Tel. +48 32 359 2471\u20132473<\/p>\n<p>&nbsp;<\/p>\n<p><strong>Koordynator projektu<\/strong>: dr Ryszard Knapek (<a href=\"mailto:ryszard.knapek@us.edu.pl\">ryszard.knapek@us.edu.pl<\/a>)<\/p>\n<p>Obs\u0142uga przyjazd\u00f3w: mgr Diana Pasek (<a href=\"mailto:diana.pasek@us.edu.pl\">diana.pasek@us.edu.pl<\/a>)<\/p>\n<p>Za\u0142\u0105czniki:<\/p>\n<p><a href=\"https:\/\/us.edu.pl\/szkola-doktorska\/wp-content\/uploads\/sites\/50\/PROM\/PROM-Regulamin-rekrutacji-i-uczestnictwa-w-projekcie-2022_przyjazdy.pdf\" class=\"mtli_attachment mtli_pdf\" class=\"mtli_attachment mtli_pdf\">PROM Regulamin rekrutacji i uczestnictwa w projekcie 2022_przyjazdy<\/a><\/p>\n<p><a href=\"http:\/\/us.edu.pl\/szkola-doktorska\/wp-content\/uploads\/sites\/50\/2019\/11\/za\u0142\u0105cznik-nr-1-do-regulaminu-umowa-beneficjenta-z-uczestnikiem.pdf\" class=\"mtli_attachment mtli_pdf\" data-mtli=\"mtli_filesize1,58MB\" class=\"mtli_attachment mtli_pdf\" data-mtli=\"mtli_filesize1,58MB\">za\u0142\u0105cznik nr 1 do regulaminu &#8211; umowa beneficjenta z uczestnikiem<\/a><\/p>\n<p><a href=\"https:\/\/us.edu.pl\/szkola-doktorska\/wp-content\/uploads\/sites\/50\/PROM\/formularz-zgloszeniowy-uczestnika-projektu-przyjazdy.docx\" class=\"mtli_attachment mtli_docx\" class=\"mtli_attachment mtli_docx\">za\u0142\u0105cznik nr 2 do regulaminu &#8211; formularz zg\u0142oszeniowy uczestnika projektu<\/a><\/p>\n<p><a href=\"http:\/\/us.edu.pl\/szkola-doktorska\/wp-content\/uploads\/sites\/50\/2019\/11\/za\u0142\u0105cznik-nr-4-do-regulaminu-stawki-rycza\u0142towe.pdf\" class=\"mtli_attachment mtli_pdf\" data-mtli=\"mtli_filesize654,17kB\" class=\"mtli_attachment mtli_pdf\" data-mtli=\"mtli_filesize654,17kB\">za\u0142\u0105cznik nr 3 do regulaminu &#8211; stawki rycza\u0142towe<\/a><\/p>\n<p>&nbsp;<\/p>\n<p><img class=\"aligncenter size-large wp-image-466\" src=\"http:\/\/us.edu.pl\/szkola-doktorska\/wp-content\/uploads\/sites\/50\/2019\/11\/logotypy-pl-1024x136.jpg\" alt=\"\" width=\"640\" height=\"85\" srcset=\"https:\/\/us.edu.pl\/szkola-doktorska\/wp-content\/uploads\/sites\/50\/2019\/11\/logotypy-pl.jpg 1024w, https:\/\/us.edu.pl\/szkola-doktorska\/wp-content\/uploads\/sites\/50\/2019\/11\/logotypy-pl-300x40.jpg 300w, https:\/\/us.edu.pl\/szkola-doktorska\/wp-content\/uploads\/sites\/50\/2019\/11\/logotypy-pl-768x102.jpg 768w, https:\/\/us.edu.pl\/szkola-doktorska\/wp-content\/uploads\/sites\/50\/2019\/11\/logotypy-pl-575x76.jpg 575w\" sizes=\"(max-width: 640px) 100vw, 640px\" \/><\/p>\n<p><em><span style=\"font-size: 10pt;\">Program jest wsp\u00f3\u0142finansowany ze \u015brodk\u00f3w Europejskiego Funduszu Spo\u0142ecznego w ramach Programu Operacyjnego Wiedza Edukacja Rozw\u00f3j, projekt pozakonkursowy pt. \u201eMi\u0119dzynarodowa wymiana stypendialna doktorant\u00f3w i kadry akademickiej\u201d, realizowany w ramach Dzia\u0142ania okre\u015blony we wniosku o dofinansowanie projektu nr POWR.03.03.00-00-PN13\/18.<\/span><\/em><\/p>\n<style type=\"text\/css\">a[data-mtli~=\"mtli_filesize1,58MB\"]:after {content:\" (1,58 MB)\"}a[data-mtli~=\"mtli_filesize654,17kB\"]:after {content:\" (654,17 kB)\"}<\/style><\/div>\r\n                    <\/div>\r\n                <\/div>[\/vc_column][\/vc_row]<\/p>\n<style type=\"text\/css\">a[data-mtli~=\"mtli_filesize1,58MB\"]:after {content:\" (1,58 MB)\"}a[data-mtli~=\"mtli_filesize654,17kB\"]:after {content:\" (654,17 kB)\"}<\/style>","protected":false},"excerpt":{"rendered":"<p>[vc_row][vc_column][\/vc_column][\/vc_row] [&#8230;]<\/p>\n<p><a class=\"btn btn-secondary understrap-read-more-link\" href=\"https:\/\/us.edu.pl\/szkola-doktorska\/prom-ogloszenie-o-naborze-na-przyjazdy-doktorantow-i-kadry-akademickiej\/\">Read More&#8230;<\/a><\/p>\n","protected":false},"author":42,"featured_media":0,"parent":0,"menu_order":0,"comment_status":"closed","ping_status":"closed","template":"page-templates\/page-with-sidebar.php","meta":{"_expiration-date-status":"","_expiration-date":0,"_expiration-date-type":"","_expiration-date-categories":[],"_expiration-date-options":[]},"acf":[],"_links":{"self":[{"href":"https:\/\/us.edu.pl\/szkola-doktorska\/wp-json\/wp\/v2\/pages\/624"}],"collection":[{"href":"https:\/\/us.edu.pl\/szkola-doktorska\/wp-json\/wp\/v2\/pages"}],"about":[{"href":"https:\/\/us.edu.pl\/szkola-doktorska\/wp-json\/wp\/v2\/types\/page"}],"author":[{"embeddable":true,"href":"https:\/\/us.edu.pl\/szkola-doktorska\/wp-json\/wp\/v2\/users\/42"}],"replies":[{"embeddable":true,"href":"https:\/\/us.edu.pl\/szkola-doktorska\/wp-json\/wp\/v2\/comments?post=624"}],"version-history":[{"count":10,"href":"https:\/\/us.edu.pl\/szkola-doktorska\/wp-json\/wp\/v2\/pages\/624\/revisions"}],"predecessor-version":[{"id":7195,"href":"https:\/\/us.edu.pl\/szkola-doktorska\/wp-json\/wp\/v2\/pages\/624\/revisions\/7195"}],"wp:attachment":[{"href":"https:\/\/us.edu.pl\/szkola-doktorska\/wp-json\/wp\/v2\/media?parent=624"}],"curies":[{"name":"wp","href":"https:\/\/api.w.org\/{rel}","templated":true}]}}