{"id":6675,"date":"2022-01-25T14:22:54","date_gmt":"2022-01-25T13:22:54","guid":{"rendered":"https:\/\/us.edu.pl\/szkola-doktorska\/?page_id=6675"},"modified":"2022-01-25T14:26:34","modified_gmt":"2022-01-25T13:26:34","slug":"wyszukiwarka-promotorow-dyscyplinami","status":"publish","type":"page","link":"https:\/\/us.edu.pl\/szkola-doktorska\/wyszukiwarka-promotorow-dyscyplinami\/","title":{"rendered":"Wyszukiwarka promotor\u00f3w &#8211; dyscyplinami"},"content":{"rendered":"<p>[vc_row][vc_column]\r\n                <div class=\"tiles-section\" style=\"background: \">\r\n                    <div class=\"container\">\r\n                        <h3 class=\"page-title\">obszar nauk \u015bcis\u0142ych i przyrodniczych oraz in\u017cynieryjno-technicznych<\/h3>\r\n                        <div class=\"tiles tiles-4\">\r\n                            <a href=\"https:\/\/ab.us.edu.pl\/?SearchModel%5Bquery%5D=informatyka+techniczna+i+telekomunikacja&SearchModel%5Bscope%5D=&SearchModel%5Bscope%5D=P\" class=\"tile tile_ justify-content-center\" style=\"background-color: #ffffff; font-weight: ; color: #002E5A;  \">\r\n                                \r\n                                   \r\n                               \r\n                                <div class=\"tile__name\">informatyka techniczna i telekomunikacja<\/div>\r\n                            <\/a>\r\n                            <a href=\"https:\/\/ab.us.edu.pl\/?SearchModel%5Bquery%5D=in%C5%BCynieria+materia%C5%82owa&SearchModel%5Bscope%5D=&SearchModel%5Bscope%5D=P\" class=\"tile tile_ justify-content-center\" style=\"background-color: #ffffff; font-weight: ; color: #002E5A;  \">\r\n                                \r\n                                   \r\n                               \r\n                                <div class=\"tile__name\">in\u017cynieria materia\u0142owa<\/div>\r\n                            <\/a>\r\n                            <a href=\"https:\/\/ab.us.edu.pl\/?SearchModel%5Bquery%5D=matematyka&SearchModel%5Bscope%5D=&SearchModel%5Bscope%5D=P\" class=\"tile tile_ justify-content-center\" style=\"background-color: #ffffff; font-weight: ; color: #002E5A;  \">\r\n                                \r\n                                   \r\n                               \r\n                                <div class=\"tile__name\">matematyka<\/div>\r\n                            <\/a>\r\n                            <a href=\"https:\/\/ab.us.edu.pl\/?SearchModel%5Bquery%5D=nauki+biologiczne&SearchModel%5Bscope%5D=&SearchModel%5Bscope%5D=P\" class=\"tile tile_ justify-content-center\" style=\"background-color: #ffffff; font-weight: ; color: #002E5A;  \">\r\n                                \r\n                                   \r\n                               \r\n                                <div class=\"tile__name\">nauki biologiczne<\/div>\r\n                            <\/a>\r\n                            <a href=\"https:\/\/ab.us.edu.pl\/?SearchModel%5Bquery%5D=nauki+chemiczne&SearchModel%5Bscope%5D=&SearchModel%5Bscope%5D=P\" class=\"tile tile_ justify-content-center\" style=\"background-color: #ffffff; font-weight: ; color: #002E5A;  \">\r\n                                \r\n                                   \r\n                               \r\n                                <div class=\"tile__name\">nauki chemiczne<\/div>\r\n                            <\/a>\r\n                            <a href=\"https:\/\/ab.us.edu.pl\/?SearchModel%5Bquery%5D=nauki+fizyczne&SearchModel%5Bscope%5D=&SearchModel%5Bscope%5D=P\" class=\"tile tile_ justify-content-center\" style=\"background-color: #ffffff; font-weight: ; color: #002E5A;  \">\r\n                                \r\n                                   \r\n                               \r\n                                <div class=\"tile__name\">nauki fizyczne<\/div>\r\n                            <\/a>\r\n                            <a href=\"https:\/\/ab.us.edu.pl\/?SearchModel%5Bquery%5D=nauki+o+Ziemi+i+%C5%9Brodowisku&SearchModel%5Bscope%5D=&SearchModel%5Bscope%5D=P\" class=\"tile tile_ justify-content-center\" style=\"background-color: #ffffff; font-weight: ; color: #002E5A;  \">\r\n                                \r\n                                   \r\n                               \r\n                                <div class=\"tile__name\">nauki o Ziemi i \u015brodowisku<\/div>\r\n                            <\/a><\/div>\r\n                    <\/div>\r\n                <\/div>\r\n                <div class=\"tiles-section\" style=\"background: \">\r\n                    <div class=\"container\">\r\n                        <h3 class=\"page-title\">obszar nauk spo\u0142ecznych<\/h3>\r\n                        <div class=\"tiles tiles-4\">\r\n                            <a href=\"https:\/\/ab.us.edu.pl\/?SearchModel%5Bquery%5D=geografia+spo%C5%82eczno-ekonomiczna&SearchModel%5Bscope%5D=&SearchModel%5Bscope%5D=P\" class=\"tile tile_ justify-content-center\" style=\"background-color: #ffffff; font-weight: ; color: #002E5A;  \">\r\n                                \r\n                                   \r\n                               \r\n                                <div class=\"tile__name\">geografia spo\u0142eczno-ekonomiczna i gospodarka przestrzenna<\/div>\r\n                            <\/a>\r\n                            <a href=\"https:\/\/ab.us.edu.pl\/?SearchModel%5Bquery%5D=nauki+o+komunikacji+spo%C5%82ecznej+i+mediach&SearchModel%5Bscope%5D=&SearchModel%5Bscope%5D=P\" class=\"tile tile_ justify-content-center\" style=\"background-color: #ffffff; font-weight: ; color: #002E5A;  \">\r\n                                \r\n                                   \r\n                               \r\n                                <div class=\"tile__name\">nauki o komunikacji spo\u0142ecznej i mediach<\/div>\r\n                            <\/a>\r\n                            <a href=\"https:\/\/ab.us.edu.pl\/?SearchModel%5Bquery%5D=nauki+o+polityce+i+administracji&SearchModel%5Bscope%5D=&SearchModel%5Bscope%5D=P\" class=\"tile tile_ justify-content-center\" style=\"background-color: #ffffff; font-weight: ; color: #002E5A;  \">\r\n                                \r\n                                   \r\n                               \r\n                                <div class=\"tile__name\">nauki o polityce i administracji<\/div>\r\n                            <\/a>\r\n                            <a href=\"https:\/\/ab.us.edu.pl\/site\/index?SearchModel%5Bquery%5D=nauki+prawne&SearchModel%5Bscope%5D=P&lang=pl\" class=\"tile tile_ justify-content-center\" style=\"background-color: #ffffff; font-weight: ; color: #002E5A;  \">\r\n                                \r\n                                   \r\n                               \r\n                                <div class=\"tile__name\">nauki prawne<\/div>\r\n                            <\/a>\r\n                            <a href=\"https:\/\/ab.us.edu.pl\/?SearchModel%5Bquery%5D=nauki+socjologiczne&SearchModel%5Bscope%5D=&SearchModel%5Bscope%5D=P\" class=\"tile tile_ justify-content-center\" style=\"background-color: #ffffff; font-weight: ; color: #002E5A;  \">\r\n                                \r\n                                   \r\n                               \r\n                                <div class=\"tile__name\">nauki socjologiczne<\/div>\r\n                            <\/a>\r\n                            <a href=\"https:\/\/ab.us.edu.pl\/?SearchModel%5Bquery%5D=pedagogika&SearchModel%5Bscope%5D=&SearchModel%5Bscope%5D=P\" class=\"tile tile_ justify-content-center\" style=\"background-color: #ffffff; font-weight: ; color: #002E5A;  \">\r\n                                \r\n                                   \r\n                               \r\n                                <div class=\"tile__name\">pedagogika<\/div>\r\n                            <\/a>\r\n                            <a href=\"https:\/\/ab.us.edu.pl\/?SearchModel%5Bquery%5D=psychologia&SearchModel%5Bscope%5D=&SearchModel%5Bscope%5D=P\" class=\"tile tile_ justify-content-center\" style=\"background-color: #ffffff; font-weight: ; color: #002E5A;  \">\r\n                                \r\n                                   \r\n                               \r\n                                <div class=\"tile__name\">psychologia<\/div>\r\n                            <\/a><\/div>\r\n                    <\/div>\r\n                <\/div>\r\n                <div class=\"tiles-section\" style=\"background: \">\r\n                    <div class=\"container\">\r\n                        <h3 class=\"page-title\">obszar nauk humanistycznych, teologicznych i sztuk<\/h3>\r\n                        <div class=\"tiles tiles-4\">\r\n                            <a href=\"https:\/\/ab.us.edu.pl\/?SearchModel%5Bquery%5D=filozofia&SearchModel%5Bscope%5D=&SearchModel%5Bscope%5D=P\" class=\"tile tile_ justify-content-center\" style=\"background-color: #ffffff; font-weight: ; color: #002E5A;  \">\r\n                                \r\n                                   \r\n                               \r\n                                <div class=\"tile__name\">filozofia<\/div>\r\n                            <\/a>\r\n                            <a href=\"https:\/\/ab.us.edu.pl\/?SearchModel%5Bquery%5D=historia&SearchModel%5Bscope%5D=&SearchModel%5Bscope%5D=P\" class=\"tile tile_ justify-content-center\" style=\"background-color: #ffffff; font-weight: ; color: #002E5A;  \">\r\n                                \r\n                                   \r\n                               \r\n                                <div class=\"tile__name\">historia<\/div>\r\n                            <\/a>\r\n                            <a href=\"https:\/\/ab.us.edu.pl\/?SearchModel%5Bquery%5D=j%C4%99zykoznawstwo&SearchModel%5Bscope%5D=&SearchModel%5Bscope%5D=P\" class=\"tile tile_ justify-content-center\" style=\"background-color: #ffffff; font-weight: ; color: #002E5A;  \">\r\n                                \r\n                                   \r\n                               \r\n                                <div class=\"tile__name\">j\u0119zykoznawstwo<\/div>\r\n                            <\/a>\r\n                            <a href=\"https:\/\/ab.us.edu.pl\/?SearchModel%5Bquery%5D=literaturoznawstwo&SearchModel%5Bscope%5D=&SearchModel%5Bscope%5D=P\" class=\"tile tile_ justify-content-center\" style=\"background-color: #ffffff; font-weight: ; color: #002E5A;  \">\r\n                                \r\n                                   \r\n                               \r\n                                <div class=\"tile__name\">literaturoznawstwo<\/div>\r\n                            <\/a>\r\n                            <a href=\"https:\/\/ab.us.edu.pl\/?SearchModel%5Bquery%5D=nauki+o+kulturze+i+religii&SearchModel%5Bscope%5D=&SearchModel%5Bscope%5D=P\" class=\"tile tile_ justify-content-center\" style=\"background-color: #ffffff; font-weight: ; color: #002E5A;  \">\r\n                                \r\n                                   \r\n                               \r\n                                <div class=\"tile__name\">nauki o kulturze i religii<\/div>\r\n                            <\/a>\r\n                            <a href=\"https:\/\/ab.us.edu.pl\/?SearchModel%5Bquery%5D=nauki+teologiczne&SearchModel%5Bscope%5D=&SearchModel%5Bscope%5D=P\" class=\"tile tile_ justify-content-center\" style=\"background-color: #ffffff; font-weight: ; color: #002E5A;  \">\r\n                                \r\n                                   \r\n                               \r\n                                <div class=\"tile__name\">nauki teologiczne<\/div>\r\n                            <\/a>\r\n                            <a href=\"https:\/\/ab.us.edu.pl\/?SearchModel%5Bquery%5D=sztuki+filmowe+i+teatralne&SearchModel%5Bscope%5D=&SearchModel%5Bscope%5D=P\" class=\"tile tile_ justify-content-center\" style=\"background-color: #ffffff; font-weight: ; color: #002E5A;  \">\r\n                                \r\n                                   \r\n                               \r\n                                <div class=\"tile__name\">sztuki filmowe i teatralne<\/div>\r\n                            <\/a>\r\n                            <a href=\"https:\/\/ab.us.edu.pl\/?SearchModel%5Bquery%5D=sztuki+plastyczne+i+konserwacja+dzie%C5%82+sztuki&SearchModel%5Bscope%5D=&SearchModel%5Bscope%5D=P\" class=\"tile tile_ justify-content-center\" style=\"background-color: #ffffff; font-weight: ; color: #002E5A;  \">\r\n                                \r\n                                   \r\n                               \r\n                                <div class=\"tile__name\">sztuki plastyczne i konserwacja dzie\u0142 sztuki<\/div>\r\n                            <\/a><\/div>\r\n                    <\/div>\r\n                <\/div>[\/vc_column][\/vc_row]<\/p>","protected":false},"excerpt":{"rendered":"<p>[vc_row][vc_column][\/vc_column][\/vc_row] [&#8230;]<\/p>\n<p><a class=\"btn btn-secondary understrap-read-more-link\" href=\"https:\/\/us.edu.pl\/szkola-doktorska\/wyszukiwarka-promotorow-dyscyplinami\/\">Read More&#8230;<\/a><\/p>\n","protected":false},"author":42,"featured_media":0,"parent":0,"menu_order":0,"comment_status":"closed","ping_status":"closed","template":"","meta":{"_expiration-date-status":"saved","_expiration-date":0,"_expiration-date-type":"","_expiration-date-categories":[],"_expiration-date-options":[]},"acf":[],"_links":{"self":[{"href":"https:\/\/us.edu.pl\/szkola-doktorska\/wp-json\/wp\/v2\/pages\/6675"}],"collection":[{"href":"https:\/\/us.edu.pl\/szkola-doktorska\/wp-json\/wp\/v2\/pages"}],"about":[{"href":"https:\/\/us.edu.pl\/szkola-doktorska\/wp-json\/wp\/v2\/types\/page"}],"author":[{"embeddable":true,"href":"https:\/\/us.edu.pl\/szkola-doktorska\/wp-json\/wp\/v2\/users\/42"}],"replies":[{"embeddable":true,"href":"https:\/\/us.edu.pl\/szkola-doktorska\/wp-json\/wp\/v2\/comments?post=6675"}],"version-history":[{"count":2,"href":"https:\/\/us.edu.pl\/szkola-doktorska\/wp-json\/wp\/v2\/pages\/6675\/revisions"}],"predecessor-version":[{"id":6677,"href":"https:\/\/us.edu.pl\/szkola-doktorska\/wp-json\/wp\/v2\/pages\/6675\/revisions\/6677"}],"wp:attachment":[{"href":"https:\/\/us.edu.pl\/szkola-doktorska\/wp-json\/wp\/v2\/media?parent=6675"}],"curies":[{"name":"wp","href":"https:\/\/api.w.org\/{rel}","templated":true}]}}