{"id":6688,"date":"2022-01-27T02:14:32","date_gmt":"2022-01-27T01:14:32","guid":{"rendered":"https:\/\/us.edu.pl\/szkola-doktorska\/?page_id=6688"},"modified":"2025-12-18T15:34:58","modified_gmt":"2025-12-18T14:34:58","slug":"srodki-na-dzialalnosc-naukowa-doktorantow-2021","status":"publish","type":"page","link":"https:\/\/us.edu.pl\/szkola-doktorska\/srodki-na-dzialalnosc-naukowa-doktorantow-2021\/","title":{"rendered":"\u015arodki na dzia\u0142alno\u015b\u0107 naukow\u0105 doktorant\u00f3w 2021"},"content":{"rendered":"<p>[vc_row][vc_column]\r\n                <div class=\"title-with-link color-blue\" style=\"background: \">\r\n                    <div class=\"container\">\r\n                        <div class=\"title-with-link-container links-align-left\">\r\n                            <div class=\"title-with-link__title\"><span>To jest strona archiwalna - rok 2021<\/span><\/div>\r\n                            <a href=\"\/szkola-doktorska\/srodki-na-dzialalnosc-naukowa-doktorantow-2024\/\" class=\"title-with-link__link\">Przejd\u017a do aktualnej strony - 2024<\/a>\r\n                        <\/div>\r\n                    <\/div>\r\n                <\/div>\r\n            \r\n                <div class=\"text-modules \">\r\n                    <div class=\"container\">\r\n                        <h3 class=\"section-title section-title_border-bottom\">Decyzja o podziale \u015brodk\u00f3w na rok bud\u017cetowy 2021<\/h3> \r\n                        <div class=\"row m-0\">\r\n                            <div class=\"text-modules__content\">\r\n                                Pani Dziekan Szko\u0142y Doktorskiej podj\u0119\u0142a wst\u0119pn\u0105 decyzj\u0119 o podziale \u015brodk\u00f3w na dzia\u0142alno\u015b\u0107 naukow\u0105 i artystyczn\u0105 doktorant\u00f3w w roku bud\u017cetowym 2021. Decyzja mo\u017ce ulec zmianie, poniewa\u017c nie zosta\u0142 jeszcze ustalony bud\u017cet jednostki.<\/p>\n<p>Wysoko\u015b\u0107 \u015brodk\u00f3w: 422 000 z\u0142 (2000 z\u0142 w przeliczeniu na jednego doktoranta), w tym:<\/p>\n<ul>\n<li>105 500 z\u0142 (500 z\u0142\/os.) w indywidualnej dyspozycji ka\u017cdego doktoranta &#8211; do wydania do 30 wrze\u015bnia<\/li>\n<li>316 500 z\u0142 &#8211; pula do podzia\u0142u w konkursach og\u0142aszanych przez Szko\u0142\u0119 Doktorsk\u0105.<\/li>\n<\/ul>\n<p>Wst\u0119pny harmonogram konkurs\u00f3w (ostateczny termin sk\u0142adnia wniosk\u00f3w):<\/p>\n<ol>\n<li>28 stycznia 2021<\/li>\n<li>7 maja 2021<\/li>\n<li>22 pa\u017adziernika 2021<\/li>\n<\/ol>\n<p><strong><span style=\"text-decoration: underline;\">Informacja o szczeg\u00f3\u0142ach og\u0142oszonego konkursu<\/span> i o rozstrzygni\u0119ciu poprzednich konkurs\u00f3w na \u015brodki na dzia\u0142alno\u015b\u0107 naukow\u0105 doktorant\u00f3w znajduje si\u0119 w zak\u0142adce Konkurs dla doktorant\u00f3w &#8211; poni\u017cej.<\/strong> \r\n                                <div class=\"mt-3\"><\/div>\r\n                            <\/div>\r\n                            \r\n                            <div class=\"text-modules__img\"><img src=\"https:\/\/us.edu.pl\/szkola-doktorska\/wp-content\/uploads\/sites\/50\/Nieprzypisane\/money-1604921_640.jpg\" alt=\"img\"><\/div>\r\n                        <\/div>\r\n                    <\/div>\r\n                <\/div>\r\n                <div class=\"text-modules\">\r\n                    <div class=\"container\">\r\n                        <h3 class=\"page-title text__title\">Regulamin podzia\u0142u \u015brodk\u00f3w i organizacji konkurs\u00f3w 2021<\/h3>\r\n                        <div class=\"text-modules__content\"><p>Wersja polska: <a href=\"https:\/\/us.edu.pl\/szkola-doktorska\/wp-content\/uploads\/sites\/50\/Nieprzypisane\/2021.01.15-Regulamin-podzia\u0142u-\u015brodk\u00f3w-na-dzia\u0142alno\u015b\u0107-naukow\u0105-doktorant\u00f3w-SD.pdf\" class=\"mtli_attachment mtli_pdf\" data-mtli=\"mtli_filesize276,50kB\" class=\"mtli_attachment mtli_pdf\" data-mtli=\"mtli_filesize276,50kB\">2021.01.15 Regulamin podzia\u0142u \u015brodk\u00f3w na dzia\u0142alno\u015b\u0107 naukow\u0105 doktorant\u00f3w SD<\/a><\/p>\n<p>Wersja angielska: <a href=\"https:\/\/us.edu.pl\/szkola-doktorska\/wp-content\/uploads\/sites\/50\/Nieprzypisane\/21.01.15-Regulations-on-spending-funds.pdf\" class=\"mtli_attachment mtli_pdf\" data-mtli=\"mtli_filesize271,04kB\" class=\"mtli_attachment mtli_pdf\" data-mtli=\"mtli_filesize271,04kB\">21.01.15 Regulations on spending funds<\/a><\/p>\n<style type=\"text\/css\">a[data-mtli~=\"mtli_filesize276,50kB\"]:after {content:\" (276,50 kB)\"}a[data-mtli~=\"mtli_filesize271,04kB\"]:after {content:\" (271,04 kB)\"}<\/style><\/div>\r\n                    <\/div>\r\n                <\/div>\r\n                <div class=\"text-modules\">\r\n                    <div class=\"container\">\r\n                        <h3 class=\"page-title text__title\">Regulamin podzia\u0142u \u015brodk\u00f3w i organizacji konkurs\u00f3w 2020<\/h3>\r\n                        <div class=\"text-modules__content\"><p>Wersja polska: <a href=\"https:\/\/us.edu.pl\/szkola-doktorska\/wp-content\/uploads\/sites\/50\/Nieprzypisane\/20.10.23-Regulamin-podzia\u0142u-\u015brodk\u00f3w-na-dzia\u0142alno\u015b\u0107-naukow\u0105-doktorant\u00f3w-SD-1.pdf\" class=\"mtli_attachment mtli_pdf\" data-mtli=\"mtli_filesize267,48kB\" class=\"mtli_attachment mtli_pdf\" data-mtli=\"mtli_filesize267,48kB\">20.10.23 Regulamin podzia\u0142u \u015brodk\u00f3w na dzia\u0142alno\u015b\u0107 naukow\u0105 doktorant\u00f3w SD<\/a><\/p>\n<style type=\"text\/css\">a[data-mtli~=\"mtli_filesize267,48kB\"]:after {content:\" (267,48 kB)\"}<\/style><\/div>\r\n                    <\/div>\r\n                <\/div>\r\n                <div class=\"tiles-section\" style=\"background: \">\r\n                    <div class=\"container\">\r\n                        <h3 class=\"page-title\"><\/h3>\r\n                        <div class=\"tiles tiles-2\">\r\n                            <a href=\"\/szkola-doktorska\/srodki-na-dzialalnosc-naukowa-doktorantow\/srodki-w-dyspozycji-doktorantow-2021\/\" class=\"tile tile_ justify-content-center\" style=\"background-color: #002E5A; font-weight: ; color: #ffffff;  \">\r\n                                \r\n                                   \r\n                               \r\n                                <div class=\"tile__name\">\u015arodki w dyspozycji doktorant\u00f3w<\/div>\r\n                            <\/a>\r\n                            <a href=\"\/szkola-doktorska\/srodki-na-dzialalnosc-naukowa-doktorantow-2021\/konkurs-dla-doktorantow-srodki-na-dzialalnosc-naukowa-2021\/\" class=\"tile tile_ justify-content-center\" style=\"background-color: #002E5A; font-weight: ; color: #ffffff;  \">\r\n                                \r\n                                   \r\n                               \r\n                                <div class=\"tile__name\">Konkurs dla doktorant\u00f3w<\/div>\r\n                            <\/a><\/div>\r\n                    <\/div>\r\n                <\/div>[\/vc_column][\/vc_row]<\/p>\n<style type=\"text\/css\">a[data-mtli~=\"mtli_filesize276,50kB\"]:after {content:\" (276,50 kB)\"}a[data-mtli~=\"mtli_filesize271,04kB\"]:after {content:\" (271,04 kB)\"}a[data-mtli~=\"mtli_filesize267,48kB\"]:after {content:\" (267,48 kB)\"}<\/style>","protected":false},"excerpt":{"rendered":"<p>[vc_row][vc_column][\/vc_column][\/vc_row] [&#8230;]<\/p>\n<p><a class=\"btn btn-secondary understrap-read-more-link\" href=\"https:\/\/us.edu.pl\/szkola-doktorska\/srodki-na-dzialalnosc-naukowa-doktorantow-2021\/\">Read More&#8230;<\/a><\/p>\n","protected":false},"author":42,"featured_media":984,"parent":0,"menu_order":0,"comment_status":"closed","ping_status":"closed","template":"","meta":{"_expiration-date-status":"","_expiration-date":0,"_expiration-date-type":"","_expiration-date-categories":[],"_expiration-date-options":[]},"acf":[],"_links":{"self":[{"href":"https:\/\/us.edu.pl\/szkola-doktorska\/wp-json\/wp\/v2\/pages\/6688"}],"collection":[{"href":"https:\/\/us.edu.pl\/szkola-doktorska\/wp-json\/wp\/v2\/pages"}],"about":[{"href":"https:\/\/us.edu.pl\/szkola-doktorska\/wp-json\/wp\/v2\/types\/page"}],"author":[{"embeddable":true,"href":"https:\/\/us.edu.pl\/szkola-doktorska\/wp-json\/wp\/v2\/users\/42"}],"replies":[{"embeddable":true,"href":"https:\/\/us.edu.pl\/szkola-doktorska\/wp-json\/wp\/v2\/comments?post=6688"}],"version-history":[{"count":7,"href":"https:\/\/us.edu.pl\/szkola-doktorska\/wp-json\/wp\/v2\/pages\/6688\/revisions"}],"predecessor-version":[{"id":24226,"href":"https:\/\/us.edu.pl\/szkola-doktorska\/wp-json\/wp\/v2\/pages\/6688\/revisions\/24226"}],"wp:featuredmedia":[{"embeddable":true,"href":"https:\/\/us.edu.pl\/szkola-doktorska\/wp-json\/wp\/v2\/media\/984"}],"wp:attachment":[{"href":"https:\/\/us.edu.pl\/szkola-doktorska\/wp-json\/wp\/v2\/media?parent=6688"}],"curies":[{"name":"wp","href":"https:\/\/api.w.org\/{rel}","templated":true}]}}