{"id":6689,"date":"2022-01-27T02:05:35","date_gmt":"2022-01-27T01:05:35","guid":{"rendered":"https:\/\/us.edu.pl\/szkola-doktorska\/?page_id=6689"},"modified":"2022-01-27T02:29:44","modified_gmt":"2022-01-27T01:29:44","slug":"srodki-w-dyspozycji-doktorantow-2021","status":"publish","type":"page","link":"https:\/\/us.edu.pl\/szkola-doktorska\/srodki-na-dzialalnosc-naukowa-doktorantow-2021\/srodki-w-dyspozycji-doktorantow-2021\/","title":{"rendered":"\u015arodki w dyspozycji doktorant\u00f3w 2021"},"content":{"rendered":"<p>[vc_row][vc_column]\r\n                <div class=\"text-modules\">\r\n                    <div class=\"container\">\r\n                        \r\n                        <div class=\"text-modules__content\"><p>W roku bud\u017cetowym 2021 ka\u017cdy doktorant, kt\u00f3ry zosta\u0142 przyj\u0119ty do Szko\u0142y Doktorskiej nie p\u00f3\u017aniej ni\u017c 15 marca 2021 r. ma w indywidualnej dyspozycji 500 z\u0142 ze \u015brodk\u00f3w znajduj\u0105cych si\u0119 w bud\u017cecie Szko\u0142y Doktorskiej oraz te \u015brodki, kt\u00f3re uzyska w trybie konkursowym [link: <a href=\"\/szkola-doktorska\/srodki-na-dzialalnosc-naukowa-doktorantow\/konkurs-dla-doktorantow-srodki-na-dzialalnosc-naukowa\/\">konkurs dla doktorant\u00f3w<\/a>].<\/p>\n<p>Podstawowe zasady wydatkowania \u015brodk\u00f3w:<\/p>\n<ol>\n<li><strong>Nie nale\u017cy dokonywa\u0107 jakichkolwiek wydatk\u00f3w samodzielnie, bez porozumienia z biurem Szko\u0142y Doktorskiej<\/strong>.<\/li>\n<li>\u015arodki mog\u0105 by\u0107 wydawane do 30 wrze\u015bnia br. Po tym terminie \u015brodki staj\u0105 si\u0119 pul\u0105 dzieka\u0144sk\u0105 &#8211; dziekan mo\u017ce zdecydowa\u0107, czy przeznaczy\u0107 je na indywidualne wnioski doktorant\u00f3w, czy na zasilenie \u015brodk\u00f3w konkursowych.<\/li>\n<li>\u015arodki mog\u0105 by\u0107 przeznaczone na dzia\u0142alno\u015b\u0107 naukow\u0105 i artystyczn\u0105 (w przypadku dyscyplin artystycznych), a tak\u017ce rozwojow\u0105. Katalog wydatk\u00f3w jest otwarty i obejmuje m.in.: finansowanie publikacji naukowych (czasopisma i ksi\u0105\u017cki), zakup \u015brodk\u00f3w niezb\u0119dnych do prowadzenia bada\u0144, konferencje naukowe krajowe i zagraniczne, sympozja, kwerendy i szkolenia.<\/li>\n<li><strong>Ka\u017cdy wydatek powinien by\u0107 przed jego rozpocz\u0119ciem zatwierdzony przez promotora i dziekana Szko\u0142y Doktorskiej na formularzu odpowiednim do wydatkowanych \u015brodk\u00f3w<\/strong> (patrz poni\u017cej), a w przypadku braku tego formularza (tzw. zakupy z wolnej stopy) na podaniu.<\/li>\n<li>Jednostk\u0105 obs\u0142uguj\u0105c\u0105 jest biuro Szko\u0142y Doktorskiej.<\/li>\n<li>Doktorant ma obowi\u0105zek rozliczenia wydanych \u015brodk\u00f3w bezpo\u015brednio po zako\u0144czeniu finansowanego zadania, zgodnie z przepisami obowi\u0105zuj\u0105cymi w uczelni.<\/li>\n<li>Dodatkowo sprawozdaje ca\u0142o\u015b\u0107 wydanych \u015brodk\u00f3w z danego roku kalendarzowego do 5 pa\u017adziernika.<\/li>\n<\/ol>\n<p>\n<\/div>\r\n                    <\/div>\r\n                <\/div>[\/vc_column][\/vc_row][vc_row][vc_column][\/vc_column][\/vc_row]<\/p>","protected":false},"excerpt":{"rendered":"<p>[vc_row][vc_column][\/vc_column][\/vc_row][vc_row][vc_column][\/vc_column][\/vc_row] [&#8230;]<\/p>\n<p><a class=\"btn btn-secondary understrap-read-more-link\" href=\"https:\/\/us.edu.pl\/szkola-doktorska\/srodki-na-dzialalnosc-naukowa-doktorantow-2021\/srodki-w-dyspozycji-doktorantow-2021\/\">Read More&#8230;<\/a><\/p>\n","protected":false},"author":42,"featured_media":0,"parent":6688,"menu_order":0,"comment_status":"closed","ping_status":"closed","template":"page-templates\/page-with-bookmarks.php","meta":{"_expiration-date-status":"saved","_expiration-date":0,"_expiration-date-type":"","_expiration-date-categories":[],"_expiration-date-options":[]},"acf":[],"_links":{"self":[{"href":"https:\/\/us.edu.pl\/szkola-doktorska\/wp-json\/wp\/v2\/pages\/6689"}],"collection":[{"href":"https:\/\/us.edu.pl\/szkola-doktorska\/wp-json\/wp\/v2\/pages"}],"about":[{"href":"https:\/\/us.edu.pl\/szkola-doktorska\/wp-json\/wp\/v2\/types\/page"}],"author":[{"embeddable":true,"href":"https:\/\/us.edu.pl\/szkola-doktorska\/wp-json\/wp\/v2\/users\/42"}],"replies":[{"embeddable":true,"href":"https:\/\/us.edu.pl\/szkola-doktorska\/wp-json\/wp\/v2\/comments?post=6689"}],"version-history":[{"count":5,"href":"https:\/\/us.edu.pl\/szkola-doktorska\/wp-json\/wp\/v2\/pages\/6689\/revisions"}],"predecessor-version":[{"id":6700,"href":"https:\/\/us.edu.pl\/szkola-doktorska\/wp-json\/wp\/v2\/pages\/6689\/revisions\/6700"}],"up":[{"embeddable":true,"href":"https:\/\/us.edu.pl\/szkola-doktorska\/wp-json\/wp\/v2\/pages\/6688"}],"wp:attachment":[{"href":"https:\/\/us.edu.pl\/szkola-doktorska\/wp-json\/wp\/v2\/media?parent=6689"}],"curies":[{"name":"wp","href":"https:\/\/api.w.org\/{rel}","templated":true}]}}