{"id":6692,"date":"2022-01-27T02:06:40","date_gmt":"2022-01-27T01:06:40","guid":{"rendered":"https:\/\/us.edu.pl\/szkola-doktorska\/?page_id=6692"},"modified":"2023-01-05T09:25:14","modified_gmt":"2023-01-05T08:25:14","slug":"konkurs-dla-doktorantow-srodki-na-dzialalnosc-naukowa-2021","status":"publish","type":"page","link":"https:\/\/us.edu.pl\/szkola-doktorska\/srodki-na-dzialalnosc-naukowa-doktorantow-2021\/konkurs-dla-doktorantow-srodki-na-dzialalnosc-naukowa-2021\/","title":{"rendered":"Konkurs dla doktorant\u00f3w \u2013 \u015brodki na dzia\u0142alno\u015b\u0107 naukow\u0105 2021"},"content":{"rendered":"<p>[vc_row][vc_column][vc_row_inner][vc_column_inner]\r\n                <div class=\"text-modules\">\r\n                    <div class=\"container\">\r\n                        <h3 class=\"page-title text__title\">Informacja o rozstrzygni\u0119ciu konkursu nr 5 (3\/2021)<\/h3>\r\n                        <div class=\"text-modules__content\"><p>Konkurs przeprowadzony zosta\u0142 na podstawie Regulaminu wydatkowania \u015brodk\u00f3w na dzia\u0142alno\u015b\u0107 naukow\u0105 doktorant\u00f3w Szko\u0142y Doktorskiej wprowadzony zarz\u0105dzeniem nr 2\/2021 Dziekana Szko\u0142y Doktorskiej z dnia 15 stycznia 2021 r. W dniu 26 pa\u017adziernika komisja konkursowa powo\u0142ana przez Pani\u0105 Dziekan Szko\u0142y Doktorskiej ustali\u0142a podzia\u0142 \u015brodk\u00f3w w konkursie.<\/p>\n<p>W ustalonym terminie wp\u0142yn\u0119\u0142y 62 wnioski, wszystkie z\u0142o\u017cone poprawnie i potwierdzone przez promotora. Jeden wniosek zosta\u0142 odrzucony z przyczyn formalnych.<\/p>\n<ul>\n<li>Z\u0142o\u017cono wnioski na \u0142\u0105czn\u0105 sum\u0119: 165 825,42 z\u0142.<\/li>\n<li>\u015arodki przeznaczone do podzia\u0142u: 172 357 z\u0142.<\/li>\n<li><strong>Po rozpatrzeniu wszystkich wniosk\u00f3w komisja zdecydowa\u0142a o przyznaniu \u015brodk\u00f3w w \u0142\u0105czne wysoko\u015bci 136 246,21 z\u0142<\/strong>.<\/li>\n<\/ul>\n<p>Po ocenie komisji sze\u015b\u0107 wniosk\u00f3w zosta\u0142y odrzuconyc w oparciu o ocen\u0119 merytoryczn\u0105 (nie uzyska\u0142y wystarczaj\u0105co du\u017co punkt\u00f3w w kategoriach, w kt\u00f3rych okre\u015blona by\u0142a minimalna liczba punkt\u00f3w).<\/p>\n<p>Na podstawie ocen cz\u0142onk\u00f3w komisji i po analizie koszt\u00f3w przedstawionych we wnioskach\u00a0<strong>komisja zdecydowa\u0142a o finansowaniu 55 wniosk\u00f3w<\/strong>, niekt\u00f3rych w ca\u0142o\u015bci, a niekt\u00f3rych w cz\u0119\u015bci.\u00a0<strong>Zgodnie z postanowieniami ww. regulaminu Szko\u0142a Doktorska publikuje informacje o przyznanych \u015brodkach<\/strong>.<\/p>\n<p>Osoby, kt\u00f3re nie otrzyma\u0142y finansowania, otrzymaj\u0105 informacj\u0119 o otrzymanej punktacji w oddzielnym mailu. Osoby, kt\u00f3rym przyznano cz\u0119\u015b\u0107 lub ca\u0142o\u015b\u0107 \u015brodk\u00f3w otrzymaj\u0105 w oddzielnym mailu informacj\u0119 o szczeg\u00f3\u0142ach finansowania.<\/p>\n<p>\n<\/div>\r\n                    <\/div>\r\n                <\/div>\r\n                <div class=\"tiles-section\" style=\"background: \">\r\n                    <div class=\"container\">\r\n                        <h3 class=\"page-title\"><\/h3>\r\n                        <div class=\"tiles tiles-2\">\r\n                            <a href=\"https:\/\/us.edu.pl\/szkola-doktorska\/projekty-finansowane-ze-srodkow-szkoly-doktorskiej-konkurs-3-2021\/\" class=\"tile tile_double justify-content-center\" style=\"background-color: #002E5A; font-weight: ; color: #ffffff;  \">\r\n                                \r\n                                   \r\n                               \r\n                                <div class=\"tile__name\">Projekty finansowane ze \u015brodk\u00f3w Szko\u0142y Doktorskiej - konkurs nr 5 (3\/2021)<\/div>\r\n                            <\/a><\/div>\r\n                    <\/div>\r\n                <\/div>[\/vc_column_inner][\/vc_row_inner]\r\n                <div class=\"text-modules\">\r\n                    <div class=\"container\">\r\n                        <h3 class=\"page-title text__title\">Og\u0142oszenie konkursu nr 5 (3\/2021)<\/h3>\r\n                        <div class=\"text-modules__content\"><p>Dziekan Szko\u0142y Doktorskiej informuje o otwarciu konkursu na finansowanie dzia\u0142alno\u015bci naukowej, artystycznej i rozwojowej ze \u015brodk\u00f3w bud\u017cetu Szko\u0142y Doktorskiej.<\/p>\n<p><span style=\"text-decoration: underline;\"><strong>Podstawowe informacje:<\/strong><\/span><\/p>\n<ul>\n<li>Termin sk\u0142adania wniosk\u00f3w: 20 pa\u017adziernika 2021 r. godz. 23:55<\/li>\n<li>Pula \u015brodk\u00f3w: 105 500 PLN (z mo\u017cliwo\u015bci\u0105 zwi\u0119kszenia \u2013 decyzja dziekana)<\/li>\n<li>Link do formularza: <a href=\"https:\/\/formularze.us.edu.pl\/form\/index\/2751\">https:\/\/formularze.us.edu.pl\/form\/index\/2751<\/a> (aktywny od 15 pa\u017adziernika godz. 12:00)<\/li>\n<li>Planowany termin og\u0142oszenia wynik\u00f3w: 26 pa\u017adziernika (mo\u017ce ulec zmianie) na stronie internetowej Szko\u0142y Doktorskiej.<\/li>\n<\/ul>\n<p><span style=\"text-decoration: underline;\"><strong>Procedura aplikacyjna:<\/strong><\/span><\/p>\n<ol>\n<li>Doktorant wype\u0142nia i\u00a0wysy\u0142a formularz SRW, a\u00a0nast\u0119pnie potwierdza z\u0142o\u017cenie wniosku, klikaj\u0105c na link wys\u0142any przez system. Termin zamkni\u0119cia systemu: <strong>20 pa\u017adziernika (\u015broda) godz. 23:55<\/strong>.<\/li>\n<li>Doktorant przekazuje wype\u0142niony formularz w\u00a0wersji elektronicznej lub papierowej, to\u017csamy z\u00a0formularzem z\u0142o\u017conym w\u00a0systemie informatycznym Szko\u0142y, promotorowi do akceptacji.<\/li>\n<li>Promotor informuje Szko\u0142\u0119 Doktorsk\u0105 o\u00a0zaakceptowaniu formularza, wysy\u0142aj\u0105c email na adres\u00a0<a href=\"mailto:szkola.doktorska@us.edu.pl\">szkola.doktorska@us.edu.pl<\/a> ze swojego konta s\u0142u\u017cbowego w domenie @us.edu.pl lub podpisuj\u0105c formularz, kt\u00f3ry nast\u0119pnie doktorant lub inna osoba sk\u0142ada w biurze Szko\u0142y Doktorskiej.\u00a0<strong>Termin: 21 pa\u017adziernika (czwartek) godz. 15:00.<\/strong>\u00a0Drobne zmiany mog\u0105 by\u0107 zaznaczone w emailu lub naniesione na papierow\u0105 wersj\u0119 wniosku.<\/li>\n<li>Wprowadzenie istotnych zmian we wniosku przez promotora skutkuje obowi\u0105zkiem powt\u00f3rzenia opisanej wy\u017cej procedury przez doktoranta.<\/li>\n<li>Wnioski niepotwierdzone przez promotora nie b\u0119d\u0105 rozpatrywane.<\/li>\n<\/ol>\n<p>Dalsze post\u0119powanie po rozstrzygni\u0119ciu: <a href=\"\/szkola-doktorska\/srodki-na-dzialalnosc-naukowa-doktorantow\/srodki-w-dyspozycji-doktorantow\/\">\u015brodki w dyspozycji doktorant\u00f3w<\/a><\/p>\n<p><span style=\"text-decoration: underline;\"><strong>Dodatkowe warunki konkursu, nie uwzgl\u0119dnione w Regulaminie:<\/strong><\/span><\/p>\n<ol>\n<li>Na jednego doktoranta nie b\u0119d\u0105 przyznawane \u015brodki w wysoko\u015bci wi\u0119kszej ni\u017c 5000 PLN.<\/li>\n<li>Doktorant mo\u017ce z\u0142o\u017cy\u0107 kilka wniosk\u00f3w, je\u017celi chce si\u0119 ubiega\u0107 o finansowanie r\u00f3\u017cnych projekt\u00f3w (na \u0142\u0105czn\u0105 kwot\u0119 nie przekraczaj\u0105c\u0105 5000 PLN).<\/li>\n<li>W konkursie mog\u0105 by\u0107 finansowe wy\u0142\u0105cznie \u015brodki do wydania w roku kalendarzowym 2021. Nie b\u0119d\u0105 wi\u0119c przyznawana \u015brodki na zakupy \u015brodk\u00f3w trwa\u0142ych, ani wydatki przekraczaj\u0105ce rok 2021. Takie wnioski b\u0119d\u0105 odrzucone z przyczyn formalnych W CA\u0141O\u015aCI.<\/li>\n<li>Doktorant, kt\u00f3ry z\u0142o\u017cy\u0142 indywidualny plan badawczy powinien wnioskowa\u0107 o \u015brodki zaplanowane w bud\u017cecie IPB. Inne dzia\u0142ania b\u0119d\u0105 finansowane tylko w przypadku pozostania wolnych \u015brodk\u00f3w po sfinansowaniu wszystkich dzia\u0142a\u0144 zawartych w IPB (zasada ta nie dotyczy doktorant\u00f3w I roku).<\/li>\n<li>Doktoranci, kt\u00f3rzy uzyskali finansowanie w poprzednich konkursach musz\u0105 z\u0142o\u017cy\u0107 wst\u0119pne sprawozdanie z wydatkowania przyznanych \u015brodk\u00f3w, \u017ceby ubiega\u0107 si\u0119 o kolejne \u015brodki. Dost\u0119pny jest formularz sprawozdania na dzie\u0144 1 pa\u017adziernika: <a href=\"https:\/\/formularze.us.edu.pl\/form\/index\/2748\">https:\/\/formularze.us.edu.pl\/form\/index\/2748<\/a> (dost\u0119pny od pi\u0105tku godz. 12:00).<\/li>\n<\/ol>\n<p>Prosimy o zapoznanie si\u0119 z <a href=\"\/szkola-doktorska\/srodki-na-dzialalnosc-naukowa-doktorantow\/\">Regulaminem przyznawania \u015brodk\u00f3w<\/a>.<\/p>\n<\/div>\r\n                    <\/div>\r\n                <\/div>\r\n                <div class=\"text-modules\">\r\n                    <div class=\"container\">\r\n                        <h3 class=\"page-title text__title\">Informacja o rozstrzygni\u0119ciu konkursu nr 4 (2\/2021)<\/h3>\r\n                        <div class=\"text-modules__content\"><p>Konkurs przeprowadzony zosta\u0142 na podstawie Regulaminu wydatkowania \u015brodk\u00f3w na dzia\u0142alno\u015b\u0107 naukow\u0105 doktorant\u00f3w Szko\u0142y Doktorskiej wprowadzony zarz\u0105dzeniem nr 2\/2021 Dziekana Szko\u0142y Doktorskiej z dnia 15 stycznia 2021 r. W dniu 31 maja komisja konkursowa powo\u0142ana przez Pani\u0105 Dziekan Szko\u0142y Doktorskiej ustali\u0142a podzia\u0142 \u015brodk\u00f3w w konkursie.<\/p>\n<p>W ustalonym terminie wp\u0142yn\u0119\u0142o 62 wnioski, w tym 59 wniosk\u00f3w z\u0142o\u017conych poprawnie i potwierdzonych przez promotora.<\/p>\n<ul style=\"list-style-type: circle;\">\n<li>Z\u0142o\u017cono wnioski na \u0142\u0105czn\u0105 sum\u0119: 228 606,13 z\u0142.<\/li>\n<li>\u015arodki przeznaczone do podzia\u0142u: 105 500 z\u0142.<\/li>\n<li><strong>Po analizie wniosk\u00f3w Dziekan na wniosek komisji zgodzi\u0142a si\u0119 na finansowanie dzia\u0142a\u0144 na \u0142\u0105czn\u0105 sum\u0119 do 115 000 z\u0142<\/strong>.<\/li>\n<\/ul>\n<p>Po ocenie komisji 52 wnioski zosta\u0142y ocenione pozytywnie, to znaczy \u017ce uzyska\u0142y wystarczaj\u0105co du\u017co punkt\u00f3w w kategoriach, w kt\u00f3rych okre\u015blona by\u0142a minimalna liczba punkt\u00f3w.<\/p>\n<p>Na podstawie ocen cz\u0142onk\u00f3w komisji i po analizie koszt\u00f3w przedstawionych we wnioskach <strong>komisja zdecydowa\u0142a o finansowaniu 52 wniosk\u00f3w<\/strong>, niekt\u00f3rych w ca\u0142o\u015bci, a niekt\u00f3rych w cz\u0119\u015bci. <strong>Zgodnie z postanowieniami ww. regulaminu Szko\u0142a Doktorska publikuje informacje o przyznanych \u015brodkach<\/strong>.<\/p>\n<p>Osoby, kt\u00f3re nie otrzyma\u0142y finansowania, otrzyma\u0142y informacj\u0119 o otrzymanej punktacji w oddzielnym mailu. Osoby, kt\u00f3rym przyznano cz\u0119\u015b\u0107 \u015brodk\u00f3w otrzymaj\u0105 w oddzielnym mailu informacj\u0119 o szczeg\u00f3\u0142ach finansowania.<\/p>\n<\/div>\r\n                    <\/div>\r\n                <\/div>\r\n                <div class=\"tiles-section\" style=\"background: \">\r\n                    <div class=\"container\">\r\n                        <h3 class=\"page-title\"><\/h3>\r\n                        <div class=\"tiles tiles-2\">\r\n                            <a href=\"\/szkola-doktorska\/projekty-finansowane-ze-srodkow-szkoly-doktorskiej-konkurs-1-2021-2\/\" class=\"tile tile_double justify-content-center\" style=\"background-color: #002E5A; font-weight: ; color: #ffffff;  \">\r\n                                \r\n                                   \r\n                               \r\n                                <div class=\"tile__name\">Projekty finansowane ze \u015brodk\u00f3w Szko\u0142y Doktorskiej - konkurs nr 4 (2\/2021)<\/div>\r\n                            <\/a><\/div>\r\n                    <\/div>\r\n                <\/div>\r\n                <div class=\"text-modules\">\r\n                    <div class=\"container\">\r\n                        <h3 class=\"page-title text__title\">Og\u0142oszenie konkursu nr 4 (2\/2021)<\/h3>\r\n                        <div class=\"text-modules__content\"><p>Dziekan Szko\u0142y Doktorskiej informuje o otwarciu konkursu na finansowanie dzia\u0142alno\u015bci naukowej, artystycznej i rozwojowej ze \u015brodk\u00f3w bud\u017cetu Szko\u0142y Doktorskiej.<\/p>\n<p><span style=\"text-decoration: underline;\"><strong>Podstawowe informacje:<\/strong><\/span><\/p>\n<ul>\n<li>Termin sk\u0142adania wniosk\u00f3w: 21 maja 2021 r. godz. 23:55<\/li>\n<li>Pula \u015brodk\u00f3w: 105 500 PLN (z mo\u017cliwo\u015bci\u0105 zwi\u0119kszenia \u2013 decyzja dziekana)<\/li>\n<li>Link do formularza: <a href=\"https:\/\/formularze.us.edu.pl\/form\/index\/2567\">https:\/\/formularze.us.edu.pl\/form\/index\/2567<\/a><\/li>\n<li>Planowany termin og\u0142oszenia wynik\u00f3w: 31.05.2021 (mo\u017ce ulec zmianie) na stronie internetowej Szko\u0142y Doktorskiej i przez e-maile uczestnik\u00f3w.<\/li>\n<\/ul>\n<p><span style=\"text-decoration: underline;\"><strong>Procedura aplikacyjna:<\/strong><\/span><\/p>\n<ol>\n<li>Doktorant wype\u0142nia i\u00a0wysy\u0142a formularz SRW, a\u00a0nast\u0119pnie potwierdza z\u0142o\u017cenie wniosku, klikaj\u0105c na link wys\u0142any przez system. Termin zamkni\u0119cia systemu: <strong>21 maja (pi\u0105tek) godz. 23:55<\/strong>.<\/li>\n<li>Doktorant przekazuje wype\u0142niony formularz w\u00a0wersji elektronicznej lub papierowej, to\u017csamy z\u00a0formularzem z\u0142o\u017conym w\u00a0systemie informatycznym Szko\u0142y, promotorowi do akceptacji.<\/li>\n<li>Promotor informuje Szko\u0142\u0119 Doktorsk\u0105 o\u00a0zaakceptowaniu formularza, wysy\u0142aj\u0105c email na adres\u00a0<a href=\"mailto:szkola.doktorska@us.edu.pl\">szkola.doktorska@us.edu.pl<\/a> ze swojego konta s\u0142u\u017cbowego w domenie @us.edu.pl lub podpisuj\u0105c formularz, kt\u00f3ry nast\u0119pnie doktorant lub inna osoba sk\u0142ada w biurze Szko\u0142y Doktorskiej.\u00a0<strong>Termin: 24 maja (poniedzia\u0142ek) godz. 10:00.<\/strong>\u00a0Drobne zmiany mog\u0105 by\u0107 zaznaczone w emailu lub naniesione na papierow\u0105 wersj\u0119 wniosku.<\/li>\n<li>Wprowadzenie istotnych zmian we wniosku przez promotora skutkuje obowi\u0105zkiem powt\u00f3rzenia opisanej wy\u017cej procedury przez doktoranta.<\/li>\n<li>Za termin z\u0142o\u017cenia wniosku przyjmuje si\u0119 termin potwierdzenia wniosku przez promotora drog\u0105 elektroniczn\u0105.<\/li>\n<\/ol>\n<p>Dalsze post\u0119powanie po rozstrzygni\u0119ciu: <a href=\"\/szkola-doktorska\/srodki-na-dzialalnosc-naukowa-doktorantow\/srodki-w-dyspozycji-doktorantow\/\">\u015brodki w dyspozycji doktorant\u00f3w<\/a><\/p>\n<p><span style=\"text-decoration: underline;\"><strong>Dodatkowe warunki konkursu, nie uwzgl\u0119dnione w Regulaminie:<\/strong><\/span><\/p>\n<ol>\n<li>Na jednego doktoranta nie b\u0119d\u0105 przyznawane \u015brodki w wysoko\u015bci wi\u0119kszej ni\u017c 5000 PLN.<\/li>\n<li>Doktorant mo\u017ce z\u0142o\u017cy\u0107 kilka wniosk\u00f3w, je\u017celi chce si\u0119 ubiega\u0107 o finansowanie r\u00f3\u017cnych projekt\u00f3w (na \u0142\u0105czn\u0105 kwot\u0119 nie przekraczaj\u0105c\u0105 5000 PLN).<\/li>\n<li>W konkursie mog\u0105 by\u0107 finansowane podr\u00f3\u017ce zagraniczne, pod warunkiem, \u017ce wyjazd jest dobrze uzasadniony i nie ma mo\u017cliwo\u015bci zrealizowania danego dzia\u0142ania on-line (np. konferencje hybrydowe \u2013 tylko udzia\u0142 on-line).<\/li>\n<li>Doktorant, kt\u00f3ry z\u0142o\u017cy\u0142 indywidualny plan bada\u0144 powinien wnioskowa\u0107 o \u015brodki zaplanowane w bud\u017cecie IPB. Inne dzia\u0142ania b\u0119d\u0105 finansowane tylko w przypadku pozostania wolnych \u015brodk\u00f3w po sfinansowaniu wszystkich dzia\u0142a\u0144 zawartych w IPB (dotyczy doktorant\u00f3w II roku).<\/li>\n<li>Przypominamy, \u017ce doktoranci, kt\u00f3rzy uzyskali finansowanie w konkursie nr 3 (1\/2021) musz\u0105 z\u0142o\u017cy\u0107 wst\u0119pne sprawozdanie z wydatkowania przyznanych \u015brodk\u00f3w, \u017ceby ubiega\u0107 si\u0119 o kolejne \u015brodki. Dost\u0119pny jest formularz sprawozdania na dzie\u0144 12 maja: <a href=\"https:\/\/formularze.us.edu.pl\/form\/index\/2568\">https:\/\/formularze.us.edu.pl\/form\/index\/2568<\/a>.<\/li>\n<\/ol>\n<p>\n<\/div>\r\n                    <\/div>\r\n                <\/div><div class=\"container\"><div class=\"separator\" style=\"background-color: #EBEBEB\"><\/div><\/div>\r\n                <div class=\"text-modules\">\r\n                    <div class=\"container\">\r\n                        <h3 class=\"page-title text__title\">Informacja o rozstrzygni\u0119ciu konkursu nr 3 (1\/2021)<\/h3>\r\n                        <div class=\"text-modules__content\"><p>Konkurs przeprowadzony zosta\u0142 na podstawie Regulaminu wydatkowania \u015brodk\u00f3w na dzia\u0142alno\u015b\u0107 naukow\u0105 doktorant\u00f3w Szko\u0142y Doktorskiej wprowadzony zarz\u0105dzeniem nr 2\/2021 Dziekana Szko\u0142y Doktorskiej z dnia 15 stycznia 2021 r. W dniu 9 lutego komisja konkursowa powo\u0142ana przez Pani\u0105 Dziekan Szko\u0142y Doktorskiej ustali\u0142a podzia\u0142 \u015brodk\u00f3w w konkursie.<\/p>\n<p>W ustalonym terminie wp\u0142yn\u0119\u0142o 97 wnioski, w tym 89 wniosk\u00f3w z\u0142o\u017conych poprawnie i potwierdzonych przez promotora. Jeden wniosek zosta\u0142 wycofany w trakcie procedury oceny.<\/p>\n<ul style=\"list-style-type: circle;\">\n<li>Z\u0142o\u017cono wnioski na \u0142\u0105czn\u0105 sum\u0119: 447 050,68 z\u0142.<\/li>\n<li>\u015arodki przeznaczone do podzia\u0142u: 105 500 z\u0142.<\/li>\n<li><strong>Po analizie wniosk\u00f3w Dziekan na wniosek komisji zgodzi\u0142a si\u0119 na finansowanie dzia\u0142a\u0144 na \u0142\u0105czn\u0105 sum\u0119 do 126 000 z\u0142<\/strong>.<\/li>\n<\/ul>\n<p>Po ocenie komisji 69 wniosk\u00f3w zosta\u0142o ocenionych pozytywnie, to znaczy \u017ce uzyska\u0142o wystarczaj\u0105co du\u017co punkt\u00f3w w kategoriach, w kt\u00f3rych okre\u015blona by\u0142a minimalna liczba punkt\u00f3w.<\/p>\n<p>Na podstawie ocen cz\u0142onk\u00f3w komisji i po analizie koszt\u00f3w przedstawionych we wnioskach <strong>komisja zdecydowa\u0142a o finansowaniu 67 wniosk\u00f3w<\/strong>, niekt\u00f3rych w ca\u0142o\u015bci, a niekt\u00f3rych w cz\u0119\u015bci. 2 wnioski o najmniejszej liczbie punk\u00f3w, chocia\u017c ocenione pozytywnie, nie b\u0119d\u0105 finansowane, poniewa\u017c zabrak\u0142o dla nich \u015brodk\u00f3w, ponadto komisja uzna\u0142a, \u017ce nie s\u0105 one bezpo\u015brednio zwi\u0105zane z przygotowywan\u0105 rozpraw\u0105 doktorsk\u0105. <strong>Zgodnie z postanowieniami ww. regulaminu Szko\u0142a Doktorska publikuje informacje o przyznanych \u015brodkach<\/strong>.<\/p>\n<p>Osoby, kt\u00f3re nie otrzyma\u0142y finansowania, otrzymaj\u0105 informacj\u0119 o otrzymanej punktacji w oddzielnym mailu. Osoby, kt\u00f3rym przyznano cz\u0119\u015b\u0107 \u015brodk\u00f3w otrzymaj\u0105 w oddzielnym mailu informacj\u0119 o szczeg\u00f3\u0142ach finansowania. Obie informacje b\u0119d\u0105 wys\u0142ane do 19 lutego.<\/p>\n<\/div>\r\n                    <\/div>\r\n                <\/div>\r\n                <div class=\"tiles-section\" style=\"background: \">\r\n                    <div class=\"container\">\r\n                        <h3 class=\"page-title\"><\/h3>\r\n                        <div class=\"tiles tiles-2\">\r\n                            <a href=\"\/szkola-doktorska\/projekty-finansowane-ze-srodkow-szkoly-doktorskiej-konkurs-1-2021\/\" class=\"tile tile_double justify-content-center\" style=\"background-color: #002E5A; font-weight: ; color: #ffffff;  \">\r\n                                \r\n                                   \r\n                               \r\n                                <div class=\"tile__name\">Projekty finansowane ze \u015brodk\u00f3w Szko\u0142y Doktorskiej - konkurs nr 3 (1\/2021)<\/div>\r\n                            <\/a><\/div>\r\n                    <\/div>\r\n                <\/div>\r\n                <div class=\"text-modules\">\r\n                    <div class=\"container\">\r\n                        <h3 class=\"page-title text__title\">Informacja o rozstrzygni\u0119ciu konkursu nr 2 (2020)<\/h3>\r\n                        <div class=\"text-modules__content\"><p>Konkurs przeprowadzony zosta\u0142 na podstawie Regulaminu wydatkowania \u015brodk\u00f3w na dzia\u0142alno\u015b\u0107 naukow\u0105 doktorant\u00f3w Szko\u0142y Doktorskiej na rok bud\u017cetowy 2020. W dniu 28 pa\u017adziernika komisja konkursowa powo\u0142ana przez Pani\u0105 Dziekan Szko\u0142y Doktorskiej ustali\u0142a podzia\u0142 \u015brodk\u00f3w w konkursie.<\/p>\n<p>W ustalonym terminie wp\u0142yn\u0119\u0142o 89 wniosk\u00f3w, w tym 78 wniosk\u00f3w z\u0142o\u017conych poprawnie.<\/p>\n<ul>\n<li>Z\u0142o\u017cono wnioski na \u0142\u0105czn\u0105 sum\u0119: 261 114,99 z\u0142.<\/li>\n<li>\u015arodki przeznaczone do podzia\u0142u: 79 966,95 z\u0142.<\/li>\n<li><strong>Po analizie wniosk\u00f3w Dziekan na wniosek komisji zgodzi\u0142a si\u0119 na finansowanie dzia\u0142a\u0144 na \u0142\u0105czn\u0105 sum\u0119 do 82 459 z\u0142, a tak\u017ce wyst\u0105pi\u0142a do Prorektora ds. finans\u00f3w o sfinansowanie wydatk\u00f3w doktorant\u00f3w w \u0142\u0105cznej wysoko\u015bci 72\u00a0319 z\u0142 ze \u015brodk\u00f3w programu Inicjatywa Doskona\u0142o\u015bci Badawczej<\/strong>. <strong>Prorektor ds. finans\u00f3w wyrazi\u0142 na to zgod\u0119.<\/strong><\/li>\n<li>42 wnioski sfinansowano ze \u015brodk\u00f3w konkursowych.<\/li>\n<li>18 wniosk\u00f3w sfinansowano ze \u015brodk\u00f3w programu Inicjatywa Doskona\u0142o\u015bci Badawczej.<\/li>\n<\/ul>\n<p>\n<\/div>\r\n                    <\/div>\r\n                <\/div>\r\n                <div class=\"tiles-section\" style=\"background: \">\r\n                    <div class=\"container\">\r\n                        <h3 class=\"page-title\"><\/h3>\r\n                        <div class=\"tiles tiles-2\">\r\n                            <a href=\"\/szkola-doktorska\/projekty-finansowane-ze-srodkow-programu-inicjatywa-doskonalosci-badawczej-konkurs-sd-2-2020-2\/\" class=\"tile tile_double justify-content-center\" style=\"background-color: #002E5A; font-weight: ; color: #ffffff;  \">\r\n                                \r\n                                   \r\n                               \r\n                                <div class=\"tile__name\">Konkurs nr 2 - projekty finansowane ze \u015brodk\u00f3w Szko\u0142y Doktorskiej<\/div>\r\n                            <\/a>\r\n                            <a href=\"\/szkola-doktorska\/projekty-finansowane-ze-srodkow-programu-inicjatywa-doskonalosci-badawczej-konkurs-sd-2-2020\/\" class=\"tile tile_ justify-content-center\" style=\"background-color: #ffffff; font-weight: ; color: #002E5A;  \">\r\n                                \r\n                                   \r\n                               \r\n                                <div class=\"tile__name\">Konkurs nr 2 - projekty finansowane ze \u015brodk\u00f3w programu Inicjatywa Doskona\u0142o\u015bci Badawczej<\/div>\r\n                            <\/a><\/div>\r\n                    <\/div>\r\n                <\/div>\r\n                <div class=\"text-modules\">\r\n                    <div class=\"container\">\r\n                        <h3 class=\"page-title text__title\">Informacja o rozstrzygni\u0119ciu konkursu nr 1 (2020)<\/h3>\r\n                        <div class=\"text-modules__content\"><p>Konkurs przeprowadzony zosta\u0142 na podstawie Regulaminu wydatkowania \u015brodk\u00f3w na dzia\u0142alno\u015b\u0107 naukow\u0105 doktorant\u00f3w Szko\u0142y Doktorskiej ustalonego decyzj\u0105 dziekana Szko\u0142y Doktorskiej z dnia 7 lutego 2020 r. W dniu 3 marca komisja konkursowa powo\u0142ana przez Pani\u0105 Dziekan Szko\u0142y Doktorskiej ustali\u0142a podzia\u0142 \u015brodk\u00f3w na dzia\u0142alno\u015b\u0107 doktorant\u00f3w w roku kalendarzowym 2020.<\/p>\n<p>W ustalonym terminie wp\u0142yn\u0119\u0142y 43 wnioski, w tym 38 wniosk\u00f3w z\u0142o\u017conych poprawnie. Po wezwaniu o uzupe\u0142nienie komisja oceni\u0142a 40 wniosk\u00f3w, przy czym jeden wniosek ostatecznie pozosta\u0142 bez oceny ze wzgl\u0119du na to, \u017ce jego finansowanie zosta\u0142o uznane za niemo\u017cliwe.<\/p>\n<p>Na podstawie ocen cz\u0142onk\u00f3w komisji i po analizie koszt\u00f3w przedstawionych we wnioskach komisja zdecydowa\u0142a o finansowaniu 34 wniosk\u00f3w, niekt\u00f3rych w ca\u0142o\u015bci a niekt\u00f3rych w cz\u0119\u015bci. Zgodnie z postanowieniami ww. regulaminu Szko\u0142a Doktorska publikuje informacje o przyznanych \u015brodkach.<\/p>\n<\/div>\r\n                    <\/div>\r\n                <\/div>\r\n                <div class=\"tiles-section\" style=\"background: \">\r\n                    <div class=\"container\">\r\n                        <h3 class=\"page-title\"><\/h3>\r\n                        <div class=\"tiles tiles-2\">\r\n                            <a href=\"\/szkola-doktorska\/projekty-finansowane-ze-srodkow-szkoly-doktorskiej\/\" class=\"tile tile_double justify-content-center\" style=\"background-color: #002E5A; font-weight: ; color: #ffffff;  \">\r\n                                \r\n                                   \r\n                               \r\n                                <div class=\"tile__name\">Projekty finansowane ze \u015brodk\u00f3w Szko\u0142y Doktorskiej<\/div>\r\n                            <\/a><\/div>\r\n                    <\/div>\r\n                <\/div>[\/vc_column][\/vc_row]<\/p>","protected":false},"excerpt":{"rendered":"<p>[vc_row][vc_column][vc_row_inner][vc_column_inner][\/vc_column_inner][\/vc_row_inner][\/vc_column][\/vc_row] [&#8230;]<\/p>\n<p><a class=\"btn btn-secondary understrap-read-more-link\" href=\"https:\/\/us.edu.pl\/szkola-doktorska\/srodki-na-dzialalnosc-naukowa-doktorantow-2021\/konkurs-dla-doktorantow-srodki-na-dzialalnosc-naukowa-2021\/\">Read More&#8230;<\/a><\/p>\n","protected":false},"author":42,"featured_media":0,"parent":6688,"menu_order":0,"comment_status":"closed","ping_status":"closed","template":"","meta":{"_expiration-date-status":"","_expiration-date":0,"_expiration-date-type":"","_expiration-date-categories":[],"_expiration-date-options":[]},"acf":[],"_links":{"self":[{"href":"https:\/\/us.edu.pl\/szkola-doktorska\/wp-json\/wp\/v2\/pages\/6692"}],"collection":[{"href":"https:\/\/us.edu.pl\/szkola-doktorska\/wp-json\/wp\/v2\/pages"}],"about":[{"href":"https:\/\/us.edu.pl\/szkola-doktorska\/wp-json\/wp\/v2\/types\/page"}],"author":[{"embeddable":true,"href":"https:\/\/us.edu.pl\/szkola-doktorska\/wp-json\/wp\/v2\/users\/42"}],"replies":[{"embeddable":true,"href":"https:\/\/us.edu.pl\/szkola-doktorska\/wp-json\/wp\/v2\/comments?post=6692"}],"version-history":[{"count":4,"href":"https:\/\/us.edu.pl\/szkola-doktorska\/wp-json\/wp\/v2\/pages\/6692\/revisions"}],"predecessor-version":[{"id":7801,"href":"https:\/\/us.edu.pl\/szkola-doktorska\/wp-json\/wp\/v2\/pages\/6692\/revisions\/7801"}],"up":[{"embeddable":true,"href":"https:\/\/us.edu.pl\/szkola-doktorska\/wp-json\/wp\/v2\/pages\/6688"}],"wp:attachment":[{"href":"https:\/\/us.edu.pl\/szkola-doktorska\/wp-json\/wp\/v2\/media?parent=6692"}],"curies":[{"name":"wp","href":"https:\/\/api.w.org\/{rel}","templated":true}]}}