{"id":6718,"date":"2022-01-27T19:18:21","date_gmt":"2022-01-27T18:18:21","guid":{"rendered":"https:\/\/us.edu.pl\/szkola-doktorska\/?page_id=6718"},"modified":"2022-02-25T14:16:00","modified_gmt":"2022-02-25T13:16:00","slug":"plan-zajec-semestr-letni-i-rok-sd","status":"publish","type":"page","link":"https:\/\/us.edu.pl\/szkola-doktorska\/harmonogram-zajec-semestr-letni-2021-2022\/plan-zajec-semestr-letni-i-rok-sd\/","title":{"rendered":"Plan zaj\u0119\u0107 &#8211; semestr letni &#8211; I rok 2021\/2022"},"content":{"rendered":"<p>[vc_row][vc_column]\r\n                <div class=\"text-modules \">\r\n                    <div class=\"container\">\r\n                        <h3 class=\"section-title section-title_border-bottom\">Seminarium doktorskie i tutoring<\/h3> \r\n                        <div class=\"row m-0\">\r\n                            <div class=\"text-modules__content\">\r\n                                Zaj\u0119cia indywidualne (seminarium, tutoring) realizowane s\u0105 zgodnie ze zg\u0142oszeniami. O formie zaj\u0119\u0107 i kryteriach zaliczenia decyduj\u0105 wsp\u00f3lnie prowadz\u0105cy i doktorant.<\/p>\n<p>Je\u017celi co\u015b wymaga poprawy w USOS &#8211; zg\u0142o\u015b to do biura SD.<\/p>\n<p>Je\u017celi rozpoczynasz wsp\u00f3\u0142prac\u0119 z tutorem spoza Uniwersytetu \u015al\u0105skiego &#8211; poinformuj biuro o termiach pracy i zapytaj o podpisanie umowy.<\/p>\n<p>Kontakt w obu sprawach: <a href=\"mailto:agnieszka.filipowska@us.edu.pl\">Agnieszka Filipowska<\/a><\/p>\n<p>Wi\u0119cej na temat tutoringu: <a href=\"\/szkola-doktorska\/ksztalcenie-indywidualne\/tutoring\/\">tutoring ekspercki w Szkole Doktorskiej<\/a> \r\n                                <div class=\"mt-3\"><\/div>\r\n                            <\/div>\r\n                            \r\n                            <div class=\"text-modules__img\"><img src=\"https:\/\/us.edu.pl\/szkola-doktorska\/wp-content\/uploads\/sites\/50\/2019\/11\/apple-256268_1920-300x199.jpg\" alt=\"img\"><\/div>\r\n                        <\/div>\r\n                    <\/div>\r\n                <\/div>\r\n                <div class=\"text-modules \">\r\n                    <div class=\"container\">\r\n                        <h3 class=\"section-title section-title_border-bottom\">Etyka bada\u0144<\/h3> \r\n                        <div class=\"row m-0\">\r\n                            <div class=\"text-modules__content\">\r\n                                zaj\u0119cia obowi\u0105zkowe na I roku, 15 godzin, 2 ECTS<\/p>\n<p>koordynator: dr hab. Monika Jagielska, prof. U\u015a<\/p>\n<p>prowadz\u0105cy: dr hab. Monika Jagielska, prof. U\u015a, dr hab. Mariusz Jagielski, prof. U\u015a, mgr Natalia Galica<\/p>\n<p>cykl zaj\u0119\u0107: 4 spotkania obowi\u0105zkowe, 3 terminy konsultacji, zaliczenie, <strong>ca\u0142o\u015b\u0107 zaj\u0119\u0107 prowadzona zdalnie<\/strong><\/p>\n<ul>\n<li>grupa 1 &#8211; obszar: nauki \u015bcis\u0142e i przyrodnicze oraz in\u017cynieryjno-techniczne &#8211; \u015broda od 2 marca, godz. 11:30-13:00<\/li>\n<li>grupa 2 &#8211; obszary: nauki humanistyczne i nauki spo\u0142eczne &#8211; \u015broda od 2 marca, godz. 13:45-15:15<\/li>\n<li>grupa 3 &#8211; obszary: nauki humanistyczne i nauki spo\u0142eczne &#8211; \u015broda od 2 marca, godz. 17:15-18:45<\/li>\n<li>grupa 4 &#8211; obszary: nauki humanistyczne i nauki spo\u0142eczne &#8211; czwartek od 3 marca, godz. 13:45-15:15<\/li>\n<li>grupa 5 &#8211; grupa angloj\u0119zyczna &#8211; czwartek od 3 marca, godz. 15:30-17:00<\/li>\n<li>grupa 6 &#8211; obszar: nauki \u015bcis\u0142e i przyrodnicze oraz in\u017cynieryjno-techniczne &#8211; czwartek od 3 marca, godz. 17:15-18:45<\/li>\n<\/ul>\n<div class=\"mt-3\"><\/div>\r\n                            <\/div>\r\n                            \r\n                            <div class=\"text-modules__img\"><img src=\"https:\/\/us.edu.pl\/szkola-doktorska\/wp-content\/uploads\/sites\/50\/Nieprzypisane\/animal-1554745_1280-300x195-1-300x195.jpg\" alt=\"img\"><\/div>\r\n                        <\/div>\r\n                    <\/div>\r\n                <\/div>\r\n                <div class=\"text-modules \">\r\n                    <div class=\"container\">\r\n                        <h3 class=\"section-title section-title_border-bottom\">Planowanie kariery naukowej i rozw\u00f3j osobisty<\/h3> \r\n                        <div class=\"row m-0\">\r\n                            <div class=\"text-modules__content\">\r\n                                Warsztaty &#8211; 15 godzin, 2 ECTS<\/p>\n<p>Zaj\u0119cia sk\u0142adaj\u0105 si\u0119 z dw\u00f3ch cz\u0119\u015bci &#8211; obowi\u0105zkowej cz\u0119\u015bci warsztatowej i otwartej cz\u0119\u015bci wyk\u0142adowej<\/p>\n<p><span style=\"text-decoration: underline;\"><strong>Cz\u0119\u015b\u0107 warsztatowa<\/strong><\/span> &#8211; rejestracja od 31 stycznia godz. 19:00 &#8211; zaj\u0119cia w grupach w ramach obszar\u00f3w:<\/p>\n<p><strong>Obszar nauk \u015bcis\u0142ych i przyrodniczych oraz in\u017cynieryjno-technicznych<\/strong><\/p>\n<ol>\n<li>Grupa po polsku (limit: 25 os\u00f3b, USOS- gr. 1)\n<ul>\n<li>dr hab. Jakub Spiechowicz, prof. U\u015a &#8211; czwartek 3 i 10 marca 15:30-17:30<\/li>\n<li>prof. dr hab. Micha\u0142 Zato\u0144 &#8211; czwartek 17, 24 marca 14:30-17:00, 31 marca 15:30-18:00<\/li>\n<\/ul>\n<\/li>\n<li>Grupa po angielsku (limit: 20 os\u00f3b, USOS &#8211; gr. 2)\n<ul>\n<li>dr hab. Jakub Spiechowicz, prof. U\u015a &#8211; czwartek 3 i 10 marca 10:00-12:30<\/li>\n<li>prof. dr hab. Micha\u0142 Zato\u0144 &#8211; czwartek 17, 24 i 31 marca 10:00-12:30<\/li>\n<\/ul>\n<\/li>\n<\/ol>\n<p><strong>Obszar nauk humanistycznych, teologicznych i sztuki<\/strong><\/p>\n<ol>\n<li>Grupa po polsku (USOS &#8211; grupa 3)\n<ul>\n<li>dr hab Micha\u0142 K\u0142osi\u0144ski, prof. U\u015a &#8211; wtorki od 1 marca, 16:00-18:15, zdalnie (5 spotka\u0144)<\/li>\n<\/ul>\n<\/li>\n<li>Grupa po angielsku (USOS &#8211; grupa 4)\n<ul>\n<li>prof. dr hab. Przemys\u0142aw Marciniak &#8211; czwartki od 3 marca (terminy: 3.03., 17.03, 31.03, 7.04, 21.04), 17.15-19.30, zdalnie<\/li>\n<\/ul>\n<\/li>\n<\/ol>\n<p><strong>Obszar nauk spo\u0142ecznych<\/strong><\/p>\n<ol>\n<li>Grupa po polsku (USOS &#8211; grupa 5)\n<ul>\n<li>dr hab. Miron Lakomy, prof. U\u015a &#8211; wtorek 1 marca godz. 8:45-12:50, online<\/li>\n<li>dr hab. Agnieszka Turska-Kawa, prof. U\u015a &#8211; czwartek 3 marca 9:30-13:00, na miejscu &#8211; Bankowa 14<\/li>\n<li>prof. dr hab. Micha\u0142 Zato\u0144 &#8211; wtorek 15 marca 9.15-13:15, Bankowa 14<\/li>\n<\/ul>\n<\/li>\n<li>Grupa 2 po polsku (USOS &#8211; grupa 6)\n<ul>\n<li>dr hab. Miron Lakomy, prof. U\u015a &#8211; wtorek 8 marca godz. 8:45-12:50, online<\/li>\n<li>dr hab. Agnieszka Turska-Kawa, prof. U\u015a &#8211; czwartek 10 marca 9:30-13:00, na miejscu &#8211; Bankowa 14<\/li>\n<li>prof. dr hab. Micha\u0142 Zato\u0144 &#8211; wtorek 22 marca 9.15-13:15, Bankowa 14<\/li>\n<\/ul>\n<\/li>\n<\/ol>\n<p><strong>Cze\u015b\u0107 wyk\u0142adowa<\/strong> &#8211; wyk\u0142ady otwarte badaczy posiadaj\u0105cych interesuj\u0105ce do\u015bwiadczenie w ramach swojego rozwoju naukowego<\/p>\n<ul>\n<li>informacje wkr\u00f3tce<\/li>\n<\/ul>\n<div class=\"mt-3\"><\/div>\r\n                            <\/div>\r\n                            \r\n                            <div class=\"text-modules__img\"><img src=\"https:\/\/us.edu.pl\/szkola-doktorska\/wp-content\/uploads\/sites\/50\/Nieprzypisane\/provetas-118222_1280-300x183-2-300x183.jpg\" alt=\"img\"><\/div>\r\n                        <\/div>\r\n                    <\/div>\r\n                <\/div>\r\n                <div class=\"text-modules \">\r\n                    <div class=\"container\">\r\n                        <h3 class=\"section-title section-title_border-bottom\">Przygotowanie i realizacja projektu badawczego<\/h3> \r\n                        <div class=\"row m-0\">\r\n                            <div class=\"text-modules__content\">\r\n                                36 godzin, 5 ECTS<\/p>\n<p>Zaj\u0119cia przygotowuj\u0105ce do z\u0142o\u017cenia wniosku o finansowanie projektu badawczego. Zaliczeniem zaj\u0119\u0107 jest z\u0142o\u017cenie wniosku &#8211; do ko\u0144ca drugiego roku kszta\u0142cenia.<\/p>\n<p>Zaj\u0119cia z\u0142o\u017cone z trzech element\u00f3w:<\/p>\n<ol>\n<li>Wyk\u0142ady informacyjne &#8211; Dzia\u0142 Projekt\u00f3w<\/li>\n<li>Warsztaty ze specjalistami wspieraj\u0105cymi przygotowanie wniosku<\/li>\n<li>Konsultacje<\/li>\n<\/ol>\n<p><strong>Wyk\u0142ad informacyjne<\/strong> &#8211; Dzia\u0142 Projekt\u00f3w:<\/p>\n<ul>\n<li>zagraniczne i polskie \u017ar\u00f3d\u0142a finansowania projekt\u00f3w badawczych &#8211; dr Emilia Rekosz-Cebula (termin zostanie podany)<\/li>\n<li>obs\u0142uga panelu w systemie OSF OPI &#8211; mgr Karolina Habdas<\/li>\n<\/ul>\n<p><strong>Warsztaty<\/strong> &#8211; oddzielne dla poszczeg\u00f3lnych obszar\u00f3w i dyscyplin.<\/p>\n<p>Rejestracja na warsztat od 31 stycznia godz. 19:00. Rejestracja obejmuje wszystkich doktorant\u00f3w I roku, ale doktoranci obszaru nauk \u015bcis\u0142ych s\u0105 w za\u0142o\u017ceniu przypisani do konkretnych prowadz\u0105cych &#8211; prosimy o potwierdzenie tego wyboru przez rejestracj\u0119.<\/p>\n<ol>\n<li>nauki chemiczne &#8211; dr hab. Rafa\u0142 Podeszwa, prof. U\u015a (termin &#8211; wkr\u00f3tce)<\/li>\n<li>nauki fizyczne, matematyka, informatyka, in\u017cynieria materia\u0142owa &#8211; prof. dr hab. Marian Paluch<\/li>\n<li>nauki o Ziemi i \u015brodowisku &#8211; prof. dr hab. Micha\u0142 Zato\u0144 (czwartki od 31 marca, 13:15-15:30)<\/li>\n<li>nauki biologiczne &#8211; dr hab. Damian Gruszka, prof. U\u015a &#8211; wtorek od 15 marca, 13:00-15:15<\/li>\n<li>nauki humanistyczne &#8211; dr Maciej Stanek &#8211; wtorek od 15 marca 11:30-13:45, Bankowa 14, sala 410<\/li>\n<li>nauki humanistyczne &#8211; dr Maciej Stanek &#8211; wtorek od 15 marca 14:30-16:45, Bankowa 14, sala 410<\/li>\n<li>nauki spo\u0142eczne i nauki humanistyczne (j\u0119zykoznawstwo) &#8211; dr Dorota Kiebzak-Mandera &#8211; czwartek od 3 marca 13:45-15:15, Bankowa 14, sala 410<\/li>\n<li>nauki spo\u0142eczne i nauki humanistyczne (j\u0119zykoznawstwo) &#8211; dr Dorota Kiebzak-Mandera &#8211; czwartek od 3 marca 15:30-17:00, Bankowa 14, sala 410<\/li>\n<li>nauki spo\u0142eczne i nauki humanistyczne (j\u0119zykoznawstwo) &#8211; dr Dorota Kiebzak-Mandera &#8211; czwartek od 3 marca 17:15-18:45, Bankowa 14, sala 410<\/li>\n<\/ol>\n<p><strong>Konsultacje<\/strong> &#8211; informacje wkr\u00f3tce \r\n                                <div class=\"mt-3\"><\/div>\r\n                            <\/div>\r\n                            \r\n                            <div class=\"text-modules__img\"><img src=\"https:\/\/us.edu.pl\/szkola-doktorska\/wp-content\/uploads\/sites\/50\/Nieprzypisane\/DSC6703-300x206.jpg\" alt=\"img\"><\/div>\r\n                        <\/div>\r\n                    <\/div>\r\n                <\/div>\r\n                <div class=\"text-modules reverse\">\r\n                    <div class=\"container\">\r\n                        <h3 class=\"section-title section-title_border-bottom\">Lektorat j\u0119zyka angielskiego<\/h3> <h3 class=\"subtitle text-modules__subtitle\">zaj\u0119cia dodatkowe (nieobowi\u0105zkowe), 2 ECTS<\/h3>\r\n                        <div class=\"row m-0\">\r\n                            <div class=\"text-modules__content\">\r\n                                Kontynuacja zaj\u0119\u0107 z pierwszego semestru. \r\n                                <div class=\"mt-3\"><\/div>\r\n                            <\/div>\r\n                            \r\n                            <div class=\"text-modules__img\"><img src=\"https:\/\/us.edu.pl\/szkola-doktorska\/wp-content\/uploads\/sites\/50\/Nieprzypisane\/DSC4867-300x200.jpg\" alt=\"img\"><\/div>\r\n                        <\/div>\r\n                    <\/div>\r\n                <\/div>[\/vc_column][\/vc_row]<\/p>","protected":false},"excerpt":{"rendered":"<p>[vc_row][vc_column][\/vc_column][\/vc_row] [&#8230;]<\/p>\n<p><a class=\"btn btn-secondary understrap-read-more-link\" href=\"https:\/\/us.edu.pl\/szkola-doktorska\/harmonogram-zajec-semestr-letni-2021-2022\/plan-zajec-semestr-letni-i-rok-sd\/\">Read More&#8230;<\/a><\/p>\n","protected":false},"author":42,"featured_media":0,"parent":6750,"menu_order":0,"comment_status":"closed","ping_status":"closed","template":"","meta":{"_expiration-date-status":"saved","_expiration-date":0,"_expiration-date-type":"","_expiration-date-categories":[],"_expiration-date-options":[]},"acf":[],"_links":{"self":[{"href":"https:\/\/us.edu.pl\/szkola-doktorska\/wp-json\/wp\/v2\/pages\/6718"}],"collection":[{"href":"https:\/\/us.edu.pl\/szkola-doktorska\/wp-json\/wp\/v2\/pages"}],"about":[{"href":"https:\/\/us.edu.pl\/szkola-doktorska\/wp-json\/wp\/v2\/types\/page"}],"author":[{"embeddable":true,"href":"https:\/\/us.edu.pl\/szkola-doktorska\/wp-json\/wp\/v2\/users\/42"}],"replies":[{"embeddable":true,"href":"https:\/\/us.edu.pl\/szkola-doktorska\/wp-json\/wp\/v2\/comments?post=6718"}],"version-history":[{"count":10,"href":"https:\/\/us.edu.pl\/szkola-doktorska\/wp-json\/wp\/v2\/pages\/6718\/revisions"}],"predecessor-version":[{"id":6845,"href":"https:\/\/us.edu.pl\/szkola-doktorska\/wp-json\/wp\/v2\/pages\/6718\/revisions\/6845"}],"up":[{"embeddable":true,"href":"https:\/\/us.edu.pl\/szkola-doktorska\/wp-json\/wp\/v2\/pages\/6750"}],"wp:attachment":[{"href":"https:\/\/us.edu.pl\/szkola-doktorska\/wp-json\/wp\/v2\/media?parent=6718"}],"curies":[{"name":"wp","href":"https:\/\/api.w.org\/{rel}","templated":true}]}}