{"id":6727,"date":"2022-01-28T11:36:15","date_gmt":"2022-01-28T10:36:15","guid":{"rendered":"https:\/\/us.edu.pl\/szkola-doktorska\/?page_id=6727"},"modified":"2022-02-24T10:25:32","modified_gmt":"2022-02-24T09:25:32","slug":"plan-zajec-semestr-letni-ii-rok-2021-2022","status":"publish","type":"page","link":"https:\/\/us.edu.pl\/szkola-doktorska\/harmonogram-zajec-semestr-letni-2021-2022\/plan-zajec-semestr-letni-ii-rok-2021-2022\/","title":{"rendered":"Plan zaj\u0119\u0107 &#8211; semestr letni &#8211; II rok 2021\/2022"},"content":{"rendered":"<p>[vc_row][vc_column]\r\n                <div class=\"text-modules \">\r\n                    <div class=\"container\">\r\n                        <h3 class=\"section-title section-title_border-bottom\">Seminarium doktorskie i tutoring<\/h3> \r\n                        <div class=\"row m-0\">\r\n                            <div class=\"text-modules__content\">\r\n                                Zaj\u0119cia indywidualne (seminarium, tutoring) realizowane s\u0105 zgodnie ze zg\u0142oszeniami. O formie zaj\u0119\u0107 i kryteriach zaliczenia decyduj\u0105 wsp\u00f3lnie prowadz\u0105cy i doktorant.<\/p>\n<p>Je\u017celi co\u015b wymaga poprawy w USOS &#8211; zg\u0142o\u015b to do biura SD.<\/p>\n<p>Je\u017celi rozpoczynasz wsp\u00f3\u0142prac\u0119 z tutorem spoza Uniwersytetu \u015al\u0105skiego &#8211; poinformuj biuro o termiach pracy i zapytaj o podpisanie umowy.<\/p>\n<p>Kontakt w obu sprawach: <a href=\"mailto:agnieszka.filipowska@us.edu.pl\">Agnieszka Filipowska<\/a><\/p>\n<p>Wi\u0119cej na temat tutoringu: <a href=\"\/szkola-doktorska\/ksztalcenie-indywidualne\/tutoring\/\">tutoring ekspercki w Szkole Doktorskiej<\/a> \r\n                                <div class=\"mt-3\"><\/div>\r\n                            <\/div>\r\n                            \r\n                            <div class=\"text-modules__img\"><img src=\"https:\/\/us.edu.pl\/szkola-doktorska\/wp-content\/uploads\/sites\/50\/2019\/11\/apple-256268_1920-300x199.jpg\" alt=\"img\"><\/div>\r\n                        <\/div>\r\n                    <\/div>\r\n                <\/div>\r\n                <div class=\"text-modules \">\r\n                    <div class=\"container\">\r\n                        <h3 class=\"section-title section-title_border-bottom\">Academic English II<\/h3> <h3 class=\"subtitle text-modules__subtitle\">60 godzin (30 w semestrze zimowym i 30 w semestrze letnim), 4 ECTS<\/h3>\r\n                        <div class=\"row m-0\">\r\n                            <div class=\"text-modules__content\">\r\n                                Zaj\u0119cia prowadzone w formie zdalne, z u\u017cyciem MS Teams. Prowadz\u0105cy kontaktuj\u0105 si\u0119 z doktorantami i ustalaj\u0105 form\u0119 komunikacji. Zaj\u0119cia dla wszystkich doktorant\u00f3w, w tym wdro\u017ceniowych i obcoj\u0119zycznych.<\/p>\n<p>Zaj\u0119cia w podziale na dyscypliny, realizowane blokach trzygodzinnych od 23 lutego do 4 maja (mo\u017cliwe przed\u0142u\u017cenie o tydzie\u0144).<\/p>\n<p>Zaj\u0119cia nie wymagaj\u0105 logowania. Doktoranci przydzielani s\u0105 do grup zgodnie z dyscyplin\u0105 &#8211; ewentualne zmiany nale\u017cy om\u00f3wi\u0107 z prowadz\u0105cymi i zg\u0142osi\u0107 do biura SD.<\/p>\n<p><strong>Obszar nauk \u015bcis\u0142ych i przyrodniczych oraz in\u017cynieryjno-technicznych<\/strong><\/p>\n<ul>\n<li>nauki fizyczne, in\u017cynieria materia\u0142owa &#8211; dr hab. Zbigniew Dendzik, prof. U\u015a, dr hab. Seweryn Kowalski, prof. U\u015a\u00a0\u2013 \u015broda, 9:45-12:00<\/li>\n<li>nauki chemiczne &#8211; prof. dr hab. Stanis\u0142aw Kucharski, dr hab. Tadeusz Pluta, \u015broda, 13:00-15:15<\/li>\n<li>nauki biologiczne \u2013 dr hab. Alexander Betekhtin, prof. U\u015a \u2013 \u015broda, 8:45-11:00<\/li>\n<li>nauki o Ziemi i \u015brodowisku &#8211; dr Ashley Gumsley &#8211; \u015broda, 8:45-11:00<\/li>\n<li>matematyka, informatyka techniczna i telekomunikacja \u2013 dr in\u017c. Przemys\u0142aw Kud\u0142acik, dr hab. Ekaterina Shulman, prof. U\u015a \u2013 \u015broda, 15:30-17:45<\/li>\n<\/ul>\n<p><strong>Obszar nauk humanistycznych, nauk teologicznych i sztuki<\/strong><\/p>\n<ul>\n<li>literaturoznawstwo, nauki o kulturze i religii, sztuki filmowe i teatralne \u2013 dr Aleksandra Musia\u0142, dr Nina Augustynowicz \u2013 \u015broda, 15:30-17:45 (dwie grupy podzielone ze wzgl\u0119du na poziom znajomo\u015bci j\u0119zyka)<\/li>\n<li>j\u0119zykoznawstwo \u2013 dr hab. Krystyna Warcha\u0142, prof. U\u015a \u2013 \u015brody, 9:45-12:00<\/li>\n<li>filozofia, historia \u2013 dr hab. Piotr Machura, prof. U\u015a \u2013 czwartek 8:30-10:45<\/li>\n<\/ul>\n<p><strong>Obszar nauk spo\u0142ecznych<\/strong><\/p>\n<ul>\n<li>nauki prawne \u2013 mgr Joanna Jakubiec-Bontko \u2013 \u015brody, 9:45-12:00<\/li>\n<li>pedagogika, psychologia \u2013 dr Wojciech Kruszelnicki \u2013 \u015brody, 12:00-14:15<\/li>\n<li>nauki o polityce i administracji, nauki socjologiczne \u2013 dr Robert Radek \u2013 \u015brody, 8:30-10:45<\/li>\n<li>nauki o komunikacji spo\u0142ecznej i mediach \u2013 dr Sylwia Szostak \u2013 \u015brody, 9:45-12:00<\/li>\n<\/ul>\n<div class=\"mt-3\"><\/div>\r\n                            <\/div>\r\n                            \r\n                            <div class=\"text-modules__img\"><img src=\"https:\/\/us.edu.pl\/szkola-doktorska\/wp-content\/uploads\/sites\/50\/Nieprzypisane\/pexels-pixabay-415071-300x178.jpg\" alt=\"img\"><\/div>\r\n                        <\/div>\r\n                    <\/div>\r\n                <\/div>\r\n                <div class=\"text-modules \">\r\n                    <div class=\"container\">\r\n                        <h3 class=\"section-title section-title_border-bottom\">Prawo w\u0142asno\u015bci intelektualnej i prawo autorskie<\/h3> <h3 class=\"subtitle text-modules__subtitle\">15 godzin, 2 ECTS<\/h3>\r\n                        <div class=\"row m-0\">\r\n                            <div class=\"text-modules__content\">\r\n                                Prowadz\u0105cy i koordynator: dr hab. Anna Chor\u0105\u017cewska, prof. U\u015a<\/p>\n<p>Zaj\u0119cia prowadzone zdalnie, w podziale na obszary. W semestrze letnim zaj\u0119cia dla nauk humanistycznych i nauk spo\u0142ecznych.<\/p>\n<p>Nie ma rejestracji na te zaj\u0119cia \u2013 doktoranci przypisywani s\u0105 do grup wed\u0142ug dyscypliny (oddzielnie osoby niepolskoj\u0119zyczne i doktoranci wdro\u017ceniowi). Ewentualne zmiany w grupie nale\u017cy uzgodni\u0107 z prowadz\u0105cym i nast\u0119pnie zg\u0142osi\u0107 do biura Szko\u0142y Doktorskiej (<a href=\"mailto:agnieszka.filipowska@us.edu.pl\">agnieszka.filipowska@us.edu.pl<\/a>).<\/p>\n<p><strong>Obszar nauk humanistycznych, teologicznych i sztuki<\/strong><\/p>\n<ul>\n<li>pi\u0105tek 11 marca 11:30-15:30 (zdalnie z opcj\u0105 przeniesienia na stacjonarne)<\/li>\n<li>pi\u0105tek 18 marca 11:30-15:30 (zdalnie z opcj\u0105 przeniesienia na stacjonarne)<\/li>\n<li>pi\u0105tek 25 marca 11:30-15:30 (zdalnie z opcj\u0105 przeniesienia na stacjonarne)<\/li>\n<\/ul>\n<p><strong>Obszar nauk spo\u0142ecznych\u00a0<\/strong><\/p>\n<ul>\n<li>pi\u0105tek 1 kwietnia 11:30-15:30 (zdalnie z opcj\u0105 przeniesienia na stacjonarne)<\/li>\n<li>pi\u0105tek 8 kwietnia 11:30-15:30 (zdalnie z opcj\u0105 przeniesienia na stacjonarne)<\/li>\n<li>pi\u0105tek 22 kwietnia 11:30-15:30 (zdalnie z opcj\u0105 przeniesienia na stacjonarne)<\/li>\n<\/ul>\n<p>Grupa angloj\u0119zyczna, doktoranci wdro\u017ceniowi i obszar nauk \u015bcis\u0142ych i przyrodniczych oraz in\u017cynieryjno-technicznych &#8211; zaj\u0119cia dla tych doktorant\u00f3w odby\u0142y si\u0119 w semestrze zimowym. W przypadku konieczno\u015bci nadrobienia zaj\u0119\u0107 prosimy o kontakt z prowadz\u0105c\u0105. \r\n                                <div class=\"mt-3\"><\/div>\r\n                            <\/div>\r\n                            \r\n                            <div class=\"text-modules__img\"><img src=\"https:\/\/us.edu.pl\/szkola-doktorska\/wp-content\/uploads\/sites\/50\/Nieprzypisane\/wood-g586117a51_1280-300x210.jpg\" alt=\"img\"><\/div>\r\n                        <\/div>\r\n                    <\/div>\r\n                <\/div>\r\n                <div class=\"text-modules \">\r\n                    <div class=\"container\">\r\n                        <h3 class=\"section-title section-title_border-bottom\">Przygotowanie tekst\u00f3w naukowych i krytyczna analiza tekstu<\/h3> <h3 class=\"subtitle text-modules__subtitle\">30 godzin, 4 ECTS<\/h3>\r\n                        <div class=\"row m-0\">\r\n                            <div class=\"text-modules__content\">\r\n                                Zaj\u0119cia podzielone na dwie cz\u0119\u015bci:<\/p>\n<ul>\n<li>\u0107wiczenia ze badaczami do\u015bwiadczonymi w przygotowywaniu publikacji naukowych i pracy z tekstem naukowym<\/li>\n<li>spotkania z redaktorami presti\u017cowych czasopism naukowych<\/li>\n<\/ul>\n<p><span style=\"text-decoration: underline;\"><strong>\u0106wiczenia<\/strong><\/span> &#8211; 15 godzin zaj\u0119\u0107 &#8211; 5 spotka\u0144 po 3 godziny &#8211; zaj\u0119cia zdalne od pocz\u0105tku semestru<\/p>\n<p><strong>Obszar nauk \u015bcis\u0142ych i przyrodniczych oraz in\u017cynieryjno-technicznych<\/strong><\/p>\n<ul>\n<li>nauki chemiczne &#8211; prof. dr hab. Monika Musia\u0142 &#8211; \u015broda, 16:00-18:15<\/li>\n<li>nauki biologiczne &#8211; dr Dawid Surmik\u00a0 &#8211; \u015broda, 13:00-15:15 (zaj\u0119cia po angielsku)<\/li>\n<li>nauki o Ziemi i \u015brodowisku &#8211; dr Dawid Surmik &#8211; \u015broda, 16:00-18:15<\/li>\n<li>matematyka &#8211; dr hab. Tomasz Szostok, prof. U\u015a &#8211; \u015broda, 13:00-15:15<\/li>\n<li>informatyka techniczna i telekomunikacja &#8211; prof. dr hab. Piotr Porwik &#8211; \u015broda, 13:00-15:15<\/li>\n<li>in\u017cynieria materia\u0142owa &#8211; dr Mateusz Dulski, prof. U\u015a &#8211; \u015broda, 12:45-15:00<\/li>\n<li>nauki fizyczne &#8211; prof. dr hab. Marian Paluch &#8211; \u015broda, 13:00-15:15<\/li>\n<\/ul>\n<p><strong>Obszar nauk humanistycznych, teologicznych i sztuki<\/strong><\/p>\n<ul>\n<li>historia &#8211; dr hab. Jakub Morawiec, prof. U\u015a &#8211; \u015broda, 10:30-12:45<\/li>\n<li>filozofia &#8211; dr hab. Aleksander Ba\u0144ka, prof. U\u015a &#8211; wtorek, 16:00-18:15<\/li>\n<li>j\u0119zykoznawstwo polonistyczne &#8211; prof. dr hab. Aldona Skudrzyk &#8211; \u015broda, 13:00-15:15<\/li>\n<li>j\u0119zykoznawstwo anglistyczne &#8211; dr hab. Grzegorz Dro\u017cd\u017c, prof. U\u015a &#8211; \u015broda, 13:00-15:15<\/li>\n<li>literaturoznawstwo rosjoznawstwo (translatologia) &#8211; dr hab. Beata Pawletko, prof. U\u015a &#8211; \u015broda, 16:00-18:15<\/li>\n<li>literaturoznawstwo polonistyczne &#8211; dr Marta Baron-Milian &#8211; \u015broda, 13:00-15:15<\/li>\n<li>literaturoznawstwo anglistyczne &#8211; dr Aleksandra Musia\u0142 &#8211; \u015broda, 13:00-15:15<\/li>\n<li>nauki o kulturze i religii &#8211; dr hab. Magdalena Kempna-Pieni\u0105\u017cek, prof. U\u015a &#8211; \u015broda, 13:00-15:15<\/li>\n<\/ul>\n<p><strong>Obszar nauk spo\u0142ecznych<\/strong><\/p>\n<ul>\n<li>pedagogika, psychologia &#8211; prof. dr hab. Ewa Jarosz &#8211; \u015broda, 15:30-17:45, od 2 marca<\/li>\n<li>nauki o polityce i administracji, nauki socjologiczne, nauki o komunikacji spo\u0142ecznej i mediach &#8211; dr hab. Agnieszka Turska-Kawa, prof. U\u015a &#8211; \u015broda, 16:00-18:15, od 2 marca<\/li>\n<li>nauki prawne &#8211; dr Dorota Kiebzak-Mandera &#8211; \u015broda, 16:00-18:15<\/li>\n<\/ul>\n<p><span style=\"text-decoration: underline;\"><strong>Spotkania z redaktorami<\/strong><\/span><\/p>\n<p>Ka\u017cdy doktorant ma obowi\u0105zek do ko\u0144ca swojego kszta\u0142cenia uczestniczy\u0107 w co najmniej trzech takich spotkaniach, trwaj\u0105cych do 5 godzin. Terminarz spotka\u0144 b\u0119dzie publikowany na bie\u017c\u0105co na oddzielnej stronie internetowej. \r\n                                <div class=\"mt-3\"><\/div>\r\n                            <\/div>\r\n                            \r\n                            <div class=\"text-modules__img\"><img src=\"https:\/\/us.edu.pl\/szkola-doktorska\/wp-content\/uploads\/sites\/50\/Nieprzypisane\/library-g7d681f1ca_1280-300x199.jpg\" alt=\"img\"><\/div>\r\n                        <\/div>\r\n                    <\/div>\r\n                <\/div>\r\n                <div class=\"text-modules \">\r\n                    <div class=\"container\">\r\n                        <h3 class=\"section-title section-title_border-bottom\">Autoprezentacja i upowszechnianie bada\u0144<\/h3> <h3 class=\"subtitle text-modules__subtitle\">15 godzin, 2 ECTS<\/h3>\r\n                        <div class=\"row m-0\">\r\n                            <div class=\"text-modules__content\">\r\n                                Zaj\u0119cia dla doktorant\u00f3w drugiego roku (otwarte tak\u017ce dla pozosta\u0142ych), w czasie kt\u00f3rych m\u0142odzi badacze naucz\u0105 si\u0119, jak skutecznie prowadzi\u0107 komunikacj\u0119 naukow\u0105 w przestrzeni publicznej \u2013 jak prezentowa\u0107 wyniki swoich bada\u0144 w mediach, w szko\u0142ach czy te\u017c na festiwalach naukowych.<\/p>\n<p>Rejestracja na zaj\u0119cia do 8 lutego od. godz. 17:00<\/p>\n<p>Prowadz\u0105cy i oferta zaj\u0119\u0107, a tak\u017ce link do spotkania wst\u0119pnego: <a href=\"https:\/\/us.edu.pl\/szkola-doktorska\/autoprezentacja-i-upowszechanie-badan-2021-2022\/\">https:\/\/us.edu.pl\/szkola-doktorska\/autoprezentacja-i-upowszechanie-badan-2021-2022\/<\/a> \r\n                                <div class=\"mt-3\"><\/div>\r\n                            <\/div>\r\n                            \r\n                            <div class=\"text-modules__img\"><img src=\"https:\/\/us.edu.pl\/szkola-doktorska\/wp-content\/uploads\/sites\/50\/Nieprzypisane\/silhouette-of-person-holding-glass-mason-jar-1274260a-300x200.jpg\" alt=\"img\"><\/div>\r\n                        <\/div>\r\n                    <\/div>\r\n                <\/div>[\/vc_column][\/vc_row][vc_row][vc_column][\/vc_column][\/vc_row]<\/p>","protected":false},"excerpt":{"rendered":"<p>[vc_row][vc_column][\/vc_column][\/vc_row][vc_row][vc_column][\/vc_column][\/vc_row] [&#8230;]<\/p>\n<p><a class=\"btn btn-secondary understrap-read-more-link\" href=\"https:\/\/us.edu.pl\/szkola-doktorska\/harmonogram-zajec-semestr-letni-2021-2022\/plan-zajec-semestr-letni-ii-rok-2021-2022\/\">Read More&#8230;<\/a><\/p>\n","protected":false},"author":42,"featured_media":0,"parent":6750,"menu_order":0,"comment_status":"closed","ping_status":"closed","template":"","meta":{"_expiration-date-status":"saved","_expiration-date":0,"_expiration-date-type":"","_expiration-date-categories":[],"_expiration-date-options":[]},"acf":[],"_links":{"self":[{"href":"https:\/\/us.edu.pl\/szkola-doktorska\/wp-json\/wp\/v2\/pages\/6727"}],"collection":[{"href":"https:\/\/us.edu.pl\/szkola-doktorska\/wp-json\/wp\/v2\/pages"}],"about":[{"href":"https:\/\/us.edu.pl\/szkola-doktorska\/wp-json\/wp\/v2\/types\/page"}],"author":[{"embeddable":true,"href":"https:\/\/us.edu.pl\/szkola-doktorska\/wp-json\/wp\/v2\/users\/42"}],"replies":[{"embeddable":true,"href":"https:\/\/us.edu.pl\/szkola-doktorska\/wp-json\/wp\/v2\/comments?post=6727"}],"version-history":[{"count":10,"href":"https:\/\/us.edu.pl\/szkola-doktorska\/wp-json\/wp\/v2\/pages\/6727\/revisions"}],"predecessor-version":[{"id":6842,"href":"https:\/\/us.edu.pl\/szkola-doktorska\/wp-json\/wp\/v2\/pages\/6727\/revisions\/6842"}],"up":[{"embeddable":true,"href":"https:\/\/us.edu.pl\/szkola-doktorska\/wp-json\/wp\/v2\/pages\/6750"}],"wp:attachment":[{"href":"https:\/\/us.edu.pl\/szkola-doktorska\/wp-json\/wp\/v2\/media?parent=6727"}],"curies":[{"name":"wp","href":"https:\/\/api.w.org\/{rel}","templated":true}]}}