{"id":6879,"date":"2022-03-07T11:45:28","date_gmt":"2022-03-07T10:45:28","guid":{"rendered":"https:\/\/us.edu.pl\/szkola-doktorska\/?page_id=6879"},"modified":"2022-08-31T12:26:23","modified_gmt":"2022-08-31T10:26:23","slug":"indywidualny-plan-badawczy-2019-2020","status":"publish","type":"page","link":"https:\/\/us.edu.pl\/szkola-doktorska\/indywidualny-plan-badawczy\/indywidualny-plan-badawczy-2019-2020\/","title":{"rendered":"Indywidualny plan badawczy 2019\/2020"},"content":{"rendered":"<p>[vc_row][vc_column]\r\n                <div class=\"text-modules\">\r\n                    <div class=\"container\">\r\n                        <h3 class=\"page-title text__title\">Wzory IPB dla doktorant\u00f3w, kt\u00f3rzy rozpocz\u0119li kszta\u0142cenie w roku akademickim 2019\/2020<\/h3>\r\n                        <div class=\"text-modules__content\"><p><strong>Indywidualny plan badawczy<\/strong><\/p>\n<p>wersja polska: <a href=\"https:\/\/us.edu.pl\/szkola-doktorska\/wp-content\/uploads\/sites\/50\/Nieprzypisane\/Indywidualny_plan_badawczy_SD_US_2019_2020_ver_2_0.docx\" class=\"mtli_attachment mtli_docx\" class=\"mtli_attachment mtli_docx\">Indywidualny_plan_badawczy_SD_US_2019_2020_ver_2_0<\/a><\/p>\n<p>wersja angielska: <a href=\"https:\/\/us.edu.pl\/szkola-doktorska\/wp-content\/uploads\/sites\/50\/Nieprzypisane\/Individual-research-plan_SD_US_2019_2020_ver_2_1.docx\" class=\"mtli_attachment mtli_docx\" class=\"mtli_attachment mtli_docx\">Individual research plan_SD_US_2019_2020_ver_2_1<\/a><\/p>\n<p><strong>Aneks do IPB<\/strong><\/p>\n<p>wersja polska: <a href=\"https:\/\/us.edu.pl\/szkola-doktorska\/wp-content\/uploads\/sites\/50\/Nieprzypisane\/3a.-Aneks_Indywidualny_plan_badawczy_SD_US_2019-2020.docx\" class=\"mtli_attachment mtli_docx\" class=\"mtli_attachment mtli_docx\">Aneks_Indywidualny_plan_badawczy_SD_US_2019-2020<\/a><\/p>\n<p>wersja angielska: <a href=\"https:\/\/us.edu.pl\/szkola-doktorska\/wp-content\/uploads\/sites\/50\/Nieprzypisane\/4a.-Annex_Individual_research_plan_SD_US_2019-2020.docx\" class=\"mtli_attachment mtli_docx\" class=\"mtli_attachment mtli_docx\">Annex_Individual_research_plan_SD_US_2019-2020<\/a><\/p>\n<p>Sprawozdanie z realizacji IPB:<\/p>\n<p>wersja polska: <a href=\"https:\/\/us.edu.pl\/szkola-doktorska\/wp-content\/uploads\/sites\/50\/ewaluacja\/Sprawozdanie_Indywidualny_plan_badawczy_SD_US_2019_2020-1.docx\" class=\"mtli_attachment mtli_docx\" class=\"mtli_attachment mtli_docx\">Sprawozdanie_Indywidualny_plan_badawczy_SD_US_2019_2020 (1)<\/a><\/p>\n<p>wersja angielska: <a href=\"https:\/\/us.edu.pl\/szkola-doktorska\/wp-content\/uploads\/sites\/50\/ewaluacja\/Report-IRP-2019-2020-1.docx\" class=\"mtli_attachment mtli_docx\" class=\"mtli_attachment mtli_docx\">Report-IRP-2019-2020 (1)<\/a><\/p>\n<\/div>\r\n                    <\/div>\r\n                <\/div>\r\n                <div class=\"text-modules\">\r\n                    <div class=\"container\">\r\n                        <h3 class=\"page-title text__title\">Uwagi dotycz\u0105ce IPB<\/h3>\r\n                        <div class=\"text-modules__content\"><p>Powy\u017csze wzory obowi\u0105zuj\u0105 wszystkich doktorant\u00f3w, kt\u00f3rzy rozpocz\u0119li kszta\u0142cenie w roku akademickim 2019\/2020, w tym doktorant\u00f3w programu &#8222;Doktorat wdro\u017ceniowy&#8221;. Wzory obowi\u0105zuj\u0105 przez ca\u0142y okres kszta\u0142cenia, tak\u017ce je\u017celi doktorant mia\u0142 przerw\u0119 w kszta\u0142ceniu lub przed\u0142u\u017ca\u0142 kszta\u0142cenie.<\/p>\n<\/div>\r\n                    <\/div>\r\n                <\/div>[\/vc_column][\/vc_row]<\/p>","protected":false},"excerpt":{"rendered":"<p>[vc_row][vc_column][\/vc_column][\/vc_row] [&#8230;]<\/p>\n<p><a class=\"btn btn-secondary understrap-read-more-link\" href=\"https:\/\/us.edu.pl\/szkola-doktorska\/indywidualny-plan-badawczy\/indywidualny-plan-badawczy-2019-2020\/\">Read More&#8230;<\/a><\/p>\n","protected":false},"author":42,"featured_media":0,"parent":1417,"menu_order":0,"comment_status":"closed","ping_status":"closed","template":"","meta":{"_expiration-date-status":"","_expiration-date":0,"_expiration-date-type":"","_expiration-date-categories":[],"_expiration-date-options":[]},"acf":[],"_links":{"self":[{"href":"https:\/\/us.edu.pl\/szkola-doktorska\/wp-json\/wp\/v2\/pages\/6879"}],"collection":[{"href":"https:\/\/us.edu.pl\/szkola-doktorska\/wp-json\/wp\/v2\/pages"}],"about":[{"href":"https:\/\/us.edu.pl\/szkola-doktorska\/wp-json\/wp\/v2\/types\/page"}],"author":[{"embeddable":true,"href":"https:\/\/us.edu.pl\/szkola-doktorska\/wp-json\/wp\/v2\/users\/42"}],"replies":[{"embeddable":true,"href":"https:\/\/us.edu.pl\/szkola-doktorska\/wp-json\/wp\/v2\/comments?post=6879"}],"version-history":[{"count":4,"href":"https:\/\/us.edu.pl\/szkola-doktorska\/wp-json\/wp\/v2\/pages\/6879\/revisions"}],"predecessor-version":[{"id":7464,"href":"https:\/\/us.edu.pl\/szkola-doktorska\/wp-json\/wp\/v2\/pages\/6879\/revisions\/7464"}],"up":[{"embeddable":true,"href":"https:\/\/us.edu.pl\/szkola-doktorska\/wp-json\/wp\/v2\/pages\/1417"}],"wp:attachment":[{"href":"https:\/\/us.edu.pl\/szkola-doktorska\/wp-json\/wp\/v2\/media?parent=6879"}],"curies":[{"name":"wp","href":"https:\/\/api.w.org\/{rel}","templated":true}]}}