{"id":6884,"date":"2022-03-07T13:35:02","date_gmt":"2022-03-07T12:35:02","guid":{"rendered":"https:\/\/us.edu.pl\/szkola-doktorska\/?page_id=6884"},"modified":"2024-12-06T10:40:26","modified_gmt":"2024-12-06T09:40:26","slug":"indywidualny-plan-badawczy-2020-2021","status":"publish","type":"page","link":"https:\/\/us.edu.pl\/szkola-doktorska\/indywidualny-plan-badawczy\/indywidualny-plan-badawczy-2020-2021\/","title":{"rendered":"Indywidualny plan badawczy 2020\/2021"},"content":{"rendered":"<p>[vc_row][vc_column]\r\n                <div class=\"text-modules\">\r\n                    <div class=\"container\">\r\n                        <h3 class=\"page-title text__title\">Wz\u00f3r IPB dla doktorant\u00f3w, kt\u00f3rzy rozpocz\u0119li kszta\u0142cenie w roku akademickim 2020\/2021<\/h3>\r\n                        <div class=\"text-modules__content\"><p>Zarz\u0105dzenie nr 1\/2021 Dziekana Szko\u0142y Doktorskiej ustala wz\u00f3r IPB w polskiej i angielskiej wersji j\u0119zykowej oraz wz\u00f3r aneksu do IPB.<\/p>\n<p>Tre\u015b\u0107 zarz\u0105dzenia: <a href=\"https:\/\/us.edu.pl\/szkola-doktorska\/wp-content\/uploads\/sites\/50\/Nieprzypisane\/zarz\u0105dzenie-nr-1-2021.pdf\" class=\"mtli_attachment mtli_pdf\" data-mtli=\"mtli_filesize230,47kB\" class=\"mtli_attachment mtli_pdf\" data-mtli=\"mtli_filesize230,47kB\">zarz\u0105dzenie nr 1-2021<\/a><\/p>\n<p>Zarz\u0105dzenie nr 3\/2021 Dziekana Szko\u0142y Doktorskiej wprowadza sprawozdanie z realizacji IPB.<\/p>\n<p>Tre\u015b\u0107 zarz\u0105dzenia: <a href=\"https:\/\/us.edu.pl\/szkola-doktorska\/wp-content\/uploads\/sites\/50\/Nieprzypisane\/zarz\u0105dzenie-nr-3-2021-sprawozdanie-z-IPB.pdf\" class=\"mtli_attachment mtli_pdf\" data-mtli=\"mtli_filesize222,06kB\" class=\"mtli_attachment mtli_pdf\" data-mtli=\"mtli_filesize222,06kB\">zarz\u0105dzenie nr 3-2021<\/a><\/p>\n<p>Zarz\u0105dzenie nr 9\/2023 Dziekana Szko\u0142y Doktorskiej wprowadza nowe wzory sprawozda\u0144, obowi\u0105zuj\u0105ce od 4 wrze\u015bnia 2023 roku.<\/p>\n<p>Tre\u015b\u0107 zarz\u0105dzenia: <a href=\"https:\/\/us.edu.pl\/szkola-doktorska\/wp-content\/uploads\/sites\/50\/prawo\/zarzadzenia-dziekana\/2023\/zarzadzenie-nr-9-2023-wzory-sprawozdan-z-realizacji-IPB.pdf\" class=\"mtli_attachment mtli_pdf\" data-mtli=\"mtli_filesize257,12kB\" class=\"mtli_attachment mtli_pdf\" data-mtli=\"mtli_filesize257,12kB\">zarz\u0105dzenie nr 9-2023 &#8211; wzory sprawozda\u0144 z realizacji IPB<\/a><\/p>\n<p>&nbsp;<\/p>\n<p><strong>Indywidualny plan badawczy (IPB)<\/strong><\/p>\n<p>wersja polska: <a href=\"https:\/\/us.edu.pl\/szkola-doktorska\/wp-content\/uploads\/sites\/50\/Nieprzypisane\/1.-Indywidualny_plan_badawczy_SD_US_2020-2021.docx\" class=\"mtli_attachment mtli_docx\" data-mtli=\"mtli_filesize238,68kB\" class=\"mtli_attachment mtli_docx\" data-mtli=\"mtli_filesize238,68kB\">Indywidualny_plan_badawczy_SD_US_2020-2021<\/a><\/p>\n<p>wersja angielska: <a href=\"https:\/\/us.edu.pl\/szkola-doktorska\/wp-content\/uploads\/sites\/50\/Nieprzypisane\/2.-Individual-research-plan_SD_US_2020-2021.docx\" class=\"mtli_attachment mtli_docx\" data-mtli=\"mtli_filesize241,42kB\" class=\"mtli_attachment mtli_docx\" data-mtli=\"mtli_filesize241,42kB\">Individual-research-plan_SD_US_2020-2021<\/a><\/p>\n<p>&nbsp;<\/p>\n<p><strong>Sprawozdanie z realizacji IPB<\/strong><\/p>\n<p>wersja polska: <a href=\"https:\/\/us.edu.pl\/szkola-doktorska\/wp-content\/uploads\/sites\/50\/prawo\/zarzadzenia-dziekana\/2023\/zarzadzenie-nr-9-2023-sprawozdania-z-IPB\/pliki-na-strone\/1a-sprawozdanie-z-realizacji-IPB-2020-2021.docx\" class=\"mtli_attachment mtli_docx\" data-mtli=\"mtli_filesize137,65kB\" class=\"mtli_attachment mtli_docx\" data-mtli=\"mtli_filesize137,65kB\">1a-sprawozdanie-z-realizacji-IPB-2020-2021<\/a><\/p>\n<p>wersja angielska: <a href=\"https:\/\/us.edu.pl\/szkola-doktorska\/wp-content\/uploads\/sites\/50\/prawo\/zarzadzenia-dziekana\/2023\/1b-Report-on-implementation-of-IRP-2020-2021.docx\" class=\"mtli_attachment mtli_docx\" data-mtli=\"mtli_filesize142,17kB\" class=\"mtli_attachment mtli_docx\" data-mtli=\"mtli_filesize142,17kB\">1b-Report-on-implementation-of-IRP-2020-2021<\/a><\/p>\n<p>wersja polska dla programu &#8222;Doktorat wdro\u017ceniowy&#8221;, obowi\u0105zuj\u0105ca od 4.09.2023: <a href=\"https:\/\/us.edu.pl\/szkola-doktorska\/wp-content\/uploads\/sites\/50\/prawo\/zarzadzenia-dziekana\/2023\/1c-sprawozdanie-z-realizacji-IPB-2020-2021-Doktorat-wdrozeniowy.docx\" class=\"mtli_attachment mtli_docx\" data-mtli=\"mtli_filesize139,33kB\" class=\"mtli_attachment mtli_docx\" data-mtli=\"mtli_filesize139,33kB\">1c-sprawozdanie-z-realizacji-IPB-2020-2021-Doktorat-wdrozeniowy<\/a><\/p>\n<p><strong>Aneks do IPB<\/strong>:<\/p>\n<p>wersja polska: <a href=\"https:\/\/us.edu.pl\/szkola-doktorska\/wp-content\/uploads\/sites\/50\/Nieprzypisane\/3.-Aneks_Indywidualny_plan_badawczy_SD_US_2020-2021.docx\" class=\"mtli_attachment mtli_docx\" data-mtli=\"mtli_filesize228,18kB\" class=\"mtli_attachment mtli_docx\" data-mtli=\"mtli_filesize228,18kB\">Aneks_Indywidualny_plan_badawczy_SD_US_2020-2021<\/a><\/p>\n<p>wersja angielska: <a href=\"https:\/\/us.edu.pl\/szkola-doktorska\/wp-content\/uploads\/sites\/50\/Nieprzypisane\/4.-Annex_Individual_research_plan_SD_US_2020-2021.docx\" class=\"mtli_attachment mtli_docx\" data-mtli=\"mtli_filesize235,17kB\" class=\"mtli_attachment mtli_docx\" data-mtli=\"mtli_filesize235,17kB\">Annex_Individual_research_plan_SD_US_2020-2021<\/a><\/p>\n<p>&nbsp;<\/p>\n<p>\n<style type=\"text\/css\">a[data-mtli~=\"mtli_filesize230,47kB\"]:after {content:\" (230,47 kB)\"}a[data-mtli~=\"mtli_filesize222,06kB\"]:after {content:\" (222,06 kB)\"}a[data-mtli~=\"mtli_filesize257,12kB\"]:after {content:\" (257,12 kB)\"}a[data-mtli~=\"mtli_filesize238,68kB\"]:after {content:\" (238,68 kB)\"}a[data-mtli~=\"mtli_filesize241,42kB\"]:after {content:\" (241,42 kB)\"}a[data-mtli~=\"mtli_filesize137,65kB\"]:after {content:\" (137,65 kB)\"}a[data-mtli~=\"mtli_filesize142,17kB\"]:after {content:\" (142,17 kB)\"}a[data-mtli~=\"mtli_filesize139,33kB\"]:after {content:\" (139,33 kB)\"}a[data-mtli~=\"mtli_filesize228,18kB\"]:after {content:\" (228,18 kB)\"}a[data-mtli~=\"mtli_filesize235,17kB\"]:after {content:\" (235,17 kB)\"}<\/style><\/div>\r\n                    <\/div>\r\n                <\/div>\r\n                <div class=\"text-modules\">\r\n                    <div class=\"container\">\r\n                        <h3 class=\"page-title text__title\">Program ``Doktorat wdro\u017ceniowy``<\/h3>\r\n                        <div class=\"text-modules__content\"><p>Wzory IPB i sprawozdania dla doktorant\u00f3w programu &#8222;Doktorat wdro\u017ceniowy&#8221; <strong>przyj\u0119tych dla roku akademickiego 2020\/2021<\/strong>, wprowadzone <a href=\"https:\/\/us.edu.pl\/szkola-doktorska\/wp-content\/uploads\/sites\/50\/Nieprzypisane\/zarz\u0105dzenie-nr-8-2021.pdf\" class=\"mtli_attachment mtli_pdf\" data-mtli=\"mtli_filesize226,72kB\" class=\"mtli_attachment mtli_pdf\" data-mtli=\"mtli_filesize226,72kB\">zarz\u0105dzeniem nr 8-2021<\/a>:<\/p>\n<p><a href=\"https:\/\/us.edu.pl\/szkola-doktorska\/wp-content\/uploads\/sites\/50\/Nieprzypisane\/Indywidualny_plan_badawczy_SD_US_2020-2021-doktorat-wdro\u017ceniowy.docx\" class=\"mtli_attachment mtli_docx\" data-mtli=\"mtli_filesize239,68kB\" class=\"mtli_attachment mtli_docx\" data-mtli=\"mtli_filesize239,68kB\">Indywidualny_plan_badawczy_SD_US_2020-2021 &#8211; doktorat wdro\u017ceniowy<\/a> (za\u0142. nr 3 do zarz\u0105dzenia nr 1\/2021 Dziekana SD)<\/p>\n<p><a href=\"https:\/\/us.edu.pl\/szkola-doktorska\/wp-content\/uploads\/sites\/50\/Nieprzypisane\/Sprawozdanie_Indywidualny_plan_badawczy_wdrozeniowi.docx\" class=\"mtli_attachment mtli_docx\" data-mtli=\"mtli_filesize230,25kB\" class=\"mtli_attachment mtli_docx\" data-mtli=\"mtli_filesize230,25kB\">Sprawozdanie_Indywidualny_plan_badawczy_doktorant wdrozeniowy<\/a> (za\u0142. nr 3 do zarz\u0105dzenia 3\/2021 Dziekana SD)<\/p>\n<style type=\"text\/css\">a[data-mtli~=\"mtli_filesize226,72kB\"]:after {content:\" (226,72 kB)\"}a[data-mtli~=\"mtli_filesize239,68kB\"]:after {content:\" (239,68 kB)\"}a[data-mtli~=\"mtli_filesize230,25kB\"]:after {content:\" (230,25 kB)\"}<\/style><\/div>\r\n                    <\/div>\r\n                <\/div>\r\n                <div class=\"text-modules\">\r\n                    <div class=\"container\">\r\n                        <h3 class=\"page-title text__title\">Uwagi dotycz\u0105ce IPB<\/h3>\r\n                        <div class=\"text-modules__content\"><p>Powy\u017csze wzory obowi\u0105zuj\u0105 wszystkich doktorant\u00f3w, kt\u00f3rzy rozpocz\u0119li kszta\u0142cenie w roku akademickim 2020\/2021. Wzory obowi\u0105zuj\u0105 przez ca\u0142y okres kszta\u0142cenia, tak\u017ce je\u017celi doktorant mia\u0142 przerw\u0119 w kszta\u0142ceniu lub przed\u0142u\u017ca\u0142 kszta\u0142cenie.<\/p>\n<p>Doktorant przygotowuj\u0105cy aneks powinien dok\u0142adnie wyliczy\u0107 i uzasadni\u0107 wprowadzane zmiany, a tak\u017ce przygotowa\u0107 now\u0105 wersj\u0119 IPB, uwzgl\u0119dniaj\u0105c\u0105 te zmiany.<\/p>\n<\/div>\r\n                    <\/div>\r\n                <\/div>[\/vc_column][\/vc_row]<\/p>\n<style type=\"text\/css\">a[data-mtli~=\"mtli_filesize230,47kB\"]:after {content:\" (230,47 kB)\"}a[data-mtli~=\"mtli_filesize222,06kB\"]:after {content:\" (222,06 kB)\"}a[data-mtli~=\"mtli_filesize257,12kB\"]:after {content:\" (257,12 kB)\"}a[data-mtli~=\"mtli_filesize238,68kB\"]:after {content:\" (238,68 kB)\"}a[data-mtli~=\"mtli_filesize241,42kB\"]:after {content:\" (241,42 kB)\"}a[data-mtli~=\"mtli_filesize137,65kB\"]:after {content:\" (137,65 kB)\"}a[data-mtli~=\"mtli_filesize142,17kB\"]:after {content:\" (142,17 kB)\"}a[data-mtli~=\"mtli_filesize139,33kB\"]:after {content:\" (139,33 kB)\"}a[data-mtli~=\"mtli_filesize228,18kB\"]:after {content:\" (228,18 kB)\"}a[data-mtli~=\"mtli_filesize235,17kB\"]:after {content:\" (235,17 kB)\"}a[data-mtli~=\"mtli_filesize226,72kB\"]:after {content:\" (226,72 kB)\"}a[data-mtli~=\"mtli_filesize239,68kB\"]:after {content:\" (239,68 kB)\"}a[data-mtli~=\"mtli_filesize230,25kB\"]:after {content:\" (230,25 kB)\"}<\/style>","protected":false},"excerpt":{"rendered":"<p>[vc_row][vc_column][\/vc_column][\/vc_row] [&#8230;]<\/p>\n<p><a class=\"btn btn-secondary understrap-read-more-link\" href=\"https:\/\/us.edu.pl\/szkola-doktorska\/indywidualny-plan-badawczy\/indywidualny-plan-badawczy-2020-2021\/\">Read More&#8230;<\/a><\/p>\n","protected":false},"author":42,"featured_media":0,"parent":1417,"menu_order":0,"comment_status":"closed","ping_status":"closed","template":"","meta":{"_expiration-date-status":"","_expiration-date":0,"_expiration-date-type":"","_expiration-date-categories":[],"_expiration-date-options":[]},"acf":[],"_links":{"self":[{"href":"https:\/\/us.edu.pl\/szkola-doktorska\/wp-json\/wp\/v2\/pages\/6884"}],"collection":[{"href":"https:\/\/us.edu.pl\/szkola-doktorska\/wp-json\/wp\/v2\/pages"}],"about":[{"href":"https:\/\/us.edu.pl\/szkola-doktorska\/wp-json\/wp\/v2\/types\/page"}],"author":[{"embeddable":true,"href":"https:\/\/us.edu.pl\/szkola-doktorska\/wp-json\/wp\/v2\/users\/42"}],"replies":[{"embeddable":true,"href":"https:\/\/us.edu.pl\/szkola-doktorska\/wp-json\/wp\/v2\/comments?post=6884"}],"version-history":[{"count":6,"href":"https:\/\/us.edu.pl\/szkola-doktorska\/wp-json\/wp\/v2\/pages\/6884\/revisions"}],"predecessor-version":[{"id":12418,"href":"https:\/\/us.edu.pl\/szkola-doktorska\/wp-json\/wp\/v2\/pages\/6884\/revisions\/12418"}],"up":[{"embeddable":true,"href":"https:\/\/us.edu.pl\/szkola-doktorska\/wp-json\/wp\/v2\/pages\/1417"}],"wp:attachment":[{"href":"https:\/\/us.edu.pl\/szkola-doktorska\/wp-json\/wp\/v2\/media?parent=6884"}],"curies":[{"name":"wp","href":"https:\/\/api.w.org\/{rel}","templated":true}]}}