{"id":6925,"date":"2022-03-13T07:53:48","date_gmt":"2022-03-13T06:53:48","guid":{"rendered":"https:\/\/us.edu.pl\/szkola-doktorska\/?page_id=6925"},"modified":"2022-03-14T15:39:08","modified_gmt":"2022-03-14T14:39:08","slug":"procedura-powolania-komisji-ewaluacyjnych-dla-doktorantow-i-roku-w-roku-akademickim-2021-2022","status":"publish","type":"page","link":"https:\/\/us.edu.pl\/szkola-doktorska\/ocena-srodokresowa\/procedura-powolania-komisji-ewaluacyjnych-dla-doktorantow-i-roku-w-roku-akademickim-2021-2022\/","title":{"rendered":"Procedura powo\u0142ania komisji ewaluacyjnych dla doktorant\u00f3w I roku w roku akademickim 2021\/2022"},"content":{"rendered":"<p>[vc_row][vc_column]\r\n                <div class=\"text-modules\">\r\n                    <div class=\"container\">\r\n                        <h3 class=\"page-title text__title\">Procedura powo\u0142ania komisji ewaluacyjnych dla doktorant\u00f3w I roku w roku akademickim 2021\/2022<\/h3>\r\n                        <div class=\"text-modules__content\"><p><strong>I<\/strong><\/p>\n<p><strong>Promotorzy &#8211; <span style=\"text-decoration: underline;\">do 11 kwietnia<\/span><\/strong> przedstawiaj\u0105 propozycj\u0119 5 kandydat\u00f3w do komisji ewaluacyjnej doktoranta.<\/p>\n<p>Wymagania co do listy kandydat\u00f3w:<\/p>\n<ul>\n<li>co najmniej 2 osoby to nauczyciele akademiccy zatrudnieni w Uniwersytecie \u015al\u0105skim, posiadaj\u0105cy stopie\u0144 doktora habilitowanego lub tytu\u0142 profesora<\/li>\n<li>co najmniej 2 osoby to nauczyciele akademiccy zatrudnieni w innej uczelni lub jednostce badawczej, posiadaj\u0105cy stopie\u0144 doktora habilitowanego lub tytu\u0142 profesora <u>w dyscyplinie, w kt\u00f3rej doktorant przygotowuje rozpraw\u0119 doktorsk\u0105<\/u><\/li>\n<\/ul>\n<p>Zadaniem promotora jest uzyskanie wst\u0119pnej akceptacji tych os\u00f3b na prac\u0119 w roli cz\u0142onka komisji ewaluacyjnej doktoranta, przy jednoczesnej informacji, \u017ce ostateczny wyb\u00f3r trzech spo\u015br\u00f3d kandydat\u00f3w nale\u017ce\u0107 b\u0119dzie do dyrektora instytutu; kandydatom do pracy w komisji ewaluacyjnej warto przekaza\u0107 informacj\u0119 o dzia\u0142aniu komisji: <a href=\"https:\/\/us.edu.pl\/szkola-doktorska\/ocena-srodokresowa\/\">https:\/\/us.edu.pl\/szkola-doktorska\/ocena-srodokresowa\/<\/a><\/p>\n<p>zestawienie tych os\u00f3b w tabeli (za\u0142\u0105cznik: <a href=\"https:\/\/us.edu.pl\/szkola-doktorska\/wp-content\/uploads\/sites\/50\/Nieprzypisane\/komisje-ewaluacyjne-dla-doktorant\u00f3w-z-rocznika-2021-formularz-dla-promotor\u00f3w.xlsx\" class=\"mtli_attachment mtli_xlsx\" class=\"mtli_attachment mtli_xlsx\">komisje ewaluacyjne dla doktorant\u00f3w z rocznika 2021 &#8211; formularz dla promotor\u00f3w<\/a>) nale\u017cy przes\u0142a\u0107 <strong>do 11 kwietnia<\/strong> do prodziekana Szko\u0142y Doktorskiej, prof. dr. hab. Micha\u0142a Baczy\u0144skiego, poprzez link: <a href=\"https:\/\/ssd.us.edu.pl\/index.php\/s\/kWadQuleVwj1Izi\">https:\/\/ssd.us.edu.pl\/index.php\/s\/kWadQuleVwj1Izi<\/a> (bezpieczny link do przestrzeni na serwerze U\u015a, bez mo\u017cliwo\u015bci podgl\u0105du wprowadzonych tre\u015bci).<\/p>\n<p><strong>II<\/strong><\/p>\n<p><strong>Dyrektorzy instytut\u00f3w &#8211; <span style=\"text-decoration: underline;\">do 30 kwietnia<\/span><\/strong> wybieraj\u0105 z przedstawionej listy 3 osoby.<\/p>\n<p><strong>III<\/strong><\/p>\n<p><strong>Biuro Szko\u0142y Doktorskiej<\/strong> kontaktuje si\u0119 z wybranymi osobami i pyta o zgod\u0119. Po akceptacji, <strong>dziekan Szko\u0142y Doktorskiej<\/strong> powo\u0142uje komisje zarz\u0105dzeniem, a biuro informuje o harmonogramie prac.<\/p>\n<\/div>\r\n                    <\/div>\r\n                <\/div>[\/vc_column][\/vc_row]<\/p>","protected":false},"excerpt":{"rendered":"<p>[vc_row][vc_column][\/vc_column][\/vc_row] [&#8230;]<\/p>\n<p><a class=\"btn btn-secondary understrap-read-more-link\" href=\"https:\/\/us.edu.pl\/szkola-doktorska\/ocena-srodokresowa\/procedura-powolania-komisji-ewaluacyjnych-dla-doktorantow-i-roku-w-roku-akademickim-2021-2022\/\">Read More&#8230;<\/a><\/p>\n","protected":false},"author":42,"featured_media":0,"parent":5680,"menu_order":0,"comment_status":"closed","ping_status":"closed","template":"","meta":{"_expiration-date-status":"saved","_expiration-date":0,"_expiration-date-type":"","_expiration-date-categories":[],"_expiration-date-options":[]},"acf":[],"_links":{"self":[{"href":"https:\/\/us.edu.pl\/szkola-doktorska\/wp-json\/wp\/v2\/pages\/6925"}],"collection":[{"href":"https:\/\/us.edu.pl\/szkola-doktorska\/wp-json\/wp\/v2\/pages"}],"about":[{"href":"https:\/\/us.edu.pl\/szkola-doktorska\/wp-json\/wp\/v2\/types\/page"}],"author":[{"embeddable":true,"href":"https:\/\/us.edu.pl\/szkola-doktorska\/wp-json\/wp\/v2\/users\/42"}],"replies":[{"embeddable":true,"href":"https:\/\/us.edu.pl\/szkola-doktorska\/wp-json\/wp\/v2\/comments?post=6925"}],"version-history":[{"count":3,"href":"https:\/\/us.edu.pl\/szkola-doktorska\/wp-json\/wp\/v2\/pages\/6925\/revisions"}],"predecessor-version":[{"id":6933,"href":"https:\/\/us.edu.pl\/szkola-doktorska\/wp-json\/wp\/v2\/pages\/6925\/revisions\/6933"}],"up":[{"embeddable":true,"href":"https:\/\/us.edu.pl\/szkola-doktorska\/wp-json\/wp\/v2\/pages\/5680"}],"wp:attachment":[{"href":"https:\/\/us.edu.pl\/szkola-doktorska\/wp-json\/wp\/v2\/media?parent=6925"}],"curies":[{"name":"wp","href":"https:\/\/api.w.org\/{rel}","templated":true}]}}