{"id":6943,"date":"2022-03-22T19:07:17","date_gmt":"2022-03-22T18:07:17","guid":{"rendered":"https:\/\/us.edu.pl\/szkola-doktorska\/?page_id=6943"},"modified":"2022-03-22T19:07:17","modified_gmt":"2022-03-22T18:07:17","slug":"formularze-dokumentow-rekrutacyjnych-2022-2023","status":"publish","type":"page","link":"https:\/\/us.edu.pl\/szkola-doktorska\/formularze-dokumentow-rekrutacyjnych-2022-2023\/","title":{"rendered":"Formularze dokument\u00f3w rekrutacyjnych &#8211; 2022\/2023"},"content":{"rendered":"<p>[vc_row][vc_column]\r\n                <div class=\"text-modules\">\r\n                    <div class=\"container\">\r\n                        \r\n                        <div class=\"text-modules__content\"><p>Obowi\u0105zuj\u0105ce formularze dokument\u00f3w w post\u0119powaniu rekrutacyjnym do Szko\u0142y Doktorskiej na rok akademicki 2022\/2023. Dokumenty mog\u0105 by\u0107 z\u0142o\u017cone w polskiej lub angielskiej wersji j\u0119zykowej:<\/p>\n<p>&nbsp;<\/p>\n<p><span style=\"text-decoration: underline;\"><a href=\"https:\/\/us.edu.pl\/szkola-doktorska\/wp-content\/uploads\/sites\/50\/Nieprzypisane\/Projekt-planu-badawczego-2022.docx\" class=\"mtli_attachment mtli_docx\" class=\"mtli_attachment mtli_docx\">Projekt-planu-badawczego-2022<\/a><\/span><\/p>\n<p><span style=\"text-decoration: underline;\"><a href=\"https:\/\/us.edu.pl\/szkola-doktorska\/wp-content\/uploads\/sites\/50\/Nieprzypisane\/project-of-the-research-plan-2022.docx\" class=\"mtli_attachment mtli_docx\" class=\"mtli_attachment mtli_docx\">Project-of-the-research-plan-2022<\/a><\/span><\/p>\n<p>&nbsp;<\/p>\n<p><span style=\"text-decoration: underline;\"><a href=\"https:\/\/us.edu.pl\/szkola-doktorska\/wp-content\/uploads\/sites\/50\/Nieprzypisane\/osi\u0105gni\u0119cia-naukowe-i-dzia\u0142ania-mi\u0119dzynarodowe-2022.docx\" class=\"mtli_attachment mtli_docx\" class=\"mtli_attachment mtli_docx\">Osi\u0105gni\u0119cia-naukowe-i-dzia\u0142ania-mi\u0119dzynarodowe-2022<\/a><\/span><\/p>\n<p><span style=\"text-decoration: underline;\"><a href=\"https:\/\/us.edu.pl\/szkola-doktorska\/wp-content\/uploads\/sites\/50\/Nieprzypisane\/Scientific-achievements-and-international-cooperation-2022.docx\" class=\"mtli_attachment mtli_docx\" class=\"mtli_attachment mtli_docx\">Scientific-achievements-and-international-cooperation-2022<\/a><\/span><\/p>\n<p><span style=\"text-decoration: underline;\">Uwaga &#8211; powy\u017cej znajduj\u0105 si\u0119 tylko te dokumenty, dla kt\u00f3rych przygotowano obowi\u0105zuj\u0105cy wz\u00f3r. Nie jest to zamkni\u0119ta lista dokument\u00f3w, kt\u00f3re nale\u017cy dostarczy\u0107 w post\u0119powaniu. Pe\u0142na lista dost\u0119pna jest tutaj<\/span>: <a href=\"\/szkola-doktorska\/rekrutacja-na-rok-akademicki-2022-2023\/\">https:\/\/us.edu.pl\/szkola-doktorska\/rekrutacja-na-rok-akademicki-2022-2023\/<\/a> (zak\u0142adka &#8222;Dokumenty i informacje niezb\u0119dne w procesie rekrutacji&#8221;).<\/p>\n<p>Wszystkie wymagane dokumenty i forma ich wprowadzenia b\u0119d\u0105 te\u017c opisane w systemie <a href=\"https:\/\/irk.us.edu.pl\/\">IRK<\/a> (dost\u0119p od 13 czerwca). Zach\u0119camy kandydat\u00f3w do szybkiej rejestracji i zapoznania si\u0119 ze znajduj\u0105cymi si\u0119 tam informacjami &#8211; to najprostszy spos\u00f3b na upewnienie si\u0119, \u017ce wype\u0142ni\u0142o si\u0119 wszystkie wymagania rekrutacyjne.<\/p>\n<\/div>\r\n                    <\/div>\r\n                <\/div>[\/vc_column][\/vc_row]<\/p>","protected":false},"excerpt":{"rendered":"<p>[vc_row][vc_column][\/vc_column][\/vc_row] [&#8230;]<\/p>\n<p><a class=\"btn btn-secondary understrap-read-more-link\" href=\"https:\/\/us.edu.pl\/szkola-doktorska\/formularze-dokumentow-rekrutacyjnych-2022-2023\/\">Read More&#8230;<\/a><\/p>\n","protected":false},"author":42,"featured_media":0,"parent":0,"menu_order":0,"comment_status":"closed","ping_status":"closed","template":"","meta":{"_expiration-date-status":"saved","_expiration-date":0,"_expiration-date-type":"","_expiration-date-categories":[],"_expiration-date-options":[]},"acf":[],"_links":{"self":[{"href":"https:\/\/us.edu.pl\/szkola-doktorska\/wp-json\/wp\/v2\/pages\/6943"}],"collection":[{"href":"https:\/\/us.edu.pl\/szkola-doktorska\/wp-json\/wp\/v2\/pages"}],"about":[{"href":"https:\/\/us.edu.pl\/szkola-doktorska\/wp-json\/wp\/v2\/types\/page"}],"author":[{"embeddable":true,"href":"https:\/\/us.edu.pl\/szkola-doktorska\/wp-json\/wp\/v2\/users\/42"}],"replies":[{"embeddable":true,"href":"https:\/\/us.edu.pl\/szkola-doktorska\/wp-json\/wp\/v2\/comments?post=6943"}],"version-history":[{"count":1,"href":"https:\/\/us.edu.pl\/szkola-doktorska\/wp-json\/wp\/v2\/pages\/6943\/revisions"}],"predecessor-version":[{"id":6949,"href":"https:\/\/us.edu.pl\/szkola-doktorska\/wp-json\/wp\/v2\/pages\/6943\/revisions\/6949"}],"wp:attachment":[{"href":"https:\/\/us.edu.pl\/szkola-doktorska\/wp-json\/wp\/v2\/media?parent=6943"}],"curies":[{"name":"wp","href":"https:\/\/api.w.org\/{rel}","templated":true}]}}