{"id":7246,"date":"2022-05-25T08:51:27","date_gmt":"2022-05-25T06:51:27","guid":{"rendered":"https:\/\/us.edu.pl\/szkola-doktorska\/?page_id=7246"},"modified":"2022-05-25T08:51:27","modified_gmt":"2022-05-25T06:51:27","slug":"projekty-finansowane-ze-srodkow-szkoly-doktorskiej-konkurs-7-2-2022","status":"publish","type":"page","link":"https:\/\/us.edu.pl\/szkola-doktorska\/srodki-na-dzialalnosc-naukowa-doktorantow-2022\/konkurs-dla-doktorantow-srodki-na-dzialalnosc-naukowa\/projekty-finansowane-ze-srodkow-szkoly-doktorskiej-konkurs-7-2-2022\/","title":{"rendered":"Projekty finansowane ze \u015brodk\u00f3w Szko\u0142y Doktorskiej &#8211; konkurs 7 (2\/2022)"},"content":{"rendered":"<p>[vc_row][vc_column]\r\n                <div class=\"text-modules\">\r\n                    <div class=\"container\">\r\n                        <h3 class=\"page-title text__title\">Projekty finansowane ze \u015brodk\u00f3w Szko\u0142y Doktorskiej<\/h3>\r\n                        <div class=\"text-modules__content\"><p>\u015arodki przyznane w konkursie na dzia\u0142alno\u015b\u0107 naukow\u0105 doktorant\u00f3w Szko\u0142y Doktorskiej nr 7 (2\/2022) \u2013 rozstrzygni\u0119cie 25 maja 2022 r.<\/p>\n<\/div>\r\n                    <\/div>\r\n                <\/div>[\/vc_column][\/vc_row][vc_row][vc_column]\r\n                <div class=\"text-modules\">\r\n                    <div class=\"container\">\r\n                        \r\n                        <div class=\"text-modules__content\"><\/p>\n<table style=\"width: 101.514%; height: 10px;\" border=\"1\" width=\"1095\">\n<tbody>\n<tr>\n<td style=\"width: 5.88822%;\" width=\"49\"><strong>No.<\/strong><\/td>\n<td style=\"width: 24.8503%;\" width=\"221\"><strong>Name and last name \/ Imi\u0119 i nazwisko<\/strong><\/td>\n<td style=\"width: 23.7525%;\" width=\"211\"><strong>Scientific discipline \/ Dyscyplina naukowa<\/strong><\/td>\n<td style=\"width: 28.9421%;\" width=\"258\"><strong>Nazwa zadania badawczego \/ Name of the research task<\/strong><\/td>\n<td style=\"width: 15.3693%;\" width=\"135\"><strong>Allocated funds \/ Przyznane \u015brodki<\/strong><\/td>\n<\/tr>\n<tr>\n<td style=\"width: 5.88822%;\">1.<\/td>\n<td style=\"width: 24.8503%;\">Magdalena Tobo\u0142a-Feliks<\/td>\n<td style=\"width: 23.7525%;\">culture and religion studies (nauki o kulturze i religii)<\/td>\n<td style=\"width: 28.9421%;\">Przeprowadzenie w\u0142a\u015bciwej procedury badawczej (1 etap dzia\u0142a\u0144)<\/td>\n<td style=\"width: 15.3693%;\">1 600,00 z\u0142<\/td>\n<\/tr>\n<tr>\n<td style=\"width: 5.88822%;\">2.<\/td>\n<td style=\"width: 24.8503%;\">Paulina K\u0119dzia-Wi\u015bniewska<\/td>\n<td style=\"width: 23.7525%;\">culture and religion studies (nauki o kulturze i religii)<\/td>\n<td style=\"width: 28.9421%;\">Proofreading oraz j\u0119zykowa korekta specjalistyczna<\/td>\n<td style=\"width: 15.3693%;\">725,00 z\u0142<\/td>\n<\/tr>\n<tr>\n<td style=\"width: 5.88822%;\">3.<\/td>\n<td style=\"width: 24.8503%;\">Jessica Kufa<\/td>\n<td style=\"width: 23.7525%;\">culture and religion studies (nauki o kulturze i religii)<\/td>\n<td style=\"width: 28.9421%;\">T\u0142umaczenie wniosku Preludium<\/td>\n<td style=\"width: 15.3693%;\">1 000,00 z\u0142<\/td>\n<\/tr>\n<tr>\n<td style=\"width: 5.88822%;\">4.<\/td>\n<td style=\"width: 24.8503%;\">Daniel Stopa<\/td>\n<td style=\"width: 23.7525%;\">film and theatre (sztuki filmowe i teatralne)<\/td>\n<td style=\"width: 28.9421%;\">Monta\u017c rough cut (wersji 52-minutowej) filmu dokumentalnego pt. &#8222;Kiosk&#8221;.<\/td>\n<td style=\"width: 15.3693%;\">4 700,00 z\u0142<\/td>\n<\/tr>\n<tr>\n<td style=\"width: 5.88822%;\">5.<\/td>\n<td style=\"width: 24.8503%;\">Marta Szyma\u0144ska<\/td>\n<td style=\"width: 23.7525%;\">history (historia)<\/td>\n<td style=\"width: 28.9421%;\">Korpus dyplomat\u00f3w W\u0142adys\u0142awa IV Wazy. Studium prozopograficzne &#8211; kwerenda \u017ar\u00f3d\u0142owa w Bibliotece Raczy\u0144skich w Poznaniu<\/td>\n<td style=\"width: 15.3693%;\">660,00 z\u0142<\/td>\n<\/tr>\n<tr>\n<td style=\"width: 5.88822%;\">6.<\/td>\n<td style=\"width: 24.8503%;\">Marta Szyma\u0144ska<\/td>\n<td style=\"width: 23.7525%;\">history (historia)<\/td>\n<td style=\"width: 28.9421%;\">Korpus dyplomat\u00f3w W\u0142adys\u0142awa IV Wazy. Studium prozopograficzne &#8211; badania archiwalne i biblioteczne (us\u0142uga Wypo\u017cyczalni Mi\u0119dzybibliotecznej)<\/td>\n<td style=\"width: 15.3693%;\">980,00 z\u0142<\/td>\n<\/tr>\n<tr>\n<td style=\"width: 5.88822%;\">7.<\/td>\n<td style=\"width: 24.8503%;\">Anna Anzorge-Potrzebowska<\/td>\n<td style=\"width: 23.7525%;\">history (historia)<\/td>\n<td style=\"width: 28.9421%;\">Kultura pami\u0119ci staro\u017cytnego Rzymu w Rzymie wsp\u00f3\u0142czesnym<\/td>\n<td style=\"width: 15.3693%;\">4 990,16 z\u0142<\/td>\n<\/tr>\n<tr>\n<td style=\"width: 5.88822%;\">8.<\/td>\n<td style=\"width: 24.8503%;\">Marek Jurkowski<\/td>\n<td style=\"width: 23.7525%;\">history (historia)<\/td>\n<td style=\"width: 28.9421%;\">Warto\u015b\u0107 bada\u0144 in situ w onomastyce na przyk\u0142adzie ojkonimii Cesarstwa Rzymskiego<\/td>\n<td style=\"width: 15.3693%;\">4 990,16 z\u0142<\/td>\n<\/tr>\n<tr>\n<td style=\"width: 5.88822%;\">9.<\/td>\n<td style=\"width: 24.8503%;\">Teresa Uchman<\/td>\n<td style=\"width: 23.7525%;\">linguistics (j\u0119zykoznawstwo)<\/td>\n<td style=\"width: 28.9421%;\">Korekta j\u0119zykowa artyku\u0142u<\/td>\n<td style=\"width: 15.3693%;\">1 000,00 z\u0142<\/td>\n<\/tr>\n<tr>\n<td style=\"width: 5.88822%;\">10.<\/td>\n<td style=\"width: 24.8503%;\">Katarzyna Dziekan<\/td>\n<td style=\"width: 23.7525%;\">linguistics (j\u0119zykoznawstwo)<\/td>\n<td style=\"width: 28.9421%;\">Wyjazd na konferencj\u0119 zagraniczn\u0105<\/td>\n<td style=\"width: 15.3693%;\">5 000,00 z\u0142<\/td>\n<\/tr>\n<tr>\n<td style=\"width: 5.88822%;\">11.<\/td>\n<td style=\"width: 24.8503%;\">Bo\u017cena Turzyniecka<\/td>\n<td style=\"width: 23.7525%;\">literary studies (literaturoznawstwo)<\/td>\n<td style=\"width: 28.9421%;\">Kwerenda biblioteczna<\/td>\n<td style=\"width: 15.3693%;\">3 500,00 z\u0142<\/td>\n<\/tr>\n<tr>\n<td style=\"width: 5.88822%;\">12.<\/td>\n<td style=\"width: 24.8503%;\">Dawid Szombierski<\/td>\n<td style=\"width: 23.7525%;\">philosophy (filozofia)<\/td>\n<td style=\"width: 28.9421%;\">Konsultacje naukowe z tutorem zewn\u0119trznym \u2013 Doktorem Micha\u0142em Dobrza\u0144skim (Uniwersytet Warszawski)<\/td>\n<td style=\"width: 15.3693%;\">300,00 z\u0142<\/td>\n<\/tr>\n<tr>\n<td style=\"width: 5.88822%;\">13.<\/td>\n<td style=\"width: 24.8503%;\">Dawid Szombierski<\/td>\n<td style=\"width: 23.7525%;\">philosophy (filozofia)<\/td>\n<td style=\"width: 28.9421%;\">Analiza por\u00f3wnawcza stanowisk Schopenhauera i Poppera. Wniosek o fundusze na korekt\u0119 j\u0119zykow\u0105 opisu wniosku grantowego napisanego po angielsku<\/td>\n<td style=\"width: 15.3693%;\">600,00 z\u0142<\/td>\n<\/tr>\n<tr>\n<td style=\"width: 5.88822%;\">14.<\/td>\n<td style=\"width: 24.8503%;\">Ewa Pierzcha\u0142a<\/td>\n<td style=\"width: 23.7525%;\">biological sciences (nauki biologiczne)<\/td>\n<td style=\"width: 28.9421%;\">Analiza komputerowa nagra\u0144 g\u0142os\u00f3w nietoperzy przestrzeni miejskiej<\/td>\n<td style=\"width: 15.3693%;\">1 660,00 z\u0142<\/td>\n<\/tr>\n<tr>\n<td style=\"width: 5.88822%;\">15.<\/td>\n<td style=\"width: 24.8503%;\">Adrian Mas\u0142owski<\/td>\n<td style=\"width: 23.7525%;\">biological sciences (nauki biologiczne)<\/td>\n<td style=\"width: 28.9421%;\">Pozyskanie materia\u0142u badawczego &#8211; pluskwiak\u00f3w z grupy Cimicomorpha (Insecta: Heteroptera)<\/td>\n<td style=\"width: 15.3693%;\">4 473,16 z\u0142<\/td>\n<\/tr>\n<tr>\n<td style=\"width: 5.88822%;\">16.<\/td>\n<td style=\"width: 24.8503%;\">Anna Pompka<\/td>\n<td style=\"width: 23.7525%;\">biological sciences (nauki biologiczne)<\/td>\n<td style=\"width: 28.9421%;\">Wp\u0142yw g\u0142odu i kadmu na glutation i enzymy detoksykacyjne w larwach Spodoptera exigua z linii kontrolnej i kadmowej<\/td>\n<td style=\"width: 15.3693%;\">5 000,00 z\u0142<\/td>\n<\/tr>\n<tr>\n<td style=\"width: 5.88822%;\">17.<\/td>\n<td style=\"width: 24.8503%;\">Magdalena Biela<\/td>\n<td style=\"width: 23.7525%;\">biological sciences (nauki biologiczne)<\/td>\n<td style=\"width: 28.9421%;\">Opracowanie i implementacja modelu funkcjonalnego sk\u0142adu gatunkowego ro\u015blin rodzimych w systemie zielonego dachu na potrzeby kreowania miejskiej zielonej infrastruktury w ramach adaptacji do zmian klimatu<\/td>\n<td style=\"width: 15.3693%;\">1 750,00 z\u0142<\/td>\n<\/tr>\n<tr>\n<td style=\"width: 5.88822%;\">18.<\/td>\n<td style=\"width: 24.8503%;\">Dorota Staneczek<\/td>\n<td style=\"width: 23.7525%;\">Earth and related environmental sciences (nauki o Ziemi i \u015brodowisku)<\/td>\n<td style=\"width: 28.9421%;\">Wyjazdy terenowe w Tatry oraz na Oraw\u0119 w celu pobrania materia\u0142u skalnego do dalszych bada\u0144.<\/td>\n<td style=\"width: 15.3693%;\">3 019,56 z\u0142<\/td>\n<\/tr>\n<tr>\n<td style=\"width: 5.88822%;\">19.<\/td>\n<td style=\"width: 24.8503%;\">Natalia Janczewska<\/td>\n<td style=\"width: 23.7525%;\">Earth and related environmental sciences (nauki o Ziemi i \u015brodowisku)<\/td>\n<td style=\"width: 28.9421%;\">Uzyskanie europejskiego certyfikatu kompetencji pilota bezza\u0142ogowych statk\u00f3w powietrznych i samodzielne wykonanie nalot\u00f3w fotogrametrycznych przy pomocy UAV<\/td>\n<td style=\"width: 15.3693%;\">1 349,00 z\u0142<\/td>\n<\/tr>\n<tr>\n<td style=\"width: 5.88822%;\">20.<\/td>\n<td style=\"width: 24.8503%;\">Joanna Adamczyk<\/td>\n<td style=\"width: 23.7525%;\">Earth and related environmental sciences (nauki o Ziemi i \u015brodowisku)<\/td>\n<td style=\"width: 28.9421%;\">Konferencja naukowa w ramach Climate Week 2022 \u2013 Climate Change and Sustainability \u2013 Niemcy, Frankfurt nad Menem (1 \u2013 3 wrzesie\u0144 2022)<\/td>\n<td style=\"width: 15.3693%;\">5 000,00 z\u0142<\/td>\n<\/tr>\n<tr>\n<td style=\"width: 5.88822%;\">21.<\/td>\n<td style=\"width: 24.8503%;\">Aleksandra Renc<\/td>\n<td style=\"width: 23.7525%;\">Earth and related environmental sciences (nauki o Ziemi i \u015brodowisku)<\/td>\n<td style=\"width: 28.9421%;\">Korekta j\u0119zykowa publikacji naukowej<\/td>\n<td style=\"width: 15.3693%;\">1 000,00 z\u0142<\/td>\n<\/tr>\n<tr>\n<td style=\"width: 5.88822%;\">22.<\/td>\n<td style=\"width: 24.8503%;\">Wojciech Ryka\u0142a<\/td>\n<td style=\"width: 23.7525%;\">Earth and related environmental sciences (nauki o Ziemi i \u015brodowisku)<\/td>\n<td style=\"width: 28.9421%;\">Konsekwencje po\u017caru sk\u0142adowiska odpad\u00f3w na niezabezpieczonym pod\u0142o\u017cu wysypiska &#8211; etap II<\/td>\n<td style=\"width: 15.3693%;\">2 026,26 z\u0142<\/td>\n<\/tr>\n<tr>\n<td style=\"width: 5.88822%;\">23.<\/td>\n<td style=\"width: 24.8503%;\">Jakub Kucharczyk<\/td>\n<td style=\"width: 23.7525%;\">Earth and related environmental sciences (nauki o Ziemi i \u015brodowisku)<\/td>\n<td style=\"width: 28.9421%;\">Geologiczne prace terenowe w Re\u0144skich G\u00f3rach \u0141upkowych<\/td>\n<td style=\"width: 15.3693%;\">4 367,00 z\u0142<\/td>\n<\/tr>\n<tr>\n<td style=\"width: 5.88822%;\">24.<\/td>\n<td style=\"width: 24.8503%;\">Daria Ksi\u0105\u017cak<\/td>\n<td style=\"width: 23.7525%;\">Earth and related environmental sciences (nauki o Ziemi i \u015brodowisku)<\/td>\n<td style=\"width: 28.9421%;\">Geologiczne prace terenowe w Re\u0144skich G\u00f3rach \u0141upkowych oraz Turyngii<\/td>\n<td style=\"width: 15.3693%;\">2 277,50 z\u0142<\/td>\n<\/tr>\n<tr>\n<td style=\"width: 5.88822%;\">25.<\/td>\n<td style=\"width: 24.8503%;\">Grzegorz Mo\u015b<\/td>\n<td style=\"width: 23.7525%;\">information and communication technology (informatyka techniczna i telekomunikacja)<\/td>\n<td style=\"width: 28.9421%;\">Udzia\u0142 w mi\u0119dzynarodowej konferecji naukowej IPMU 2022 oraz publikacja artyku\u0142u naukowego<\/td>\n<td style=\"width: 15.3693%;\">5 000,00 z\u0142<\/td>\n<\/tr>\n<tr>\n<td style=\"width: 5.88822%;\">26.<\/td>\n<td style=\"width: 24.8503%;\">Krzysztof Grzanka<\/td>\n<td style=\"width: 23.7525%;\">physical sciences (nauki fizyczne)<\/td>\n<td style=\"width: 28.9421%;\">Corfu 2022<\/td>\n<td style=\"width: 15.3693%;\">5 000,00 z\u0142<\/td>\n<\/tr>\n<tr>\n<td style=\"width: 5.88822%;\">27.<\/td>\n<td style=\"width: 24.8503%;\">Ma\u0142gorzata Klimasz<\/td>\n<td style=\"width: 23.7525%;\">education (pedagogika)<\/td>\n<td style=\"width: 28.9421%;\">Korekta angloj\u0119zycznego opisu i streszcze\u0144 projektu badawczego, b\u0119d\u0105cych cz\u0119\u015bci\u0105 wniosku sk\u0142adanego w ramach konkursu PRELUDIUM 21<\/td>\n<td style=\"width: 15.3693%;\">1 000,00 z\u0142<\/td>\n<\/tr>\n<tr>\n<td style=\"width: 5.88822%;\">28.<\/td>\n<td style=\"width: 24.8503%;\">Anna Orli\u0144ska<\/td>\n<td style=\"width: 23.7525%;\">education (pedagogika)<\/td>\n<td style=\"width: 28.9421%;\">Przeprowadzenie I etapu bada\u0144 w\u0142a\u015bciwych<\/td>\n<td style=\"width: 15.3693%;\">703,20 z\u0142<\/td>\n<\/tr>\n<tr>\n<td style=\"width: 5.88822%;\">29.<\/td>\n<td style=\"width: 24.8503%;\">Marcin Burdzik<\/td>\n<td style=\"width: 23.7525%;\">law (nauki prawne)<\/td>\n<td style=\"width: 28.9421%;\">Uczestnictwo czynne w zagranicznej konferencji naukowej &#8211; XXXVIIth International Congress on Law and Mental Health<\/td>\n<td style=\"width: 15.3693%;\">5 000,00 z\u0142<\/td>\n<\/tr>\n<tr>\n<td style=\"width: 5.88822%;\">30.<\/td>\n<td style=\"width: 24.8503%;\">Anna Marian Rizzo<\/td>\n<td style=\"width: 23.7525%;\">law (nauki prawne)<\/td>\n<td style=\"width: 28.9421%;\">Czynny Udzia\u0142 w konferencji naukowej i publikacja artyku\u0142u<\/td>\n<td style=\"width: 15.3693%;\">3 820,14 z\u0142<\/td>\n<\/tr>\n<tr>\n<td style=\"width: 5.88822%;\">31.<\/td>\n<td style=\"width: 24.8503%;\">Jakub Zwierzchowski<\/td>\n<td style=\"width: 23.7525%;\">law (nauki prawne)<\/td>\n<td style=\"width: 28.9421%;\">Konferencja naukowa i prezentacja referatu dot. III CZP 27\/20<\/td>\n<td style=\"width: 15.3693%;\">1 313,48 z\u0142<\/td>\n<\/tr>\n<tr>\n<td style=\"width: 5.88822%;\">32.<\/td>\n<td style=\"width: 24.8503%;\">Jeremiasz Kalus<\/td>\n<td style=\"width: 23.7525%;\">law (nauki prawne)<\/td>\n<td style=\"width: 28.9421%;\">Praca nad artyku\u0142em naukowym i wyst\u0105pieniem konferencyjnym (zadania II.4 i II.6)<\/td>\n<td style=\"width: 15.3693%;\">3 400,00 z\u0142<\/td>\n<\/tr>\n<tr>\n<td style=\"width: 5.88822%;\">33.<\/td>\n<td style=\"width: 24.8503%;\">Jakub Zwierzchowski<\/td>\n<td style=\"width: 23.7525%;\">law (nauki prawne)<\/td>\n<td style=\"width: 28.9421%;\">Konferencja naukowa i prezentacja referatu dot. modelu ekologizacji prawa um\u00f3w ChRL<\/td>\n<td style=\"width: 15.3693%;\">3 616,29 z\u0142<\/td>\n<\/tr>\n<tr>\n<td style=\"width: 5.88822%;\">34.<\/td>\n<td style=\"width: 24.8503%;\">Illia Klinytskyi<\/td>\n<td style=\"width: 23.7525%;\">law (nauki prawne)<\/td>\n<td style=\"width: 28.9421%;\">Kwerenda Nr 1: praca ze \u017ar\u00f3d\u0142ami, kt\u00f3re nie s\u0105 dost\u0119pne online w bibliotece Karlovy Univerzity v Praze (Uniwersytet Karola, Wydzia\u0142 Prawa i Administracji)<\/td>\n<td style=\"width: 15.3693%;\">2 337,00 z\u0142<\/td>\n<\/tr>\n<tr>\n<td style=\"width: 5.88822%;\">35.<\/td>\n<td style=\"width: 24.8503%;\">Robert \u0141asa<\/td>\n<td style=\"width: 23.7525%;\">law (nauki prawne)<\/td>\n<td style=\"width: 28.9421%;\">Aplikacja grantowa (PRELUDIUM 21)<\/td>\n<td style=\"width: 15.3693%;\">600,00 z\u0142<\/td>\n<\/tr>\n<tr>\n<td style=\"width: 5.88822%;\">36.<\/td>\n<td style=\"width: 24.8503%;\">Justyna Kania<\/td>\n<td style=\"width: 23.7525%;\">law (nauki prawne)<\/td>\n<td style=\"width: 28.9421%;\">korekta j\u0119zykowa (proofreading) wniosku granowego<\/td>\n<td style=\"width: 15.3693%;\">1 000,00 z\u0142<\/td>\n<\/tr>\n<tr>\n<td style=\"width: 5.88822%;\">37.<\/td>\n<td style=\"width: 24.8503%;\">Barbara Bieniek<\/td>\n<td style=\"width: 23.7525%;\">political science and public administration (nauki o polityce i administracji)<\/td>\n<td style=\"width: 28.9421%;\">Proofreading<\/td>\n<td style=\"width: 15.3693%;\">2 000,00 z\u0142<\/td>\n<\/tr>\n<tr>\n<td style=\"width: 5.88822%;\">38.<\/td>\n<td style=\"width: 24.8503%;\">Barbara Bieniek<\/td>\n<td style=\"width: 23.7525%;\">political science and public administration (nauki o polityce i administracji)<\/td>\n<td style=\"width: 28.9421%;\">Reality or fantasy? Serbian chances of having a monarchy back in the 21st-century<\/td>\n<td style=\"width: 15.3693%;\">474,96 z\u0142<\/td>\n<\/tr>\n<tr>\n<td style=\"width: 5.88822%;\">39.<\/td>\n<td style=\"width: 24.8503%;\">Paulina Wardawy<\/td>\n<td style=\"width: 23.7525%;\">psychology (psychologia)<\/td>\n<td style=\"width: 28.9421%;\">Proofreading wniosku grantowego<\/td>\n<td style=\"width: 15.3693%;\">1 000,00 z\u0142<\/td>\n<\/tr>\n<tr>\n<td style=\"width: 5.88822%;\">40.<\/td>\n<td style=\"width: 24.8503%;\">Katarzyna Pypno<\/td>\n<td style=\"width: 23.7525%;\">psychology (psychologia)<\/td>\n<td style=\"width: 28.9421%;\">Proofreading<\/td>\n<td style=\"width: 15.3693%;\">1 000,00 z\u0142<\/td>\n<\/tr>\n<tr>\n<td style=\"width: 5.88822%;\">41.<\/td>\n<td style=\"width: 24.8503%;\">Klara Be\u0142za<\/td>\n<td style=\"width: 23.7525%;\">sociology (nauki socjologiczne)<\/td>\n<td style=\"width: 28.9421%;\">Uczestnictwo w konferencji mi\u0119dzynarodowej<\/td>\n<td style=\"width: 15.3693%;\">765,00 z\u0142<\/td>\n<\/tr>\n<\/tbody>\n<\/table>\n<p>\n<\/div>\r\n                    <\/div>\r\n                <\/div>[\/vc_column][\/vc_row]<\/p>","protected":false},"excerpt":{"rendered":"<p>[vc_row][vc_column][\/vc_column][\/vc_row][vc_row][vc_column][\/vc_column][\/vc_row] [&#8230;]<\/p>\n<p><a class=\"btn btn-secondary understrap-read-more-link\" href=\"https:\/\/us.edu.pl\/szkola-doktorska\/srodki-na-dzialalnosc-naukowa-doktorantow-2022\/konkurs-dla-doktorantow-srodki-na-dzialalnosc-naukowa\/projekty-finansowane-ze-srodkow-szkoly-doktorskiej-konkurs-7-2-2022\/\">Read More&#8230;<\/a><\/p>\n","protected":false},"author":42,"featured_media":0,"parent":1031,"menu_order":0,"comment_status":"closed","ping_status":"closed","template":"","meta":{"_expiration-date-status":"","_expiration-date":0,"_expiration-date-type":"","_expiration-date-categories":[],"_expiration-date-options":[]},"acf":[],"_links":{"self":[{"href":"https:\/\/us.edu.pl\/szkola-doktorska\/wp-json\/wp\/v2\/pages\/7246"}],"collection":[{"href":"https:\/\/us.edu.pl\/szkola-doktorska\/wp-json\/wp\/v2\/pages"}],"about":[{"href":"https:\/\/us.edu.pl\/szkola-doktorska\/wp-json\/wp\/v2\/types\/page"}],"author":[{"embeddable":true,"href":"https:\/\/us.edu.pl\/szkola-doktorska\/wp-json\/wp\/v2\/users\/42"}],"replies":[{"embeddable":true,"href":"https:\/\/us.edu.pl\/szkola-doktorska\/wp-json\/wp\/v2\/comments?post=7246"}],"version-history":[{"count":1,"href":"https:\/\/us.edu.pl\/szkola-doktorska\/wp-json\/wp\/v2\/pages\/7246\/revisions"}],"predecessor-version":[{"id":7247,"href":"https:\/\/us.edu.pl\/szkola-doktorska\/wp-json\/wp\/v2\/pages\/7246\/revisions\/7247"}],"up":[{"embeddable":true,"href":"https:\/\/us.edu.pl\/szkola-doktorska\/wp-json\/wp\/v2\/pages\/1031"}],"wp:attachment":[{"href":"https:\/\/us.edu.pl\/szkola-doktorska\/wp-json\/wp\/v2\/media?parent=7246"}],"curies":[{"name":"wp","href":"https:\/\/api.w.org\/{rel}","templated":true}]}}