{"id":7417,"date":"2022-07-29T10:05:43","date_gmt":"2022-07-29T08:05:43","guid":{"rendered":"https:\/\/us.edu.pl\/szkola-doktorska\/?page_id=7417"},"modified":"2022-10-11T08:55:56","modified_gmt":"2022-10-11T06:55:56","slug":"komisje-ewaluacyjne-doktorantow-rocznika-2021-2022","status":"publish","type":"page","link":"https:\/\/us.edu.pl\/szkola-doktorska\/ocena-srodokresowa\/komisje-ewaluacyjne-doktorantow-rocznika-2021-2022\/","title":{"rendered":"Komisje ewaluacyjne doktorant\u00f3w rocznika 2021\/2022"},"content":{"rendered":"<p>[vc_row][vc_column]\r\n                <div class=\"text-modules\">\r\n                    <div class=\"container\">\r\n                        \r\n                        <div class=\"text-modules__content\"><p>Sk\u0142ady komisji powo\u0142anych zarz\u0105dzeniem nr 4 Dziekana Szko\u0142y Doktorskiej z 28 lipca 2022 roku:<\/p>\n<ul>\n<li><a href=\"https:\/\/us.edu.pl\/szkola-doktorska\/wp-content\/uploads\/sites\/50\/ewaluacja\/zarzadzenie-4-2022-powolanie-komisji-ewaluacyjnych-dla-rocznika-2021-2022.pdf\" class=\"mtli_attachment mtli_pdf\" data-mtli=\"mtli_filesize383,96kB\" class=\"mtli_attachment mtli_pdf\" data-mtli=\"mtli_filesize383,96kB\">zarz\u0105dzenie 4-2022 &#8211; powo\u0142anie komisji ewaluacyjnych dla rocznika 2021-2022<\/a><\/li>\n<li><a href=\"https:\/\/us.edu.pl\/szkola-doktorska\/wp-content\/uploads\/sites\/50\/prawo\/zarzadzenia-dziekana\/zarzadzenie-8-2022-powolanie-komisji-ewaluacyjnych-dla-rocznika-2021-2022.pdf\" class=\"mtli_attachment mtli_pdf\" data-mtli=\"mtli_filesize307,08kB\" class=\"mtli_attachment mtli_pdf\" data-mtli=\"mtli_filesize307,08kB\">zarz\u0105dzenie 8-2022 &#8211; powo\u0142anie komisji ewaluacyjnych dla rocznika 2021-2022 &#8211; uzupe\u0142nienie<\/a><\/li>\n<\/ul>\n<p>Komisje doktorant\u00f3w Uniwersytetu Sapienza w Rzymie realizuj\u0105cych wsp\u00f3lny program doktorski &#8211; zostan\u0105 powo\u0142ane w kolejnym roku akademickim.<\/p>\n<style type=\"text\/css\">a[data-mtli~=\"mtli_filesize383,96kB\"]:after {content:\" (383,96 kB)\"}a[data-mtli~=\"mtli_filesize307,08kB\"]:after {content:\" (307,08 kB)\"}<\/style><\/div>\r\n                    <\/div>\r\n                <\/div>[\/vc_column][\/vc_row]<\/p>\n<style type=\"text\/css\">a[data-mtli~=\"mtli_filesize383,96kB\"]:after {content:\" (383,96 kB)\"}a[data-mtli~=\"mtli_filesize307,08kB\"]:after {content:\" (307,08 kB)\"}<\/style>","protected":false},"excerpt":{"rendered":"<p>[vc_row][vc_column][\/vc_column][\/vc_row] [&#8230;]<\/p>\n<p><a class=\"btn btn-secondary understrap-read-more-link\" href=\"https:\/\/us.edu.pl\/szkola-doktorska\/ocena-srodokresowa\/komisje-ewaluacyjne-doktorantow-rocznika-2021-2022\/\">Read More&#8230;<\/a><\/p>\n","protected":false},"author":42,"featured_media":0,"parent":5680,"menu_order":0,"comment_status":"closed","ping_status":"closed","template":"","meta":{"_expiration-date-status":"","_expiration-date":0,"_expiration-date-type":"","_expiration-date-categories":[],"_expiration-date-options":[]},"acf":[],"_links":{"self":[{"href":"https:\/\/us.edu.pl\/szkola-doktorska\/wp-json\/wp\/v2\/pages\/7417"}],"collection":[{"href":"https:\/\/us.edu.pl\/szkola-doktorska\/wp-json\/wp\/v2\/pages"}],"about":[{"href":"https:\/\/us.edu.pl\/szkola-doktorska\/wp-json\/wp\/v2\/types\/page"}],"author":[{"embeddable":true,"href":"https:\/\/us.edu.pl\/szkola-doktorska\/wp-json\/wp\/v2\/users\/42"}],"replies":[{"embeddable":true,"href":"https:\/\/us.edu.pl\/szkola-doktorska\/wp-json\/wp\/v2\/comments?post=7417"}],"version-history":[{"count":3,"href":"https:\/\/us.edu.pl\/szkola-doktorska\/wp-json\/wp\/v2\/pages\/7417\/revisions"}],"predecessor-version":[{"id":7613,"href":"https:\/\/us.edu.pl\/szkola-doktorska\/wp-json\/wp\/v2\/pages\/7417\/revisions\/7613"}],"up":[{"embeddable":true,"href":"https:\/\/us.edu.pl\/szkola-doktorska\/wp-json\/wp\/v2\/pages\/5680"}],"wp:attachment":[{"href":"https:\/\/us.edu.pl\/szkola-doktorska\/wp-json\/wp\/v2\/media?parent=7417"}],"curies":[{"name":"wp","href":"https:\/\/api.w.org\/{rel}","templated":true}]}}