{"id":7493,"date":"2022-09-17T13:08:56","date_gmt":"2022-09-17T11:08:56","guid":{"rendered":"https:\/\/us.edu.pl\/szkola-doktorska\/?page_id=7493"},"modified":"2022-11-29T18:57:20","modified_gmt":"2022-11-29T17:57:20","slug":"ewaluacja-po-trzecim-roku-ksztalcenia-rocznik-2019-2020","status":"publish","type":"page","link":"https:\/\/us.edu.pl\/szkola-doktorska\/ocena-srodokresowa\/ewaluacja-po-trzecim-roku-ksztalcenia-rocznik-2019-2020\/","title":{"rendered":"Ewaluacja po trzecim roku kszta\u0142cenia &#8211; rocznik 2019\/2020"},"content":{"rendered":"<p>[vc_row][vc_column]\r\n                <div class=\"text-modules\">\r\n                    <div class=\"container\">\r\n                        <h3 class=\"page-title text__title\">Zadania doktorant\u00f3w po zako\u0144czeniu trzeciego roku kszta\u0142cenia<\/h3>\r\n                        <div class=\"text-modules__content\"><\/p>\n<ol>\n<li>Doktoranci ko\u0144cz\u0105cy trzeci rok kszta\u0142cenia przygotowuj\u0105 sprawozdanie z realizacji programu kszta\u0142cenia i Indywidualnego planu badawczego (IPB) wed\u0142ug wzoru udost\u0119pnionego na stronie internetowej Szko\u0142y Doktorskiej (dalej SD). Link: <a href=\"\/szkola-doktorska\/indywidualny-plan-badawczy\/indywidualny-plan-badawczy-2019-2020\/\">https:\/\/us.edu.pl\/szkola-doktorska\/indywidualny-plan-badawczy\/indywidualny-plan-badawczy-2019-2020\/<\/a><\/li>\n<li>Za\u0142\u0105cznikami do sprawozdania s\u0105 publikacje i inne dzie\u0142a podlegaj\u0105ce ewaluacji &#8211; zar\u00f3wno opublikowane jak i z\u0142o\u017cone do druku &#8211; oraz merytoryczne tre\u015bci (np. sprawozdania) dotycz\u0105ce sta\u017c\u00f3w, wsp\u00f3\u0142pracy itp.<\/li>\n<li>Sprawozdanie nale\u017cy z\u0142o\u017cy\u0107 do biura SD do 30 wrze\u015bnia danego roku:\n<ol style=\"list-style-type: lower-alpha;\">\n<li>w wersji oryginalnej (podpisanej certyfikatem na <a href=\"mailto:szkola.doktorska@us.edu.pl\">szkola.doktorska@us.edu.pl<\/a> lub odr\u0119cznie do biura SD) &#8211; bez za\u0142\u0105cznik\u00f3w <span style=\"text-decoration: underline;\"><strong>ORAZ<\/strong><\/span><\/li>\n<li>w wersji elektronicznej (w formie pliku pdf, bez podpis\u00f3w lub z podpisem elektronicznym) &#8211; z za\u0142\u0105cznikami.<\/li>\n<\/ol>\n<\/li>\n<li>Spos\u00f3b dostarczenia wersji elektronicznej\n<ol style=\"list-style-type: lower-alpha;\">\n<li>wszystkie pliki &#8211; sprawozdanie i za\u0142\u0105czniki nale\u017cy zatytu\u0142owa\u0107 wed\u0142ug schematu: Nazwisko_Imi\u0119_nazwa_pliku (np. Kowalski_Jan_sprawozdanie_2021, tytu\u0142 publikacji) &#8211; <span style=\"text-decoration: underline;\">Uwaga &#8211; pliki nazwane inaczej nie b\u0119d\u0105 brane pod uwag\u0119<\/span>)<\/li>\n<li>wszystkie pliki nale\u017cy wgra\u0107 na dysk poprzez link: <a href=\"https:\/\/ssd.us.edu.pl\/index.php\/s\/U5QFDODE6ypkVf2\">https:\/\/ssd.us.edu.pl\/index.php\/s\/U5QFDODE6ypkVf2<\/a><\/li>\n<\/ol>\n<\/li>\n<\/ol>\n<p>\n<\/div>\r\n                    <\/div>\r\n                <\/div>\r\n                <div class=\"text-modules\">\r\n                    <div class=\"container\">\r\n                        <h3 class=\"page-title text__title\">Rola biura Szko\u0142y Doktorskiej w ewaluacji doktorant\u00f3w po trzecim roku<\/h3>\r\n                        <div class=\"text-modules__content\"><\/p>\n<ol>\n<li>Biuro SD weryfikuje zamkni\u0119cie roku akademickiego przez doktoranta po z\u0142o\u017ceniu przez niego sprawozdania oryginalnie podpisanego.<\/li>\n<li>Biuro SD kompletuje dokumenty i przekazuje je komisji ewaluacyjnej wraz z instrukcj\u0105 dotycz\u0105c\u0105 dalszego post\u0119powania. Do wiadomo\u015bci dodani zostaj\u0105 doktoranci i promotorzy.<\/li>\n<li>Uwaga &#8211; biuro nie weryfikuje dostarczonych dokument\u00f3w.<\/li>\n<\/ol>\n<p>\n<\/div>\r\n                    <\/div>\r\n                <\/div>\r\n                <div class=\"text-modules\">\r\n                    <div class=\"container\">\r\n                        <h3 class=\"page-title text__title\">Tryb pracy komisji ewaluacyjnej<\/h3>\r\n                        <div class=\"text-modules__content\"><\/p>\n<ol>\n<li>Posiedzenia odbywaj\u0105 si\u0119 zdalnie nie p\u00f3\u017aniej ni\u017c do 31 stycznia 2023 roku.<\/li>\n<li>Za organizacj\u0119 zdalnego posiedzenia (ustalenie terminu, przygotowanie po\u0142\u0105czenia) odpowiedzialny jest przewodnicz\u0105cy komisji.<\/li>\n<li>W posiedzeniu komisji bior\u0105 udzia\u0142 wszyscy cz\u0142onkowie. W\u00a0szczeg\u00f3lnie uzasadnionych przypadkach dopuszcza si\u0119 nieobecno\u015b\u0107 jednego cz\u0142onka komisji, kt\u00f3ry powinien najp\u00f3\u017aniej do dnia posiedzenia komisji dostarczy\u0107 pisemn\u0105 opini\u0119 zawieraj\u0105c\u0105 ocen\u0119 sprawozdania. Obecno\u015b\u0107 przewodnicz\u0105cego komisji na posiedzeniu jest obligatoryjna.<\/li>\n<li>Na zaproszenie przewodnicz\u0105cego komisji w\u00a0posiedzeniu lub w\u00a0jego cz\u0119\u015bci mog\u0105 wzi\u0105\u0107 udzia\u0142 doktorant lub promotor.<\/li>\n<li>Decyzje komisji podejmowane s\u0105 bezwzgl\u0119dn\u0105 wi\u0119kszo\u015bci\u0105 g\u0142os\u00f3w.<\/li>\n<li>Po zako\u0144czeniu prac komisji przewodnicz\u0105cy przygotowuje protok\u00f3\u0142, wype\u0142niaj\u0105c formularz zamieszczony poni\u017cej. Pdf wygenerowany po wype\u0142nieniu formularza przewodnicz\u0105cy przesy\u0142a doktorantowi i promotorowi.<\/li>\n<\/ol>\n<p>\n<\/div>\r\n                    <\/div>\r\n                <\/div>\r\n                <div class=\"text-modules\">\r\n                    <div class=\"container\">\r\n                        <h3 class=\"page-title text__title\">Zadania komisji<\/h3>\r\n                        <div class=\"text-modules__content\"><\/p>\n<ol>\n<li>Komisja ewaluacyjna ocenia post\u0119py pracy badawczej doktoranta na podstawie sprawozdania z\u00a0realizacji IPB.<\/li>\n<li>Ocena mo\u017ce by\u0107 pozytywna, warunkowo pozytywna albo negatywna. Je\u015bli ocena jest warunkowo pozytywna, komisja wyznacza doktorantowi okre\u015blone zadania wraz z\u00a0terminem ich realizacji. Po tym terminie komisja spotyka si\u0119 z\u00a0doktorantem i\u00a0ponownie ocenia jego post\u0119py.<\/li>\n<li>Ocena negatywna jest podstaw\u0105 do skre\u015blenia doktoranta.<\/li>\n<\/ol>\n<p>\n<\/div>\r\n                    <\/div>\r\n                <\/div>\r\n                <div class=\"title-with-link color-blue\" style=\"background: \">\r\n                    <div class=\"container\">\r\n                        <div class=\"title-with-link-container links-align-left\">\r\n                            <div class=\"title-with-link__title\"><span>Formularz protoko\u0142u z posiedzenia komisji ewaluacyjnej<\/span><\/div>\r\n                            <a href=\"https:\/\/formularze.us.edu.pl\/form\/index\/3379\" class=\"title-with-link__link\">link<\/a>\r\n                        <\/div>\r\n                    <\/div>\r\n                <\/div>\r\n            \r\n                <div class=\"text-modules\">\r\n                    <div class=\"container\">\r\n                        <h3 class=\"page-title text__title\">Podstawa prawna<\/h3>\r\n                        <div class=\"text-modules__content\"><\/p>\n<ol>\n<li>Regulamin Szko\u0142y Doktorskiej obowi\u0105zuj\u0105cy od 1 pa\u017adziernika 2022 &#8211; <a href=\"https:\/\/aktyprawne.us.edu.pl\/423-lista\/d\/5410\/5\/\">link<\/a><\/li>\n<li><a href=\"https:\/\/us.edu.pl\/szkola-doktorska\/wp-content\/uploads\/sites\/50\/ewaluacja\/zarza\u0328dzenie-nr-6-dziekana-SD-z-dnia-28-lipca-2022-ocena-postepow-pracy-badawczej-po-III-roku.pdf\" class=\"mtli_attachment mtli_pdf\" data-mtli=\"mtli_filesize292,61kB\" class=\"mtli_attachment mtli_pdf\" data-mtli=\"mtli_filesize292,61kB\">Zarza\u0328dzenie nr 6 dziekana SD z dnia 28 lipca 2022 &#8211; ocena post\u0119p\u00f3w pracy badawczej po III roku<\/a><\/li>\n<li><a href=\"https:\/\/us.edu.pl\/szkola-doktorska\/wp-content\/uploads\/sites\/50\/prawo\/zarzadzenia-dziekana\/zarza\u0328dzenie-nr-10-zmieniajace-zarzadzenie-nr-6-ocena-postepow-pracy-badawczej-po-III-roku.pdf\" class=\"mtli_attachment mtli_pdf\" data-mtli=\"mtli_filesize249,78kB\" class=\"mtli_attachment mtli_pdf\" data-mtli=\"mtli_filesize249,78kB\">zarza\u0328dzenie nr 10 &#8211; zmieniaj\u0105ce zarz\u0105dzenie nr 6 &#8211; ocena post\u0119p\u00f3w pracy badawczej po III roku<\/a><\/li>\n<\/ol>\n<p>\n<style type=\"text\/css\">a[data-mtli~=\"mtli_filesize292,61kB\"]:after {content:\" (292,61 kB)\"}a[data-mtli~=\"mtli_filesize249,78kB\"]:after {content:\" (249,78 kB)\"}<\/style><\/div>\r\n                    <\/div>\r\n                <\/div>[\/vc_column][\/vc_row]<\/p>\n<style type=\"text\/css\">a[data-mtli~=\"mtli_filesize292,61kB\"]:after {content:\" (292,61 kB)\"}a[data-mtli~=\"mtli_filesize249,78kB\"]:after {content:\" (249,78 kB)\"}<\/style>","protected":false},"excerpt":{"rendered":"<p>[vc_row][vc_column][\/vc_column][\/vc_row] [&#8230;]<\/p>\n<p><a class=\"btn btn-secondary understrap-read-more-link\" href=\"https:\/\/us.edu.pl\/szkola-doktorska\/ocena-srodokresowa\/ewaluacja-po-trzecim-roku-ksztalcenia-rocznik-2019-2020\/\">Read More&#8230;<\/a><\/p>\n","protected":false},"author":42,"featured_media":0,"parent":5680,"menu_order":0,"comment_status":"closed","ping_status":"closed","template":"","meta":{"_expiration-date-status":"","_expiration-date":0,"_expiration-date-type":"","_expiration-date-categories":[],"_expiration-date-options":[]},"acf":[],"_links":{"self":[{"href":"https:\/\/us.edu.pl\/szkola-doktorska\/wp-json\/wp\/v2\/pages\/7493"}],"collection":[{"href":"https:\/\/us.edu.pl\/szkola-doktorska\/wp-json\/wp\/v2\/pages"}],"about":[{"href":"https:\/\/us.edu.pl\/szkola-doktorska\/wp-json\/wp\/v2\/types\/page"}],"author":[{"embeddable":true,"href":"https:\/\/us.edu.pl\/szkola-doktorska\/wp-json\/wp\/v2\/users\/42"}],"replies":[{"embeddable":true,"href":"https:\/\/us.edu.pl\/szkola-doktorska\/wp-json\/wp\/v2\/comments?post=7493"}],"version-history":[{"count":10,"href":"https:\/\/us.edu.pl\/szkola-doktorska\/wp-json\/wp\/v2\/pages\/7493\/revisions"}],"predecessor-version":[{"id":7762,"href":"https:\/\/us.edu.pl\/szkola-doktorska\/wp-json\/wp\/v2\/pages\/7493\/revisions\/7762"}],"up":[{"embeddable":true,"href":"https:\/\/us.edu.pl\/szkola-doktorska\/wp-json\/wp\/v2\/pages\/5680"}],"wp:attachment":[{"href":"https:\/\/us.edu.pl\/szkola-doktorska\/wp-json\/wp\/v2\/media?parent=7493"}],"curies":[{"name":"wp","href":"https:\/\/api.w.org\/{rel}","templated":true}]}}