{"id":7546,"date":"2022-10-02T00:05:34","date_gmt":"2022-10-01T22:05:34","guid":{"rendered":"https:\/\/us.edu.pl\/szkola-doktorska\/?page_id=7546"},"modified":"2022-10-19T13:54:47","modified_gmt":"2022-10-19T11:54:47","slug":"harmonogram-zajec-semestr-zimowy-2022-2023","status":"publish","type":"page","link":"https:\/\/us.edu.pl\/szkola-doktorska\/harmonogram-zajec-semestr-zimowy-2022-2023\/","title":{"rendered":"Harmonogram zaj\u0119\u0107 &#8211; semestr zimowy 2022\/2023"},"content":{"rendered":"<p>[vc_row][vc_column]\r\n                <div class=\"text-modules \">\r\n                    <div class=\"container\">\r\n                        <h3 class=\"section-title section-title_border-bottom\">Informacja o organizacji zaj\u0119\u0107<\/h3> \r\n                        <div class=\"row m-0\">\r\n                            <div class=\"text-modules__content\">\r\n                                Zaj\u0119cia realizowane s\u0105 w formie kontaktowej. Cz\u0119\u015b\u0107 zaj\u0119\u0107 zaplanowana zosta\u0142a w formie zdalnej &#8211; lektoraty i Academic English (cz\u0119\u015b\u0107 grup). Zdalnie jest te\u017c realizowana cz\u0119\u015b\u0107 zaj\u0119\u0107 w j\u0119zyku angielskim i zaj\u0119\u0107 dla doktorant\u00f3w programu &#8222;Doktorat wdro\u017ceniowy&#8221;.<\/p>\n<p>Doktoranci, kt\u00f3rzy przez d\u0142u\u017cszy czas nie mog\u0105 uczestniczy\u0107 w zaj\u0119ciach kontaktowych z powodu choroby albo wyjazdu zagranicznego (o charakterze naukowym) mog\u0105 wnioskowa\u0107 o hybrydowe uczestnictwo w zaj\u0119ciach (wniosek do Dziekana SD na szkola.doktorska@us.edu.pl)<\/p>\n<p>Zaj\u0119cia obowi\u0105zkowe dla doktorant\u00f3w I roku rozpoczynaj\u0105 si\u0119 3 pa\u017adziernika.<\/p>\n<p>Pozosta\u0142e zaj\u0119cia zaczynaj\u0105 si\u0119 10 pa\u017adziernika, 17 pa\u017adziernika lub wed\u0142ug indywidualnego harmonogramu.<\/p>\n<div class=\"mt-3\"><\/div>\r\n                            <\/div>\r\n                            \r\n                            <div class=\"text-modules__img\"><a href=\"https:\/\/www.zdalny.us.edu.pl\/\" target=\"_blank\"><img src=\"https:\/\/us.edu.pl\/szkola-doktorska\/wp-content\/uploads\/sites\/50\/Nieprzypisane\/uczelnia_mobilna-1-150x150.jpg\" alt=\"img\"><\/a><\/div>\r\n                        <\/div>\r\n                    <\/div>\r\n                <\/div>[\/vc_column][\/vc_row][vc_row][vc_column]\r\n                <div class=\"text-modules \">\r\n                    <div class=\"container\">\r\n                        <h3 class=\"section-title section-title_border-bottom\">Metodyka bada\u0144 naukowych<\/h3> <h3 class=\"subtitle text-modules__subtitle\">zaj\u0119cia obowi\u0105zkowe dla doktorant\u00f3w I roku, dost\u0119pne dla wszystkich<\/h3>\r\n                        <div class=\"row m-0\">\r\n                            <div class=\"text-modules__content\">\r\n                                Ka\u017cdy doktorant zalicza trzy 10-godzinne zaj\u0119cia w ramach modu\u0142u. Doktoranci obszaru nauk spo\u0142ecznych i doktoranci nauk \u015bcis\u0142ych i przyrodniczych oraz in\u017cynieryjno-technicznych maj\u0105 zaliczy\u0107 zaj\u0119cia wsp\u00f3lne i dwa wybrane przez siebie zaj\u0119cia. Doktoranci obszaru nauk humanistycznych, nauk teologicznych i sztuki maj\u0105 zaliczy\u0107 trzy dowolne zaj\u0119cia. Doktoranci programu \u201eDoktorat wdro\u017ceniowy\u201d maj\u0105 zaliczy\u0107 zaj\u0119cia wsp\u00f3lne dla programu i co najmniej jedne zaj\u0119cia ponad to.<\/p>\n<p>&#8211; rejestracja dla I roku: 26-30 wrze\u015bnia (zako\u0144czona)<\/p>\n<p>&#8211; dodatkowa rejestracja otwarta dla wszystkich: 6-8 pa\u017adziernika<\/p>\n<p>Harmonogram: <a href=\"https:\/\/uniwersytetslaski-my.sharepoint.com\/:x:\/g\/personal\/ryszard_knapek_o365_us_edu_pl\/Ed5ET4JBHfFMlShv4R4Y6CoBK0rdD5TZ03JVukEvP3viZw?e=tgLxoO\">Metodyka bada\u0144 naukowych<\/a> \r\n                                <div class=\"mt-3\"><\/div>\r\n                            <\/div>\r\n                            \r\n                            <div class=\"text-modules__img\"><img src=\"https:\/\/us.edu.pl\/szkola-doktorska\/wp-content\/uploads\/sites\/50\/Nieprzypisane\/tools-1083796_640-300x225.jpg\" alt=\"img\"><\/div>\r\n                        <\/div>\r\n                    <\/div>\r\n                <\/div>\r\n                <div class=\"text-modules \">\r\n                    <div class=\"container\">\r\n                        <h3 class=\"section-title section-title_border-bottom\">Dydaktyka szko\u0142y wy\u017cszej<\/h3> <h3 class=\"subtitle text-modules__subtitle\">zaj\u0119cia obowi\u0105zkowe dla doktorant\u00f3w I roku; zaliczenie dla doktorant\u00f3w II roku<\/h3>\r\n                        <div class=\"row m-0\">\r\n                            <div class=\"text-modules__content\">\r\n                                Rejestracja dla I roku: 26-30 wrze\u015bnia (zako\u0144czona)<\/p>\n<p>Doktoranci starszych lat, kt\u00f3rzy maj\u0105 nadrobi\u0107 te zaj\u0119cia proszeni s\u0105 o kontakt: <a href=\"mailto:szkola.doktorska@us.edu.pl\">szkola.doktorska@us.edu.pl<\/a><\/p>\n<p>Harmonogram: <a href=\"https:\/\/uniwersytetslaski-my.sharepoint.com\/:x:\/g\/personal\/ryszard_knapek_o365_us_edu_pl\/ETBt6a1PSYZHmDcbPrhuCcIBe7yvUbPY-PwSNy1ca19IVA?e=GfZmH4\">Dydaktyka szko\u0142y wy\u017cszej<\/a><\/p>\n<p>Doktoranci II roku zaliczaj\u0105 zaj\u0119cia w semestrze letnim na podstawie raportu dotycz\u0105cego przeprowadzonych samodzielnie zaj\u0119\u0107. Szczeg\u00f3\u0142y wkr\u00f3tce. \r\n                                <div class=\"mt-3\"><\/div>\r\n                            <\/div>\r\n                            \r\n                            <div class=\"text-modules__img\"><img src=\"https:\/\/us.edu.pl\/szkola-doktorska\/wp-content\/uploads\/sites\/50\/Nieprzypisane\/Obraz-Harish-Sharma-z-Pixabay_obrazek-wyrozniajacy-600x399-300x200.jpg\" alt=\"img\"><\/div>\r\n                        <\/div>\r\n                    <\/div>\r\n                <\/div>\r\n                <div class=\"text-modules \">\r\n                    <div class=\"container\">\r\n                        <h3 class=\"section-title section-title_border-bottom\">Lektorat j\u0119zyka angielskiego<\/h3> <h3 class=\"subtitle text-modules__subtitle\">zaj\u0119cia dodatkowe<\/h3>\r\n                        <div class=\"row m-0\">\r\n                            <div class=\"text-modules__content\">\r\n                                Doktoranci I roku wype\u0142niaj\u0105 test poziomuj\u0105cy (dost\u0119p przes\u0142any na \u017cyczenie &#8211; kontakt z biurem SD lub koordynatorem modu\u0142u).<\/p>\n<p>Doktoranci starszych lat ustalaj\u0105 zasady uczestnictwa z koordynatorem modu\u0142u.<\/p>\n<p>Zaj\u0119cia prowadzone w \u015brody, od 5 pa\u017adziernika, w formie zdalnej, w grupach na odpowiednim poziomie. Harmonogram dost\u0119pny wkr\u00f3tce.<\/p>\n<p>Koordynator modu\u0142u: <a href=\"https:\/\/ab.us.edu.pl\/emp?id=712\">mgr Katarzyna Bana\u015b-Sieradzka<\/a> \r\n                                <div class=\"mt-3\"><\/div>\r\n                            <\/div>\r\n                            \r\n                            <div class=\"text-modules__img\"><img src=\"https:\/\/us.edu.pl\/szkola-doktorska\/wp-content\/uploads\/sites\/50\/Nieprzypisane\/DSC4867-300x200.jpg\" alt=\"img\"><\/div>\r\n                        <\/div>\r\n                    <\/div>\r\n                <\/div>\r\n                <div class=\"text-modules \">\r\n                    <div class=\"container\">\r\n                        <h3 class=\"section-title section-title_border-bottom\">Academic English<\/h3> <h3 class=\"subtitle text-modules__subtitle\">zaj\u0119cia otwarte dla wszystkich, sugerowane dla doktorant\u00f3w II roku<\/h3>\r\n                        <div class=\"row m-0\">\r\n                            <div class=\"text-modules__content\">\r\n                                Rejestracja: 6-8 pa\u017adziernika<\/p>\n<p>Zaj\u0119cia rozpoczynaj\u0105 si\u0119 w tygodniu 10-14 pa\u017adziernika, w formie zdalnej lub stacjonarnej, w zale\u017cno\u015bci od grupy. Grupy podzielone s\u0105 zgodnie z dyscyplinami i nale\u017cy logowa\u0107 si\u0119 do grupy odpowiadaj\u0105cej dyscyplinie.<\/p>\n<p>Dodatkowe uporz\u0105dkowanie:<\/p>\n<ul>\n<li>dla nauk biologicznych zaplanowano dwie grupy, ze wzgl\u0119du na du\u017c\u0105 liczb\u0119 doktorant\u00f3w II roku<\/li>\n<li>doktoranci literaturoznawstwa i nauk o kulturze maj\u0105 dwie wsp\u00f3lne grupy, podzielone wed\u0142ug poziomu znajomo\u015bci j\u0119zyka angielskiego.<\/li>\n<li>doktoranci j\u0119zykoznawstwa i doktoranci wsp\u00f3lnego programu z Uniwersytetem Sapienza w Rzymie maj\u0105 dwie wsp\u00f3lne grupy (dowolny wyb\u00f3r)<\/li>\n<\/ul>\n<p>Harmonogram: <a href=\"https:\/\/uniwersytetslaski-my.sharepoint.com\/:x:\/g\/personal\/ryszard_knapek_o365_us_edu_pl\/EXdT4bjNzBFAuzNoFCTJucoBJ_7wg5GhDlZ6mjP_DnuT-g?e=wTAuBF\">Academic English<\/a> \r\n                                <div class=\"mt-3\"><\/div>\r\n                            <\/div>\r\n                            \r\n                            <div class=\"text-modules__img\"><img src=\"https:\/\/us.edu.pl\/szkola-doktorska\/wp-content\/uploads\/sites\/50\/Nieprzypisane\/library-g7d681f1ca_1280-300x199.jpg\" alt=\"img\"><\/div>\r\n                        <\/div>\r\n                    <\/div>\r\n                <\/div>\r\n                <div class=\"text-modules \">\r\n                    <div class=\"container\">\r\n                        <h3 class=\"section-title section-title_border-bottom\">Prawo w\u0142asno\u015bci intelektualnej i prawo autorskie<\/h3> <h3 class=\"subtitle text-modules__subtitle\">zaj\u0119cia otwarte dla wszystkich, sugerowane dla II roku<\/h3>\r\n                        <div class=\"row m-0\">\r\n                            <div class=\"text-modules__content\">\r\n                                Grupy w semestrze zimowym:<\/p>\n<ul>\n<li>obszar nauk \u015bcis\u0142ych i przyrodniczych oraz in\u017cynieryjno-technicznych<\/li>\n<li>doktoranci programu doktorat wdro\u017ceniowy<\/li>\n<li>grupa w j\u0119zyku angielskim (zaj\u0119cia zdalne).<\/li>\n<\/ul>\n<p>Pozosta\u0142e grupy obszarowe w semestrze letnim.<\/p>\n<p>Rejestracja 6-8 pa\u017adziernika<\/p>\n<p>Zaj\u0119cia realizowane w formie stacjonarnej (1) lub zdalnej (2, 3)<\/p>\n<p>Harmonogram: <a href=\"https:\/\/uniwersytetslaski-my.sharepoint.com\/:x:\/g\/personal\/ryszard_knapek_o365_us_edu_pl\/EeL56zl3HtFEqNB2608pS_oBrZY6cOMcAKd-CM2hrPSl9Q?e=TyRSEi\">Prawo w\u0142asno\u015bci intelektualnej i prawo autorskie<\/a> \r\n                                <div class=\"mt-3\"><\/div>\r\n                            <\/div>\r\n                            \r\n                            <div class=\"text-modules__img\"><img src=\"https:\/\/us.edu.pl\/szkola-doktorska\/wp-content\/uploads\/sites\/50\/Nieprzypisane\/wood-g586117a51_1280-300x210.jpg\" alt=\"img\"><\/div>\r\n                        <\/div>\r\n                    <\/div>\r\n                <\/div>\r\n                <div class=\"text-modules \">\r\n                    <div class=\"container\">\r\n                        <h3 class=\"section-title section-title_border-bottom\">Zaj\u0119cia fakultatywne<\/h3> <h3 class=\"subtitle text-modules__subtitle\">oferta do wyboru dla wszystkich doktorant\u00f3w<\/h3>\r\n                        <div class=\"row m-0\">\r\n                            <div class=\"text-modules__content\">\r\n                                Doktoranci w trakcie kszta\u0142cenie maj\u0105 zaliczy\u0107 zaj\u0119cia fakultatywne za co najmniej 9 ECTS. Wszystkie zaj\u0119cia w ofercie (poni\u017cej) maj\u0105 2 ECTS.<\/p>\n<p>Alternatywnie mo\u017cna zdobywa\u0107 ECTS za zaj\u0119cia fakultatywne realizuj\u0105c:<\/p>\n<ul>\n<li>dodatkowe zaj\u0119cia z metodyki bada\u0144 naukowych<\/li>\n<li>zaj\u0119cia w ramach Transform4Europe Week<\/li>\n<li>zaj\u0119cia dla doktorant\u00f3w na innych uczelniach<\/li>\n<\/ul>\n<p>Rejestracja 6-8 pa\u017adziernika<\/p>\n<p>Oferta i harmonogram: <a href=\"https:\/\/uniwersytetslaski-my.sharepoint.com\/:x:\/g\/personal\/ryszard_knapek_o365_us_edu_pl\/EdcmLszY4IRJswTpuTXUmJwBOzUHM2o-19DtZaq6w7PUuA?e=Zi4plZ\">Zaj\u0119cia fakultatywne<\/a> (aktualizacja 19.10.2022) \r\n                                <div class=\"mt-3\"><\/div>\r\n                            <\/div>\r\n                            \r\n                            <div class=\"text-modules__img\"><img src=\"https:\/\/us.edu.pl\/szkola-doktorska\/wp-content\/uploads\/sites\/50\/Nieprzypisane\/joshua-eckstein-VAJEea9u6k8-unsplash-300x200.jpg\" alt=\"img\"><\/div>\r\n                        <\/div>\r\n                    <\/div>\r\n                <\/div>\r\n                <div class=\"text-modules \">\r\n                    <div class=\"container\">\r\n                        <h3 class=\"section-title section-title_border-bottom\">Seminaria doktoranckie<\/h3> <h3 class=\"subtitle text-modules__subtitle\">indywidualne zaj\u0119cia z promotorem<\/h3>\r\n                        <div class=\"row m-0\">\r\n                            <div class=\"text-modules__content\">\r\n                                Brak rejestracji, doktoranci wprowadzeni do USOS. Prosimy o weryfikacj\u0119 obecnego stanu w USOS. W przypadku, je\u017celi cz\u0119\u015b\u0107 godzin ma by\u0107 przydzielona promotorowi pomocniczego, prosimy o kontakt mailowy promotora lub promotora pomocniczego. \r\n                                <div class=\"mt-3\"><\/div>\r\n                            <\/div>\r\n                            \r\n                            <div class=\"text-modules__img\"><img src=\"https:\/\/us.edu.pl\/szkola-doktorska\/wp-content\/uploads\/sites\/50\/2019\/11\/apple-256261_640-300x198.jpg\" alt=\"img\"><\/div>\r\n                        <\/div>\r\n                    <\/div>\r\n                <\/div>\r\n                <div class=\"text-modules \">\r\n                    <div class=\"container\">\r\n                        <h3 class=\"section-title section-title_border-bottom\">Tutoring ekspercki<\/h3> <h3 class=\"subtitle text-modules__subtitle\">zaj\u0119cia indywidualne z tutorami<\/h3>\r\n                        <div class=\"row m-0\">\r\n                            <div class=\"text-modules__content\">\r\n                                Ka\u017cdy doktorant ma zrealizowa\u0107 trzy cykle tutorskie w trakcie ca\u0142ego kszta\u0142cenia. Zaj\u0119cia zg\u0142oszone na rok akademicki 2022\/2023 z nauczycielami akademickimi zatrudnionymi w U\u015a s\u0105 ju\u017c w USOS &#8211; prosimy o weryfikacj\u0119 i ewentualne zg\u0142aszanie zmian.<\/p>\n<p>Zaj\u0119cia z osobami spoza U\u015a musz\u0105 by\u0107 zg\u0142aszane z wyprzedzeniem wed\u0142ug nast\u0119puj\u0105cego schematu:<\/p>\n<ol>\n<li>kontakt z koordynatorem obszarowym &#8211; pytanie o zgod\u0119 na konkretny tutoring<\/li>\n<li>kontakt z tutorem &#8211; ustalenie termin\u00f3w<\/li>\n<li>kontakt z biurem SD (<a href=\"mailto:agnieszka.filipowska@us.edu.pl\">agnieszka.filipowska@us.edu.pl<\/a>) &#8211; zg\u0142oszenie planu rozpocz\u0119cia tutoringu, podanie adresu e-mail tutora w celu zawi\u0105zania umowy<\/li>\n<\/ol>\n<p>Wi\u0119cej: <a href=\"\/szkola-doktorska\/ksztalcenie-indywidualne\/tutoring\/\">Tutoring ekspercki<\/a> \r\n                                <div class=\"mt-3\"><\/div>\r\n                            <\/div>\r\n                            \r\n                            <div class=\"text-modules__img\"><img src=\"https:\/\/us.edu.pl\/szkola-doktorska\/wp-content\/uploads\/sites\/50\/Nieprzypisane\/pencil-1891732_1920-300x182.jpg\" alt=\"img\"><\/div>\r\n                        <\/div>\r\n                    <\/div>\r\n                <\/div>\r\n                <div class=\"text-modules \">\r\n                    <div class=\"container\">\r\n                        <h3 class=\"section-title section-title_border-bottom\">Seminaria obszarowe doktorant\u00f3w IV roku<\/h3> <h3 class=\"subtitle text-modules__subtitle\">informacja wkr\u00f3tce<\/h3>\r\n                        <div class=\"row m-0\">\r\n                            <div class=\"text-modules__content\">\r\n                                 \r\n                                <div class=\"mt-3\"><\/div>\r\n                            <\/div>\r\n                            \r\n                            <div class=\"text-modules__img\"><img src=\"https:\/\/us.edu.pl\/szkola-doktorska\/wp-content\/uploads\/sites\/50\/Nieprzypisane\/provetas-118222_1280-300x183-1-300x183.jpg\" alt=\"img\"><\/div>\r\n                        <\/div>\r\n                    <\/div>\r\n                <\/div>\r\n                <div class=\"text-modules \">\r\n                    <div class=\"container\">\r\n                        <h3 class=\"section-title section-title_border-bottom\">Przygotowanie tekst\u00f3w naukowych i krytyczna analiza tekstu<\/h3> <h3 class=\"subtitle text-modules__subtitle\">warsztaty z redaktorami czasopism \u2013 harmonogram b\u0119dzie stopniowo uzupe\u0142niany<\/h3>\r\n                        <div class=\"row m-0\">\r\n                            <div class=\"text-modules__content\">\r\n                                 \r\n                                <div class=\"mt-3\"><\/div>\r\n                            <\/div>\r\n                            \r\n                            <div class=\"text-modules__img\"><img src=\"https:\/\/us.edu.pl\/szkola-doktorska\/wp-content\/uploads\/sites\/50\/Nieprzypisane\/open-book-gcd8706a2b_1280-300x225.jpg\" alt=\"img\"><\/div>\r\n                        <\/div>\r\n                    <\/div>\r\n                <\/div>\r\n                <div class=\"text-modules \">\r\n                    <div class=\"container\">\r\n                        <h3 class=\"section-title section-title_border-bottom\">Warsztaty doktoranckie \u2013 prezentacja planu badawczego<\/h3> <h3 class=\"subtitle text-modules__subtitle\">zaj\u0119cia obowi\u0105zkowe dla doktorant\u00f3w II roku \u2013 zosta\u0142y przeniesione na semestr letni<\/h3>\r\n                        <div class=\"row m-0\">\r\n                            <div class=\"text-modules__content\">\r\n                                 \r\n                                <div class=\"mt-3\"><\/div>\r\n                            <\/div>\r\n                            \r\n                            <div class=\"text-modules__img\"><img src=\"https:\/\/us.edu.pl\/szkola-doktorska\/wp-content\/uploads\/sites\/50\/Nieprzypisane\/us_szkola_doktorska_2020_radoslaw_kazmierczak_2676-300x200-1-300x200.jpg\" alt=\"img\"><\/div>\r\n                        <\/div>\r\n                    <\/div>\r\n                <\/div>\r\n                <div class=\"text-modules \">\r\n                    <div class=\"container\">\r\n                        <h3 class=\"section-title section-title_border-bottom\">Lektoraty j\u0119zyk\u00f3w obcych<\/h3> <h3 class=\"subtitle text-modules__subtitle\">info wkr\u00f3tce<\/h3>\r\n                        <div class=\"row m-0\">\r\n                            <div class=\"text-modules__content\">\r\n                                 \r\n                                <div class=\"mt-3\"><\/div>\r\n                            <\/div>\r\n                            \r\n                            <div class=\"text-modules__img\"><img src=\"https:\/\/us.edu.pl\/szkola-doktorska\/wp-content\/uploads\/sites\/50\/Nieprzypisane\/984px-Pieter_Bruegel_the_Elder_-_The_Tower_of_Babel_Vienna_-_Google_Art_Project_-_edited-300x220.jpg\" alt=\"img\"><\/div>\r\n                        <\/div>\r\n                    <\/div>\r\n                <\/div>[\/vc_column][\/vc_row]<\/p>","protected":false},"excerpt":{"rendered":"<p>[vc_row][vc_column][\/vc_column][\/vc_row][vc_row][vc_column][\/vc_column][\/vc_row] [&#8230;]<\/p>\n<p><a class=\"btn btn-secondary understrap-read-more-link\" href=\"https:\/\/us.edu.pl\/szkola-doktorska\/harmonogram-zajec-semestr-zimowy-2022-2023\/\">Read More&#8230;<\/a><\/p>\n","protected":false},"author":42,"featured_media":0,"parent":0,"menu_order":0,"comment_status":"closed","ping_status":"closed","template":"","meta":{"_expiration-date-status":"","_expiration-date":0,"_expiration-date-type":"","_expiration-date-categories":[],"_expiration-date-options":[]},"acf":[],"_links":{"self":[{"href":"https:\/\/us.edu.pl\/szkola-doktorska\/wp-json\/wp\/v2\/pages\/7546"}],"collection":[{"href":"https:\/\/us.edu.pl\/szkola-doktorska\/wp-json\/wp\/v2\/pages"}],"about":[{"href":"https:\/\/us.edu.pl\/szkola-doktorska\/wp-json\/wp\/v2\/types\/page"}],"author":[{"embeddable":true,"href":"https:\/\/us.edu.pl\/szkola-doktorska\/wp-json\/wp\/v2\/users\/42"}],"replies":[{"embeddable":true,"href":"https:\/\/us.edu.pl\/szkola-doktorska\/wp-json\/wp\/v2\/comments?post=7546"}],"version-history":[{"count":10,"href":"https:\/\/us.edu.pl\/szkola-doktorska\/wp-json\/wp\/v2\/pages\/7546\/revisions"}],"predecessor-version":[{"id":7637,"href":"https:\/\/us.edu.pl\/szkola-doktorska\/wp-json\/wp\/v2\/pages\/7546\/revisions\/7637"}],"wp:attachment":[{"href":"https:\/\/us.edu.pl\/szkola-doktorska\/wp-json\/wp\/v2\/media?parent=7546"}],"curies":[{"name":"wp","href":"https:\/\/api.w.org\/{rel}","templated":true}]}}