{"id":7550,"date":"2022-10-02T00:26:22","date_gmt":"2022-10-01T22:26:22","guid":{"rendered":"https:\/\/us.edu.pl\/szkola-doktorska\/?page_id=7550"},"modified":"2022-10-04T19:01:32","modified_gmt":"2022-10-04T17:01:32","slug":"harmonogram-roku-akademickiego-2022-2023","status":"publish","type":"page","link":"https:\/\/us.edu.pl\/szkola-doktorska\/harmonogram-roku-akademickiego-2022-2023\/","title":{"rendered":"Harmonogram roku akademickiego 2022\/2023"},"content":{"rendered":"<p>[vc_row][vc_column]\r\n                <div class=\"text-modules \">\r\n                    <div class=\"container\">\r\n                        <h3 class=\"section-title section-title_border-bottom\">Organizacja roku akademickiego 2022\/2023<\/h3> \r\n                        <div class=\"row m-0\">\r\n                            <div class=\"text-modules__content\">\r\n                                <\/p>\n<table>\n<tbody>\n<tr>\n<td width=\"245\"><strong>Semestr zimowy<\/strong><\/td>\n<td width=\"331\">od 3 pa\u017adziernika 2022 do 19 lutego 2023 roku<\/td>\n<\/tr>\n<tr>\n<td colspan=\"2\" width=\"576\">w tym<\/td>\n<\/tr>\n<tr>\n<td width=\"245\">zaj\u0119cia dydaktyczne<\/td>\n<td width=\"331\">03.10.2022\u201323.12.2022<\/td>\n<\/tr>\n<tr>\n<td width=\"245\">wakacje zimowe<\/td>\n<td width=\"331\">24.12.2022\u201302.01.2023<\/td>\n<\/tr>\n<tr>\n<td width=\"245\">praca indywidualna<\/td>\n<td width=\"331\">03.01.2023\u201305.02.2023<\/td>\n<\/tr>\n<tr>\n<td width=\"245\">sesja zaliczeniowa<\/td>\n<td width=\"331\">06.02.2023\u201319.02.2023<\/td>\n<\/tr>\n<tr>\n<td width=\"245\">przerwa mi\u0119dzysemestralna<\/td>\n<td width=\"331\">20.02.2023\u201326.02.2023<\/td>\n<\/tr>\n<\/tbody>\n<\/table>\n<p>&nbsp;<\/p>\n<table style=\"width: 100%; height: 198px;\">\n<tbody>\n<tr style=\"height: 18px;\">\n<td style=\"height: 18px;\" width=\"245\"><strong>Semestr letni<\/strong><\/td>\n<td style=\"height: 18px;\" width=\"331\">od 27 lutego do 30 wrze\u015bnia 2023 roku<\/td>\n<\/tr>\n<tr style=\"height: 18px;\">\n<td style=\"height: 18px;\" colspan=\"2\" width=\"576\">w tym<\/td>\n<\/tr>\n<tr style=\"height: 18px;\">\n<td style=\"height: 18px;\" width=\"245\">zaj\u0119cia dydaktyczne<\/td>\n<td style=\"height: 18px;\" width=\"331\">27.02.2023\u201305.04.2023<\/td>\n<\/tr>\n<tr style=\"height: 18px;\">\n<td style=\"height: 18px;\" width=\"245\">wakacje wiosenne<\/td>\n<td style=\"height: 18px;\" width=\"331\">06.04.2023\u201311.04.2023<\/td>\n<\/tr>\n<tr style=\"height: 18px;\">\n<td style=\"height: 18px;\" width=\"245\">zaj\u0119cia dydaktyczne, w tym:<\/td>\n<td style=\"height: 18px;\" width=\"331\">12.04.2023\u201322.05.2023<\/td>\n<\/tr>\n<tr style=\"height: 18px;\">\n<td style=\"height: 18px;\" width=\"245\">\u00a0 \u00a0 Transform4Europe Week<\/td>\n<td style=\"height: 18px;\" width=\"331\">24.04.2023\u201228.04.2023<\/td>\n<\/tr>\n<tr style=\"height: 18px;\">\n<td style=\"height: 18px;\">praca indywidualna<\/td>\n<td style=\"height: 18px;\">23.05.2023\u201218.06.2023<\/td>\n<\/tr>\n<tr style=\"height: 18px;\">\n<td style=\"height: 18px;\" width=\"245\">sesja zaliczeniowa<\/td>\n<td style=\"height: 18px;\" width=\"331\">19.06.2023\u201209.07.2023<\/td>\n<\/tr>\n<tr style=\"height: 36px;\">\n<td style=\"height: 36px;\" width=\"245\">wakacje letnie<\/td>\n<td style=\"height: 36px;\" width=\"331\">10.07.2023\u201303.09.2023 (w tym: minimum 4 tygodnie nieprzerwanych wakacji letnich)<\/td>\n<\/tr>\n<tr style=\"height: 18px;\">\n<td style=\"height: 18px;\" width=\"245\">okres ewaluacji<\/td>\n<td style=\"height: 18px;\" width=\"331\">04.09.2023\u201330.09.2023<\/td>\n<\/tr>\n<\/tbody>\n<\/table>\n<p>Dodatkowymi dniami wolnymi od zaj\u0119\u0107 dydaktycznych s\u0105 31 pa\u017adziernika 2022 roku i\u00a02\u00a0maja 2023 roku.<\/p>\n<p>Dziekan Szko\u0142y Doktorskiej w\u00a0Uniwersytecie \u015al\u0105skim mo\u017ce ustanowi\u0107 dodatkowe godziny wolne od zaj\u0119\u0107 w\u00a0innych dniach ni\u017c wskazane w\u00a0\u00a7\u00a01 oraz \u00a7\u00a02, w\u00a0zale\u017cno\u015bci od potrzeb Szko\u0142y Doktorskiej. \r\n                                <div class=\"mt-3\"><\/div>\r\n                            <\/div>\r\n                            \r\n                            <div class=\"text-modules__img\"><img src=\"https:\/\/us.edu.pl\/szkola-doktorska\/wp-content\/uploads\/sites\/50\/Nieprzypisane\/calendar-3073971_1920_800-600x400-1.jpg\" alt=\"img\"><\/div>\r\n                        <\/div>\r\n                    <\/div>\r\n                <\/div>\r\n                <div class=\"title-with-link color-blue\" style=\"background: \">\r\n                    <div class=\"container\">\r\n                        <div class=\"title-with-link-container links-align-left\">\r\n                            <div class=\"title-with-link__title\"><span><\/span><\/div>\r\n                            <a href=\"\/szkola-doktorska\/harmonogram-roku-akademickiego-2021-2022\/\" class=\"title-with-link__link\">Organizacja roku akademickiego 2021\/2022<\/a>\r\n                        <\/div>\r\n                    <\/div>\r\n                <\/div>\r\n            [\/vc_column][\/vc_row]<\/p>","protected":false},"excerpt":{"rendered":"<p>[vc_row][vc_column][\/vc_column][\/vc_row] [&#8230;]<\/p>\n<p><a class=\"btn btn-secondary understrap-read-more-link\" href=\"https:\/\/us.edu.pl\/szkola-doktorska\/harmonogram-roku-akademickiego-2022-2023\/\">Read More&#8230;<\/a><\/p>\n","protected":false},"author":42,"featured_media":6019,"parent":0,"menu_order":0,"comment_status":"closed","ping_status":"closed","template":"","meta":{"_expiration-date-status":"","_expiration-date":0,"_expiration-date-type":"","_expiration-date-categories":[],"_expiration-date-options":[]},"acf":[],"_links":{"self":[{"href":"https:\/\/us.edu.pl\/szkola-doktorska\/wp-json\/wp\/v2\/pages\/7550"}],"collection":[{"href":"https:\/\/us.edu.pl\/szkola-doktorska\/wp-json\/wp\/v2\/pages"}],"about":[{"href":"https:\/\/us.edu.pl\/szkola-doktorska\/wp-json\/wp\/v2\/types\/page"}],"author":[{"embeddable":true,"href":"https:\/\/us.edu.pl\/szkola-doktorska\/wp-json\/wp\/v2\/users\/42"}],"replies":[{"embeddable":true,"href":"https:\/\/us.edu.pl\/szkola-doktorska\/wp-json\/wp\/v2\/comments?post=7550"}],"version-history":[{"count":7,"href":"https:\/\/us.edu.pl\/szkola-doktorska\/wp-json\/wp\/v2\/pages\/7550\/revisions"}],"predecessor-version":[{"id":7596,"href":"https:\/\/us.edu.pl\/szkola-doktorska\/wp-json\/wp\/v2\/pages\/7550\/revisions\/7596"}],"wp:featuredmedia":[{"embeddable":true,"href":"https:\/\/us.edu.pl\/szkola-doktorska\/wp-json\/wp\/v2\/media\/6019"}],"wp:attachment":[{"href":"https:\/\/us.edu.pl\/szkola-doktorska\/wp-json\/wp\/v2\/media?parent=7550"}],"curies":[{"name":"wp","href":"https:\/\/api.w.org\/{rel}","templated":true}]}}