{"id":7668,"date":"2022-10-19T18:33:26","date_gmt":"2022-10-19T16:33:26","guid":{"rendered":"https:\/\/us.edu.pl\/szkola-doktorska\/?page_id=7668"},"modified":"2022-10-21T10:18:10","modified_gmt":"2022-10-21T08:18:10","slug":"prom-ogloszenie-o-naborze-na-wyjazdy-doktorantow-listopad-2022-luty-2023","status":"publish","type":"page","link":"https:\/\/us.edu.pl\/szkola-doktorska\/prom\/prom-ogloszenie-o-naborze-na-wyjazdy-doktorantow-listopad-2022-luty-2023\/","title":{"rendered":"PROM &#8211; og\u0142oszenie o naborze na wyjazdy doktorant\u00f3w &#8211; listopad 2022 &#8211; luty 2023"},"content":{"rendered":"<p>[vc_row][vc_column]\r\n                <div class=\"text-modules\">\r\n                    <div class=\"container\">\r\n                        <h3 class=\"page-title text__title\">PROM \u2013 Mi\u0119dzynarodowa wymiana stypendialna doktorant\u00f3w i kadry akademickiej<\/h3>\r\n                        <div class=\"text-modules__content\"><p>Szko\u0142a Doktorska w Uniwersytecie \u015al\u0105skim w Katowicach informuje o otwarciu naboru wniosk\u00f3w na kr\u00f3tkoterminowe wyjazdy doktorant\u00f3w w ramach programu PROM.<\/p>\n<p><strong>Uprawnieni uczestnicy<\/strong>: doktoranci Uniwersytetu \u015al\u0105skiego (studia doktoranckie i szko\u0142y doktorskie), kt\u00f3rzy nie uko\u0144czyli 40. roku \u017cycia.<\/p>\n<p>W ramach projektu dopuszczalne s\u0105 nast\u0119puj\u0105ce <strong>typy mobilno\u015bci<\/strong>:<\/p>\n<ol>\n<li style=\"list-style-type: none;\">\n<ol>\n<li>Pozyskiwanie materia\u0142\u00f3w do pracy doktorskiej\/artyku\u0142\u00f3w naukowych.<\/li>\n<li>Udzia\u0142 w szkole letniej\/szkole zimowej (zar\u00f3wno jako s\u0142uchacz szko\u0142y, jak i prowadz\u0105cy zaj\u0119cia). Tematyka programu szko\u0142y musi by\u0107 \u015bci\u015ble zwi\u0105zana z tematyk\u0105 rozprawy doktorskiej lub prowadzonymi badaniami.<\/li>\n<li>Wykonanie kwerend archiwalnych\/ bibliotecznych.<\/li>\n<li>Prowadzenie zaj\u0119\u0107 dydaktycznych.<\/li>\n<li>Udzia\u0142 w przygotowaniu mi\u0119dzynarodowego wniosku grantowego.<\/li>\n<li>Inne kr\u00f3tkie formy kszta\u0142cenia umo\u017cliwiaj\u0105ce zwi\u0119kszenie kompetencji uczestnika Projektu.<\/li>\n<li>Aktywny udzia\u0142 w konferencji zagranicznej (w tym np. udzia\u0142 w sesji posterowej i Flash talk).<\/li>\n<\/ol>\n<\/li>\n<\/ol>\n<p><strong>Cel wyjazdu<\/strong>: dowolny kraj, do kt\u00f3rego mo\u017cliwy jest wyjazd z Polski.<\/p>\n<p><strong>Czas trwania wyjazdu<\/strong>: od 5 do 24 dni (wliczaj\u0105c 2 dni podr\u00f3\u017cy).<\/p>\n<p><strong>Czas trwania projektu<\/strong>: wszystkie wyjazdy musz\u0105 zosta\u0107 rozpocz\u0119te nie wcze\u015bniej ni\u017c 1 listopada 2022 roku i zako\u0144czone nie p\u00f3\u017aniej ni\u017c 28 lutego 2023 roku. W uzasadnionych przypadkach mo\u017cliwe jest zako\u0144czenie wyjazdu w pierwszych dniach marca 2023.<\/p>\n<p><strong>Finansowanie<\/strong>:<\/p>\n<ol>\n<li>Rycza\u0142towe stawki koszt\u00f3w podr\u00f3\u017cy, ubezpieczenia zdrowotnego, OC, NNW, op\u0142at wizowych i zwi\u0105zanych z legalizacj\u0105 pobytu uzale\u017cnione od odleg\u0142o\u015bci.<\/li>\n<li>Rycza\u0142towe stawki dofinansowania koszt\u00f3w utrzymania uzale\u017cnione od kraju i d\u0142ugo\u015bci pobytu (od 260 z\u0142 do 800 za dzie\u0144).<\/li>\n<li>Koszty op\u0142at konferencyjnych\/szkole\u0144\/kurs\u00f3w.<\/li>\n<\/ol>\n<p>Finansowanie wyp\u0142acane jest w formie stypendium.<\/p>\n<p><strong>Terminy naboru<\/strong>:<\/p>\n<ol>\n<li>Pierwszy nab\u00f3r &#8211; priorytetowy: od 19 pa\u017adziernika godz. 18:00 do 24 pa\u017adziernika godz. 11:00. Wnioski z\u0142o\u017cone w tym naborze b\u0119d\u0105 rozpatrywane w pierwszej kolejno\u015bci.<\/li>\n<li>Nab\u00f3r ci\u0105g\u0142y od 24 pa\u017adziernika godz. 11:00 do wyczerpania \u015brodk\u00f3w. Nab\u00f3r b\u0119dzie realizowany o ile nab\u00f3r nr 1 nie wyczerpie \u015brodk\u00f3w. W tym naborze o kolejno\u015bci oceny decyduje kolejno\u015b\u0107 przes\u0142anych wniosk\u00f3w.<\/li>\n<\/ol>\n<p><strong>Tryb naboru<\/strong>:<\/p>\n<p>Nab\u00f3r do projektu obywa si\u0119 drog\u0105 elektroniczn\u0105 poprzez formularz elektroniczny:<\/p>\n<p>Pierwszy nab\u00f3r (19-24.10.2022): <a href=\"https:\/\/formularze.us.edu.pl\/form\/index\/3468\">https:\/\/formularze.us.edu.pl\/form\/index\/3468<\/a><\/p>\n<p>Drugi nab\u00f3r (2410.2022-31.01.2023): <a href=\"https:\/\/formularze.us.edu.pl\/form\/index\/3471\">https:\/\/formularze.us.edu.pl\/form\/index\/3471<\/a><\/p>\n<p>Wnioski podlegaj\u0105 ocenie formalnej w biurze projektu i merytorycznej, kt\u00f3r\u0105 wykonuje zesp\u00f3\u0142 ekspert\u00f3w powo\u0142any przez kierownika projektu.<\/p>\n<p>W pierwszym naborze, po dokonaniu wszystkich ocen sporz\u0105dzana jest lista rankingowa, a z osobami zakwalifikowanymi do udzia\u0142u w projekcie \u2013 o ile dope\u0142ni\u0105 wszystkich formalno\u015bci \u2013 podpisywana jest umowa o finansowanie.<\/p>\n<p>W drugim naborze wnioski oceniane s\u0105 na bie\u017c\u0105co (nie p\u00f3\u017aniej ni\u017c 14 dni od z\u0142o\u017cenia wniosku w systemie). Za osoby zakwalifikowane uznaje si\u0119 te osoby, kt\u00f3rych wnioski zostan\u0105 ocenione na co najmniej 50% punkt\u00f3w w ka\u017cdej kategorii.<\/p>\n<p>Kryteria oceny:<\/p>\n<table width=\"580\">\n<tbody>\n<tr>\n<td width=\"477\">Poziom naukowy bada\u0144 lub dzia\u0142alno\u015bci w zakresie sztuki albo ocena merytorycznej warto\u015bci zaplanowanych dzia\u0142a\u0144 zwi\u0105zanych z kszta\u0142ceniem lub wdro\u017ceniem<\/td>\n<td width=\"104\">0-40 pkt<\/td>\n<\/tr>\n<tr>\n<td width=\"477\">Celowo\u015b\u0107 projektu z perspektywy przygotowywanej rozprawy doktorskiej<\/td>\n<td width=\"104\">0-20 pkt<\/td>\n<\/tr>\n<tr>\n<td width=\"477\">Prawdopodobie\u0144stwo zrealizowania zaplanowanych cel\u00f3w<\/td>\n<td width=\"104\">0-20 pkt<\/td>\n<\/tr>\n<tr>\n<td width=\"477\">Potencjalny wp\u0142yw projektu na harmonijny rozw\u00f3j dyscyplin naukowych, w kt\u00f3rych Uczelnia prowadzi badania<\/td>\n<td width=\"104\">0-20 pkt<\/td>\n<\/tr>\n<\/tbody>\n<\/table>\n<p>Kierownik projektu zastrzega sobie prawo do zmiany liczby dni mobilno\u015bci wobec podanej we wniosku.<\/p>\n<p>&nbsp;<\/p>\n<p><strong>Szczeg\u00f3\u0142owa informacja o projekcie PROM:<\/strong> <a href=\"mailto:prom@us.edu.pl\">prom@us.edu.pl<\/a><\/p>\n<p>&nbsp;<\/p>\n<p><strong>Biuro projektu<\/strong>:<\/p>\n<p>Szko\u0142a Doktorska w Uniwersytecie \u015al\u0105skim w Katowicach<\/p>\n<p>Ul. Bankowa 14, pok. 406-40B<\/p>\n<p>Tel. 32\u00a0359 2471 \u2013 2473<\/p>\n<p>&nbsp;<\/p>\n<p><strong>Koordynator projektu<\/strong>: dr Ryszard Knapek<\/p>\n<p>&nbsp;<\/p>\n<p>Za\u0142\u0105czniki:<\/p>\n<p><a href=\"https:\/\/us.edu.pl\/szkola-doktorska\/wp-content\/uploads\/sites\/50\/PROM\/PROM-Regulamin-rekrutacji-i-uczestnictwa-w-projekcie-2022.pdf\" class=\"mtli_attachment mtli_pdf\" data-mtli=\"mtli_filesize306,97kB\" class=\"mtli_attachment mtli_pdf\" data-mtli=\"mtli_filesize306,97kB\">PROM Regulamin rekrutacji i uczestnictwa w projekcie 2022<\/a><\/p>\n<p><a href=\"http:\/\/us.edu.pl\/szkola-doktorska\/wp-content\/uploads\/sites\/50\/2019\/11\/za\u0142\u0105cznik-nr-4-do-regulaminu-stawki-rycza\u0142towe.pdf\" class=\"mtli_attachment mtli_pdf\" data-mtli=\"mtli_filesize654,17kB\" class=\"mtli_attachment mtli_pdf\" data-mtli=\"mtli_filesize654,17kB\">za\u0142\u0105cznik do regulaminu &#8211; stawki rycza\u0142towe<\/a><\/p>\n<p>&nbsp;<\/p>\n<p><img class=\"aligncenter size-large wp-image-466\" src=\"http:\/\/us.edu.pl\/szkola-doktorska\/wp-content\/uploads\/sites\/50\/2019\/11\/logotypy-pl-1024x136.jpg\" alt=\"\" width=\"640\" height=\"85\" srcset=\"https:\/\/us.edu.pl\/szkola-doktorska\/wp-content\/uploads\/sites\/50\/2019\/11\/logotypy-pl.jpg 1024w, https:\/\/us.edu.pl\/szkola-doktorska\/wp-content\/uploads\/sites\/50\/2019\/11\/logotypy-pl-300x40.jpg 300w, https:\/\/us.edu.pl\/szkola-doktorska\/wp-content\/uploads\/sites\/50\/2019\/11\/logotypy-pl-768x102.jpg 768w, https:\/\/us.edu.pl\/szkola-doktorska\/wp-content\/uploads\/sites\/50\/2019\/11\/logotypy-pl-575x76.jpg 575w\" sizes=\"(max-width: 640px) 100vw, 640px\" \/><\/p>\n<p><em><span style=\"font-size: 10pt;\">Program jest wsp\u00f3\u0142finansowany ze \u015brodk\u00f3w Europejskiego Funduszu Spo\u0142ecznego w ramach Programu Operacyjnego Wiedza Edukacja Rozw\u00f3j, projekt pozakonkursowy pt. \u201eMi\u0119dzynarodowa wymiana stypendialna doktorant\u00f3w i kadry akademickiej\u201d, realizowany w ramach Dzia\u0142ania okre\u015blony we wniosku o dofinansowanie projektu nr POWR.03.03.00-00-PN13\/18.<\/span><\/em><\/p>\n<style type=\"text\/css\">a[data-mtli~=\"mtli_filesize306,97kB\"]:after {content:\" (306,97 kB)\"}a[data-mtli~=\"mtli_filesize654,17kB\"]:after {content:\" (654,17 kB)\"}<\/style><\/div>\r\n                    <\/div>\r\n                <\/div>[\/vc_column][\/vc_row]<\/p>\n<style type=\"text\/css\">a[data-mtli~=\"mtli_filesize306,97kB\"]:after {content:\" (306,97 kB)\"}a[data-mtli~=\"mtli_filesize654,17kB\"]:after {content:\" (654,17 kB)\"}<\/style>","protected":false},"excerpt":{"rendered":"<p>[vc_row][vc_column][\/vc_column][\/vc_row] [&#8230;]<\/p>\n<p><a class=\"btn btn-secondary understrap-read-more-link\" href=\"https:\/\/us.edu.pl\/szkola-doktorska\/prom\/prom-ogloszenie-o-naborze-na-wyjazdy-doktorantow-listopad-2022-luty-2023\/\">Read More&#8230;<\/a><\/p>\n","protected":false},"author":42,"featured_media":0,"parent":465,"menu_order":0,"comment_status":"closed","ping_status":"closed","template":"page-templates\/page-with-sidebar.php","meta":{"_expiration-date-status":"","_expiration-date":0,"_expiration-date-type":"","_expiration-date-categories":[],"_expiration-date-options":[]},"acf":[],"_links":{"self":[{"href":"https:\/\/us.edu.pl\/szkola-doktorska\/wp-json\/wp\/v2\/pages\/7668"}],"collection":[{"href":"https:\/\/us.edu.pl\/szkola-doktorska\/wp-json\/wp\/v2\/pages"}],"about":[{"href":"https:\/\/us.edu.pl\/szkola-doktorska\/wp-json\/wp\/v2\/types\/page"}],"author":[{"embeddable":true,"href":"https:\/\/us.edu.pl\/szkola-doktorska\/wp-json\/wp\/v2\/users\/42"}],"replies":[{"embeddable":true,"href":"https:\/\/us.edu.pl\/szkola-doktorska\/wp-json\/wp\/v2\/comments?post=7668"}],"version-history":[{"count":2,"href":"https:\/\/us.edu.pl\/szkola-doktorska\/wp-json\/wp\/v2\/pages\/7668\/revisions"}],"predecessor-version":[{"id":7685,"href":"https:\/\/us.edu.pl\/szkola-doktorska\/wp-json\/wp\/v2\/pages\/7668\/revisions\/7685"}],"up":[{"embeddable":true,"href":"https:\/\/us.edu.pl\/szkola-doktorska\/wp-json\/wp\/v2\/pages\/465"}],"wp:attachment":[{"href":"https:\/\/us.edu.pl\/szkola-doktorska\/wp-json\/wp\/v2\/media?parent=7668"}],"curies":[{"name":"wp","href":"https:\/\/api.w.org\/{rel}","templated":true}]}}