{"id":7779,"date":"2022-12-18T23:48:25","date_gmt":"2022-12-18T22:48:25","guid":{"rendered":"https:\/\/us.edu.pl\/szkola-doktorska\/?page_id=7779"},"modified":"2025-10-17T11:12:44","modified_gmt":"2025-10-17T09:12:44","slug":"seminaria-obszarowe-w-roku-akademickim-2024-2025","status":"publish","type":"page","link":"https:\/\/us.edu.pl\/szkola-doktorska\/seminaria-obszarowe-w-roku-akademickim-2024-2025\/","title":{"rendered":"Seminaria obszarowe w roku akademickim 2024\/2025"},"content":{"rendered":"<p>[vc_row][vc_column]\r\n                <div class=\"text-modules \">\r\n                    <div class=\"container\">\r\n                        <h3 class=\"section-title section-title_border-bottom\">Seminaria obszarowe doktorant\u00f3w w roku akademickim 2024\/2025<\/h3> \r\n                        <div class=\"row m-0\">\r\n                            <div class=\"text-modules__content\">\r\n                                Szko\u0142a Doktorska inicjuje cykl seminari\u00f3w, na kt\u00f3rych doktoranci ostatniego roku prezentuj\u0105 swoje projekty doktorskie. Seminaria maj\u0105 charakter otwarty \u2013 do udzia\u0142u w nich zapraszamy ca\u0142\u0105 spo\u0142eczno\u015b\u0107 akademick\u0105. Szczeg\u00f3lnie zach\u0119camy do uczestnictwa pracownik\u00f3w naukowych wydzia\u0142\u00f3w, na kt\u00f3rych doktoranci realizuj\u0105 swoje projekty doktorskie, oraz student\u00f3w zainteresowanych kszta\u0142ceniem w Szkole Doktorskiej.<\/p>\n<p>Obowi\u0105zek uczestnictwa w seminarium obszarowym wynika z <a href=\"\/szkola-doktorska\/program-ksztalcenia\/\">Programu kszta\u0142cenia w Szkole Doktorskiej<\/a>.<\/p>\n<p>Zasady realizacji seminari\u00f3w okre\u015bla zarz\u0105dzenie dziekana SD: <a href=\"https:\/\/us.edu.pl\/szkola-doktorska\/wp-content\/uploads\/sites\/50\/prawo\/zarzadzenia-dziekana\/2023\/zarzadzenie-nr-10-2023-seminarium-obszarowe.pdf\" class=\"mtli_attachment mtli_pdf\" data-mtli=\"mtli_filesize207,80kB\">zarz\u0105dzenie nr 10-2023 &#8211; seminarium obszarowe<\/a> &#8211; prosimy doktorant\u00f3w 4. roku o zapoznanie si\u0119 z tymi zasadami.<\/p>\n<p>Inicjatywa w organizacji seminarium jest po stronie doktorant\u00f3w. Ustalone sk\u0142ady, tematy i harmonogram nale\u017cy przes\u0142a\u0107 do Szko\u0142y Doktorskiej za po\u015brednictwem formularza udost\u0119pnionego poni\u017cej. Prosimy o wype\u0142nienie formularza wszystkich doktorant\u00f3w IV roku, tak\u017ce tych, kt\u00f3rzy odbyli seminarium ju\u017c wcze\u015bniej albo uzyskali zaliczenie tego obowi\u0105zku w innej formie &#8211; odpowiedni\u0105 informacj\u0119 nale\u017cy wtedy wpisa\u0107 w rubryce &#8222;Harmonogram seminarium&#8221;. \r\n                                <div class=\"mt-3\"><\/div>\r\n                            <\/div>\r\n                            \r\n                            \r\n                        <\/div>\r\n                    <\/div>\r\n                <\/div>\r\n                <div class=\"text-modules \">\r\n                    <div class=\"container\">\r\n                        <h3 class=\"section-title section-title_border-bottom\">Harmonogram seminari\u00f3w obszarowych w roku akademickim 2024\/2025<\/h3> \r\n                        <div class=\"row m-0\">\r\n                            <div class=\"text-modules__content\">\r\n                                 \r\n                                <div class=\"mt-3\"><\/div>\r\n                            <\/div>\r\n                            \r\n                            \r\n                        <\/div>\r\n                    <\/div>\r\n                <\/div>[\/vc_column][\/vc_row][vc_row][vc_column]\r\n                <div class=\"tiles-section\" style=\"background: \">\r\n                    <div class=\"container\">\r\n                        <h3 class=\"page-title\">Wydzia\u0142 Humanistyczny<\/h3>\r\n                        <div class=\"tiles tiles-2\">\r\n                            <a href=\"https:\/\/us.edu.pl\/szkola-doktorska\/seminaria-obszarowe\/dwie-zagadki-autowlasnosci-rozwiazanie-libertarianskie\/\" class=\"tile tile_ justify-content-center\" style=\"background-color: #ffffff; font-weight: ; color: #002E5A;  \">\r\n                                \r\n                                   \r\n                               \r\n                                <div class=\"tile__name\">Dwie Zagadki Autow\u0142asno\u015bci - Rozwi\u0105zanie Libertaria\u0144skie<\/div>\r\n                            <\/a>\r\n                            <a href=\"https:\/\/us.edu.pl\/szkola-doktorska\/seminaria-obszarowe\/wokol-sejmu-slaskiego-1922-1939\/\" class=\"tile tile_ justify-content-center\" style=\"background-color: #ffffff; font-weight: ; color: #002E5A;  \">\r\n                                \r\n                                   \r\n                               \r\n                                <div class=\"tile__name\">Wok\u00f3\u0142 Sejmu \u015al\u0105skiego 1922-1939<\/div>\r\n                            <\/a>\r\n                            <a href=\"https:\/\/us.edu.pl\/szkola-doktorska\/seminaria-obszarowe\/studium-korpusowe\/\" class=\"tile tile_ justify-content-center\" style=\"background-color: #ffffff; font-weight: ; color: #002E5A;  \">\r\n                                \r\n                                   \r\n                               \r\n                                <div class=\"tile__name\">Wyodr\u0119bnianie wielowyrazowych jednostek j\u0119zyka m\u00f3wionego w j\u0119zyku polskim, czeskim i rosyjskim. Studium korpusowe<\/div>\r\n                            <\/a>\r\n                            <a href=\"https:\/\/us.edu.pl\/szkola-doktorska\/seminaria-obszarowe\/jezyk-tozsamosc-komunikacja-zroznicowanie-jezyka-w-xxi-wieku-w-kontekscie-spolecznym-i-kulturowym\/\" class=\"tile tile_ justify-content-center\" style=\"background-color: #ffffff; font-weight: ; color: #002E5A;  \">\r\n                                \r\n                                   \r\n                               \r\n                                <div class=\"tile__name\">J\u0119zyk \u2013 to\u017csamo\u015b\u0107 \u2013 komunikacja. Zr\u00f3\u017cnicowanie j\u0119zyka w XXI wieku w kontek\u015bcie spo\u0142ecznym i kulturowym<\/div>\r\n                            <\/a>\r\n                            <a href=\"https:\/\/us.edu.pl\/szkola-doktorska\/seminaria-obszarowe\/a-neural-network-based-approach-to-speech-recognition-for-the-polish-language\/\" class=\"tile tile_ justify-content-center\" style=\"background-color: #ffffff; font-weight: ; color: #002E5A;  \">\r\n                                \r\n                                   \r\n                               \r\n                                <div class=\"tile__name\">A Neural-Network-Based Approach to Speech Recognition for the Polish Language<\/div>\r\n                            <\/a>\r\n                            <a href=\"https:\/\/us.edu.pl\/szkola-doktorska\/seminaria-obszarowe\/unoszac-sie-na-skrzydlach-fantazji-narracja-i-plec-w-basniach-niemieckich-pisarek-przelomu-osiemnastego-i-dziewietnastego-wieku-przedmiot-badan-i-perspektywy\/\" class=\"tile tile_ justify-content-center\" style=\"background-color: #ffffff; font-weight: ; color: #002E5A;  \">\r\n                                \r\n                                   \r\n                               \r\n                                <div class=\"tile__name\">\u201eUnosz\u0105c si\u0119 na skrzyd\u0142ach fantazji.\u201d Narracja i p\u0142e\u0107 w ba\u015bniach niemieckich pisarek prze\u0142omu osiemnastego i dziewi\u0119tnastego wieku. Przedmiot bada\u0144 i perspektywy<\/div>\r\n                            <\/a>\r\n                            <a href=\"https:\/\/us.edu.pl\/szkola-doktorska\/seminaria-obszarowe\/przekraczanie-granic-gatunku-bez-granic-dwoista-rola-tabu-w-autobiografiach-pisarzy\/\" class=\"tile tile_ justify-content-center\" style=\"background-color: #ffffff; font-weight: ; color: #002E5A;  \">\r\n                                \r\n                                   \r\n                               \r\n                                <div class=\"tile__name\">Przekraczanie granic gatunku bez granic. Dwoista rola tabu w autobiografiach pisarzy<\/div>\r\n                            <\/a>\r\n                            <a href=\"https:\/\/us.edu.pl\/szkola-doktorska\/seminaria-obszarowe\/prawoslawna-teologia-zwierzat-w-eseistyce-tatiany-goriczewej\/\" class=\"tile tile_ justify-content-center\" style=\"background-color: #ffffff; font-weight: ; color: #002E5A;  \">\r\n                                \r\n                                   \r\n                               \r\n                                <div class=\"tile__name\">Prawos\u0142awna teologia zwierz\u0105t w eseistyce Tatiany Goriczewej<\/div>\r\n                            <\/a>\r\n                            <a href=\"https:\/\/us.edu.pl\/szkola-doktorska\/seminaria-obszarowe\/za-losy-swiata-wszyscy-jestesmy-odpowiedzialni-koncepcja-ekspozycji-sensorycznej-na-podstawie-niepublikowanych-tekstow-zrodlowych-i-dna-jozefa-szajny\/\" class=\"tile tile_ justify-content-center\" style=\"background-color: #ffffff; font-weight: ; color: #002E5A;  \">\r\n                                \r\n                                   \r\n                               \r\n                                <div class=\"tile__name\">Za losy \u015bwiata wszyscy jeste\u015bmy odpowiedzialni\". Koncepcja ekspozycji sensorycznej na podstawie niepublikowanych tekst\u00f3w \u017ar\u00f3d\u0142owych i \"Dna\" J\u00f3zefa Szajny<\/div>\r\n                            <\/a>\r\n                            <a href=\"https:\/\/us.edu.pl\/szkola-doktorska\/seminaria-obszarowe\/seminarium-obszarowe-doktorantow-w-ramach-seminarium-zespolu-teorii-i-historii-kultury-us\/\" class=\"tile tile_ justify-content-center\" style=\"background-color: #ffffff; font-weight: ; color: #002E5A;  \">\r\n                                \r\n                                   \r\n                               \r\n                                <div class=\"tile__name\">Seminarium obszarowe doktorant\u00f3w w ramach seminarium Zespo\u0142u Teorii i Historii Kultury U\u015a<\/div>\r\n                            <\/a><\/div>\r\n                    <\/div>\r\n                <\/div>[\/vc_column][\/vc_row][vc_row][vc_column]\r\n                <div class=\"tiles-section\" style=\"background: \">\r\n                    <div class=\"container\">\r\n                        <h3 class=\"page-title\">Wydzia\u0142 Nauk Przyrodniczych<\/h3>\r\n                        <div class=\"tiles tiles-2\">\r\n                            <a href=\"https:\/\/us.edu.pl\/szkola-doktorska\/seminaria-obszarowe\/droga-do-dlugowiecznosci-efekty-oddzialywania-resweratrolu-i-wybranych-nanoczastek-na-aktywnosc-sirtuin-u-acheta-domesticus\/\" class=\"tile tile_ justify-content-center\" style=\"background-color: #ffffff; font-weight: ; color: #002E5A;  \">\r\n                                \r\n                                   \r\n                               \r\n                                <div class=\"tile__name\">Droga do d\u0142ugowieczno\u015bci \u2013 Efekty oddzia\u0142ywania resweratrolu i wybranych nanocz\u0105stek na aktywno\u015b\u0107 sirtuin u Acheta domesticus<\/div>\r\n                            <\/a>\r\n                            <a href=\"https:\/\/us.edu.pl\/szkola-doktorska\/seminaria-obszarowe\/hemipterologiczne-seminarium-obszarowe\/\" class=\"tile tile_ justify-content-center\" style=\"background-color: #ffffff; font-weight: ; color: #002E5A;  \">\r\n                                \r\n                                   \r\n                               \r\n                                <div class=\"tile__name\">Hemipterologiczne seminarium obszarowe<\/div>\r\n                            <\/a>\r\n                            <a href=\"https:\/\/us.edu.pl\/szkola-doktorska\/seminaria-obszarowe\/kwas-l-askorbinowy-i-glutamina-jako-suplementy-diety-pszczoly-miodnej-apis-mellifera-przeciwdzialajace-negatywnym-skutkom-inwazji-pasozyta-drecza-pszczelego-varroa-destructor\/\" class=\"tile tile_ justify-content-center\" style=\"background-color: #ffffff; font-weight: ; color: #002E5A;  \">\r\n                                \r\n                                   \r\n                               \r\n                                <div class=\"tile__name\">Kwas L-askorbinowy i glutamina jako suplementy diety pszczo\u0142y miodnej (Apis mellifera) przeciwdzia\u0142aj\u0105ce negatywnym skutkom inwazji paso\u017cyta dr\u0119cza pszczelego (Varroa destructor)<\/div>\r\n                            <\/a>\r\n                            <a href=\"https:\/\/us.edu.pl\/szkola-doktorska\/seminaria-obszarowe\/seminarium-doktorantow-nauk-biologicznych-2\/\" class=\"tile tile_ justify-content-center\" style=\"background-color: #ffffff; font-weight: ; color: #002E5A;  \">\r\n                                \r\n                                   \r\n                               \r\n                                <div class=\"tile__name\">Seminarium doktorant\u00f3w nauk biologicznych<\/div>\r\n                            <\/a>\r\n                            <a href=\"https:\/\/us.edu.pl\/szkola-doktorska\/seminaria-obszarowe\/struktura-i-funkcjonowanie-jajnikow-dzdzownic-porownanie-rodzin-lumbricidae-i-eudrilidae\/\" class=\"tile tile_ justify-content-center\" style=\"background-color: #ffffff; font-weight: ; color: #002E5A;  \">\r\n                                \r\n                                   \r\n                               \r\n                                <div class=\"tile__name\">Struktura i funkcjonowanie jajnik\u00f3w d\u017cd\u017cownic - por\u00f3wnanie rodzin Lumbricidae i Eudrilidae<\/div>\r\n                            <\/a>\r\n                            <a href=\"https:\/\/us.edu.pl\/szkola-doktorska\/functional-analysis-of-strigolactone-signalling-pathway-components-in-hordeum-vulgare\/\" class=\"tile tile_ justify-content-center\" style=\"background-color: #ffffff; font-weight: ; color: #002E5A;  \">\r\n                                \r\n                                   \r\n                               \r\n                                <div class=\"tile__name\">Functional analysis of strigolactone signalling pathway components in Hordeum vulgare<\/div>\r\n                            <\/a><\/div>\r\n                    <\/div>\r\n                <\/div>[\/vc_column][\/vc_row][vc_row][vc_column]\r\n                <div class=\"tiles-section\" style=\"background: \">\r\n                    <div class=\"container\">\r\n                        <h3 class=\"page-title\">Wydzia\u0142 Nauk Spo\u0142ecznych<\/h3>\r\n                        <div class=\"tiles tiles-2\">\r\n                            <a href=\"https:\/\/us.edu.pl\/szkola-doktorska\/seminaria-obszarowe\/medioznawstwo-wobec-imperializmu\/\" class=\"tile tile_ justify-content-center\" style=\"background-color: #ffffff; font-weight: ; color: #002E5A;  \">\r\n                                \r\n                                   \r\n                               \r\n                                <div class=\"tile__name\">Medioznawstwo wobec imperializmu<\/div>\r\n                            <\/a>\r\n                            <a href=\"https:\/\/us.edu.pl\/szkola-doktorska\/seminaria-obszarowe\/storytellig-w-komunikacji-zmiana-schematow-narracyjnych-i-jej-konsekwencje\/\" class=\"tile tile_ justify-content-center\" style=\"background-color: #ffffff; font-weight: ; color: #002E5A;  \">\r\n                                \r\n                                   \r\n                               \r\n                                <div class=\"tile__name\">Storytellig w komunikacji. Zmiana schemat\u00f3w narracyjnych i jej konsekwencje<\/div>\r\n                            <\/a>\r\n                            <a href=\"https:\/\/us.edu.pl\/szkola-doktorska\/seminaria-obszarowe\/seminarium-doktoranckie-pedagogow\/\" class=\"tile tile_ justify-content-center\" style=\"background-color: #ffffff; font-weight: ; color: #002E5A;  \">\r\n                                \r\n                                   \r\n                               \r\n                                <div class=\"tile__name\">Seminarium doktoranckie pedagog\u00f3w<\/div>\r\n                            <\/a>\r\n                            <a href=\"https:\/\/us.edu.pl\/szkola-doktorska\/seminaria-obszarowe\/russias-foreign-policy-in-the-post-soviet-countries\/\" class=\"tile tile_ justify-content-center\" style=\"background-color: #ffffff; font-weight: ; color: #002E5A;  \">\r\n                                \r\n                                   \r\n                               \r\n                                <div class=\"tile__name\">Russia's foreign policy in the post - Soviet countries<\/div>\r\n                            <\/a>\r\n                            <a href=\"https:\/\/us.edu.pl\/szkola-doktorska\/zjawisko-sekstingu-wsrod-wschodzacych-doroslych\/\" class=\"tile tile_ justify-content-center\" style=\"background-color: #ffffff; font-weight: ; color: #002E5A;  \">\r\n                                \r\n                                   \r\n                               \r\n                                <div class=\"tile__name\">Zjawisko sekstingu w\u015br\u00f3d wschodz\u0105cych doros\u0142ych<\/div>\r\n                            <\/a><\/div>\r\n                    <\/div>\r\n                <\/div>[\/vc_column][\/vc_row][vc_row][vc_column]\r\n                <div class=\"tiles-section\" style=\"background: \">\r\n                    <div class=\"container\">\r\n                        <h3 class=\"page-title\">Wydzia\u0142 Nauk \u015acis\u0142ych i Technicznych<\/h3>\r\n                        <div class=\"tiles tiles-2\">\r\n                            <a href=\"https:\/\/us.edu.pl\/szkola-doktorska\/seminaria-obszarowe\/chemia-w-nowoczesnych-technologiach-od-nanostruktur-weglowych-do-obrazowania-hiperspektralnego\/\" class=\"tile tile_ justify-content-center\" style=\"background-color: #ffffff; font-weight: ; color: #002E5A;  \">\r\n                                \r\n                                   \r\n                               \r\n                                <div class=\"tile__name\">Chemia w nowoczesnych technologiach. Od nanostruktur w\u0119glowych do obrazowania hiperspektralneg<\/div>\r\n                            <\/a>\r\n                            <a href=\"https:\/\/us.edu.pl\/szkola-doktorska\/seminaria-obszarowe\/interdyscypilnarne-seminarium-obszarowe-badania-nowoczesnych-materialow-funkcjonalnych-i-farmaceutycznych-substancji-aktywnych\/\" class=\"tile tile_ justify-content-center\" style=\"background-color: #ffffff; font-weight: ; color: #002E5A;  \">\r\n                                \r\n                                   \r\n                               \r\n                                <div class=\"tile__name\">Interdyscypilnarne seminarium obszarowe. Badania nowoczesnych materia\u0142\u00f3w funkcjonalnych i farmaceutycznych substancji aktywnych<\/div>\r\n                            <\/a>\r\n                            <a href=\"https:\/\/us.edu.pl\/szkola-doktorska\/seminaria-obszarowe\/badania-wlasciwosci-dynamiki-i-struktury-polimerow-i-cieklych-krysztalow\/\" class=\"tile tile_ justify-content-center\" style=\"background-color: #ffffff; font-weight: ; color: #002E5A;  \">\r\n                                \r\n                                   \r\n                               \r\n                                <div class=\"tile__name\">Badania w\u0142a\u015bciwo\u015bci, dynamiki i struktury polimer\u00f3w i ciek\u0142ych kryszta\u0142\u00f3w<\/div>\r\n                            <\/a><\/div>\r\n                    <\/div>\r\n                <\/div>[\/vc_column][\/vc_row][vc_row][vc_column]\r\n                <div class=\"tiles-section\" style=\"background: \">\r\n                    <div class=\"container\">\r\n                        <h3 class=\"page-title\">Wydzia\u0142 Prawa i Administracji<\/h3>\r\n                        <div class=\"tiles tiles-2\">\r\n                            <a href=\"https:\/\/us.edu.pl\/szkola-doktorska\/seminaria-obszarowe\/prawo-karne\/\" class=\"tile tile_ justify-content-center\" style=\"background-color: #ffffff; font-weight: ; color: #002E5A;  \">\r\n                                \r\n                                   \r\n                               \r\n                                <div class=\"tile__name\">Prawo karne<\/div>\r\n                            <\/a>\r\n                            <a href=\"https:\/\/us.edu.pl\/szkola-doktorska\/seminaria-obszarowe\/wspolczesne-wyzwania-prawa-prywatnego\/\" class=\"tile tile_ justify-content-center\" style=\"background-color: #ffffff; font-weight: ; color: #002E5A;  \">\r\n                                \r\n                                   \r\n                               \r\n                                <div class=\"tile__name\">Wsp\u00f3\u0142czesne wyzwania prawa prywatnego<\/div>\r\n                            <\/a>\r\n                            <a href=\"https:\/\/us.edu.pl\/szkola-doktorska\/seminaria-obszarowe\/seminarium-prawa-klimatycznego-i-energetycznego\/\" class=\"tile tile_ justify-content-center\" style=\"background-color: #ffffff; font-weight: ; color: #002E5A;  \">\r\n                                \r\n                                   \r\n                               \r\n                                <div class=\"tile__name\">Seminarium prawa klimatycznego i energetycznego<\/div>\r\n                            <\/a><\/div>\r\n                    <\/div>\r\n                <\/div>[\/vc_column][\/vc_row][vc_row][vc_column]\r\n                <div class=\"tiles-section\" style=\"background: \">\r\n                    <div class=\"container\">\r\n                        <h3 class=\"page-title\">Wydzia\u0142 Sztuki i Nauk o Edukacji<\/h3>\r\n                        <div class=\"tiles tiles-2\">\r\n                            <a href=\"https:\/\/us.edu.pl\/szkola-doktorska\/seminaria-obszarowe\/sztuki-wizualne\/\" class=\"tile tile_ justify-content-center\" style=\"background-color: #ffffff; font-weight: ; color: #002E5A;  \">\r\n                                \r\n                                   \r\n                               \r\n                                <div class=\"tile__name\">Sztuki wizualne<\/div>\r\n                            <\/a><\/div>\r\n                    <\/div>\r\n                <\/div>[\/vc_column][\/vc_row][vc_row][vc_column]\r\n                <div class=\"tiles-section\" style=\"background: \">\r\n                    <div class=\"container\">\r\n                        <h3 class=\"page-title\">Wydzia\u0142 Teologiczny<\/h3>\r\n                        <div class=\"tiles tiles-2\">\r\n                            <a href=\"https:\/\/us.edu.pl\/szkola-doktorska\/seminaria-obszarowe\/wspolczesne-kierunki-w-soteriologii\/\" class=\"tile tile_ justify-content-center\" style=\"background-color: #ffffff; font-weight: ; color: #002E5A;  \">\r\n                                \r\n                                   \r\n                               \r\n                                <div class=\"tile__name\">Wsp\u00f3\u0142czesne kierunki w soteriologii<\/div>\r\n                            <\/a><\/div>\r\n                    <\/div>\r\n                <\/div>[\/vc_column][\/vc_row][vc_row][vc_column][\/vc_column][\/vc_row]<\/p>\n<style type=\"text\/css\">a[data-mtli~=\"mtli_filesize207,80kB\"]:after {content:\" (207,80 kB)\"}<\/style>","protected":false},"excerpt":{"rendered":"<p>[vc_row][vc_column][\/vc_column][\/vc_row][vc_row][vc_column][\/vc_column][\/vc_row][vc_row][vc_column][\/vc_column][\/vc_row][vc_row][vc_column][\/vc_column][\/vc_row][vc_row][vc_column][\/vc_column][\/vc_row][vc_row][vc_column][\/vc_column][\/vc_row][vc_row][vc_column][\/vc_column][\/vc_row][vc_row][vc_column][\/vc_column][\/vc_row][vc_row][vc_column][\/vc_column][\/vc_row] [&#8230;]<\/p>\n<p><a class=\"btn btn-secondary understrap-read-more-link\" href=\"https:\/\/us.edu.pl\/szkola-doktorska\/seminaria-obszarowe-w-roku-akademickim-2024-2025\/\">Read More&#8230;<\/a><\/p>\n","protected":false},"author":42,"featured_media":8340,"parent":0,"menu_order":0,"comment_status":"closed","ping_status":"closed","template":"","meta":{"_expiration-date-status":"","_expiration-date":0,"_expiration-date-type":"","_expiration-date-categories":[],"_expiration-date-options":[]},"acf":[],"_links":{"self":[{"href":"https:\/\/us.edu.pl\/szkola-doktorska\/wp-json\/wp\/v2\/pages\/7779"}],"collection":[{"href":"https:\/\/us.edu.pl\/szkola-doktorska\/wp-json\/wp\/v2\/pages"}],"about":[{"href":"https:\/\/us.edu.pl\/szkola-doktorska\/wp-json\/wp\/v2\/types\/page"}],"author":[{"embeddable":true,"href":"https:\/\/us.edu.pl\/szkola-doktorska\/wp-json\/wp\/v2\/users\/42"}],"replies":[{"embeddable":true,"href":"https:\/\/us.edu.pl\/szkola-doktorska\/wp-json\/wp\/v2\/comments?post=7779"}],"version-history":[{"count":11,"href":"https:\/\/us.edu.pl\/szkola-doktorska\/wp-json\/wp\/v2\/pages\/7779\/revisions"}],"predecessor-version":[{"id":23747,"href":"https:\/\/us.edu.pl\/szkola-doktorska\/wp-json\/wp\/v2\/pages\/7779\/revisions\/23747"}],"wp:featuredmedia":[{"embeddable":true,"href":"https:\/\/us.edu.pl\/szkola-doktorska\/wp-json\/wp\/v2\/media\/8340"}],"wp:attachment":[{"href":"https:\/\/us.edu.pl\/szkola-doktorska\/wp-json\/wp\/v2\/media?parent=7779"}],"curies":[{"name":"wp","href":"https:\/\/api.w.org\/{rel}","templated":true}]}}