{"id":7796,"date":"2023-01-05T09:13:20","date_gmt":"2023-01-05T08:13:20","guid":{"rendered":"https:\/\/us.edu.pl\/szkola-doktorska\/?page_id=7796"},"modified":"2023-01-05T09:18:11","modified_gmt":"2023-01-05T08:18:11","slug":"projekty-finansowane-ze-srodkow-programu-inicjatywa-doskonalosci-badawczej-konkurs-sd-2-2020","status":"publish","type":"page","link":"https:\/\/us.edu.pl\/szkola-doktorska\/projekty-finansowane-ze-srodkow-programu-inicjatywa-doskonalosci-badawczej-konkurs-sd-2-2020\/","title":{"rendered":"Projekty finansowane ze \u015brodk\u00f3w programu Inicjatywa Doskona\u0142o\u015bci Badawczej &#8211; konkurs SD 2\/2020"},"content":{"rendered":"<p>[vc_row][vc_column]\r\n                <div class=\"text-modules\">\r\n                    <div class=\"container\">\r\n                        <h3 class=\"page-title text__title\">Projekty finansowane ze \u015brodk\u00f3w Szko\u0142y Doktorskiej<\/h3>\r\n                        <div class=\"text-modules__content\"><p>\u015arodki przyznane w konkursie na dzia\u0142alno\u015b\u0107 naukow\u0105 doktorant\u00f3w Szko\u0142y Doktorskiej w konkursie nr 2\/2020 &#8211; \u015brodki z programu Inicjatywa Doskona\u0142o\u015bci badawczej.<\/p>\n<\/div>\r\n                    <\/div>\r\n                <\/div>\r\n                <div class=\"text-modules\">\r\n                    <div class=\"container\">\r\n                        \r\n                        <div class=\"text-modules__content\"><\/p>\n<table style=\"width: 90.3632%; height: 1028px;\" border=\"1\" width=\"1239\">\n<tfoot>\n<tr style=\"height: 18px;\">\n<td style=\"width: 5.38585%; text-align: left; height: 18px;\"><strong>Razem<\/strong><\/td>\n<td style=\"width: 17.6849%; text-align: left; height: 18px;\"><\/td>\n<td style=\"width: 20.8199%; text-align: left; height: 18px;\"><\/td>\n<td style=\"width: 43.0868%; text-align: left; height: 18px;\"><\/td>\n<td style=\"width: 12.2186%; height: 18px;\"><strong>72 319 PLN<\/strong><\/td>\n<\/tr>\n<\/tfoot>\n<tbody>\n<tr style=\"height: 18px;\">\n<td style=\"width: 5.38585%; height: 18px;\"><strong>Lp.<\/strong><\/td>\n<td style=\"width: 17.6849%; height: 18px;\"><strong>kierownik projektu<\/strong><\/td>\n<td style=\"width: 20.8199%; height: 18px;\"><strong>Dyscyplina naukowa<\/strong><\/td>\n<td style=\"width: 43.0868%; height: 18px;\"><strong>Nazwa projektu<\/strong><\/td>\n<td style=\"width: 12.2186%; height: 18px;\"><strong>kwota finansowania<\/strong><\/td>\n<\/tr>\n<tr>\n<td style=\"width: 5.38585%;\" width=\"64\">1<\/td>\n<td style=\"width: 17.6849%;\" width=\"224\">Krzysztof Marcin D\u0105br\u00f3wka<\/td>\n<td style=\"width: 20.8199%;\" width=\"144\">Filozofia<\/td>\n<td style=\"width: 43.0868%;\" width=\"236\">Miejsce nauki o duszy w filozofii przyrody Aleksandra Boniniego z Aleksandrii<\/td>\n<td style=\"width: 12.2186%;\" width=\"129\">12 000,00 PLN<\/td>\n<\/tr>\n<tr>\n<td style=\"width: 5.38585%;\">2<\/td>\n<td style=\"width: 17.6849%;\">Jeremiasz Szyndler<\/td>\n<td style=\"width: 20.8199%;\">Filozofia<\/td>\n<td style=\"width: 43.0868%;\">&#8222;Koncepcje natury w dobie Antropocenu&#8221;. Realizacja planu badawczego w roku akademickim 2020\/2021<\/td>\n<td style=\"width: 12.2186%;\">2 000,00 PLN<\/td>\n<\/tr>\n<tr>\n<td style=\"width: 5.38585%;\">3<\/td>\n<td style=\"width: 17.6849%;\">Anna Anzorge-Potrzebowska<\/td>\n<td style=\"width: 20.8199%;\">historia<\/td>\n<td style=\"width: 43.0868%;\">Upami\u0119tnienie i pot\u0119pienie pami\u0119ci na staro\u017cytnych rzymskich numizmatach<\/td>\n<td style=\"width: 12.2186%;\">1 200,00 PLN<\/td>\n<\/tr>\n<tr>\n<td style=\"width: 5.38585%;\">4<\/td>\n<td style=\"width: 17.6849%;\">Sara Krawczyk<\/td>\n<td style=\"width: 20.8199%;\">In\u017cynieria materia\u0142owa<\/td>\n<td style=\"width: 43.0868%;\">System dozowania substancji leczniczej o aktywno\u015bci neurologicznej.<\/td>\n<td style=\"width: 12.2186%;\">6 360,00 PLN<\/td>\n<\/tr>\n<tr>\n<td style=\"width: 5.38585%;\">5<\/td>\n<td style=\"width: 17.6849%;\">Karolina Wyci\u015blik<\/td>\n<td style=\"width: 20.8199%;\">literaturoznawstwo<\/td>\n<td style=\"width: 43.0868%;\">Dzia\u0142alno\u015b\u0107 naukowa w pandemii<\/td>\n<td style=\"width: 12.2186%;\">50,00 PLN<\/td>\n<\/tr>\n<tr>\n<td style=\"width: 5.38585%;\">6<\/td>\n<td style=\"width: 17.6849%;\">Magdalena P\u0142ota\u0142a<\/td>\n<td style=\"width: 20.8199%;\">Literaturoznawstwo<\/td>\n<td style=\"width: 43.0868%;\">Archiwum i wykluczenia. Interdyscyplinarne metody, kategorie interpretacyjne, stan bada\u0144<\/td>\n<td style=\"width: 12.2186%;\">560,00 PLN<\/td>\n<\/tr>\n<tr>\n<td style=\"width: 5.38585%;\">7<\/td>\n<td style=\"width: 17.6849%;\">Serhii Mykhailyk<\/td>\n<td style=\"width: 20.8199%;\">nauki biologiczne<\/td>\n<td style=\"width: 43.0868%;\">The 35S rRNA gene expression in primary and adventitious roots of Brachypodium hybridum<\/td>\n<td style=\"width: 12.2186%;\">6 100,00 PLN<\/td>\n<\/tr>\n<tr>\n<td style=\"width: 5.38585%;\">8<\/td>\n<td style=\"width: 17.6849%;\">Oliwia Metryka<\/td>\n<td style=\"width: 20.8199%;\">nauki biologiczne<\/td>\n<td style=\"width: 43.0868%;\">Identyfikacja reaktywnych form tlenu generowanych przez nanocz\u0105stki nieorganiczne w kom\u00f3rkach bakterii<\/td>\n<td style=\"width: 12.2186%;\">10 000,00 PLN<\/td>\n<\/tr>\n<tr>\n<td style=\"width: 5.38585%;\">9<\/td>\n<td style=\"width: 17.6849%;\">Dominika Kwieci\u0144ska<\/td>\n<td style=\"width: 20.8199%;\">nauki biologiczne<\/td>\n<td style=\"width: 43.0868%;\">Morfologia zarodkowej siatk\u00f3wki jaszczurki zwinki (Lacerta agilis L.) i zaskro\u0144ca zwyczajnego (Natrix natrix L.) na poziomie strukturalnym i ultrastrukturalnym<\/td>\n<td style=\"width: 12.2186%;\">10 460,00 PLN<\/td>\n<\/tr>\n<tr>\n<td style=\"width: 5.38585%;\">10<\/td>\n<td style=\"width: 17.6849%;\">Sebastian Ku\u015b<\/td>\n<td style=\"width: 20.8199%;\">nauki biologiczne<\/td>\n<td style=\"width: 43.0868%;\">Badania wody powierzchniowej z o\u015brodka wodno-rekreacyjnego nad zalewem \u201cSosina\u201d.<\/td>\n<td style=\"width: 12.2186%;\">5 900,00 PLN<\/td>\n<\/tr>\n<tr>\n<td style=\"width: 5.38585%;\">11<\/td>\n<td style=\"width: 17.6849%;\">Anna Pompka<\/td>\n<td style=\"width: 20.8199%;\">nauki biologiczne<\/td>\n<td style=\"width: 43.0868%;\">Obrona antyoksydacyjna i gospodarka substratami energetycznymi u g\u0142odzonych larw Spodoptera exigua z linii kadmowej i kontrolnej.<\/td>\n<td style=\"width: 12.2186%;\">3 900,00 PLN<\/td>\n<\/tr>\n<tr>\n<td style=\"width: 5.38585%;\">12<\/td>\n<td style=\"width: 17.6849%;\">Karolina Kowalska<\/td>\n<td style=\"width: 20.8199%;\">Nauki chemiczne<\/td>\n<td style=\"width: 43.0868%;\">Synteza i charakterystyka tlenkowych szkie\u0142 tytanowo-germanianowych pojedynczo domieszkowanych wybranymi jonami lantanowc\u00f3w emituj\u0105cych promieniowanie w zakresie podczerwieni.<\/td>\n<td style=\"width: 12.2186%;\">6 090,00 PLN<\/td>\n<\/tr>\n<tr>\n<td style=\"width: 5.38585%;\">13<\/td>\n<td style=\"width: 17.6849%;\">Marta Urbaniak<\/td>\n<td style=\"width: 20.8199%;\">Nauki fizyczne<\/td>\n<td style=\"width: 43.0868%;\">Uczestnictwo w Szkole Zimowej: Zim\u00e1nyi School Winter Workshop<\/td>\n<td style=\"width: 12.2186%;\">230,00 PLN<\/td>\n<\/tr>\n<tr>\n<td style=\"width: 5.38585%;\">14<\/td>\n<td style=\"width: 17.6849%;\">Piotr Micha\u0142 Sosnowski<\/td>\n<td style=\"width: 20.8199%;\">Nauki o Ziemi i \u015arodowisku<\/td>\n<td style=\"width: 43.0868%;\">Zastosowanie zaawansowanych metod statystycznych w korelacji parametr\u00f3w petrofizycznych w\u0119gli koksowych w aspekcie oddzia\u0142ywania na \u015brodowisko<\/td>\n<td style=\"width: 12.2186%;\">3 600,00 PLN<\/td>\n<\/tr>\n<tr>\n<td style=\"width: 5.38585%;\">15<\/td>\n<td style=\"width: 17.6849%;\">Jakub Hanc<\/td>\n<td style=\"width: 20.8199%;\">nauki prawne<\/td>\n<td style=\"width: 43.0868%;\">Przeobra\u017cenia zasad odpowiedzialno\u015bci karnej za przest\u0119pstwa skutkowe pope\u0142nione przez zaniechanie w prawie polskim i niemieckoj\u0119zycznym &#8211; etap I<\/td>\n<td style=\"width: 12.2186%;\">2 500,00 PLN<\/td>\n<\/tr>\n<tr>\n<td style=\"width: 5.38585%;\">16<\/td>\n<td style=\"width: 17.6849%;\">Sylwia Giza<\/td>\n<td style=\"width: 20.8199%;\">nauki prawne<\/td>\n<td style=\"width: 43.0868%;\">Korekta j\u0119zykowa publikacji przygotowywanej w j\u0119zyku angielskim<\/td>\n<td style=\"width: 12.2186%;\">500,00 PLN<\/td>\n<\/tr>\n<tr>\n<td style=\"width: 5.38585%;\">17<\/td>\n<td style=\"width: 17.6849%;\">Sara Smyczek-Go\u0142\u0119biewska<\/td>\n<td style=\"width: 20.8199%;\">nauki prawne<\/td>\n<td style=\"width: 43.0868%;\">Narz\u0119dzia wspieraj\u0105ce prace badawcze<\/td>\n<td style=\"width: 12.2186%;\">750,00 PLN<\/td>\n<\/tr>\n<tr>\n<td style=\"width: 5.38585%;\">18<\/td>\n<td style=\"width: 17.6849%;\">Ma\u0142gorzata Klimasz<\/td>\n<td style=\"width: 20.8199%;\">Pedagogika<\/td>\n<td style=\"width: 43.0868%;\">Obraz kobiet w mediach &#8211; udzia\u0142 w konferencji naukowej<\/td>\n<td style=\"width: 12.2186%;\">119,00 PLN<\/td>\n<\/tr>\n<\/tbody>\n<\/table>\n<p>\n<\/div>\r\n                    <\/div>\r\n                <\/div>[\/vc_column][\/vc_row]<\/p>","protected":false},"excerpt":{"rendered":"<p>[vc_row][vc_column][\/vc_column][\/vc_row] [&#8230;]<\/p>\n<p><a class=\"btn btn-secondary understrap-read-more-link\" href=\"https:\/\/us.edu.pl\/szkola-doktorska\/projekty-finansowane-ze-srodkow-programu-inicjatywa-doskonalosci-badawczej-konkurs-sd-2-2020\/\">Read More&#8230;<\/a><\/p>\n","protected":false},"author":42,"featured_media":0,"parent":0,"menu_order":0,"comment_status":"closed","ping_status":"closed","template":"","meta":{"_expiration-date-status":"","_expiration-date":0,"_expiration-date-type":"","_expiration-date-categories":[],"_expiration-date-options":[]},"acf":[],"_links":{"self":[{"href":"https:\/\/us.edu.pl\/szkola-doktorska\/wp-json\/wp\/v2\/pages\/7796"}],"collection":[{"href":"https:\/\/us.edu.pl\/szkola-doktorska\/wp-json\/wp\/v2\/pages"}],"about":[{"href":"https:\/\/us.edu.pl\/szkola-doktorska\/wp-json\/wp\/v2\/types\/page"}],"author":[{"embeddable":true,"href":"https:\/\/us.edu.pl\/szkola-doktorska\/wp-json\/wp\/v2\/users\/42"}],"replies":[{"embeddable":true,"href":"https:\/\/us.edu.pl\/szkola-doktorska\/wp-json\/wp\/v2\/comments?post=7796"}],"version-history":[{"count":2,"href":"https:\/\/us.edu.pl\/szkola-doktorska\/wp-json\/wp\/v2\/pages\/7796\/revisions"}],"predecessor-version":[{"id":7799,"href":"https:\/\/us.edu.pl\/szkola-doktorska\/wp-json\/wp\/v2\/pages\/7796\/revisions\/7799"}],"wp:attachment":[{"href":"https:\/\/us.edu.pl\/szkola-doktorska\/wp-json\/wp\/v2\/media?parent=7796"}],"curies":[{"name":"wp","href":"https:\/\/api.w.org\/{rel}","templated":true}]}}