{"id":78,"date":"2019-10-04T14:17:57","date_gmt":"2019-10-04T12:17:57","guid":{"rendered":"https:\/\/us.edu.pl\/sd\/?page_id=78"},"modified":"2026-02-04T13:29:27","modified_gmt":"2026-02-04T12:29:27","slug":"rekrutacja-przez-grant","status":"publish","type":"page","link":"https:\/\/us.edu.pl\/szkola-doktorska\/rekrutacja-przez-grant\/","title":{"rendered":"Rekrutacja przez grant"},"content":{"rendered":"<p>[vc_row][vc_column]\r\n                <div class=\"text-modules\">\r\n                    <div class=\"container\">\r\n                        <h3 class=\"page-title text__title\">Informacje o otwartych naborach<\/h3>\r\n                        <div class=\"text-modules__content\"><p>Informacje dost\u0119pne s\u0105 w zak\u0142adce <a href=\"\/szkola-doktorska\/informacje-o-otwartych-naborach-na-miejsca-stypendialne-w-ramach-grantow-i-programow-stypendialnych\/\">Informacje o otwartych naborach<\/a>.<\/p>\n<\/div>\r\n                    <\/div>\r\n                <\/div>\r\n                <div class=\"text-modules\">\r\n                    <div class=\"container\">\r\n                        <h3 class=\"page-title text__title\">Informacja dla kierownik\u00f3w grant\u00f3w - planowanie rekrutacji<\/h3>\r\n                        <div class=\"text-modules__content\"><p>W niekt\u00f3rych programach grantowych zaplanowa\u0107 mo\u017cna stypendium doktoranckie. Rekrutacja na te miejsca odbywa si\u0119 oddzielnie od podstawowej rekrutacji i opiera si\u0119 na porozumieniu i wsp\u00f3\u0142pracy kierownika grantu i Dziekana Szko\u0142y Doktorskiej.<\/p>\n<p>Osoby planuj\u0105ce przygotowanie wniosku grantowego a tak\u017ce beneficjenci grant\u00f3w, kt\u00f3rzy chc\u0105 przyj\u0105\u0107 doktoranta powinni zapozna\u0107 si\u0119 z <a href=\"\/szkola-doktorska\/promotor\/tryby-wyznaczenia-promotora\/informacja-dla-kierownikow-grantow\/\">informacj\u0105 dla kierownik\u00f3w grant\u00f3w<\/a>.<\/p>\n<\/div>\r\n                    <\/div>\r\n                <\/div>[\/vc_column][\/vc_row]<\/p>","protected":false},"excerpt":{"rendered":"<p>[vc_row][vc_column][\/vc_column][\/vc_row] [&#8230;]<\/p>\n<p><a class=\"btn btn-secondary understrap-read-more-link\" href=\"https:\/\/us.edu.pl\/szkola-doktorska\/rekrutacja-przez-grant\/\">Read More&#8230;<\/a><\/p>\n","protected":false},"author":29,"featured_media":0,"parent":0,"menu_order":0,"comment_status":"closed","ping_status":"closed","template":"","meta":{"_expiration-date-status":"","_expiration-date":0,"_expiration-date-type":"","_expiration-date-categories":[],"_expiration-date-options":[]},"acf":[],"_links":{"self":[{"href":"https:\/\/us.edu.pl\/szkola-doktorska\/wp-json\/wp\/v2\/pages\/78"}],"collection":[{"href":"https:\/\/us.edu.pl\/szkola-doktorska\/wp-json\/wp\/v2\/pages"}],"about":[{"href":"https:\/\/us.edu.pl\/szkola-doktorska\/wp-json\/wp\/v2\/types\/page"}],"author":[{"embeddable":true,"href":"https:\/\/us.edu.pl\/szkola-doktorska\/wp-json\/wp\/v2\/users\/29"}],"replies":[{"embeddable":true,"href":"https:\/\/us.edu.pl\/szkola-doktorska\/wp-json\/wp\/v2\/comments?post=78"}],"version-history":[{"count":11,"href":"https:\/\/us.edu.pl\/szkola-doktorska\/wp-json\/wp\/v2\/pages\/78\/revisions"}],"predecessor-version":[{"id":24375,"href":"https:\/\/us.edu.pl\/szkola-doktorska\/wp-json\/wp\/v2\/pages\/78\/revisions\/24375"}],"wp:attachment":[{"href":"https:\/\/us.edu.pl\/szkola-doktorska\/wp-json\/wp\/v2\/media?parent=78"}],"curies":[{"name":"wp","href":"https:\/\/api.w.org\/{rel}","templated":true}]}}