{"id":7971,"date":"2023-02-16T22:34:46","date_gmt":"2023-02-16T21:34:46","guid":{"rendered":"https:\/\/us.edu.pl\/szkola-doktorska\/?page_id=7971"},"modified":"2023-03-15T15:47:41","modified_gmt":"2023-03-15T14:47:41","slug":"harmonogram-zajec-semestr-letni-2022-2023","status":"publish","type":"page","link":"https:\/\/us.edu.pl\/szkola-doktorska\/harmonogram-zajec-semestr-letni-2022-2023\/","title":{"rendered":"Harmonogram zaj\u0119\u0107 &#8211; semestr letni 2022\/2023"},"content":{"rendered":"<p>[vc_row][vc_column]\r\n                <div class=\"text-modules \">\r\n                    <div class=\"container\">\r\n                        <h3 class=\"section-title section-title_border-bottom\">Seminarium doktorskie i tutoring<\/h3> \r\n                        <div class=\"row m-0\">\r\n                            <div class=\"text-modules__content\">\r\n                                Zaj\u0119cia indywidualne (seminarium, tutoring) realizowane s\u0105 zgodnie ze zg\u0142oszeniami. O formie zaj\u0119\u0107 i kryteriach zaliczenia decyduj\u0105 wsp\u00f3lnie prowadz\u0105cy i doktorant.<\/p>\n<p>Je\u017celi co\u015b wymaga poprawy w USOS &#8211; zg\u0142o\u015b to do biura SD.<\/p>\n<p>Je\u017celi rozpoczynasz wsp\u00f3\u0142prac\u0119 z tutorem spoza Uniwersytetu \u015al\u0105skiego &#8211; poinformuj biuro o termiach pracy i zapytaj o podpisanie umowy.<\/p>\n<p>Kontakt w obu sprawach: <a href=\"mailto:agnieszka.filipowska@us.edu.pl\">Agnieszka Filipowska<\/a><\/p>\n<p>Wi\u0119cej na temat tutoringu: <a href=\"\/szkola-doktorska\/ksztalcenie-indywidualne\/tutoring\/\">tutoring ekspercki w Szkole Doktorskiej<\/a> \r\n                                <div class=\"mt-3\"><\/div>\r\n                            <\/div>\r\n                            \r\n                            <div class=\"text-modules__img\"><img src=\"https:\/\/us.edu.pl\/szkola-doktorska\/wp-content\/uploads\/sites\/50\/2019\/11\/apple-256268_1920-300x199.jpg\" alt=\"img\"><\/div>\r\n                        <\/div>\r\n                    <\/div>\r\n                <\/div>\r\n                <div class='sidebar_moduls sidebar_one_header' style='color:#FFFFFF;background-color: #002E5A'>\r\n                    <a href='' class='link'>Zaj\u0119cia obowi\u0105zkowe do zrealizowania do ko\u0144ca drugiego roku kszta\u0142cenia<\/a>\r\n                <\/div>\r\n                <div class=\"text-modules \">\r\n                    <div class=\"container\">\r\n                        <h3 class=\"section-title section-title_border-bottom\">Etyka bada\u0144<\/h3> \r\n                        <div class=\"row m-0\">\r\n                            <div class=\"text-modules__content\">\r\n                                Zaj\u0119cia sugerowane dla I roku, zw\u0142aszcza os\u00f3b przygotowuj\u0105cych projekty grantowe.<\/p>\n<p>15 godzin, 2 ECTS<\/p>\n<p>koordynator: dr hab. Monika Jagielska, prof. U\u015a<\/p>\n<p>prowadz\u0105cy: dr hab. Monika Jagielska, prof. U\u015a, dr hab. Mariusz Jagielski, prof. U\u015a, mgr Natalia Galica<\/p>\n<p>cykl zaj\u0119\u0107: 4 spotkania obowi\u0105zkowe, 3 terminy konsultacji, zaliczenie, <strong>ca\u0142o\u015b\u0107 zaj\u0119\u0107 prowadzona zdalnie<\/strong><\/p>\n<p>Harmonogram zaj\u0119\u0107: <a href=\"https:\/\/uniwersytetslaski-my.sharepoint.com\/:x:\/g\/personal\/ryszard_knapek_o365_us_edu_pl\/EWeGGxb5w_ZMrYAnuDvj80sB7bnZJqGpQUoBcSTTZNByDw?e=erTnp3\">Etyka bada\u0144 2022-2023.xlsx<\/a><\/p>\n<p>Rejestracja na zaj\u0119cia od 20.02.2023, godz. 17:00 w USOSweb \r\n                                <div class=\"mt-3\"><\/div>\r\n                            <\/div>\r\n                            \r\n                            <div class=\"text-modules__img\"><img src=\"https:\/\/us.edu.pl\/szkola-doktorska\/wp-content\/uploads\/sites\/50\/Nieprzypisane\/animal-1554745_1280-300x195-1-300x195.jpg\" alt=\"img\"><\/div>\r\n                        <\/div>\r\n                    <\/div>\r\n                <\/div>\r\n                <div class=\"text-modules \">\r\n                    <div class=\"container\">\r\n                        <h3 class=\"section-title section-title_border-bottom\">Przygotowanie i realizacja projektu badawczego<\/h3> <h3 class=\"subtitle text-modules__subtitle\">36 godzin, 5 ECTS (wraz ze z\u0142o\u017ceniem wniosku grantowego)<\/h3>\r\n                        <div class=\"row m-0\">\r\n                            <div class=\"text-modules__content\">\r\n                                Zaj\u0119cia sugerowane dla I roku, zw\u0142aszcza os\u00f3b przygotowuj\u0105cych projekty grantowe.<\/p>\n<p>Zaj\u0119cia przygotowuj\u0105ce do z\u0142o\u017cenia wniosku o finansowanie projektu badawczego. Zaliczeniem zaj\u0119\u0107 jest z\u0142o\u017cenie wniosku &#8211; do ko\u0144ca drugiego roku kszta\u0142cenia.<\/p>\n<p>Zaj\u0119cia z\u0142o\u017cone z dw\u00f3ch element\u00f3w:<\/p>\n<ol>\n<li>Spotkania informacyjne &#8211; Dzia\u0142 Projekt\u00f3w<\/li>\n<li>Warsztaty ze specjalistami wspieraj\u0105cymi przygotowanie wniosku<\/li>\n<\/ol>\n<p><strong>Spotkania informacyjne<\/strong> &#8211; informacje wkr\u00f3tce<\/p>\n<p><strong>Warsztaty<\/strong> &#8211; oddzielne dla poszczeg\u00f3lnych obszar\u00f3w i dyscyplin.<\/p>\n<p>Harmonogram warsztat\u00f3w: <a href=\"https:\/\/uniwersytetslaski-my.sharepoint.com\/:x:\/g\/personal\/ryszard_knapek_o365_us_edu_pl\/EZTJ8nIpuK9Mhc22zE94KDEBQkJMx62GMg26s-MCYLA-UQ?e=cm3yff\">Przygotowanie i realizacja projektu badawczego.xlsx<\/a><\/p>\n<p>Rejestracja na warsztaty od 20.02.2023, godz. 17:00 w USOSweb \r\n                                <div class=\"mt-3\"><\/div>\r\n                            <\/div>\r\n                            \r\n                            <div class=\"text-modules__img\"><img src=\"https:\/\/us.edu.pl\/szkola-doktorska\/wp-content\/uploads\/sites\/50\/Nieprzypisane\/DSC6703-300x206.jpg\" alt=\"img\"><\/div>\r\n                        <\/div>\r\n                    <\/div>\r\n                <\/div>\r\n                <div class=\"text-modules \">\r\n                    <div class=\"container\">\r\n                        <h3 class=\"section-title section-title_border-bottom\">Warsztaty doktoranckie - prezentacja planu badawczego<\/h3> <h3 class=\"subtitle text-modules__subtitle\">15 godzin, 2 ECTS<\/h3>\r\n                        <div class=\"row m-0\">\r\n                            <div class=\"text-modules__content\">\r\n                                Zaj\u0119cia obowi\u0105zkowe dla doktorant\u00f3w drugiego roku, kt\u00f3rzy przyst\u0119puj\u0105 do oceny \u015br\u00f3dokresowej.<\/p>\n<p>Zaj\u0119cia polegaj\u0105 na szlifowaniu umiej\u0119tno\u015bci prezentacji swoich bada\u0144 przed audytorium naukowym. K\u0142ad\u0105 szczeg\u00f3lny nacisk na prezentacj\u0119 podczas oceny \u015br\u00f3dokresowej.<\/p>\n<p>Harmonogram warsztat\u00f3w: <a href=\"https:\/\/uniwersytetslaski-my.sharepoint.com\/:x:\/g\/personal\/ryszard_knapek_o365_us_edu_pl\/EWDXG1Q48XVEp8Rj_5zKiZcBQZVAQfHUjmsJYEaNa03ZpA?e=klPXTR\">Warsztaty doktoranckie &#8211; prezentacja planu badawczego.xlsx<\/a><\/p>\n<p>Zaj\u0119cia nie wymagaj\u0105 rejestracji &#8211; doktoranci s\u0105 umieszczeni w odpowiednich grupach. Wyj\u0105tek stanowi du\u017ca grupa doktorant\u00f3w nauk biologicznych, podzielona na dwie grupy zaj\u0119ciowe (informacja przekazana do zainteresowanych).<\/p>\n<p>W razie potrzeby dopisania lub wypisania z zaj\u0119\u0107 prosimy o kontakt z biurem SD. \r\n                                <div class=\"mt-3\"><\/div>\r\n                            <\/div>\r\n                            \r\n                            <div class=\"text-modules__img\"><img src=\"https:\/\/us.edu.pl\/szkola-doktorska\/wp-content\/uploads\/sites\/50\/Nieprzypisane\/tools-1083796_640-300x225.jpg\" alt=\"img\"><\/div>\r\n                        <\/div>\r\n                    <\/div>\r\n                <\/div>\r\n                <div class='sidebar_moduls sidebar_one_header' style='color:#FFFFFF;background-color: #002E5A'>\r\n                    <a href='' class='link'>Zaj\u0119cia obowi\u0105zkowe do zrealizowania do ko\u0144ca kszta\u0142cenia<\/a>\r\n                <\/div>\r\n                <div class=\"text-modules \">\r\n                    <div class=\"container\">\r\n                        <h3 class=\"section-title section-title_border-bottom\">Planowanie kariery naukowej i rozw\u00f3j osobisty<\/h3> <h3 class=\"subtitle text-modules__subtitle\">15 godzin, 1 ECTS<\/h3>\r\n                        <div class=\"row m-0\">\r\n                            <div class=\"text-modules__content\">\r\n                                Warsztaty sugerowane dla I roku (wspieraj\u0105 przygotowanie IPB).<\/p>\n<p>Harmonogram zaj\u0119\u0107: <a href=\"https:\/\/uniwersytetslaski-my.sharepoint.com\/:x:\/g\/personal\/ryszard_knapek_o365_us_edu_pl\/EWd6RzXQh0hDvspWGiYoZ4kBDfQyprpne3IKeNRP4Hr-YA?e=xfyzzK\">Planowanie kariery naukowej i rozw\u00f3j osobisty 2022-2023L.xlsx<\/a><\/p>\n<p>Rejestracja na zaj\u0119cia od 20.02.2023 godz. 17:00 \r\n                                <div class=\"mt-3\"><\/div>\r\n                            <\/div>\r\n                            \r\n                            <div class=\"text-modules__img\"><img src=\"https:\/\/us.edu.pl\/szkola-doktorska\/wp-content\/uploads\/sites\/50\/Nieprzypisane\/provetas-118222_1280-300x183-2-300x183.jpg\" alt=\"img\"><\/div>\r\n                        <\/div>\r\n                    <\/div>\r\n                <\/div>\r\n                <div class=\"text-modules \">\r\n                    <div class=\"container\">\r\n                        <h3 class=\"section-title section-title_border-bottom\">Przygotowanie tekst\u00f3w naukowych i krytyczna analiza tekstu<\/h3> <h3 class=\"subtitle text-modules__subtitle\">30 godzin, 4 ECTS<\/h3>\r\n                        <div class=\"row m-0\">\r\n                            <div class=\"text-modules__content\">\r\n                                Zaj\u0119cia podzielone na dwie cz\u0119\u015bci:<\/p>\n<ul>\n<li>\u0107wiczenia z badaczami do\u015bwiadczonymi w przygotowywaniu publikacji naukowych i pracy z tekstem naukowym<\/li>\n<li>spotkania z redaktorami presti\u017cowych czasopism naukowych<\/li>\n<\/ul>\n<p><span style=\"text-decoration: underline;\"><strong>\u0106wiczenia<\/strong><\/span> &#8211; 15 godzin zaj\u0119\u0107 w grupach podzielnych na obszary<\/p>\n<p>Harmonogram: <a href=\"https:\/\/uniwersytetslaski-my.sharepoint.com\/:x:\/g\/personal\/ryszard_knapek_o365_us_edu_pl\/EdKmDEc7cFtHgPl5fxUAB20BdE4vlCGgOVomCt9_5qjqnw?e=CuR5wJ\">Przygotowanie tekst\u00f3w naukowych i krytyczna analiza tekstu.xlsx<\/a><\/p>\n<p><span style=\"text-decoration: underline;\"><strong>Spotkania z redaktorami<\/strong><\/span><\/p>\n<p>Ka\u017cdy doktorant ma obowi\u0105zek do ko\u0144ca swojego kszta\u0142cenia uczestniczy\u0107 w co najmniej trzech takich spotkaniach, trwaj\u0105cych do 5 godzin. Terminarz spotka\u0144 b\u0119dzie publikowany na bie\u017c\u0105co na oddzielnej stronie internetowej. \r\n                                <div class=\"mt-3\"><\/div>\r\n                            <\/div>\r\n                            \r\n                            <div class=\"text-modules__img\"><img src=\"https:\/\/us.edu.pl\/szkola-doktorska\/wp-content\/uploads\/sites\/50\/Nieprzypisane\/library-g7d681f1ca_1280-300x199.jpg\" alt=\"img\"><\/div>\r\n                        <\/div>\r\n                    <\/div>\r\n                <\/div>\r\n                <div class=\"text-modules \">\r\n                    <div class=\"container\">\r\n                        <h3 class=\"section-title section-title_border-bottom\">Academic English II<\/h3> <h3 class=\"subtitle text-modules__subtitle\">60 godzin (30 w semestrze zimowym i 30 w semestrze letnim), 4 ECTS<\/h3>\r\n                        <div class=\"row m-0\">\r\n                            <div class=\"text-modules__content\">\r\n                                Kontynuacja zaj\u0119\u0107 z semestru zimowego. Zaj\u0119cia prowadzone w formie zdalne (z jednym wyj\u0105tkiem). Zaj\u0119cia dla wszystkich doktorant\u00f3w, w tym wdro\u017ceniowych i obcoj\u0119zycznych.<\/p>\n<p>Zaj\u0119cia w podziale na dyscypliny, realizowane blokach trzygodzinnych przez ca\u0142y semestr.<\/p>\n<p>Harmonogram zaj\u0119\u0107: <a href=\"https:\/\/uniwersytetslaski-my.sharepoint.com\/:x:\/g\/personal\/ryszard_knapek_o365_us_edu_pl\/Eby-QRTxnOZAmRGKnTAIzCMB2iumXLo8zYeNgRNmne-_Gw?e=K4si6G\">Academic English 2 &#8211; 2022-2023.xlsx<\/a><\/p>\n<p>Zaj\u0119cia nie wymagaj\u0105 logowania &#8211; doktoranci przepisywani s\u0105 w grup z semestru zimowego &#8211; ewentualne zmiany nale\u017cy om\u00f3wi\u0107 z prowadz\u0105cymi i zg\u0142osi\u0107 do biura SD. \r\n                                <div class=\"mt-3\"><\/div>\r\n                            <\/div>\r\n                            \r\n                            <div class=\"text-modules__img\"><img src=\"https:\/\/us.edu.pl\/szkola-doktorska\/wp-content\/uploads\/sites\/50\/Nieprzypisane\/pexels-pixabay-415071-300x178.jpg\" alt=\"img\"><\/div>\r\n                        <\/div>\r\n                    <\/div>\r\n                <\/div>\r\n                <div class=\"text-modules \">\r\n                    <div class=\"container\">\r\n                        <h3 class=\"section-title section-title_border-bottom\">Prawo w\u0142asno\u015bci intelektualnej i prawo autorskie<\/h3> <h3 class=\"subtitle text-modules__subtitle\">15 godzin, 2 ECTS<\/h3>\r\n                        <div class=\"row m-0\">\r\n                            <div class=\"text-modules__content\">\r\n                                Prowadz\u0105cy i koordynator: dr hab. Anna Chor\u0105\u017cewska, prof. U\u015a<\/p>\n<p>Zaj\u0119cia w grupach obszarowych &#8211; nauki humanistyczne, teologiczne i sztuka oraz nauki spo\u0142eczne. Zaj\u0119cia zdalne.<\/p>\n<p>Harmonogram zaj\u0119\u0107: <a href=\"https:\/\/uniwersytetslaski-my.sharepoint.com\/:x:\/g\/personal\/ryszard_knapek_o365_us_edu_pl\/EacoBo0dbylPs2-wps_a4yQBaqU2Exdsssziviu0QO9Vcw?e=b1gsAR\">Prawo w\u0142asno\u015bci intelektualnej i prawo autorskie 2022-2023L.xlsx<\/a><\/p>\n<p>Rejestracja na zaj\u0119cia od 20.02.2023 godz. 17:00<\/p>\n<p>Grupa angloj\u0119zyczna, doktoranci wdro\u017ceniowi i obszar nauk \u015bcis\u0142ych i przyrodniczych oraz in\u017cynieryjno-technicznych &#8211; zaj\u0119cia dla tych doktorant\u00f3w odby\u0142y si\u0119 w semestrze zimowym. W przypadku konieczno\u015bci nadrobienia zaj\u0119\u0107 prosimy o kontakt z prowadz\u0105c\u0105. \r\n                                <div class=\"mt-3\"><\/div>\r\n                            <\/div>\r\n                            \r\n                            <div class=\"text-modules__img\"><img src=\"https:\/\/us.edu.pl\/szkola-doktorska\/wp-content\/uploads\/sites\/50\/Nieprzypisane\/wood-g586117a51_1280-300x210.jpg\" alt=\"img\"><\/div>\r\n                        <\/div>\r\n                    <\/div>\r\n                <\/div>\r\n                <div class=\"text-modules \">\r\n                    <div class=\"container\">\r\n                        <h3 class=\"section-title section-title_border-bottom\">Autoprezentacja i upowszechnianie bada\u0144<\/h3> <h3 class=\"subtitle text-modules__subtitle\">15 godzin, 2 ECTS<\/h3>\r\n                        <div class=\"row m-0\">\r\n                            <div class=\"text-modules__content\">\r\n                                Zaj\u0119cia, w czasie kt\u00f3rych m\u0142odzi badacze naucz\u0105 si\u0119, jak skutecznie prowadzi\u0107 komunikacj\u0119 naukow\u0105 w przestrzeni publicznej \u2013 jak prezentowa\u0107 wyniki swoich bada\u0144 w mediach, w szko\u0142ach, w postaci tekst\u00f3w czy te\u017c na festiwalach naukowych.<\/p>\n<p>Opis oferty i harmonogram: <a href=\"https:\/\/us.edu.pl\/szkola-doktorska\/harmonogram-zajec-semestr-letni-2022-2023\/autoprezentacja-i-upowszechnianie-badan-2022-2023\">https:\/\/us.edu.pl\/szkola-doktorska\/harmonogram-zajec-semestr-letni-2022-2023\/autoprezentacja-i-upowszechnianie-badan-2022-2023<\/a>\/<\/p>\n<p>Rejestracja w USOSweb: 20.03.2023 godz. 18:00 &#8211; 24.03.2023 godz. 23:59 \r\n                                <div class=\"mt-3\"><\/div>\r\n                            <\/div>\r\n                            \r\n                            <div class=\"text-modules__img\"><img src=\"https:\/\/us.edu.pl\/szkola-doktorska\/wp-content\/uploads\/sites\/50\/Nieprzypisane\/silhouette-of-person-holding-glass-mason-jar-1274260a-300x200.jpg\" alt=\"img\"><\/div>\r\n                        <\/div>\r\n                    <\/div>\r\n                <\/div>\r\n                <div class='sidebar_moduls sidebar_one_header' style='color:#FFFFFF;background-color: #002E5A'>\r\n                    <a href='' class='link'>Zaj\u0119cia fakultatywne i dodatkowe<\/a>\r\n                <\/div>\r\n                <div class=\"text-modules reverse\">\r\n                    <div class=\"container\">\r\n                        <h3 class=\"section-title section-title_border-bottom\">Lektorat j\u0119zyka angielskiego i pozosta\u0142 lektoraty<\/h3> <h3 class=\"subtitle text-modules__subtitle\">zaj\u0119cia dodatkowe (nieobowi\u0105zkowe), 2 ECTS<\/h3>\r\n                        <div class=\"row m-0\">\r\n                            <div class=\"text-modules__content\">\r\n                                Kontynuacja zaj\u0119\u0107 z pierwszego semestru &#8211; doktoranci zostan\u0105 przeniesieni do grup bez rejestracji.<\/p>\n<p>W przypadku konieczno\u015bci zmiany prosimy o kontakt z biurem SD. \r\n                                <div class=\"mt-3\"><\/div>\r\n                            <\/div>\r\n                            \r\n                            <div class=\"text-modules__img\"><img src=\"https:\/\/us.edu.pl\/szkola-doktorska\/wp-content\/uploads\/sites\/50\/Nieprzypisane\/DSC4867-300x200.jpg\" alt=\"img\"><\/div>\r\n                        <\/div>\r\n                    <\/div>\r\n                <\/div>\r\n                <div class=\"text-modules \">\r\n                    <div class=\"container\">\r\n                        <h3 class=\"section-title section-title_border-bottom\">Zaj\u0119cia fakultatywne<\/h3> \r\n                        <div class=\"row m-0\">\r\n                            <div class=\"text-modules__content\">\r\n                                Zapraszamy do zapoznania si\u0119 z ofert\u0105 zaj\u0119\u0107 fakultatywnych dla doktorant\u00f3w Szko\u0142y Doktorskiej w semestrze letnim roku akademickiego 2022\/2023.<\/p>\n<p>Zaj\u0119cia prowadzone b\u0119d\u0105 zgodnie z opisem. W przypadku brak\u00f3w, szczeg\u00f3\u0142y b\u0119d\u0105 ustalone z zarejestrowanymi doktorantami. Zaj\u0119cia opisane jako &#8222;Polish\/English&#8221; b\u0119d\u0105 prowadzone po angielsku, je\u017celi zapisz\u0105 si\u0119 na nie niepolskoj\u0119zyczni doktoranci.<\/p>\n<p>Oferta: <a href=\"https:\/\/uniwersytetslaski-my.sharepoint.com\/:x:\/g\/personal\/ryszard_knapek_o365_us_edu_pl\/ETiPwgiGeWZKqi8A8JFFuo0BGAJO2rIRR4-jVFCV8bniog?e=j5jL65\">modu\u0142y fakultatywne 2022-2023L.xlsx<\/a><\/p>\n<p>Rejestracja na zaj\u0119cia rozpocznie si\u0119 27.02.2023 o godzinie 21:00. \r\n                                <div class=\"mt-3\"><\/div>\r\n                            <\/div>\r\n                            \r\n                            <div class=\"text-modules__img\"><img src=\"https:\/\/us.edu.pl\/szkola-doktorska\/wp-content\/uploads\/sites\/50\/Nieprzypisane\/joshua-eckstein-VAJEea9u6k8-unsplash-300x200.jpg\" alt=\"img\"><\/div>\r\n                        <\/div>\r\n                    <\/div>\r\n                <\/div>[\/vc_column][\/vc_row]<\/p>","protected":false},"excerpt":{"rendered":"<p>[vc_row][vc_column][\/vc_column][\/vc_row] [&#8230;]<\/p>\n<p><a class=\"btn btn-secondary understrap-read-more-link\" href=\"https:\/\/us.edu.pl\/szkola-doktorska\/harmonogram-zajec-semestr-letni-2022-2023\/\">Read More&#8230;<\/a><\/p>\n","protected":false},"author":42,"featured_media":0,"parent":0,"menu_order":0,"comment_status":"closed","ping_status":"closed","template":"","meta":{"_expiration-date-status":"","_expiration-date":0,"_expiration-date-type":"","_expiration-date-categories":[],"_expiration-date-options":[]},"acf":[],"_links":{"self":[{"href":"https:\/\/us.edu.pl\/szkola-doktorska\/wp-json\/wp\/v2\/pages\/7971"}],"collection":[{"href":"https:\/\/us.edu.pl\/szkola-doktorska\/wp-json\/wp\/v2\/pages"}],"about":[{"href":"https:\/\/us.edu.pl\/szkola-doktorska\/wp-json\/wp\/v2\/types\/page"}],"author":[{"embeddable":true,"href":"https:\/\/us.edu.pl\/szkola-doktorska\/wp-json\/wp\/v2\/users\/42"}],"replies":[{"embeddable":true,"href":"https:\/\/us.edu.pl\/szkola-doktorska\/wp-json\/wp\/v2\/comments?post=7971"}],"version-history":[{"count":10,"href":"https:\/\/us.edu.pl\/szkola-doktorska\/wp-json\/wp\/v2\/pages\/7971\/revisions"}],"predecessor-version":[{"id":8123,"href":"https:\/\/us.edu.pl\/szkola-doktorska\/wp-json\/wp\/v2\/pages\/7971\/revisions\/8123"}],"wp:attachment":[{"href":"https:\/\/us.edu.pl\/szkola-doktorska\/wp-json\/wp\/v2\/media?parent=7971"}],"curies":[{"name":"wp","href":"https:\/\/api.w.org\/{rel}","templated":true}]}}