{"id":8017,"date":"2023-03-06T23:54:13","date_gmt":"2023-03-06T22:54:13","guid":{"rendered":"https:\/\/us.edu.pl\/szkola-doktorska\/?page_id=8017"},"modified":"2023-04-24T17:56:49","modified_gmt":"2023-04-24T15:56:49","slug":"narracje-nieantropocentryczne-i-konwersyjne-w-najnowszej-prozie-polskiej","status":"publish","type":"page","link":"https:\/\/us.edu.pl\/szkola-doktorska\/seminaria-obszarowe-w-roku-akademickim-2024-2025\/narracje-nieantropocentryczne-i-konwersyjne-w-najnowszej-prozie-polskiej\/","title":{"rendered":"Narracje nieantropocentryczne i konwersyjne w najnowszej prozie polskiej"},"content":{"rendered":"<p>[vc_row][vc_column]\r\n                <div class=\"text-modules \">\r\n                    <div class=\"container\">\r\n                        <h3 class=\"section-title section-title_border-bottom\">Narracje nieantropocentryczne i konwersyjne w najnowszej prozie polskiej<\/h3> <h3 class=\"subtitle text-modules__subtitle\">Wydzia\u0142 Humanistyczny<\/h3>\r\n                        <div class=\"row m-0\">\r\n                            <div class=\"text-modules__content\">\r\n                                10 maja 2023 r., \u00a0godz. 14.15-15.45, Wydzia\u0142 Humanistyczny, ul. Uniwersytecka 4, sala B1.18<\/p>\n<p>mgr Piotr F. Piekutowski: \u201eNarracje nieantropocentryczne. Opowie\u015bci zwierz\u0105t, ro\u015blin i przedmiot\u00f3w we wsp\u00f3\u0142czesnej prozie polskiej\u201d<\/p>\n<p>mgr Jacek Bielawa: \u201eAsceza, akrobacja, aleturgia. Techniki konwersyjne w tw\u00f3rczo\u015bci Waldemara Bawo\u0142ka, Marka Bie\u0144czyka i Andrzeja Stasiuka\u201d<\/p>\n<p>Opiekun seminarium: prof. dr hab. Aleksander Nawarecki \r\n                                <div class=\"mt-3\"><\/div>\r\n                            <\/div>\r\n                            \r\n                            <div class=\"text-modules__img\"><img src=\"https:\/\/us.edu.pl\/szkola-doktorska\/wp-content\/uploads\/sites\/50\/Bez-kategorii\/1200x1200_SD_4_narracje_nieantropocentryczne-1.png\" alt=\"img\"><\/div>\r\n                        <\/div>\r\n                    <\/div>\r\n                <\/div>\r\n                <div class=\"text-modules\">\r\n                    <div class=\"container\">\r\n                        \r\n                        <div class=\"text-modules__content\"><p>Seminarium odbywa si\u0119 w ramach cyklu seminari\u00f3w obszarowych doktorant\u00f3w Szko\u0142y Doktorskiej w roku akademickim 2022\/2023. Do uczestnictwa w seminariach zapraszamy ca\u0142\u0105 spo\u0142eczno\u015b\u0107 akademick\u0105.<br \/>\nWi\u0119cej: <a href=\"https:\/\/us.edu.pl\/szkola-doktorska\/seminaria-obszarowe\/\">https:\/\/us.edu.pl\/szkola-doktorska\/seminaria-obszarowe\/<\/a><\/p>\n<\/div>\r\n                    <\/div>\r\n                <\/div>[\/vc_column][\/vc_row]<\/p>","protected":false},"excerpt":{"rendered":"<p>[vc_row][vc_column][\/vc_column][\/vc_row] [&#8230;]<\/p>\n<p><a class=\"btn btn-secondary understrap-read-more-link\" href=\"https:\/\/us.edu.pl\/szkola-doktorska\/seminaria-obszarowe-w-roku-akademickim-2024-2025\/narracje-nieantropocentryczne-i-konwersyjne-w-najnowszej-prozie-polskiej\/\">Read More&#8230;<\/a><\/p>\n","protected":false},"author":42,"featured_media":8346,"parent":7779,"menu_order":0,"comment_status":"closed","ping_status":"closed","template":"","meta":{"_expiration-date-status":"","_expiration-date":0,"_expiration-date-type":"","_expiration-date-categories":[],"_expiration-date-options":[]},"acf":[],"_links":{"self":[{"href":"https:\/\/us.edu.pl\/szkola-doktorska\/wp-json\/wp\/v2\/pages\/8017"}],"collection":[{"href":"https:\/\/us.edu.pl\/szkola-doktorska\/wp-json\/wp\/v2\/pages"}],"about":[{"href":"https:\/\/us.edu.pl\/szkola-doktorska\/wp-json\/wp\/v2\/types\/page"}],"author":[{"embeddable":true,"href":"https:\/\/us.edu.pl\/szkola-doktorska\/wp-json\/wp\/v2\/users\/42"}],"replies":[{"embeddable":true,"href":"https:\/\/us.edu.pl\/szkola-doktorska\/wp-json\/wp\/v2\/comments?post=8017"}],"version-history":[{"count":3,"href":"https:\/\/us.edu.pl\/szkola-doktorska\/wp-json\/wp\/v2\/pages\/8017\/revisions"}],"predecessor-version":[{"id":8350,"href":"https:\/\/us.edu.pl\/szkola-doktorska\/wp-json\/wp\/v2\/pages\/8017\/revisions\/8350"}],"up":[{"embeddable":true,"href":"https:\/\/us.edu.pl\/szkola-doktorska\/wp-json\/wp\/v2\/pages\/7779"}],"wp:featuredmedia":[{"embeddable":true,"href":"https:\/\/us.edu.pl\/szkola-doktorska\/wp-json\/wp\/v2\/media\/8346"}],"wp:attachment":[{"href":"https:\/\/us.edu.pl\/szkola-doktorska\/wp-json\/wp\/v2\/media?parent=8017"}],"curies":[{"name":"wp","href":"https:\/\/api.w.org\/{rel}","templated":true}]}}