{"id":8033,"date":"2023-03-10T11:12:39","date_gmt":"2023-03-10T10:12:39","guid":{"rendered":"https:\/\/us.edu.pl\/szkola-doktorska\/?page_id=8033"},"modified":"2023-04-24T18:16:01","modified_gmt":"2023-04-24T16:16:01","slug":"seminarium-interdyscyplinarne-technologia-i-cywilizacja-prawo-wobec-wspolczesnych-wyzwan-ludzkosci","status":"publish","type":"page","link":"https:\/\/us.edu.pl\/szkola-doktorska\/seminaria-obszarowe-w-roku-akademickim-2024-2025\/seminarium-interdyscyplinarne-technologia-i-cywilizacja-prawo-wobec-wspolczesnych-wyzwan-ludzkosci\/","title":{"rendered":"Seminarium interdyscyplinarne: technologia i cywilizacja &#8211; prawo wobec wsp\u00f3\u0142czesnych wyzwa\u0144 ludzko\u015bci"},"content":{"rendered":"<p>[vc_row][vc_column]\r\n                <div class=\"text-modules \">\r\n                    <div class=\"container\">\r\n                        <h3 class=\"section-title section-title_border-bottom\">Seminarium interdyscyplinarne: technologia i cywilizacja - prawo wobec wsp\u00f3\u0142czesnych wyzwa\u0144 ludzko\u015bci<\/h3> \r\n                        <div class=\"row m-0\">\r\n                            <div class=\"text-modules__content\">\r\n                                Wydzia\u0142 Prawa i Administracji, ul. Bankowa 11B, Katowice, pok. 1.14<\/p>\n<p>1 lutego 2023 r., godz. 16.30<\/p>\n<p>mgr Maciej Marcinowski-Pra\u017cmowski: \u201eAspekty praktyczne i metodologiczne zastosowania sztucznych sieci neuronowych w kryminalistyce, na przyk\u0142adzie bada\u0144 pismoznawczych&#8221;<\/p>\n<p>1 marca 2023 r., \u00a0godz. 16.30<\/p>\n<p>mgr Karolina Pra\u017cmowska-Marcinowska: \u201eCultural Rights of the Indigenous Peoples of the Arctic Region v. Climate Change. Challenges for International Justice&#8221;<\/p>\n<p>15 marca 2023 r., \u00a0godz. 16.30<\/p>\n<p>mgr Robert \u0141asa: \u201eOchrona infrastruktury krytycznej przed cyberatakiem podczas konfliktu zbrojnego&#8221;<\/p>\n<p>22 marca 2023 r., \u00a0godz. 16.30<\/p>\n<p>mgr Klaudia Kofin-Bro\u0144czyk: \u201eDyskryminacja genetyczna jako problem prawny&#8221;<\/p>\n<p>Opiekun seminarium: dr Dominika Iwan-Sojka \r\n                                <div class=\"mt-3\"><\/div>\r\n                            <\/div>\r\n                            \r\n                            <div class=\"text-modules__img\"><img src=\"https:\/\/us.edu.pl\/szkola-doktorska\/wp-content\/uploads\/sites\/50\/Bez-kategorii\/1200x1200_SD_3_interdyscyplinarne.png\" alt=\"img\"><\/div>\r\n                        <\/div>\r\n                    <\/div>\r\n                <\/div>[\/vc_column][\/vc_row][vc_row][vc_column]\r\n                <div class=\"text-modules\">\r\n                    <div class=\"container\">\r\n                        \r\n                        <div class=\"text-modules__content\"><p>Seminarium odbywa si\u0119 w ramach cyklu seminari\u00f3w obszarowych doktorant\u00f3w Szko\u0142y Doktorskiej w roku akademickim 2022\/2023. Do uczestnictwa w seminariach zapraszamy ca\u0142\u0105 spo\u0142eczno\u015b\u0107 akademick\u0105.<br \/>\nWi\u0119cej: <a href=\"https:\/\/us.edu.pl\/szkola-doktorska\/seminaria-obszarowe\/\">https:\/\/us.edu.pl\/szkola-doktorska\/seminaria-obszarowe\/<\/a><\/p>\n<\/div>\r\n                    <\/div>\r\n                <\/div>[\/vc_column][\/vc_row]<\/p>","protected":false},"excerpt":{"rendered":"<p>[vc_row][vc_column][\/vc_column][\/vc_row][vc_row][vc_column][\/vc_column][\/vc_row] [&#8230;]<\/p>\n<p><a class=\"btn btn-secondary understrap-read-more-link\" href=\"https:\/\/us.edu.pl\/szkola-doktorska\/seminaria-obszarowe-w-roku-akademickim-2024-2025\/seminarium-interdyscyplinarne-technologia-i-cywilizacja-prawo-wobec-wspolczesnych-wyzwan-ludzkosci\/\">Read More&#8230;<\/a><\/p>\n","protected":false},"author":205,"featured_media":0,"parent":7779,"menu_order":0,"comment_status":"closed","ping_status":"closed","template":"","meta":{"_expiration-date-status":"","_expiration-date":0,"_expiration-date-type":"","_expiration-date-categories":[],"_expiration-date-options":[]},"acf":[],"_links":{"self":[{"href":"https:\/\/us.edu.pl\/szkola-doktorska\/wp-json\/wp\/v2\/pages\/8033"}],"collection":[{"href":"https:\/\/us.edu.pl\/szkola-doktorska\/wp-json\/wp\/v2\/pages"}],"about":[{"href":"https:\/\/us.edu.pl\/szkola-doktorska\/wp-json\/wp\/v2\/types\/page"}],"author":[{"embeddable":true,"href":"https:\/\/us.edu.pl\/szkola-doktorska\/wp-json\/wp\/v2\/users\/205"}],"replies":[{"embeddable":true,"href":"https:\/\/us.edu.pl\/szkola-doktorska\/wp-json\/wp\/v2\/comments?post=8033"}],"version-history":[{"count":3,"href":"https:\/\/us.edu.pl\/szkola-doktorska\/wp-json\/wp\/v2\/pages\/8033\/revisions"}],"predecessor-version":[{"id":8374,"href":"https:\/\/us.edu.pl\/szkola-doktorska\/wp-json\/wp\/v2\/pages\/8033\/revisions\/8374"}],"up":[{"embeddable":true,"href":"https:\/\/us.edu.pl\/szkola-doktorska\/wp-json\/wp\/v2\/pages\/7779"}],"wp:attachment":[{"href":"https:\/\/us.edu.pl\/szkola-doktorska\/wp-json\/wp\/v2\/media?parent=8033"}],"curies":[{"name":"wp","href":"https:\/\/api.w.org\/{rel}","templated":true}]}}