{"id":8048,"date":"2023-03-10T11:34:51","date_gmt":"2023-03-10T10:34:51","guid":{"rendered":"https:\/\/us.edu.pl\/szkola-doktorska\/?page_id=8048"},"modified":"2023-04-24T18:09:34","modified_gmt":"2023-04-24T16:09:34","slug":"pomiedzy-teoria-a-praktyka-jak-wykorzystac-nauke-do-zastosowan-medycznych","status":"publish","type":"page","link":"https:\/\/us.edu.pl\/szkola-doktorska\/seminaria-obszarowe-w-roku-akademickim-2024-2025\/pomiedzy-teoria-a-praktyka-jak-wykorzystac-nauke-do-zastosowan-medycznych\/","title":{"rendered":"Pomi\u0119dzy teori\u0105 a praktyk\u0105 \u2013 jak wykorzysta\u0107 nauk\u0119 do zastosowa\u0144 medycznych"},"content":{"rendered":"<p>[vc_row][vc_column]\r\n                <div class=\"text-modules \">\r\n                    <div class=\"container\">\r\n                        <h3 class=\"section-title section-title_border-bottom\">Pomi\u0119dzy teori\u0105 a praktyk\u0105 \u2013 jak wykorzysta\u0107 nauk\u0119 do zastosowa\u0144 medycznych<\/h3> \r\n                        <div class=\"row m-0\">\r\n                            <div class=\"text-modules__content\">\r\n                                Wydzia\u0142 Nauk \u015acis\u0142ych i Technicznych, SM CEBI, Instytut In\u017cynierii Materia\u0142owej, ul. 75. Pu\u0142ku Piechoty 1A, Chorz\u00f3w, sala C2\/04<\/p>\n<p>14 marca 2023 r., \u00a0godz. 15:00<\/p>\n<p>mgr Sara Krawczyk \u201eWarstwy polimerowe oparte na pirolu jako nowoczesne systemy dozowania substancji leczniczych o aktywno\u015bci neurologicznej\u201d<\/p>\n<p>21 marca 2023 r., \u00a0godz. 15:00<\/p>\n<p>mgr Jakub Nowak: \u201eBadanie wp\u0142ywu kszta\u0142tu i st\u0119\u017cenia nanoczastek na lokalna dawk\u0119 w radioterapii&#8221;<\/p>\n<p>28 marca 2023 r., \u00a0godz. 15:00<\/p>\n<p>mgr Bart\u0142omiej Gawe\u0142czyk \u201eBadanie promieniotw\u00f3rczo\u015bci wt\u00f3rnej w otoczeniu akcelerator\u00f3w medycznych&#8221;<\/p>\n<p>Opiekun seminarium: dr in\u017c. Sylwia Golba \r\n                                <div class=\"mt-3\"><\/div>\r\n                            <\/div>\r\n                            \r\n                            <div class=\"text-modules__img\"><img src=\"https:\/\/us.edu.pl\/szkola-doktorska\/wp-content\/uploads\/sites\/50\/Bez-kategorii\/1200x1200_SD_9_pomiedzy_teoria_a_praktyka_medycyna.png\" alt=\"img\"><\/div>\r\n                        <\/div>\r\n                    <\/div>\r\n                <\/div>[\/vc_column][\/vc_row][vc_row][vc_column]\r\n                <div class=\"text-modules\">\r\n                    <div class=\"container\">\r\n                        \r\n                        <div class=\"text-modules__content\"><p>Seminarium odbywa si\u0119 w ramach cyklu seminari\u00f3w obszarowych doktorant\u00f3w Szko\u0142y Doktorskiej w roku akademickim 2022\/2023. Do uczestnictwa w seminariach zapraszamy ca\u0142\u0105 spo\u0142eczno\u015b\u0107 akademick\u0105.<br \/>\nWi\u0119cej: <a href=\"https:\/\/us.edu.pl\/szkola-doktorska\/seminaria-obszarowe\/\">https:\/\/us.edu.pl\/szkola-doktorska\/seminaria-obszarowe\/<\/a><\/p>\n<\/div>\r\n                    <\/div>\r\n                <\/div>[\/vc_column][\/vc_row]<\/p>","protected":false},"excerpt":{"rendered":"<p>[vc_row][vc_column][\/vc_column][\/vc_row][vc_row][vc_column][\/vc_column][\/vc_row] [&#8230;]<\/p>\n<p><a class=\"btn btn-secondary understrap-read-more-link\" href=\"https:\/\/us.edu.pl\/szkola-doktorska\/seminaria-obszarowe-w-roku-akademickim-2024-2025\/pomiedzy-teoria-a-praktyka-jak-wykorzystac-nauke-do-zastosowan-medycznych\/\">Read More&#8230;<\/a><\/p>\n","protected":false},"author":205,"featured_media":0,"parent":7779,"menu_order":0,"comment_status":"closed","ping_status":"closed","template":"","meta":{"_expiration-date-status":"","_expiration-date":0,"_expiration-date-type":"","_expiration-date-categories":[],"_expiration-date-options":[]},"acf":[],"_links":{"self":[{"href":"https:\/\/us.edu.pl\/szkola-doktorska\/wp-json\/wp\/v2\/pages\/8048"}],"collection":[{"href":"https:\/\/us.edu.pl\/szkola-doktorska\/wp-json\/wp\/v2\/pages"}],"about":[{"href":"https:\/\/us.edu.pl\/szkola-doktorska\/wp-json\/wp\/v2\/types\/page"}],"author":[{"embeddable":true,"href":"https:\/\/us.edu.pl\/szkola-doktorska\/wp-json\/wp\/v2\/users\/205"}],"replies":[{"embeddable":true,"href":"https:\/\/us.edu.pl\/szkola-doktorska\/wp-json\/wp\/v2\/comments?post=8048"}],"version-history":[{"count":4,"href":"https:\/\/us.edu.pl\/szkola-doktorska\/wp-json\/wp\/v2\/pages\/8048\/revisions"}],"predecessor-version":[{"id":8366,"href":"https:\/\/us.edu.pl\/szkola-doktorska\/wp-json\/wp\/v2\/pages\/8048\/revisions\/8366"}],"up":[{"embeddable":true,"href":"https:\/\/us.edu.pl\/szkola-doktorska\/wp-json\/wp\/v2\/pages\/7779"}],"wp:attachment":[{"href":"https:\/\/us.edu.pl\/szkola-doktorska\/wp-json\/wp\/v2\/media?parent=8048"}],"curies":[{"name":"wp","href":"https:\/\/api.w.org\/{rel}","templated":true}]}}