{"id":806,"date":"2020-02-05T13:12:28","date_gmt":"2020-02-05T12:12:28","guid":{"rendered":"http:\/\/us.edu.pl\/szkola-doktorska\/?page_id=806"},"modified":"2025-08-26T11:20:48","modified_gmt":"2025-08-26T09:20:48","slug":"informacje-o-otwartych-naborach-na-miejsca-stypendialne-w-ramach-grantow-i-programow-stypendialnych","status":"publish","type":"page","link":"https:\/\/us.edu.pl\/szkola-doktorska\/informacje-o-otwartych-naborach-na-miejsca-stypendialne-w-ramach-grantow-i-programow-stypendialnych\/","title":{"rendered":"Informacja o otwartych naborach na stypendia finansowane z projekt\u00f3w"},"content":{"rendered":"<p>[vc_row][vc_column]\r\n                <div class=\"tiles-section\" style=\"background: \">\r\n                    <div class=\"container\">\r\n                        <h3 class=\"page-title\"><\/h3>\r\n                        <div class=\"tiles tiles-2\">\r\n                            <a href=\"\/szkola-doktorska\/informacje-o-otwartych-naborach-na-miejsca-stypendialne-w-ramach-grantow-i-programow-stypendialnych\/informacja-o-otwartych-naborach-na-stypendia-doktoranckie-2025-2026\/\" class=\"tile tile_ justify-content-center\" style=\"background-color: #002E5A; font-weight: bold; color: #ffffff;  \">\r\n                                \r\n                                   \r\n                               \r\n                                <div class=\"tile__name\">STYPENDIUM DOKTORANCKIE - rekrutacja do Szko\u0142y Doktorskiej<\/div>\r\n                            <\/a>\r\n                            <a href=\"\/szkola-doktorska\/informacje-o-otwartych-naborach-na-miejsca-stypendialne-w-ramach-grantow-i-programow-stypendialnych\/informacja-o-otwartych-naborach-na-stypendia-naukowe\/\" class=\"tile tile_ justify-content-center\" style=\"background-color: #002E5A; font-weight: bold; color: #ffffff;  \">\r\n                                \r\n                                   \r\n                               \r\n                                <div class=\"tile__name\">STYPENDIUM NAUKOWE dla os\u00f3b ze statusem doktoranta<\/div>\r\n                            <\/a><\/div>\r\n                    <\/div>\r\n                <\/div>\r\n                <div class=\"text-modules\">\r\n                    <div class=\"container\">\r\n                        \r\n                        <div class=\"text-modules__content\"><p><strong>Stypendium doktoranckie\u00a0<\/strong>to stypendium, kt\u00f3re obligatoryjnie otrzymuje doktorant szko\u0142y doktorskiej. Konkursy na stypendium doktoranckie s\u0105 wi\u0119c jednocze\u015bnie konkursami o przyj\u0119cie do Szko\u0142y Doktorskiej na czteroletni okres kszta\u0142cenia. Minimalna wysoko\u015b\u0107 stypendium i zwi\u0105zane z ni\u0105 sk\u0142adki na ubezpieczenie spo\u0142eczne s\u0105 okre\u015blone przepisami krajowymi.<\/p>\n<p>Na tej stronie publikowane s\u0105 wszystkie og\u0142oszenia konkurs\u00f3w o stypendium doktoranckie organizowane przez Szko\u0142\u0119 Doktorsk\u0105 U\u015a.<\/p>\n<p><strong>Stypendium naukowe<\/strong> to dodatkowe stypendium, kt\u00f3re mo\u017ce by\u0107 przyznane osobie maj\u0105cej status doktoranta (czasem te\u017c status studenta), a wi\u0119c b\u0119d\u0105cej ju\u017c doktorantem w szkole doktorskiej. Stypendium naukowe otrzymuje si\u0119 za wykonywanie zada\u0144 zleconych w grancie lub innym projekcie. Wysoko\u015b\u0107 i czas trwania tego stypendium mog\u0105 by\u0107 bardzo r\u00f3\u017cne i ustalane s\u0105 przez instytucj\u0119 finansuj\u0105c\u0105 (np. NCN).<\/p>\n<p>Ta strona nie jest kompletnym zbiorem og\u0142osze\u0144 konkurs\u00f3w o stypendium naukowe. Szko\u0142a Doktorska nie organizuje tych konkurs\u00f3w, a tylko udost\u0119pnia tre\u015bci przekazane przez organizatora (np. odpowiedni wydzia\u0142).<\/p>\n<\/div>\r\n                    <\/div>\r\n                <\/div>[\/vc_column][\/vc_row]<\/p>","protected":false},"excerpt":{"rendered":"<p>[vc_row][vc_column][\/vc_column][\/vc_row] [&#8230;]<\/p>\n<p><a class=\"btn btn-secondary understrap-read-more-link\" href=\"https:\/\/us.edu.pl\/szkola-doktorska\/informacje-o-otwartych-naborach-na-miejsca-stypendialne-w-ramach-grantow-i-programow-stypendialnych\/\">Read More&#8230;<\/a><\/p>\n","protected":false},"author":42,"featured_media":3685,"parent":0,"menu_order":0,"comment_status":"closed","ping_status":"closed","template":"","meta":{"_expiration-date-status":"","_expiration-date":0,"_expiration-date-type":"","_expiration-date-categories":[],"_expiration-date-options":[]},"acf":[],"_links":{"self":[{"href":"https:\/\/us.edu.pl\/szkola-doktorska\/wp-json\/wp\/v2\/pages\/806"}],"collection":[{"href":"https:\/\/us.edu.pl\/szkola-doktorska\/wp-json\/wp\/v2\/pages"}],"about":[{"href":"https:\/\/us.edu.pl\/szkola-doktorska\/wp-json\/wp\/v2\/types\/page"}],"author":[{"embeddable":true,"href":"https:\/\/us.edu.pl\/szkola-doktorska\/wp-json\/wp\/v2\/users\/42"}],"replies":[{"embeddable":true,"href":"https:\/\/us.edu.pl\/szkola-doktorska\/wp-json\/wp\/v2\/comments?post=806"}],"version-history":[{"count":10,"href":"https:\/\/us.edu.pl\/szkola-doktorska\/wp-json\/wp\/v2\/pages\/806\/revisions"}],"predecessor-version":[{"id":23611,"href":"https:\/\/us.edu.pl\/szkola-doktorska\/wp-json\/wp\/v2\/pages\/806\/revisions\/23611"}],"wp:featuredmedia":[{"embeddable":true,"href":"https:\/\/us.edu.pl\/szkola-doktorska\/wp-json\/wp\/v2\/media\/3685"}],"wp:attachment":[{"href":"https:\/\/us.edu.pl\/szkola-doktorska\/wp-json\/wp\/v2\/media?parent=806"}],"curies":[{"name":"wp","href":"https:\/\/api.w.org\/{rel}","templated":true}]}}