{"id":8062,"date":"2023-03-10T12:01:16","date_gmt":"2023-03-10T11:01:16","guid":{"rendered":"https:\/\/us.edu.pl\/szkola-doktorska\/?page_id=8062"},"modified":"2023-04-24T18:10:54","modified_gmt":"2023-04-24T16:10:54","slug":"modelowanie-3d-protez-twarzoczaszki-dedykowanych-dla-leczenia-rozleglych-ubytkow-w-obrebie-oczodolu-i-nosa-systemem-cochlear-vistafix3","status":"publish","type":"page","link":"https:\/\/us.edu.pl\/szkola-doktorska\/seminaria-obszarowe-w-roku-akademickim-2024-2025\/modelowanie-3d-protez-twarzoczaszki-dedykowanych-dla-leczenia-rozleglych-ubytkow-w-obrebie-oczodolu-i-nosa-systemem-cochlear-vistafix3\/","title":{"rendered":"Modelowanie 3D protez twarzoczaszki dedykowanych dla leczenia rozleg\u0142ych ubytk\u00f3w w obr\u0119bie oczodo\u0142u i nosa systemem Cochlear Vistafix3"},"content":{"rendered":"<p>[vc_row][vc_column]\r\n                <div class=\"text-modules \">\r\n                    <div class=\"container\">\r\n                        <h3 class=\"section-title section-title_border-bottom\">Modelowanie 3D protez twarzoczaszki dedykowanych dla leczenia rozleg\u0142ych ubytk\u00f3w w obr\u0119bie oczodo\u0142u i nosa systemem Cochlear Vistafix3<\/h3> \r\n                        <div class=\"row m-0\">\r\n                            <div class=\"text-modules__content\">\r\n                                20 czerwca 2023 r., godz. 14:00, spotkanie zdalne \u2013 Microsoft Teams<\/p>\n<p>mgr Magdalena B\u0142aszczyk: \u201eModelowanie 3D protez twarzoczaszki dedykowanych dla leczenia rozleg\u0142ych ubytk\u00f3w w obr\u0119bie oczodo\u0142u i nosa systemem Cochlear Vistafix3\u201d<\/p>\n<p>Opiekun seminarium: dr hab. Andrzej Swinarew, prof. U\u015a \r\n                                <div class=\"mt-3\"><\/div>\r\n                            <\/div>\r\n                            \r\n                            <div class=\"text-modules__img\"><img src=\"https:\/\/us.edu.pl\/szkola-doktorska\/wp-content\/uploads\/sites\/50\/Bez-kategorii\/1200x1200_SD_13_Modelowanie-3D-protez.png\" alt=\"img\"><\/div>\r\n                        <\/div>\r\n                    <\/div>\r\n                <\/div>[\/vc_column][\/vc_row][vc_row][vc_column]\r\n                <div class=\"text-modules\">\r\n                    <div class=\"container\">\r\n                        \r\n                        <div class=\"text-modules__content\"><p>Seminarium odbywa si\u0119 w ramach cyklu seminari\u00f3w obszarowych doktorant\u00f3w Szko\u0142y Doktorskiej w roku akademickim 2022\/2023. Do uczestnictwa w seminariach zapraszamy ca\u0142\u0105 spo\u0142eczno\u015b\u0107 akademick\u0105.<br \/>\nWi\u0119cej: <a href=\"https:\/\/us.edu.pl\/szkola-doktorska\/seminaria-obszarowe\/\">https:\/\/us.edu.pl\/szkola-doktorska\/seminaria-obszarowe\/<\/a><\/p>\n<\/div>\r\n                    <\/div>\r\n                <\/div>[\/vc_column][\/vc_row]<\/p>","protected":false},"excerpt":{"rendered":"<p>[vc_row][vc_column][\/vc_column][\/vc_row][vc_row][vc_column][\/vc_column][\/vc_row] [&#8230;]<\/p>\n<p><a class=\"btn btn-secondary understrap-read-more-link\" href=\"https:\/\/us.edu.pl\/szkola-doktorska\/seminaria-obszarowe-w-roku-akademickim-2024-2025\/modelowanie-3d-protez-twarzoczaszki-dedykowanych-dla-leczenia-rozleglych-ubytkow-w-obrebie-oczodolu-i-nosa-systemem-cochlear-vistafix3\/\">Read More&#8230;<\/a><\/p>\n","protected":false},"author":205,"featured_media":0,"parent":7779,"menu_order":0,"comment_status":"closed","ping_status":"closed","template":"","meta":{"_expiration-date-status":"","_expiration-date":0,"_expiration-date-type":"","_expiration-date-categories":[],"_expiration-date-options":[]},"acf":[],"_links":{"self":[{"href":"https:\/\/us.edu.pl\/szkola-doktorska\/wp-json\/wp\/v2\/pages\/8062"}],"collection":[{"href":"https:\/\/us.edu.pl\/szkola-doktorska\/wp-json\/wp\/v2\/pages"}],"about":[{"href":"https:\/\/us.edu.pl\/szkola-doktorska\/wp-json\/wp\/v2\/types\/page"}],"author":[{"embeddable":true,"href":"https:\/\/us.edu.pl\/szkola-doktorska\/wp-json\/wp\/v2\/users\/205"}],"replies":[{"embeddable":true,"href":"https:\/\/us.edu.pl\/szkola-doktorska\/wp-json\/wp\/v2\/comments?post=8062"}],"version-history":[{"count":3,"href":"https:\/\/us.edu.pl\/szkola-doktorska\/wp-json\/wp\/v2\/pages\/8062\/revisions"}],"predecessor-version":[{"id":8368,"href":"https:\/\/us.edu.pl\/szkola-doktorska\/wp-json\/wp\/v2\/pages\/8062\/revisions\/8368"}],"up":[{"embeddable":true,"href":"https:\/\/us.edu.pl\/szkola-doktorska\/wp-json\/wp\/v2\/pages\/7779"}],"wp:attachment":[{"href":"https:\/\/us.edu.pl\/szkola-doktorska\/wp-json\/wp\/v2\/media?parent=8062"}],"curies":[{"name":"wp","href":"https:\/\/api.w.org\/{rel}","templated":true}]}}