{"id":8065,"date":"2023-03-10T12:05:13","date_gmt":"2023-03-10T11:05:13","guid":{"rendered":"https:\/\/us.edu.pl\/szkola-doktorska\/?page_id=8065"},"modified":"2023-04-24T18:02:26","modified_gmt":"2023-04-24T16:02:26","slug":"teoretyczne-i-przestrzenne-konteksty-praktyk-kulturowych","status":"publish","type":"page","link":"https:\/\/us.edu.pl\/szkola-doktorska\/seminaria-obszarowe-w-roku-akademickim-2024-2025\/teoretyczne-i-przestrzenne-konteksty-praktyk-kulturowych\/","title":{"rendered":"Teoretyczne i przestrzenne konteksty praktyk kulturowych"},"content":{"rendered":"<p>[vc_row][vc_column]\r\n                <div class=\"text-modules \">\r\n                    <div class=\"container\">\r\n                        <h3 class=\"section-title section-title_border-bottom\">Teoretyczne i przestrzenne konteksty praktyk kulturowych<\/h3> \r\n                        <div class=\"row m-0\">\r\n                            <div class=\"text-modules__content\">\r\n                                Wydzia\u0142 Humanistyczny, aula im. Prof. Ireneusza Opackiego \u2013 B\/039<\/p>\n<p>15 maja 2023 r., godz. 17:15<\/p>\n<p>mgr Ewa Ko\u017alik: \u201eMity jako \u017ar\u00f3d\u0142o poczucia bezpiecze\u0144stwa w \u015bwiecie postprawdy. Medycyna i zdrowie\u201d<\/p>\n<p>mgr Patrycja Korczago: \u201ePiwnica na W\u00f2jtowskiej w Warszawie. Archiwum jako \u015blad praktyk artystycznych w teatrze ma\u0142ych form Ryszarda Ostrom\u0119ckiego\u201d<\/p>\n<p>22 maja 2023 r., godz. 17:15<\/p>\n<p>mgr Patryk Rutkowski: \u201eDystynktywno\u015b\u0107 kulturowa stroj\u00f3w ludowych mieszka\u0144c\u00f3w S\u0105decczyzny jako rekwizyt\u00f3w tradycji i autofolkloryzacji. Przyk\u0142ad p\u00f3\u0142nocno-wschodniej cz\u0119\u015bci powiatu nowos\u0105deckiego\u201d<\/p>\n<p>mgr Adrianna Kus: \u201eHabitus zadomowienia w tradycji G\u00f3rnego \u015al\u0105ska &#8211; na przyk\u0142adzie Radzionkowa\u201d<\/p>\n<p>29 maja 2023 r., godz. 17:15<\/p>\n<p>mgr Jessica Kufa: \u201eW Tatrach: schroniska g\u00f3rskie i praktyki kultury. Architektura w procesie (re)konstruowania\u201d<\/p>\n<p>Opiekun seminarium: dr hab. Marek Pacukiewicz, prof. U\u015a \r\n                                <div class=\"mt-3\"><\/div>\r\n                            <\/div>\r\n                            \r\n                            <div class=\"text-modules__img\"><img src=\"https:\/\/us.edu.pl\/szkola-doktorska\/wp-content\/uploads\/sites\/50\/Bez-kategorii\/1200x1200_SD_14_teoretyczne_i_przestrzenne_konteksty_praktyk_kulturowych.png\" alt=\"img\"><\/div>\r\n                        <\/div>\r\n                    <\/div>\r\n                <\/div>[\/vc_column][\/vc_row][vc_row][vc_column]\r\n                <div class=\"text-modules\">\r\n                    <div class=\"container\">\r\n                        \r\n                        <div class=\"text-modules__content\"><p>Seminarium odbywa si\u0119 w ramach cyklu seminari\u00f3w obszarowych doktorant\u00f3w Szko\u0142y Doktorskiej w roku akademickim 2022\/2023. Do uczestnictwa w seminariach zapraszamy ca\u0142\u0105 spo\u0142eczno\u015b\u0107 akademick\u0105.<br \/>\nWi\u0119cej: <a href=\"https:\/\/us.edu.pl\/szkola-doktorska\/seminaria-obszarowe\/\">https:\/\/us.edu.pl\/szkola-doktorska\/seminaria-obszarowe\/<\/a><\/p>\n<\/div>\r\n                    <\/div>\r\n                <\/div>[\/vc_column][\/vc_row]<\/p>","protected":false},"excerpt":{"rendered":"<p>[vc_row][vc_column][\/vc_column][\/vc_row][vc_row][vc_column][\/vc_column][\/vc_row] [&#8230;]<\/p>\n<p><a class=\"btn btn-secondary understrap-read-more-link\" href=\"https:\/\/us.edu.pl\/szkola-doktorska\/seminaria-obszarowe-w-roku-akademickim-2024-2025\/teoretyczne-i-przestrzenne-konteksty-praktyk-kulturowych\/\">Read More&#8230;<\/a><\/p>\n","protected":false},"author":205,"featured_media":0,"parent":7779,"menu_order":0,"comment_status":"closed","ping_status":"closed","template":"","meta":{"_expiration-date-status":"","_expiration-date":0,"_expiration-date-type":"","_expiration-date-categories":[],"_expiration-date-options":[]},"acf":[],"_links":{"self":[{"href":"https:\/\/us.edu.pl\/szkola-doktorska\/wp-json\/wp\/v2\/pages\/8065"}],"collection":[{"href":"https:\/\/us.edu.pl\/szkola-doktorska\/wp-json\/wp\/v2\/pages"}],"about":[{"href":"https:\/\/us.edu.pl\/szkola-doktorska\/wp-json\/wp\/v2\/types\/page"}],"author":[{"embeddable":true,"href":"https:\/\/us.edu.pl\/szkola-doktorska\/wp-json\/wp\/v2\/users\/205"}],"replies":[{"embeddable":true,"href":"https:\/\/us.edu.pl\/szkola-doktorska\/wp-json\/wp\/v2\/comments?post=8065"}],"version-history":[{"count":3,"href":"https:\/\/us.edu.pl\/szkola-doktorska\/wp-json\/wp\/v2\/pages\/8065\/revisions"}],"predecessor-version":[{"id":8356,"href":"https:\/\/us.edu.pl\/szkola-doktorska\/wp-json\/wp\/v2\/pages\/8065\/revisions\/8356"}],"up":[{"embeddable":true,"href":"https:\/\/us.edu.pl\/szkola-doktorska\/wp-json\/wp\/v2\/pages\/7779"}],"wp:attachment":[{"href":"https:\/\/us.edu.pl\/szkola-doktorska\/wp-json\/wp\/v2\/media?parent=8065"}],"curies":[{"name":"wp","href":"https:\/\/api.w.org\/{rel}","templated":true}]}}