{"id":8071,"date":"2023-03-10T12:12:41","date_gmt":"2023-03-10T11:12:41","guid":{"rendered":"https:\/\/us.edu.pl\/szkola-doktorska\/?page_id=8071"},"modified":"2023-04-24T18:13:37","modified_gmt":"2023-04-24T16:13:37","slug":"ciecze-przechlodzone-i-szkla","status":"publish","type":"page","link":"https:\/\/us.edu.pl\/szkola-doktorska\/seminaria-obszarowe-w-roku-akademickim-2024-2025\/ciecze-przechlodzone-i-szkla\/","title":{"rendered":"Ciecze przech\u0142odzone i szk\u0142a"},"content":{"rendered":"<p>[vc_row][vc_column]\r\n                <div class=\"text-modules \">\r\n                    <div class=\"container\">\r\n                        <h3 class=\"section-title section-title_border-bottom\">Ciecze przech\u0142odzone i szk\u0142a<\/h3> \r\n                        <div class=\"row m-0\">\r\n                            <div class=\"text-modules__content\">\r\n                                Wydzia\u0142 Nauk \u015acis\u0142ych i Technicznych, SM CEBI, ul. 75. Pu\u0142ku Piechoty 1A, Chorz\u00f3w, sala P\/1\/13<\/p>\n<p>12 czerwca 2023 r., godz. 14:00<\/p>\n<p>mgr Karol Liszka: \u201cW\u0142asno\u015bci termodynamiczne i dynamiczne anizotropowych modeli elipsoidalnych badane metoda\u0328 symulacji dynamiki molekularnej\u201d<\/p>\n<p>19 czerwca 2023 r., godz. 14:00<\/p>\n<p>mgr Daniel Kramarczyk: \u201cRola mechanizm\u00f3w odpowiedzialnych za stabilizacj\u0119 amorficznych farmaceutyk\u00f3w po zastosowaniu krzemionkowych materia\u0142\u00f3w nanoporowatych\u201d*<\/p>\n<p>26 czerwca 2023 r.,\u00a0 godz. 14:00<\/p>\n<p>mgr Filip Ka\u015bkosz: \u201eIdea skalowania g\u0119sto\u015bciowego dla prostych uk\u0142ad\u00f3w quasi-rzeczywistych na\u015bladuj\u0105cych proste ciecze van der Waalsa\u201d<\/p>\n<p>*temat wyst\u0105pienia mo\u017ce ulec zmianie<\/p>\n<p>Opiekun seminarium: dr hab. in\u017c. Andrzej Grzybowski, prof. U\u015a \r\n                                <div class=\"mt-3\"><\/div>\r\n                            <\/div>\r\n                            \r\n                            <div class=\"text-modules__img\"><img src=\"https:\/\/us.edu.pl\/szkola-doktorska\/wp-content\/uploads\/sites\/50\/Bez-kategorii\/1200x1200_SD_16_ciecze_przechlodzone_i_szkla.png\" alt=\"img\"><\/div>\r\n                        <\/div>\r\n                    <\/div>\r\n                <\/div>[\/vc_column][\/vc_row][vc_row][vc_column]\r\n                <div class=\"text-modules\">\r\n                    <div class=\"container\">\r\n                        \r\n                        <div class=\"text-modules__content\"><p>Seminarium odbywa si\u0119 w ramach cyklu seminari\u00f3w obszarowych doktorant\u00f3w Szko\u0142y Doktorskiej w roku akademickim 2022\/2023. Do uczestnictwa w seminariach zapraszamy ca\u0142\u0105 spo\u0142eczno\u015b\u0107 akademick\u0105.<br \/>\nWi\u0119cej: <a href=\"https:\/\/us.edu.pl\/szkola-doktorska\/seminaria-obszarowe\/\">https:\/\/us.edu.pl\/szkola-doktorska\/seminaria-obszarowe\/<\/a><\/p>\n<\/div>\r\n                    <\/div>\r\n                <\/div>[\/vc_column][\/vc_row]<\/p>","protected":false},"excerpt":{"rendered":"<p>[vc_row][vc_column][\/vc_column][\/vc_row][vc_row][vc_column][\/vc_column][\/vc_row] [&#8230;]<\/p>\n<p><a class=\"btn btn-secondary understrap-read-more-link\" href=\"https:\/\/us.edu.pl\/szkola-doktorska\/seminaria-obszarowe-w-roku-akademickim-2024-2025\/ciecze-przechlodzone-i-szkla\/\">Read More&#8230;<\/a><\/p>\n","protected":false},"author":205,"featured_media":0,"parent":7779,"menu_order":0,"comment_status":"closed","ping_status":"closed","template":"","meta":{"_expiration-date-status":"","_expiration-date":0,"_expiration-date-type":"","_expiration-date-categories":[],"_expiration-date-options":[]},"acf":[],"_links":{"self":[{"href":"https:\/\/us.edu.pl\/szkola-doktorska\/wp-json\/wp\/v2\/pages\/8071"}],"collection":[{"href":"https:\/\/us.edu.pl\/szkola-doktorska\/wp-json\/wp\/v2\/pages"}],"about":[{"href":"https:\/\/us.edu.pl\/szkola-doktorska\/wp-json\/wp\/v2\/types\/page"}],"author":[{"embeddable":true,"href":"https:\/\/us.edu.pl\/szkola-doktorska\/wp-json\/wp\/v2\/users\/205"}],"replies":[{"embeddable":true,"href":"https:\/\/us.edu.pl\/szkola-doktorska\/wp-json\/wp\/v2\/comments?post=8071"}],"version-history":[{"count":3,"href":"https:\/\/us.edu.pl\/szkola-doktorska\/wp-json\/wp\/v2\/pages\/8071\/revisions"}],"predecessor-version":[{"id":8372,"href":"https:\/\/us.edu.pl\/szkola-doktorska\/wp-json\/wp\/v2\/pages\/8071\/revisions\/8372"}],"up":[{"embeddable":true,"href":"https:\/\/us.edu.pl\/szkola-doktorska\/wp-json\/wp\/v2\/pages\/7779"}],"wp:attachment":[{"href":"https:\/\/us.edu.pl\/szkola-doktorska\/wp-json\/wp\/v2\/media?parent=8071"}],"curies":[{"name":"wp","href":"https:\/\/api.w.org\/{rel}","templated":true}]}}