{"id":81,"date":"2019-10-04T14:26:33","date_gmt":"2019-10-04T12:26:33","guid":{"rendered":"https:\/\/us.edu.pl\/sd\/?page_id=81"},"modified":"2025-12-03T09:43:21","modified_gmt":"2025-12-03T08:43:21","slug":"biuro-szkoly-doktorskiej","status":"publish","type":"page","link":"https:\/\/us.edu.pl\/szkola-doktorska\/biuro-szkoly-doktorskiej\/","title":{"rendered":"Biuro Szko\u0142y Doktorskiej"},"content":{"rendered":"<p>[vc_row el_class=&#8221;container&#8221;][vc_column el_class=&#8221;container&#8221;][vc_column_text]<strong style=\"font-size: 18.6667px;\">Godziny przyjmowania w Szkole Doktorskiej<\/strong><\/p>\n<hr \/>\n<p><span style=\"font-size: 12pt;\">Poniedzia\u0142ek 9:30 \u2013 12:30, 13:30-15:00<\/span><\/p>\n<p><span style=\"font-size: 12pt;\">Wtorek \u2013 zamkni\u0119te<\/span><\/p>\n<p><span style=\"font-size: 12pt;\">\u015aroda 9:30 \u2013 12:30, 13:30-15:00<\/span><\/p>\n<p><span style=\"font-size: 12pt;\">Czwartek 9:30 \u2013 12:30, 13:30-15:00<\/span><\/p>\n<p><span style=\"font-size: 12pt;\">Pi\u0105tek 9:00 \u2013 12:00<\/span><\/p>\n<p>&nbsp;<\/p>\n<p><strong style=\"font-size: 18.6667px;\">Kierownik biura Szko\u0142y Doktorskiej<\/strong><\/p>\n<hr \/>\n<p><span style=\"font-size: 12pt;\"><strong>dr Ryszard Knapek<\/strong><\/span><\/p>\n<p><span style=\"font-size: 12pt;\"><a href=\"mailto:ryszard.knapek@us.edu.pl\"><img class=\"alignnone size-medium wp-image-23502\" src=\"https:\/\/us.edu.pl\/szkola-doktorska\/wp-content\/uploads\/sites\/50\/Bez-kategorii\/Ryszard-Kanpek-3468-002-300x200.jpg\" alt=\"\" width=\"300\" height=\"200\" srcset=\"https:\/\/us.edu.pl\/szkola-doktorska\/wp-content\/uploads\/sites\/50\/Bez-kategorii\/Ryszard-Kanpek-3468-002-300x200.jpg 300w, https:\/\/us.edu.pl\/szkola-doktorska\/wp-content\/uploads\/sites\/50\/Bez-kategorii\/Ryszard-Kanpek-3468-002-1024x683.jpg 1024w, https:\/\/us.edu.pl\/szkola-doktorska\/wp-content\/uploads\/sites\/50\/Bez-kategorii\/Ryszard-Kanpek-3468-002-768x512.jpg 768w, https:\/\/us.edu.pl\/szkola-doktorska\/wp-content\/uploads\/sites\/50\/Bez-kategorii\/Ryszard-Kanpek-3468-002-1536x1024.jpg 1536w, https:\/\/us.edu.pl\/szkola-doktorska\/wp-content\/uploads\/sites\/50\/Bez-kategorii\/Ryszard-Kanpek-3468-002-2048x1365.jpg 2048w, https:\/\/us.edu.pl\/szkola-doktorska\/wp-content\/uploads\/sites\/50\/Bez-kategorii\/Ryszard-Kanpek-3468-002-575x383.jpg 575w\" sizes=\"(max-width: 300px) 100vw, 300px\" \/><\/a><\/span><\/p>\n<p><span style=\"font-size: 12pt;\"><a href=\"mailto:ryszard.knapek@us.edu.pl\">ryszard.knapek@us.edu.pl<\/a><\/span><\/p>\n<p><span style=\"font-size: 12pt;\">ul. Bankowa 14, pok. 406A<\/span><\/p>\n<p><span style=\"font-size: 12pt;\">tel. 32 359 2473<\/span><\/p>\n<div class=\"photo\">\n<div class=\"photo-wrapper\"><span style=\"font-size: 12pt;\">Zakres spraw: planowanie dydaktyki, rekrutacja, organizacja konkurs\u00f3w (na \u015brodki, zwi\u0119kszenie stypendium), Transform4Europe, STER<\/span><\/div>\n<\/div>\n<p>&nbsp;<\/p>\n<p><strong><span style=\"font-size: 14pt;\">Zesp\u00f3\u0142<\/span><\/strong><\/p>\n<hr \/>\n<p><strong><span style=\"font-size: 12pt;\">mgr Katarzyna Go\u0142aszewska<\/span><\/strong><\/p>\n<p><span style=\"font-size: 12pt;\">zast\u0119pca kierownika biura SD<\/span><\/p>\n<p><span style=\"font-size: 12pt;\"><a href=\"mailto:katarzyna.golaszewska@us.edu.pl\"><img class=\"alignnone size-medium wp-image-23487\" src=\"https:\/\/us.edu.pl\/szkola-doktorska\/wp-content\/uploads\/sites\/50\/Bez-kategorii\/Katarzyna-Golaszewska-3520-002-300x200.jpg\" alt=\"\" width=\"300\" height=\"200\" srcset=\"https:\/\/us.edu.pl\/szkola-doktorska\/wp-content\/uploads\/sites\/50\/Bez-kategorii\/Katarzyna-Golaszewska-3520-002-300x200.jpg 300w, https:\/\/us.edu.pl\/szkola-doktorska\/wp-content\/uploads\/sites\/50\/Bez-kategorii\/Katarzyna-Golaszewska-3520-002-1024x683.jpg 1024w, https:\/\/us.edu.pl\/szkola-doktorska\/wp-content\/uploads\/sites\/50\/Bez-kategorii\/Katarzyna-Golaszewska-3520-002-768x512.jpg 768w, https:\/\/us.edu.pl\/szkola-doktorska\/wp-content\/uploads\/sites\/50\/Bez-kategorii\/Katarzyna-Golaszewska-3520-002-1536x1024.jpg 1536w, https:\/\/us.edu.pl\/szkola-doktorska\/wp-content\/uploads\/sites\/50\/Bez-kategorii\/Katarzyna-Golaszewska-3520-002-2048x1365.jpg 2048w, https:\/\/us.edu.pl\/szkola-doktorska\/wp-content\/uploads\/sites\/50\/Bez-kategorii\/Katarzyna-Golaszewska-3520-002-575x383.jpg 575w\" sizes=\"(max-width: 300px) 100vw, 300px\" \/><\/a><\/span><\/p>\n<p><span style=\"font-size: 12pt;\"><a href=\"mailto:katarzyna.golaszewska@us.edu.pl\">katarzyna.golaszewska@us.edu.pl<\/a><\/span><\/p>\n<p><span style=\"font-size: 12pt;\">ul. Bankowa 14, pok. 406B<\/span><\/p>\n<p><span style=\"font-size: 12pt;\">tel. 32 359 2471<\/span><\/p>\n<p><span style=\"font-size: 12pt;\">Zakres spraw: obs\u0142uga doktorant\u00f3w w zakresie spraw osobowych, ubezpieczeniowych i stypendialnych, urlopy i zawieszenia kszta\u0142cenia, sprawozdawczo\u015b\u0107<\/span><\/p>\n<p>&nbsp;<\/p>\n<p><span style=\"font-size: 12pt;\"><strong>mgr Diana Pasek<\/strong><\/span><\/p>\n<p><span style=\"font-size: 12pt;\"><a href=\"mailto:diana.pasek@us.edu.pl\"><img class=\"alignnone size-medium wp-image-23510\" src=\"https:\/\/us.edu.pl\/szkola-doktorska\/wp-content\/uploads\/sites\/50\/Bez-kategorii\/szkola_doktorska_26-05-2025_r_kazmierczak_3385-300x300.jpg\" alt=\"\" width=\"300\" height=\"300\" srcset=\"https:\/\/us.edu.pl\/szkola-doktorska\/wp-content\/uploads\/sites\/50\/Bez-kategorii\/szkola_doktorska_26-05-2025_r_kazmierczak_3385-300x300.jpg 300w, https:\/\/us.edu.pl\/szkola-doktorska\/wp-content\/uploads\/sites\/50\/Bez-kategorii\/szkola_doktorska_26-05-2025_r_kazmierczak_3385-1024x1024.jpg 1024w, https:\/\/us.edu.pl\/szkola-doktorska\/wp-content\/uploads\/sites\/50\/Bez-kategorii\/szkola_doktorska_26-05-2025_r_kazmierczak_3385-150x150.jpg 150w, https:\/\/us.edu.pl\/szkola-doktorska\/wp-content\/uploads\/sites\/50\/Bez-kategorii\/szkola_doktorska_26-05-2025_r_kazmierczak_3385-768x768.jpg 768w, https:\/\/us.edu.pl\/szkola-doktorska\/wp-content\/uploads\/sites\/50\/Bez-kategorii\/szkola_doktorska_26-05-2025_r_kazmierczak_3385-1536x1536.jpg 1536w, https:\/\/us.edu.pl\/szkola-doktorska\/wp-content\/uploads\/sites\/50\/Bez-kategorii\/szkola_doktorska_26-05-2025_r_kazmierczak_3385-2048x2048.jpg 2048w, https:\/\/us.edu.pl\/szkola-doktorska\/wp-content\/uploads\/sites\/50\/Bez-kategorii\/szkola_doktorska_26-05-2025_r_kazmierczak_3385-575x575.jpg 575w\" sizes=\"(max-width: 300px) 100vw, 300px\" \/><\/a><\/span><\/p>\n<p><span style=\"font-size: 12pt;\"><a href=\"mailto:diana.pasek@us.edu.pl\">diana.pasek@us.edu.pl<\/a><\/span><\/p>\n<p><span style=\"font-size: 12pt;\">ul. Bankowa 14, pok. 406<\/span><\/p>\n<p><span style=\"font-size: 12pt;\">tel. 32 359 2472<\/span><\/p>\n<p><span style=\"font-size: 12pt;\">Zakres spraw: doktoranci mi\u0119dzynarodowi, wyjazdy zagraniczne, konferencje zagraniczne, doktoraty cotutelle, strona internetowa, PROM, T4E, promocja SD<\/span><\/p>\n<p>&nbsp;<\/p>\n<p><span style=\"font-size: 12pt;\"><strong>mgr Agnieszka Filipowska<\/strong><\/span><\/p>\n<p><span style=\"font-size: 12pt;\"><a href=\"mailto:agnieszka.filipowska@us.edu.pl\"><img class=\"alignnone size-medium wp-image-23499\" src=\"https:\/\/us.edu.pl\/szkola-doktorska\/wp-content\/uploads\/sites\/50\/Bez-kategorii\/Agnieszka-Filipowska_3357-002-300x300.jpg\" alt=\"\" width=\"300\" height=\"300\" srcset=\"https:\/\/us.edu.pl\/szkola-doktorska\/wp-content\/uploads\/sites\/50\/Bez-kategorii\/Agnieszka-Filipowska_3357-002-300x300.jpg 300w, https:\/\/us.edu.pl\/szkola-doktorska\/wp-content\/uploads\/sites\/50\/Bez-kategorii\/Agnieszka-Filipowska_3357-002-1024x1024.jpg 1024w, https:\/\/us.edu.pl\/szkola-doktorska\/wp-content\/uploads\/sites\/50\/Bez-kategorii\/Agnieszka-Filipowska_3357-002-150x150.jpg 150w, https:\/\/us.edu.pl\/szkola-doktorska\/wp-content\/uploads\/sites\/50\/Bez-kategorii\/Agnieszka-Filipowska_3357-002-768x768.jpg 768w, https:\/\/us.edu.pl\/szkola-doktorska\/wp-content\/uploads\/sites\/50\/Bez-kategorii\/Agnieszka-Filipowska_3357-002-1536x1536.jpg 1536w, https:\/\/us.edu.pl\/szkola-doktorska\/wp-content\/uploads\/sites\/50\/Bez-kategorii\/Agnieszka-Filipowska_3357-002-2048x2048.jpg 2048w, https:\/\/us.edu.pl\/szkola-doktorska\/wp-content\/uploads\/sites\/50\/Bez-kategorii\/Agnieszka-Filipowska_3357-002-575x575.jpg 575w\" sizes=\"(max-width: 300px) 100vw, 300px\" \/><\/a><\/span><\/p>\n<p><span style=\"font-size: 12pt;\"><a href=\"mailto:agnieszka.filipowska@us.edu.pl\">agnieszka.filipowska@us.edu.pl<\/a><\/span><\/p>\n<p><span style=\"font-size: 12pt;\">ul. Bankowa 14, pok. 408<\/span><\/p>\n<p><span style=\"font-size: 12pt;\">tel. 32 359 2451<\/span><\/p>\n<p><span style=\"font-size: 12pt;\">Zakres spraw: zakupy, wyjazdy i konferencje krajowe, zaj\u0119cia dydaktyczne, USOS, praktyki dydaktyczne<\/span><\/p>\n<p>&nbsp;<\/p>\n<p><strong><span style=\"font-size: 12pt;\">mgr Agnieszka Szewczyk<\/span><\/strong><\/p>\n<p><span style=\"font-size: 12pt;\"><a href=\"mailto:agnieszka.a.szewczyk@us.edu.pl\"><img class=\"alignnone size-medium wp-image-23490\" src=\"https:\/\/us.edu.pl\/szkola-doktorska\/wp-content\/uploads\/sites\/50\/Bez-kategorii\/Agnieszka-Szewczyk_3325-002-300x300.jpg\" alt=\"\" width=\"300\" height=\"300\" srcset=\"https:\/\/us.edu.pl\/szkola-doktorska\/wp-content\/uploads\/sites\/50\/Bez-kategorii\/Agnieszka-Szewczyk_3325-002-300x300.jpg 300w, https:\/\/us.edu.pl\/szkola-doktorska\/wp-content\/uploads\/sites\/50\/Bez-kategorii\/Agnieszka-Szewczyk_3325-002-1024x1024.jpg 1024w, https:\/\/us.edu.pl\/szkola-doktorska\/wp-content\/uploads\/sites\/50\/Bez-kategorii\/Agnieszka-Szewczyk_3325-002-150x150.jpg 150w, https:\/\/us.edu.pl\/szkola-doktorska\/wp-content\/uploads\/sites\/50\/Bez-kategorii\/Agnieszka-Szewczyk_3325-002-768x768.jpg 768w, https:\/\/us.edu.pl\/szkola-doktorska\/wp-content\/uploads\/sites\/50\/Bez-kategorii\/Agnieszka-Szewczyk_3325-002-1536x1536.jpg 1536w, https:\/\/us.edu.pl\/szkola-doktorska\/wp-content\/uploads\/sites\/50\/Bez-kategorii\/Agnieszka-Szewczyk_3325-002-2048x2048.jpg 2048w, https:\/\/us.edu.pl\/szkola-doktorska\/wp-content\/uploads\/sites\/50\/Bez-kategorii\/Agnieszka-Szewczyk_3325-002-575x575.jpg 575w\" sizes=\"(max-width: 300px) 100vw, 300px\" \/><\/a><\/span><\/p>\n<p><span style=\"font-size: 12pt;\"><a href=\"mailto:agnieszka.a.szewczyk@us.edu.pl\">agnieszka.a.szewczyk@us.edu.pl<\/a><\/span><\/p>\n<p><span style=\"font-size: 12pt;\">ul. Bankowa 14, pok. 408<\/span><\/p>\n<p><span style=\"font-size: 12pt;\">tel. 32 359 2386<\/span><\/p>\n<p><span style=\"font-size: 12pt;\">Zakres spraw: ewaluacja, promotorzy, tutorzy, praktyki dydaktyczne<\/span><\/p>\n<p>&nbsp;<\/p>\n<p><span style=\"font-size: 12pt;\"><strong>lic. Beata Lenard<\/strong><\/span><\/p>\n<p><a href=\"mailto:beata.lenard@us.edu.pl\"><img class=\"alignnone size-medium wp-image-23495\" src=\"https:\/\/us.edu.pl\/szkola-doktorska\/wp-content\/uploads\/sites\/50\/Bez-kategorii\/Beata-Lenard_3239-002-300x300.jpg\" alt=\"\" width=\"300\" height=\"300\" srcset=\"https:\/\/us.edu.pl\/szkola-doktorska\/wp-content\/uploads\/sites\/50\/Bez-kategorii\/Beata-Lenard_3239-002-300x300.jpg 300w, https:\/\/us.edu.pl\/szkola-doktorska\/wp-content\/uploads\/sites\/50\/Bez-kategorii\/Beata-Lenard_3239-002-1024x1024.jpg 1024w, https:\/\/us.edu.pl\/szkola-doktorska\/wp-content\/uploads\/sites\/50\/Bez-kategorii\/Beata-Lenard_3239-002-150x150.jpg 150w, https:\/\/us.edu.pl\/szkola-doktorska\/wp-content\/uploads\/sites\/50\/Bez-kategorii\/Beata-Lenard_3239-002-768x768.jpg 768w, https:\/\/us.edu.pl\/szkola-doktorska\/wp-content\/uploads\/sites\/50\/Bez-kategorii\/Beata-Lenard_3239-002-1536x1536.jpg 1536w, https:\/\/us.edu.pl\/szkola-doktorska\/wp-content\/uploads\/sites\/50\/Bez-kategorii\/Beata-Lenard_3239-002-2048x2048.jpg 2048w, https:\/\/us.edu.pl\/szkola-doktorska\/wp-content\/uploads\/sites\/50\/Bez-kategorii\/Beata-Lenard_3239-002-575x575.jpg 575w\" sizes=\"(max-width: 300px) 100vw, 300px\" \/><\/a><\/p>\n<p><a href=\"mailto:beata.lenard@us.edu.pl\">beata.lenard@us.edu.pl<\/a><\/p>\n<p><span style=\"font-size: 12pt;\">ul. Bankowa 14, pok. 409<\/span><\/p>\n<p><span style=\"font-size: 12pt;\">tel. 32 359 2496<\/span><\/p>\n<p>Zakres spraw: obs\u0142uga doktorant\u00f3w wdro\u017ceniowych i grantowych<\/p>\n<p>&nbsp;<\/p>\n<p><span style=\"font-size: 12pt;\"><strong>mgr Magdalena Winiarska<\/strong><\/span><\/p>\n<p><a href=\"mailto:magdalena.winiarska@us.edu.pl\"><img class=\"alignnone size-medium wp-image-23500\" src=\"https:\/\/us.edu.pl\/szkola-doktorska\/wp-content\/uploads\/sites\/50\/Bez-kategorii\/Magdalena-Winiarska-2521-002-200x300.jpg\" alt=\"\" width=\"200\" height=\"300\" srcset=\"https:\/\/us.edu.pl\/szkola-doktorska\/wp-content\/uploads\/sites\/50\/Bez-kategorii\/Magdalena-Winiarska-2521-002-200x300.jpg 200w, https:\/\/us.edu.pl\/szkola-doktorska\/wp-content\/uploads\/sites\/50\/Bez-kategorii\/Magdalena-Winiarska-2521-002-683x1024.jpg 683w, https:\/\/us.edu.pl\/szkola-doktorska\/wp-content\/uploads\/sites\/50\/Bez-kategorii\/Magdalena-Winiarska-2521-002-768x1152.jpg 768w, https:\/\/us.edu.pl\/szkola-doktorska\/wp-content\/uploads\/sites\/50\/Bez-kategorii\/Magdalena-Winiarska-2521-002-1024x1536.jpg 1024w, https:\/\/us.edu.pl\/szkola-doktorska\/wp-content\/uploads\/sites\/50\/Bez-kategorii\/Magdalena-Winiarska-2521-002-1365x2048.jpg 1365w, https:\/\/us.edu.pl\/szkola-doktorska\/wp-content\/uploads\/sites\/50\/Bez-kategorii\/Magdalena-Winiarska-2521-002-383x575.jpg 383w, https:\/\/us.edu.pl\/szkola-doktorska\/wp-content\/uploads\/sites\/50\/Bez-kategorii\/Magdalena-Winiarska-2521-002-scaled.jpg 1706w\" sizes=\"(max-width: 200px) 100vw, 200px\" \/><\/a><\/p>\n<p><a href=\"mailto:magdalena.winiarska@us.edu.pl\">magdalena.winiarska@us.edu.pl<\/a><\/p>\n<p><span style=\"font-size: 12pt;\">ul. Bankowa 14, pok. 409<\/span><\/p>\n<p><span style=\"font-size: 12pt;\">tel. 32 359 2357<\/span><\/p>\n<p>Zakres spraw:\u00a0 za\u015bwiadczenia o statusie doktoranta, wydatki w ramach bud\u017cetu projektu \u201ejU\u015at transition \u2013 Potencja\u0142 Uniwersytetu \u015al\u0105skiego podstaw\u0105 Sprawiedliwej Transformacji regionu\u201d, zakupy krajowe i zagraniczne na potrzeby dzia\u0142alno\u015bci badawczej doktorant\u00f3w, mobilno\u015b\u0107 krajowa i zagraniczna doktorant\u00f3w, konferencje\u00a0 naukowe<\/p>\n<p>&nbsp;<\/p>\n<p><span style=\"font-size: 12pt;\"><strong>Marta Dyma\u0144ska<\/strong><\/span><\/p>\n<p><a href=\"mailto:marta.dymanska@us.edu.pl\"><img class=\"alignnone size-medium wp-image-23494\" src=\"https:\/\/us.edu.pl\/szkola-doktorska\/wp-content\/uploads\/sites\/50\/Bez-kategorii\/Marta-Dymanska-3295-002-300x300.jpg\" alt=\"\" width=\"300\" height=\"300\" srcset=\"https:\/\/us.edu.pl\/szkola-doktorska\/wp-content\/uploads\/sites\/50\/Bez-kategorii\/Marta-Dymanska-3295-002-300x300.jpg 300w, https:\/\/us.edu.pl\/szkola-doktorska\/wp-content\/uploads\/sites\/50\/Bez-kategorii\/Marta-Dymanska-3295-002-1024x1024.jpg 1024w, https:\/\/us.edu.pl\/szkola-doktorska\/wp-content\/uploads\/sites\/50\/Bez-kategorii\/Marta-Dymanska-3295-002-150x150.jpg 150w, https:\/\/us.edu.pl\/szkola-doktorska\/wp-content\/uploads\/sites\/50\/Bez-kategorii\/Marta-Dymanska-3295-002-768x768.jpg 768w, https:\/\/us.edu.pl\/szkola-doktorska\/wp-content\/uploads\/sites\/50\/Bez-kategorii\/Marta-Dymanska-3295-002-1536x1536.jpg 1536w, https:\/\/us.edu.pl\/szkola-doktorska\/wp-content\/uploads\/sites\/50\/Bez-kategorii\/Marta-Dymanska-3295-002-2048x2048.jpg 2048w, https:\/\/us.edu.pl\/szkola-doktorska\/wp-content\/uploads\/sites\/50\/Bez-kategorii\/Marta-Dymanska-3295-002-575x575.jpg 575w\" sizes=\"(max-width: 300px) 100vw, 300px\" \/><\/a><\/p>\n<p><a href=\"mailto:marta.dymanska@us.edu.pl\">marta.dymanska@us.edu.pl<\/a><\/p>\n<p><span style=\"font-size: 12pt;\">ul. Bankowa 14, pok. 409<\/span><\/p>\n<p><span style=\"font-size: 12pt;\">tel. 32 359 2356<\/span><\/p>\n<p>Zakres spraw: legitymacje i hologramy, badania lekarskie, wydatki w ramach bud\u017cetu projektu \u201ejU\u015at transition \u2013 Potencja\u0142 Uniwersytetu \u015al\u0105skiego podstaw\u0105 Sprawiedliwej Transformacji regionu\u201d, mobilno\u015b\u0107 krajowa i zagraniczna doktorant\u00f3w, konferencje\u00a0 naukowe, zako\u0144czenie kszta\u0142cenia<\/p>\n<p>&nbsp;<\/p>\n<p><span style=\"font-size: 14pt;\"><strong>Adres biura (korespondencja)<\/strong><\/span><\/p>\n<hr \/>\n<p><span style=\"font-size: 12pt;\">Szko\u0142a Doktorska w Uniwersytecie \u015al\u0105skim w Katowicach<\/span><\/p>\n<p><span style=\"font-size: 12pt;\">ul. Bankowa 14<\/span><\/p>\n<p><span style=\"font-size: 12pt;\">40-007 Katowice<\/span><\/p>\n<p><span style=\"font-size: 12pt; font-family: Verdana, sans-serif;\"><a href=\"mailto:phd_admission@us.edu.pl\">phd_admission@us.edu.pl<\/a> &#8211; pytania od kandydat\u00f3w na doktorant\u00f3w z zagranicy<\/span><\/p>\n<p><span style=\"font-size: 12pt; font-family: Verdana, sans-serif;\"><a href=\"mailto:szkola.doktorska@us.edu.pl\">szkola.doktorska@us.edu.pl<\/a> &#8211; sprawy og\u00f3lne<\/span>[\/vc_column_text][\/vc_column][\/vc_row]<\/p>","protected":false},"excerpt":{"rendered":"<p>[vc_row el_class=&#8221;container&#8221;][vc_column el_class=&#8221;container&#8221;][vc_column_text]Godziny przyjmowania w Szkole Doktorskiej Poniedzia\u0142ek 9:30 \u2013 12:30, 13:30-15:00 Wtorek \u2013 zamkni\u0119te \u015aroda 9:30 \u2013 12:30, 13:30-15:00 Czwartek 9:30 \u2013 12:30, 13:30-15:00 Pi\u0105tek 9:00 \u2013 12:00 &nbsp; Kierownik biura Szko\u0142y Doktorskiej dr Ryszard Knapek ryszard.knapek@us.edu.pl ul. Bankowa 14, pok. 406A tel. 32 359 2473 Zakres spraw: planowanie dydaktyki, rekrutacja, organizacja konkurs\u00f3w (na [&#8230;]<\/p>\n<p><a class=\"btn btn-secondary understrap-read-more-link\" href=\"https:\/\/us.edu.pl\/szkola-doktorska\/biuro-szkoly-doktorskiej\/\">Read More&#8230;<\/a><\/p>\n","protected":false},"author":29,"featured_media":0,"parent":0,"menu_order":0,"comment_status":"closed","ping_status":"closed","template":"","meta":{"_expiration-date-status":"","_expiration-date":0,"_expiration-date-type":"","_expiration-date-categories":[],"_expiration-date-options":[]},"acf":[],"_links":{"self":[{"href":"https:\/\/us.edu.pl\/szkola-doktorska\/wp-json\/wp\/v2\/pages\/81"}],"collection":[{"href":"https:\/\/us.edu.pl\/szkola-doktorska\/wp-json\/wp\/v2\/pages"}],"about":[{"href":"https:\/\/us.edu.pl\/szkola-doktorska\/wp-json\/wp\/v2\/types\/page"}],"author":[{"embeddable":true,"href":"https:\/\/us.edu.pl\/szkola-doktorska\/wp-json\/wp\/v2\/users\/29"}],"replies":[{"embeddable":true,"href":"https:\/\/us.edu.pl\/szkola-doktorska\/wp-json\/wp\/v2\/comments?post=81"}],"version-history":[{"count":10,"href":"https:\/\/us.edu.pl\/szkola-doktorska\/wp-json\/wp\/v2\/pages\/81\/revisions"}],"predecessor-version":[{"id":24030,"href":"https:\/\/us.edu.pl\/szkola-doktorska\/wp-json\/wp\/v2\/pages\/81\/revisions\/24030"}],"wp:attachment":[{"href":"https:\/\/us.edu.pl\/szkola-doktorska\/wp-json\/wp\/v2\/media?parent=81"}],"curies":[{"name":"wp","href":"https:\/\/api.w.org\/{rel}","templated":true}]}}