{"id":812,"date":"2020-02-05T15:14:54","date_gmt":"2020-02-05T14:14:54","guid":{"rendered":"http:\/\/us.edu.pl\/szkola-doktorska\/?page_id=812"},"modified":"2021-03-03T12:16:10","modified_gmt":"2021-03-03T11:16:10","slug":"rekrutacja-na-rok-akademicki-2021-2022-2","status":"publish","type":"page","link":"https:\/\/us.edu.pl\/szkola-doktorska\/rekrutacja-na-rok-akademicki-2021-2022-2\/","title":{"rendered":"Rekrutacja na rok akademicki 2021\/2022"},"content":{"rendered":"<p>[vc_row][vc_column]\r\n                <div class=\"text-modules\">\r\n                    <div class=\"container\">\r\n                        \r\n                        <div class=\"text-modules__content\"><p>Nab\u00f3r do Szko\u0142y Doktorskiej na rok akademicki 2020\/2021 odbywa si\u0119 w formie otwartego, mi\u0119dzynarodowego konkursu. Konkurs przeprowadzany jest z podzia\u0142em na trzy obszary, kt\u00f3re odpowiadaj\u0105 obszarom kszta\u0142cenia w Szkole Doktorskiej:<\/p>\n<ul>\n<li>Obszar nauk humanistycznych, teologicznych i sztuki.<\/li>\n<li>Obszar nauk \u015bcis\u0142ych i przyrodniczych oraz in\u017cynieryjno-technicznych.<\/li>\n<li>Obszar nauk spo\u0142ecznych.<\/li>\n<\/ul>\n<p>Konkurs przeprowadza komisja rekrutacyjna powo\u0142ana przez rektora.<\/p>\n<p>Podstaw\u0105 prawn\u0105 przeprowadzanego post\u0119powania jest <a href=\"http:\/\/bip.us.edu.pl\/uchwala-nr-4932020\">Uchwa\u0142a nr 493\/2020 Senatu Uniwersytetu \u015al\u0105skiego w Katowicach z dnia 28 stycznia 2020 r. w sprawie zasad i trybu rekrutacji do Szko\u0142y Doktorskiej w Uniwersytecie \u015al\u0105skim w Katowicach na rok akademicki 2020\/2021 (z p\u00f3\u017aniejszymi zmianami)<\/a>. Poni\u017csze informacje s\u0105 wyborem najwa\u017cniejszych warunk\u00f3w rekrutacji i informacjami dotycz\u0105cymi decyzji wykonawczych ww. uchwa\u0142y.<\/p>\n<\/div>\r\n                    <\/div>\r\n                <\/div>[\/vc_column][\/vc_row]<\/p>","protected":false},"excerpt":{"rendered":"<p>[vc_row][vc_column][\/vc_column][\/vc_row] [&#8230;]<\/p>\n<p><a class=\"btn btn-secondary understrap-read-more-link\" href=\"https:\/\/us.edu.pl\/szkola-doktorska\/rekrutacja-na-rok-akademicki-2021-2022-2\/\">Read More&#8230;<\/a><\/p>\n","protected":false},"author":42,"featured_media":0,"parent":0,"menu_order":0,"comment_status":"closed","ping_status":"closed","template":"page-templates\/page-with-bookmarks.php","meta":{"_expiration-date-status":"saved","_expiration-date":0,"_expiration-date-type":"","_expiration-date-categories":[],"_expiration-date-options":[]},"acf":[],"_links":{"self":[{"href":"https:\/\/us.edu.pl\/szkola-doktorska\/wp-json\/wp\/v2\/pages\/812"}],"collection":[{"href":"https:\/\/us.edu.pl\/szkola-doktorska\/wp-json\/wp\/v2\/pages"}],"about":[{"href":"https:\/\/us.edu.pl\/szkola-doktorska\/wp-json\/wp\/v2\/types\/page"}],"author":[{"embeddable":true,"href":"https:\/\/us.edu.pl\/szkola-doktorska\/wp-json\/wp\/v2\/users\/42"}],"replies":[{"embeddable":true,"href":"https:\/\/us.edu.pl\/szkola-doktorska\/wp-json\/wp\/v2\/comments?post=812"}],"version-history":[{"count":18,"href":"https:\/\/us.edu.pl\/szkola-doktorska\/wp-json\/wp\/v2\/pages\/812\/revisions"}],"predecessor-version":[{"id":4631,"href":"https:\/\/us.edu.pl\/szkola-doktorska\/wp-json\/wp\/v2\/pages\/812\/revisions\/4631"}],"wp:attachment":[{"href":"https:\/\/us.edu.pl\/szkola-doktorska\/wp-json\/wp\/v2\/media?parent=812"}],"curies":[{"name":"wp","href":"https:\/\/api.w.org\/{rel}","templated":true}]}}