{"id":8188,"date":"2023-04-04T01:43:24","date_gmt":"2023-04-03T23:43:24","guid":{"rendered":"https:\/\/us.edu.pl\/szkola-doktorska\/?page_id=8188"},"modified":"2024-12-06T11:46:29","modified_gmt":"2024-12-06T10:46:29","slug":"indywidualny-plan-badawczy-2022-2023","status":"publish","type":"page","link":"https:\/\/us.edu.pl\/szkola-doktorska\/indywidualny-plan-badawczy\/indywidualny-plan-badawczy-2022-2023\/","title":{"rendered":"Indywidualny plan badawczy 2022\/2023"},"content":{"rendered":"<p>[vc_row][vc_column]\r\n                <div class=\"text-modules\">\r\n                    <div class=\"container\">\r\n                        <h3 class=\"page-title text__title\">Wz\u00f3r IPB dla doktorant\u00f3w, kt\u00f3rzy rozpocz\u0119li kszta\u0142cenie w roku akademickim 2022\/2023<\/h3>\r\n                        <div class=\"text-modules__content\"><p>Zarz\u0105dzenie Dziekana Szko\u0142y Doktorskiej ustala wz\u00f3r IPB w polskiej i angielskiej wersji j\u0119zykowej, wz\u00f3r aneksu do IPB i sprawozdania z realizacji IPB.<\/p>\n<p>Tre\u015b\u0107 zarz\u0105dzenia:<\/p>\n<ul>\n<li><a href=\"https:\/\/us.edu.pl\/szkola-doktorska\/wp-content\/uploads\/sites\/50\/prawo\/zarzadzenia-dziekana\/2023\/zarzadzenie-nr-5-2023-wzory-IPB-sprawozdan-i-aneksow.pdf\" class=\"mtli_attachment mtli_pdf\" data-mtli=\"mtli_filesize250,32kB\" class=\"mtli_attachment mtli_pdf\" data-mtli=\"mtli_filesize250,32kB\">zarz\u0105dzenie nr 5-2023 &#8211; wzory IPB, sprawozda\u0144 i aneks\u00f3w<\/a><\/li>\n<li><a href=\"https:\/\/us.edu.pl\/szkola-doktorska\/wp-content\/uploads\/sites\/50\/prawo\/zarzadzenia-dziekana\/2023\/zarzadzenie-nr-9-2023-wzory-sprawozdan-z-realizacji-IPB.pdf\" class=\"mtli_attachment mtli_pdf\" data-mtli=\"mtli_filesize257,12kB\" class=\"mtli_attachment mtli_pdf\" data-mtli=\"mtli_filesize257,12kB\">zarz\u0105dzenie<\/a><a href=\"https:\/\/us.edu.pl\/szkola-doktorska\/wp-content\/uploads\/sites\/50\/prawo\/zarzadzenia-dziekana\/2023\/zarzadzenie-nr-9-2023-wzory-sprawozdan-z-realizacji-IPB.pdf\" class=\"mtli_attachment mtli_pdf\" data-mtli=\"mtli_filesize257,12kB\" class=\"mtli_attachment mtli_pdf\" data-mtli=\"mtli_filesize257,12kB\"> nr<\/a><a href=\"https:\/\/us.edu.pl\/szkola-doktorska\/wp-content\/uploads\/sites\/50\/prawo\/zarzadzenia-dziekana\/2023\/zarzadzenie-nr-9-2023-wzory-sprawozdan-z-realizacji-IPB.pdf\" class=\"mtli_attachment mtli_pdf\" data-mtli=\"mtli_filesize257,12kB\" class=\"mtli_attachment mtli_pdf\" data-mtli=\"mtli_filesize257,12kB\"> 9-2023 &#8211; wzory sprawozda\u0144 z realizacji IPB<\/a><\/li>\n<\/ul>\n<p><strong>Indywidualny plan badawczy<\/strong><\/p>\n<p>wersja polska &#8211; <a href=\"https:\/\/us.edu.pl\/szkola-doktorska\/wp-content\/uploads\/sites\/50\/prawo\/zarzadzenia-dziekana\/2023\/zarzadzenie-nr-5-2023-zalacznik-1a-Indywidualny-plan-badawczy-2022-2023.docx\" class=\"mtli_attachment mtli_docx\" class=\"mtli_attachment mtli_docx\">1a &#8211; Indywidualny plan badawczy 2022-2023<\/a><\/p>\n<p>wersja angielska &#8211; <a href=\"https:\/\/us.edu.pl\/szkola-doktorska\/wp-content\/uploads\/sites\/50\/prawo\/zarzadzenia-dziekana\/2023\/zarzadzenie-nr-5-2023-wzory-IPB-sprawozdan-i-aneksow\/zarzadzenie-nr-5-2023-zalacznik-1b-Individual-Research-Plan-2022-2023.docx\" class=\"mtli_attachment mtli_docx\" class=\"mtli_attachment mtli_docx\">1b &#8211; Individual Research Plan 2022-2023<\/a><\/p>\n<p>wersja polska\u00a0 dla programu &#8222;Doktorat wdro\u017ceniowy&#8221; &#8211; <a href=\"https:\/\/us.edu.pl\/szkola-doktorska\/wp-content\/uploads\/sites\/50\/prawo\/zarzadzenia-dziekana\/2023\/zarzadzenie-nr-5-2023-wzory-IPB-sprawozdan-i-aneksow\/zarzadzenie-nr-5-2023-zalacznik-1c-Indywidualny-plan-badawczy-Doktorat-wdrozeniowy-2022-2023.docx\" class=\"mtli_attachment mtli_docx\" class=\"mtli_attachment mtli_docx\">1c &#8211; Indywidualny plan badawczy &#8211; Doktorat wdro\u017ceniowy &#8211; 2022-2023<\/a><\/p>\n<p><strong>Sprawozdanie z IPB<\/strong><\/p>\n<p>wersja polska &#8211; <a href=\"https:\/\/us.edu.pl\/szkola-doktorska\/wp-content\/uploads\/sites\/50\/prawo\/zarzadzenia-dziekana\/2023\/3a-sprawozdanie-z-realizacji-IPB-2022-2023.docx\" class=\"mtli_attachment mtli_docx\" class=\"mtli_attachment mtli_docx\">3a-sprawozdanie-z-realizacji-IPB-2022-2023<\/a><\/p>\n<p>wersja angielska &#8211; <a href=\"https:\/\/us.edu.pl\/szkola-doktorska\/wp-content\/uploads\/sites\/50\/prawo\/zarzadzenia-dziekana\/2023\/3b-Report-on-implementation-of-IRP-2022-2023.docx\" class=\"mtli_attachment mtli_docx\" class=\"mtli_attachment mtli_docx\">3b-Report-on-implementation-of-IRP-2022-2023<\/a><\/p>\n<p>wersja polska dla programu &#8222;Doktorat wdro\u017ceniowy&#8221; &#8211; <a href=\"https:\/\/us.edu.pl\/szkola-doktorska\/wp-content\/uploads\/sites\/50\/prawo\/zarzadzenia-dziekana\/2023\/3c-sprawozdanie-z-realizacji-IPB-2022-2023-Doktorat-wdrozeniowy.docx\" class=\"mtli_attachment mtli_docx\" class=\"mtli_attachment mtli_docx\">3c-sprawozdanie-z-realizacji-IPB-2022-2023-Doktorat-wdro\u017ceniowy<\/a><\/p>\n<p><strong>Aneks do IPB<\/strong><\/p>\n<p>wersja polska &#8211; <a href=\"https:\/\/us.edu.pl\/szkola-doktorska\/wp-content\/uploads\/sites\/50\/prawo\/zarzadzenia-dziekana\/2023\/zarzadzenie-nr-5-2023-wzory-IPB-sprawozdan-i-aneksow\/zarzadzenie-nr-5-2023-zalacznik-3a-Aneks-do-IPB-2022-2023.docx\" class=\"mtli_attachment mtli_docx\" class=\"mtli_attachment mtli_docx\">3a &#8211; Aneks do IPB &#8211; 2022-2023<\/a> (tak\u017ce dla programu &#8222;Doktorat wdro\u017ceniowy&#8221;)<\/p>\n<p>wersja angielska &#8211; <a href=\"https:\/\/us.edu.pl\/szkola-doktorska\/wp-content\/uploads\/sites\/50\/prawo\/zarzadzenia-dziekana\/2023\/zarzadzenie-nr-5-2023-wzory-IPB-sprawozdan-i-aneksow\/zarzadzenie-nr-5-2023-zalacznik-3b-Annex-to-IRP-2022-2023.docx\" class=\"mtli_attachment mtli_docx\" class=\"mtli_attachment mtli_docx\">3b &#8211; Annex to IRP &#8211; 2022-2023<\/a><\/p>\n<style type=\"text\/css\">a[data-mtli~=\"mtli_filesize250,32kB\"]:after {content:\" (250,32 kB)\"}a[data-mtli~=\"mtli_filesize257,12kB\"]:after {content:\" (257,12 kB)\"}<\/style><\/div>\r\n                    <\/div>\r\n                <\/div>\r\n                <div class=\"text-modules\">\r\n                    <div class=\"container\">\r\n                        <h3 class=\"page-title text__title\">Procedura zatwierdzania IPB w roku akademickim 2022\/2023<\/h3>\r\n                        <div class=\"text-modules__content\"><\/p>\n<ol>\n<li>Doktorant przygotowuje IPB we wsp\u00f3\u0142pracy z promotorem.<\/li>\n<li>Najp\u00f3\u017aniej do 30 czerwca doktorant przesy\u0142a przygotowany i uzgodniony z\u202fpromotorem dokument do odpowiedniego koordynatora obszarowego lub w\u0142a\u015bciwego dla doktorant\u00f3w wdro\u017ceniowych (<a href=\"https:\/\/us.edu.pl\/szkola-doktorska\/86-2\/\">https:\/\/us.edu.pl\/szkola-doktorska\/86-2\/<\/a>). IPB nale\u017cy przes\u0142a\u0107 w formie pliku tekstowego otwartego na modyfikacje.<\/li>\n<li>Koordynator albo zg\u0142asza uwagi i przesy\u0142a dokument do poprawy, albo informuje o jego zaakceptowaniu. Poprawiony dokument nale\u017cy ponownie przekaza\u0107 koordynatorowi do akceptacji.<\/li>\n<li>Najp\u00f3\u017aniej 30 wrze\u015bnia doktorant sk\u0142ada w Szkole Doktorskiej IPB podpisany przez doktoranta i promotora (tak\u017ce promotora pomocniczego, a w przypadku doktorat\u00f3w wdro\u017ceniowych, tak\u017ce opiekuna ze strony przedsi\u0119biorstwa).<\/li>\n<li>IPB zostaje zaopiniowany przez koordynatora i zatwierdzony przez dziekana.<\/li>\n<li>Dokument jest przechowywany w biurze SD, doktorantowi zostaje przekazany skan dokumentu.<\/li>\n<li>IPB zostaje przed\u0142o\u017cony komisji ewaluacyjnej, kt\u00f3ra przedstawia doktorantowi rekomendacje zmian w IPB lub wy\u0142\u0105cznie pozytywn\u0105 opini\u0119.<\/li>\n<\/ol>\n<p><u>Uwaga dotycz\u0105ca termin\u00f3w<\/u><\/p>\n<p>Doktoranci, kt\u00f3rzy rozpocz\u0119li kszta\u0142cenie w Szkole Doktorskiej w innym terminie ni\u017c 1 pa\u017adziernika, sk\u0142adaj\u0105 IPB w tym samym terminie co pozostali i podlegaj\u0105 tym samym procedurom, poniewa\u017c dokument ten stanowi podstaw\u0119 do zaliczenia pierwszego roku kszta\u0142cenia i przyst\u0105pienia do pierwszego etapu oceny ewaluacyjnej.<\/p>\n<p>&nbsp;<\/p>\n<p><strong>Sprawozdanie z realizacji IPB<\/strong><\/p>\n<ol>\n<li>Sprawozdanie z realizacji IPB nale\u017cy z\u0142o\u017cy\u0107 do 30 wrze\u015bnia, po ka\u017cdym roku kszta\u0142cenia.<\/li>\n<li>Z\u0142o\u017cenie sprawozdania (konieczne s\u0105 daty przy wszystkich podpisach) nie mo\u017ce nast\u0105pi\u0107 wcze\u015bniej ni\u017c akceptacja IPB przez koordynatora.<\/li>\n<li>Sprawozdanie wymaga podpisu wszystkich promotor\u00f3w. Nie jest ono w\u00a0\u017caden spos\u00f3b zatwierdzane przez Szko\u0142\u0119 Doktorsk\u0105, ale jest przedmiotem oceny komisji ewaluacyjnej.<\/li>\n<\/ol>\n<p>\n<\/div>\r\n                    <\/div>\r\n                <\/div>\r\n                <div class=\"text-modules\">\r\n                    <div class=\"container\">\r\n                        <h3 class=\"page-title text__title\">Wa\u017cne uwagi dotycz\u0105ce wype\u0142nienia IPB<\/h3>\r\n                        <div class=\"text-modules__content\"><p>Przygotowanie planu powinno by\u0107 precyzyjnym i d\u0142ugotrwa\u0142ym procesem. Na jego przygotowanie doktorant ma ca\u0142y rok i przez ten czas mo\u017ce korzysta\u0107 ze wsparcia swojego promotora, prowadz\u0105cych zaj\u0119cia, kt\u00f3re dotycz\u0105 podobnej problematyki na pierwszym roku kszta\u0142cenia (tutoring ekspercki, metodyka bada\u0144 naukowych, przygotowanie i realizacja projektu badawczego, etyka bada\u0144, planowanie kariery naukowej i rozw\u00f3j akademicki), a tak\u017ce biura Szko\u0142y Doktorskiej (np. w zakresie planowania bud\u017cetu).<\/p>\n<p>Przy planowaniu doktorant powinien bra\u0107 pod uwag\u0119 obowi\u0105zania zwi\u0105zane z cyklem kszta\u0142cenia w Szkole Doktorskiej, w tym obowi\u0105zek przygotowania projektu grantowego i uczestnictwa w zagranicznym sta\u017cu lub prezentacji wynik\u00f3w swoich bada\u0144 na zagranicznej konferencji naukowej.<\/p>\n<p>Doktorant przedstawia plan zada\u0144 na ca\u0142y okres realizacji rozprawy doktorskiej. Tak\u017ce <strong>takie elementy jak publikacje, wyst\u0105pienia konferencyjne, kwerendy i sta\u017ce powinny by\u0107 zaplanowane na ca\u0142y ten okres<\/strong>. Jest zrozumia\u0142e, \u017ce w r\u00f3\u017cnych dyscyplinach naukowych cykl publikacji i konferencji jest odmienny i najcz\u0119\u015bciej precyzyjne zaplanowanie np. wyjazd\u00f3w konferencyjnych na 3 lata do przodu nie jest mo\u017cliwe. To nie zwalnia jednak doktoranta z obowi\u0105zku zaplanowania tego, w jaki spos\u00f3b b\u0119dzie prezentowa\u0142 i upowszechnia\u0142 wyniki swoich bada\u0144. Ma to du\u017ce znaczenie przy planowaniu bud\u017cetu projektu. Tworz\u0105c harmonogram zada\u0144, doktorant planuje r\u00f3wnie\u017c czas zamkni\u0119cia kolejnych etap\u00f3w pracy nad rozpraw\u0105 doktorsk\u0105. Znaj\u0105c czas planowanego zako\u0144czenia danego zadania, powinien wi\u0119c m\u00f3c zaplanowa\u0107, \u017ce wyniki bada\u0144 np. zaprezentuje na mi\u0119dzynarodowej konferencji naukowej. Planuj\u0105c d\u0142ugoterminowo nie trzeba wi\u0119c, je\u017celi brak takich danych, podawa\u0107 precyzyjnych termin\u00f3w czy organizatora konferencji, ale nale\u017cy zaplanowa\u0107 liczb\u0119 i charakter takich dzia\u0142a\u0144.<\/p>\n<\/div>\r\n                    <\/div>\r\n                <\/div>[\/vc_column][\/vc_row]<\/p>\n<style type=\"text\/css\">a[data-mtli~=\"mtli_filesize250,32kB\"]:after {content:\" (250,32 kB)\"}a[data-mtli~=\"mtli_filesize257,12kB\"]:after {content:\" (257,12 kB)\"}<\/style>","protected":false},"excerpt":{"rendered":"<p>[vc_row][vc_column][\/vc_column][\/vc_row] [&#8230;]<\/p>\n<p><a class=\"btn btn-secondary understrap-read-more-link\" href=\"https:\/\/us.edu.pl\/szkola-doktorska\/indywidualny-plan-badawczy\/indywidualny-plan-badawczy-2022-2023\/\">Read More&#8230;<\/a><\/p>\n","protected":false},"author":42,"featured_media":0,"parent":1417,"menu_order":0,"comment_status":"closed","ping_status":"closed","template":"","meta":{"_expiration-date-status":"","_expiration-date":0,"_expiration-date-type":"","_expiration-date-categories":[],"_expiration-date-options":[]},"acf":[],"_links":{"self":[{"href":"https:\/\/us.edu.pl\/szkola-doktorska\/wp-json\/wp\/v2\/pages\/8188"}],"collection":[{"href":"https:\/\/us.edu.pl\/szkola-doktorska\/wp-json\/wp\/v2\/pages"}],"about":[{"href":"https:\/\/us.edu.pl\/szkola-doktorska\/wp-json\/wp\/v2\/types\/page"}],"author":[{"embeddable":true,"href":"https:\/\/us.edu.pl\/szkola-doktorska\/wp-json\/wp\/v2\/users\/42"}],"replies":[{"embeddable":true,"href":"https:\/\/us.edu.pl\/szkola-doktorska\/wp-json\/wp\/v2\/comments?post=8188"}],"version-history":[{"count":5,"href":"https:\/\/us.edu.pl\/szkola-doktorska\/wp-json\/wp\/v2\/pages\/8188\/revisions"}],"predecessor-version":[{"id":12422,"href":"https:\/\/us.edu.pl\/szkola-doktorska\/wp-json\/wp\/v2\/pages\/8188\/revisions\/12422"}],"up":[{"embeddable":true,"href":"https:\/\/us.edu.pl\/szkola-doktorska\/wp-json\/wp\/v2\/pages\/1417"}],"wp:attachment":[{"href":"https:\/\/us.edu.pl\/szkola-doktorska\/wp-json\/wp\/v2\/media?parent=8188"}],"curies":[{"name":"wp","href":"https:\/\/api.w.org\/{rel}","templated":true}]}}