{"id":8390,"date":"2023-05-06T12:35:52","date_gmt":"2023-05-06T10:35:52","guid":{"rendered":"https:\/\/us.edu.pl\/szkola-doktorska\/?page_id=8390"},"modified":"2023-05-15T23:53:30","modified_gmt":"2023-05-15T21:53:30","slug":"antyk-w-pamieci-starozytnych-i-naszej","status":"publish","type":"page","link":"https:\/\/us.edu.pl\/szkola-doktorska\/seminaria-obszarowe-w-roku-akademickim-2024-2025\/antyk-w-pamieci-starozytnych-i-naszej\/","title":{"rendered":"Antyk w pami\u0119ci staro\u017cytnych i naszej"},"content":{"rendered":"<p>[vc_row][vc_column]\r\n                <div class=\"text-modules \">\r\n                    <div class=\"container\">\r\n                        <h3 class=\"section-title section-title_border-bottom\">Antyk w pami\u0119ci staro\u017cytnych i naszej<\/h3> \r\n                        <div class=\"row m-0\">\r\n                            <div class=\"text-modules__content\">\r\n                                Wydzia\u0142 Nauk Humanistycznych, ul. Bankowa 11, Katowice<\/p>\n<p>Seminarium po\u0142\u0105czone z konferencj\u0105 student\u00f3w historii &#8211; Antyk w pami\u0119ci staro\u017cytnej i naszej<\/p>\n<div dir=\"auto\">WTOREK<\/div>\n<div dir=\"auto\">16 maja 2023 r., godz. 17.00-19.00, sala 137<\/div>\n<div dir=\"auto\"><\/div>\n<div dir=\"auto\">13.00 &#8211; 13.20: Ludmi\u0142a \u017byme\u0142ka: Perskie inspiracje Aleksandra Wielkiego.<\/div>\n<div dir=\"auto\"><\/div>\n<div dir=\"auto\">17.00 &#8211; 17.20: Arkadiusz Ciszewski: Protoplasta Sernika: Dania i potrawy Staro\u017cytnego Rzymu.<\/div>\n<div dir=\"auto\"><\/div>\n<div dir=\"auto\">17.20 &#8211; 17.40: Wiktoria Zaborowska: Medea i Klitajmestra \u2013 od rozpaczy do histerii. Sposoby ukazywania szale\u0144stwa kobiet w staro\u017cytnej Grecji na podstawie wybranych tragedii okresu klasycznego.<\/div>\n<div dir=\"auto\"><\/div>\n<div dir=\"auto\">17.40 &#8211; 18.00: Jacek S\u0142owi\u0144ski: Od zapomnienia do uwielbienia &#8211; Dakowie i Trakowie w powojennej propagandzie Rumunii i Bu\u0142garii<\/div>\n<div dir=\"auto\"><\/div>\n<div dir=\"auto\">18.00 &#8211; 18.20: Micha\u0142 Bawe\u0142ek: Pestis inportuna. Staro\u017cytne wzmianki o skorpionie lataj\u0105cym i ich wsp\u00f3\u0142czesne obja\u015bnienia.<\/div>\n<div dir=\"auto\"><\/div>\n<div dir=\"auto\">18.20 &#8211; 18.40: Zuzanna Kalka: Neron-muzykant<\/div>\n<div dir=\"auto\"><\/div>\n<div dir=\"auto\"><\/div>\n<div dir=\"auto\">\u015aRODA<\/div>\n<div dir=\"auto\">17 maja 2023 r., godz. 17.00-19.00, sala 141<\/div>\n<div dir=\"auto\"><\/div>\n<div dir=\"auto\">13.00 &#8211; 13.20:\u00a0 Sandra Rudnik: A co, je\u015bli wojna troja\u0144ska jednak mia\u0142a miejsce? &#8211; przyk\u0142ad fa\u0142szerstwa historycznego na podstawie &#8222;Ephemeris belli Troiani&#8221;.<\/div>\n<div dir=\"auto\"><\/div>\n<div dir=\"auto\">17.00 &#8211; 17.20: mgr Anna Anzorge-Potrzebowska: Projektowana (przez) przesz\u0142os\u0301c\u0301. Tres\u0301c\u0301 numizmat\u00f3w staroz\u0307ytnego Rzymu a kultura pamie\u0328ci.<\/div>\n<div dir=\"auto\"><\/div>\n<div dir=\"auto\">17.20 &#8211; 17.40: Micha\u0142 Kabaci\u0144ski: Zakaz Bachanali\u00f3w w 186 p.n.e.; przyczyny i konsekwencje<\/div>\n<div dir=\"auto\"><\/div>\n<div dir=\"auto\">17.40 &#8211; 18.00: Jakub Madejski: Mowy i inne sposoby motywacji rzymskich legionist\u00f3w przez Cezara w trakcie podboju Galii<\/div>\n<div dir=\"auto\"><\/div>\n<div dir=\"auto\">18.00 &#8211; 18.20: Marcin Dalibor: Kiedy upada gigant, czyli o problematyce ko\u0144ca staro\u017cytno\u015bci<\/div>\n<p>&nbsp;<\/p>\n<p>opiekun seminarium:\u00a0prof. dr. hab. Agata Aleksandra Kluczek \r\n                                <div class=\"mt-3\"><\/div>\r\n                            <\/div>\r\n                            \r\n                            <div class=\"text-modules__img\"><img src=\"https:\/\/us.edu.pl\/szkola-doktorska\/wp-content\/uploads\/sites\/50\/plan\/seminaria-obszarowe\/1200x1200_SD_19_antyk.jpg\" alt=\"img\"><\/div>\r\n                        <\/div>\r\n                    <\/div>\r\n                <\/div>[\/vc_column][\/vc_row][vc_row][vc_column]\r\n                <div class=\"text-modules\">\r\n                    <div class=\"container\">\r\n                        \r\n                        <div class=\"text-modules__content\"><p>Seminarium odbywa si\u0119 w ramach cyklu seminari\u00f3w obszarowych doktorant\u00f3w Szko\u0142y Doktorskiej w roku akademickim 2022\/2023. Do uczestnictwa w seminariach zapraszamy ca\u0142\u0105 spo\u0142eczno\u015b\u0107 akademick\u0105.<br \/>\nWi\u0119cej: <a href=\"https:\/\/us.edu.pl\/szkola-doktorska\/seminaria-obszarowe\/\">https:\/\/us.edu.pl\/szkola-doktorska\/seminaria-obszarowe\/<\/a><\/p>\n<\/div>\r\n                    <\/div>\r\n                <\/div>[\/vc_column][\/vc_row]<\/p>","protected":false},"excerpt":{"rendered":"<p>[vc_row][vc_column][\/vc_column][\/vc_row][vc_row][vc_column][\/vc_column][\/vc_row] [&#8230;]<\/p>\n<p><a class=\"btn btn-secondary understrap-read-more-link\" href=\"https:\/\/us.edu.pl\/szkola-doktorska\/seminaria-obszarowe-w-roku-akademickim-2024-2025\/antyk-w-pamieci-starozytnych-i-naszej\/\">Read More&#8230;<\/a><\/p>\n","protected":false},"author":42,"featured_media":0,"parent":7779,"menu_order":0,"comment_status":"closed","ping_status":"closed","template":"","meta":{"_expiration-date-status":"","_expiration-date":0,"_expiration-date-type":"","_expiration-date-categories":[],"_expiration-date-options":[]},"acf":[],"_links":{"self":[{"href":"https:\/\/us.edu.pl\/szkola-doktorska\/wp-json\/wp\/v2\/pages\/8390"}],"collection":[{"href":"https:\/\/us.edu.pl\/szkola-doktorska\/wp-json\/wp\/v2\/pages"}],"about":[{"href":"https:\/\/us.edu.pl\/szkola-doktorska\/wp-json\/wp\/v2\/types\/page"}],"author":[{"embeddable":true,"href":"https:\/\/us.edu.pl\/szkola-doktorska\/wp-json\/wp\/v2\/users\/42"}],"replies":[{"embeddable":true,"href":"https:\/\/us.edu.pl\/szkola-doktorska\/wp-json\/wp\/v2\/comments?post=8390"}],"version-history":[{"count":3,"href":"https:\/\/us.edu.pl\/szkola-doktorska\/wp-json\/wp\/v2\/pages\/8390\/revisions"}],"predecessor-version":[{"id":8542,"href":"https:\/\/us.edu.pl\/szkola-doktorska\/wp-json\/wp\/v2\/pages\/8390\/revisions\/8542"}],"up":[{"embeddable":true,"href":"https:\/\/us.edu.pl\/szkola-doktorska\/wp-json\/wp\/v2\/pages\/7779"}],"wp:attachment":[{"href":"https:\/\/us.edu.pl\/szkola-doktorska\/wp-json\/wp\/v2\/media?parent=8390"}],"curies":[{"name":"wp","href":"https:\/\/api.w.org\/{rel}","templated":true}]}}