{"id":8401,"date":"2023-05-07T12:49:47","date_gmt":"2023-05-07T10:49:47","guid":{"rendered":"https:\/\/us.edu.pl\/szkola-doktorska\/?page_id=8401"},"modified":"2023-05-07T13:17:54","modified_gmt":"2023-05-07T11:17:54","slug":"edytowane-program-ksztalcenia","status":"publish","type":"page","link":"https:\/\/us.edu.pl\/szkola-doktorska\/edytowane-program-ksztalcenia\/","title":{"rendered":"Program kszta\u0142cenia"},"content":{"rendered":"<p>[vc_row][vc_column]\r\n                <div class=\"text-modules\">\r\n                    <div class=\"container\">\r\n                        \r\n                        <div class=\"text-modules__content\"><p>Program kszta\u0142cenia dla doktorant\u00f3w przyj\u0119tych do Szko\u0142y Doktorskiej na rok akademicki 2020\/2021; 2021\/2022; 2022\/2023<\/p>\n<p>Uchwa\u0142a nr 219 Senatu Uniwersytetu \u015al\u0105skiego w Katowicach z dnia 30 listopada 2021 r.<\/p>\n<p>link: <a href=\"https:\/\/aktyprawne.us.edu.pl\/423-lista\/d\/5412\/5\/\">https:\/\/aktyprawne.us.edu.pl\/423-lista\/d\/5412\/5\/<\/a><\/p>\n<\/div>\r\n                    <\/div>\r\n                <\/div>\r\n                <div class=\"text-modules\">\r\n                    <div class=\"container\">\r\n                        \r\n                        <div class=\"text-modules__content\"><p>Program kszta\u0142cenia dla doktorant\u00f3w przyj\u0119tych do Szko\u0142y Doktorskiej na rok akademicki 2019\/2020:<\/p>\n<ul>\n<li><a href=\"https:\/\/aktyprawne.us.edu.pl\/d\/3264\/5\/\">uchwa\u0142a nr 389\/2019 z 28 maja 2019 roku Senatu U\u015a<\/a><\/li>\n<\/ul>\n<p>\n<\/div>\r\n                    <\/div>\r\n                <\/div>\r\n                <div class=\"text-modules\">\r\n                    <div class=\"container\">\r\n                        <h3 class=\"page-title text__title\">System Zapewniania Jako\u015bci Kszta\u0142cenia<\/h3>\r\n                        <div class=\"text-modules__content\"><p>Kszta\u0142cenie w Szkole Doktorskiej prowadzone jest, monitorowane i ewaluowane zgodnie z procedurami Systemu Zapewniania Jako\u015bci Kszta\u0142cenia, uchwalonymi przez Rad\u0119 Szko\u0142y Doktorskiej dnia 9 stycznia 2020 roku.<\/p>\n<p>Tre\u015b\u0107 dokumentu: <a href=\"https:\/\/us.edu.pl\/szkola-doktorska\/wp-content\/uploads\/sites\/50\/Nieprzypisane\/Procedury-Systemu-Zapewniania-Jako\u015bci-Kszta\u0142cenia-SD-U\u015a.pdf\" class=\"mtli_attachment mtli_pdf\" data-mtli=\"mtli_filesize427,75kB\" class=\"mtli_attachment mtli_pdf\" data-mtli=\"mtli_filesize427,75kB\">Procedury Systemu Zapewniania Jako\u015bci Kszta\u0142cenia SD U\u015a<\/a><\/p>\n<style type=\"text\/css\">a[data-mtli~=\"mtli_filesize427,75kB\"]:after {content:\" (427,75 kB)\"}<\/style><\/div>\r\n                    <\/div>\r\n                <\/div>[\/vc_column][\/vc_row]<\/p>\n<style type=\"text\/css\">a[data-mtli~=\"mtli_filesize427,75kB\"]:after {content:\" (427,75 kB)\"}<\/style>","protected":false},"excerpt":{"rendered":"<p>[vc_row][vc_column][\/vc_column][\/vc_row] [&#8230;]<\/p>\n<p><a class=\"btn btn-secondary understrap-read-more-link\" href=\"https:\/\/us.edu.pl\/szkola-doktorska\/edytowane-program-ksztalcenia\/\">Read More&#8230;<\/a><\/p>\n","protected":false},"author":42,"featured_media":0,"parent":0,"menu_order":0,"comment_status":"closed","ping_status":"closed","template":"","meta":{"_expiration-date-status":"","_expiration-date":0,"_expiration-date-type":"","_expiration-date-categories":[],"_expiration-date-options":[]},"acf":[],"_links":{"self":[{"href":"https:\/\/us.edu.pl\/szkola-doktorska\/wp-json\/wp\/v2\/pages\/8401"}],"collection":[{"href":"https:\/\/us.edu.pl\/szkola-doktorska\/wp-json\/wp\/v2\/pages"}],"about":[{"href":"https:\/\/us.edu.pl\/szkola-doktorska\/wp-json\/wp\/v2\/types\/page"}],"author":[{"embeddable":true,"href":"https:\/\/us.edu.pl\/szkola-doktorska\/wp-json\/wp\/v2\/users\/42"}],"replies":[{"embeddable":true,"href":"https:\/\/us.edu.pl\/szkola-doktorska\/wp-json\/wp\/v2\/comments?post=8401"}],"version-history":[{"count":2,"href":"https:\/\/us.edu.pl\/szkola-doktorska\/wp-json\/wp\/v2\/pages\/8401\/revisions"}],"predecessor-version":[{"id":8403,"href":"https:\/\/us.edu.pl\/szkola-doktorska\/wp-json\/wp\/v2\/pages\/8401\/revisions\/8403"}],"wp:attachment":[{"href":"https:\/\/us.edu.pl\/szkola-doktorska\/wp-json\/wp\/v2\/media?parent=8401"}],"curies":[{"name":"wp","href":"https:\/\/api.w.org\/{rel}","templated":true}]}}