{"id":8414,"date":"2023-05-07T15:58:41","date_gmt":"2023-05-07T13:58:41","guid":{"rendered":"https:\/\/us.edu.pl\/szkola-doktorska\/?page_id=8414"},"modified":"2026-01-29T14:36:07","modified_gmt":"2026-01-29T13:36:07","slug":"zakonczenie-ksztalcenia","status":"publish","type":"page","link":"https:\/\/us.edu.pl\/szkola-doktorska\/zakonczenie-ksztalcenia\/","title":{"rendered":"Zako\u0144czenie kszta\u0142cenia w Szkole Doktorskiej"},"content":{"rendered":"<p>[vc_row][vc_column]\r\n                <div class=\"text-modules\">\r\n                    <div class=\"container\">\r\n                        <h3 class=\"page-title text__title\">Zako\u0144czenie kszta\u0142cenia w Szkole Doktorskiej<\/h3>\r\n                        <div class=\"text-modules__content\"><p>Kszta\u0142cenie doktoranta w Szkole Doktorskiej ko\u0144czy si\u0119 z\u0142o\u017ceniem rozprawy doktorskiej. Rozpraw\u0119 z\u0142o\u017cy\u0107 nale\u017cy do organu prowadz\u0105cego post\u0119powanie o nadanie stopnia doktora. Organami prowadz\u0105cymi post\u0119powanie w Uniwersytecie \u015al\u0105skim w Katowicach s\u0105 rady naukowe instytut\u00f3w, a dla doktorat\u00f3w dziedzinowych \u2013 komisja interdyscyplinarna.\u00a0<strong>Rozprawy doktorskiej nie nale\u017cy sk\u0142ada\u0107 do biura Szko\u0142y Doktorskiej<\/strong>.<\/p>\n<p><strong>Z\u0142o\u017cenie rozprawy doktorskiej jest cz\u0119\u015bci\u0105 post\u0119powania o nadanie stopnia doktora. Doktorant sk\u0142ada rozpraw\u0119 po jej zatwierdzeniu w systemie APD, w postaci wydruku dokumentu wygenerowanego z APD.<\/strong><\/p>\n<\/div>\r\n                    <\/div>\r\n                <\/div>\r\n                <div class=\"text-modules \">\r\n                    <div class=\"container\">\r\n                        <h3 class=\"section-title section-title_border-bottom\">Etap I \u2013 zg\u0142oszenie ch\u0119ci wszcz\u0119cia post\u0119powania w Biurze Ewaluacji i Obs\u0142ugi w\u0142a\u015bciwego instytutu<\/h3> \r\n                        <div class=\"row m-0\">\r\n                            <div class=\"text-modules__content\">\r\n                                Doktorant, chc\u0105cy z\u0142o\u017cy\u0107 rozpraw\u0119 doktorsk\u0105 powinien zg\u0142osi\u0107 si\u0119 w Biurze Ewaluacji i Obs\u0142ugi Instytutu (BEOI) odpowiednim dla dyscypliny naukowej doktoranta (uwaga &#8211; w przypadku Wydzia\u0142u Humanistycznego i Wydzia\u0142u Nauk Spo\u0142ecznych zajmuj\u0105 si\u0119 tym wyznaczone na wydziale osoby, a nie pracownicy obs\u0142uguj\u0105cy sprawy instytut\u00f3w: <a href=\"https:\/\/us.edu.pl\/wydzial\/wh\/awanse-naukowe\/#1662106253909-7588fa29-f5aa\">link do strony WH<\/a>, <a href=\"https:\/\/us.edu.pl\/wydzial\/wns\/ogloszenia-dla-doktorantow\/\">link do strony WNS<\/a>). Tam pozyska\u0107 mo\u017cna informacje o niezb\u0119dnych dokumentach i o terminach na ich z\u0142o\u017cenie, zwi\u0105zanych z terminami posiedze\u0144 rady naukowej instytutu.<\/p>\n<p>W BEOI doktorant otrzymuje tak\u017ce dost\u0119p do swojej rozprawy w systemie APD (<a href=\"https:\/\/apd.us.edu.pl\/\">https:\/\/apd.us.edu.pl\/<\/a>), i tam wgrywa rozpraw\u0119 doktorsk\u0105 (uwaga &#8211; w przypadku rozprawy doktorskiej, inaczej ni\u017c przy pracach magisterskich i licencjackich pierwszy krok nale\u017cy do administracji, a nie do doktoranta lub promotora; nie nale\u017cy samodzielnie &#8222;zak\u0142ada\u0107&#8221; rozprawy doktorskiej). W APD rozprawa b\u0119dzie poddana kontroli antyplagiatowej przez promotora. \r\n                                <div class=\"mt-3\"><\/div>\r\n                            <\/div>\r\n                            \r\n                            \r\n                        <\/div>\r\n                    <\/div>\r\n                <\/div>\r\n                <div class=\"text-modules \">\r\n                    <div class=\"container\">\r\n                        <h3 class=\"section-title section-title_border-bottom\">Etap II \u2013 realizacja programu kszta\u0142cenia i obowi\u0105zk\u00f3w wynikaj\u0105cych z Regulaminu SD<\/h3> \r\n                        <div class=\"row m-0\">\r\n                            <div class=\"text-modules__content\">\r\n                                Przed zako\u0144czeniem kszta\u0142cenia nale\u017cy zweryfikowa\u0107, czy doktorat zrealizowa\u0142 wszystkie obowi\u0105zki wynikaj\u0105ce z programu kszta\u0142cenia i Regulaminu Szko\u0142y Doktorskiej. Biuro Szko\u0142y Doktorskiej weryfikuje to za pomoc\u0105 listy kontrolnej \u2013 dla u\u0142atwienia udost\u0119pniamy j\u0105 tutaj (na dole strony).<\/p>\n<p>Obok rozliczenia si\u0119 z zaj\u0119\u0107 i innych obowi\u0105zk\u00f3w nale\u017cy tak\u017ce upewni\u0107 si\u0119, czy doktorat nie ma sprz\u0119tu lub ksi\u0105\u017cek, kt\u00f3re powinien zwr\u00f3ci\u0107, a tak\u017ce czy z\u0142o\u017cy\u0142 o\u015bwiadczenie o przypisaniu do dyscypliny i przekaza\u0142 wykaz swoich osi\u0105gni\u0119\u0107 naukowych (<a href=\"https:\/\/us.edu.pl\/szkola-doktorska\/osiagniecia-naukowe-doktorantow-a-ewaluacja-dyscyplin\/\">https:\/\/us.edu.pl\/szkola-doktorska\/osiagniecia-naukowe-doktorantow-a-ewaluacja-dyscyplin\/<\/a>).<\/p>\n<p>Przed odebraniem dokument\u00f3w doktorant wype\u0142nia tak\u017ce deklaracj\u0119 przyst\u0105pienia do Bazy Absolwent\u00f3w (USOSweb -&gt; Dla Wszystkich -&gt; Baza Absolwent\u00f3w -&gt; Baza Absolwent\u00f3w &#8211; Szko\u0142a Doktorska). Uwaga: wcze\u015bniejsze zg\u0142oszenie do bazy absolwent\u00f3w po studiach nie zwalnia z obowi\u0105zku z\u0142o\u017cenia deklaracji po kszta\u0142ceniu w Szkole Doktorskiej. Obowi\u0105zkiem doktoranta jest z\u0142o\u017cenie deklaracji, a nie przyst\u0105pienie do bazy (deklaracja mo\u017ce by\u0107 negatywna, cho\u0107 oczywi\u015bcie zach\u0119camy do przyst\u0105pienia do bazy).<\/p>\n<p>Po weryfikacji, biuro SD wydaje doktorantowi (wymagana obecno\u015b\u0107 osobista):<\/p>\n<ul>\n<li>za\u015bwiadczenie o uzyskaniu efekt\u00f3w uczenia si\u0119 na poziomie 8. Polskiej Ramy Kwalifikacji<\/li>\n<li>potwierdzon\u0105 kopi\u0119 wyznaczenia promotora<\/li>\n<li>list\u0119 zg\u0142oszonych i przypisanych do dyscypliny publikacji<\/li>\n<\/ul>\n<p>&#8211; te dokumenty b\u0119d\u0105 niezb\u0119dne do z\u0142o\u017cenia rozprawy doktorskiej.<\/p>\n<p><strong><u>Doktorant planuj\u0105cy zako\u0144czenie kszta\u0142cenia i z\u0142o\u017cenie rozprawy doktorskiej informuje biuro SD o tym co najmniej na 2 tygodnie przed terminem, w kt\u00f3rym chce uzyska\u0107 za\u015bwiadczenie o 8 PRK.<\/u><\/strong> \r\n                                <div class=\"mt-3\"><\/div>\r\n                            <\/div>\r\n                            \r\n                            \r\n                        <\/div>\r\n                    <\/div>\r\n                <\/div>\r\n                <div class=\"text-modules \">\r\n                    <div class=\"container\">\r\n                        <h3 class=\"section-title section-title_border-bottom\">Etap III \u2013 z\u0142o\u017cenie rozprawy doktorskiej<\/h3> \r\n                        <div class=\"row m-0\">\r\n                            <div class=\"text-modules__content\">\r\n                                Doktorant sk\u0142ada rozpraw\u0119 doktorsk\u0105 we w\u0142a\u015bciwym BEOI w terminie nie p\u00f3\u017aniejszym ni\u017c termin z\u0142o\u017cenia rozprawy podany w Indywidualnym planie badawczym.<\/p>\n<p>W celu wszcz\u0119cia post\u0119powania w sprawie nadania stopnia doktora, doktorant Szko\u0142y Doktorskiej kontaktuje si\u0119 z w\u0142a\u015bciwym Instytutem i sk\u0142ada stosowne dokumenty (list\u0119 nale\u017cy potwierdzi\u0107 w BEOI):<\/p>\n<ul>\n<li>kopi\u0119 dokumentu potwierdzaj\u0105cego uzyskanie w\u0142a\u015bciwego tytu\u0142u zawodowego (PSWiN art. 186 ust. 1 pkt 1);<\/li>\n<li>informacj\u0119 o uzyskaniu efekt\u00f3w uczenia si\u0119 dla kwalifikacji na poziomie 8 PRK (PSWiN art. 186 ust. 1 pkt 2) \u2013 za\u015bwiadczenie wystawione przez Szko\u0142\u0119 Doktorsk\u0105 o uzyskaniu efekt\u00f3w uczenia si\u0119 dla kwalifikacji na poziomie 8 PRK;<\/li>\n<li>informacj\u0119 o znajomo\u015bci nowo\u017cytnego j\u0119zyka obcego (potwierdzon\u0105 certyfikatem, dyplomem uko\u0144czenia studi\u00f3w lub dokumentem wydanym przez podmiot doktoryzuj\u0105cy, po przeprowadzonym egzaminie), po\u015bwiadczaj\u0105c\u0105 znajomo\u015b\u0107 tego j\u0119zyka na poziomie bieg\u0142o\u015bci j\u0119zykowej co najmniej B2 (PSWiN art. 186 ust. 1 pkt 2);<\/li>\n<li>wykaz swoich prac naukowych wraz z informacj\u0105 o posiadaniu w\u0142a\u015bciwego dorobku naukowego, uprawniaj\u0105cego do wszcz\u0119cia post\u0119powania w sprawie nadania stopnia doktora (PSWiN art. 186 ust. 1 pkt 3);<\/li>\n<li>informacj\u0119 o wyznaczeniu promotora \u2013 po\u015bwiadczona przez Szko\u0142\u0119 Doktorsk\u0105 decyzja o wyznaczeniu promotora, uchwa\u0142a rady naukowej (od 2023 r.);<\/li>\n<li>rozpraw\u0119 doktorsk\u0105 wraz z pozytywn\u0105 opini\u0105 promotora lub promotor\u00f3w (PSWiN art. 189);<\/li>\n<li>podpisany przez promotora raport ze sprawdzenia rozprawy doktorskiej z wykorzystaniem Jednolitego Systemu Antyplagiatowego, w przypadku gdy rozprawa jest prac\u0105 pisemn\u0105;<\/li>\n<li>streszczenie rozprawy doktorskiej w j\u0119zyku angielskim, a w przypadku rozprawy doktorskiej przygotowanej w j\u0119zyku obcym r\u00f3wnie\u017c streszczenie w j\u0119zyku polskim. W przypadku, gdy rozprawa doktorska nie stanowi pracy pisemnej, do\u0142\u0105cza si\u0119 jej opis w j\u0119zykach polskim i angielskim.<\/li>\n<\/ul>\n<p>W przypadku braku certyfikatu lub dyplomu uko\u0144czenia studi\u00f3w, o kt\u00f3rych mowa z pkt. 3, przeprowadza si\u0119 egzamin potwierdzaj\u0105cy znajomo\u015b\u0107 nowo\u017cytnego j\u0119zyka obcego na poziomie bieg\u0142o\u015bci j\u0119zykowej B2. Warto pami\u0119ta\u0107, \u017ce komisja egzaminacyjna powo\u0142ywana jest przez organ przeprowadzaj\u0105cy post\u0119powanie, na kolejnym posiedzeniu organu. Oznacza to, \u017ce ta \u015bcie\u017cka b\u0119dzie wyd\u0142u\u017cona czasowo w por\u00f3wnaniu do pozosta\u0142ych. Post\u0119powanie w tej sprawie opisuje Pismo ok\u00f3lne nr 5 Rektora U\u015a z dnia 29 marca 2023 roku. \r\n                                <div class=\"mt-3\"><\/div>\r\n                            <\/div>\r\n                            \r\n                            \r\n                        <\/div>\r\n                    <\/div>\r\n                <\/div>\r\n                <div class=\"text-modules \">\r\n                    <div class=\"container\">\r\n                        <h3 class=\"section-title section-title_border-bottom\">Etap IV \u2013 dalsze post\u0119powanie<\/h3> \r\n                        <div class=\"row m-0\">\r\n                            <div class=\"text-modules__content\">\r\n                                BEOI weryfikuje dokumenty i wystawia za\u015bwiadczenie o z\u0142o\u017ceniu przez doktoranta rozprawy doktorskiej. To za\u015bwiadczenie BEOI przekazuje bezpo\u015brednio do SD.<\/p>\n<p>SD po otrzymaniu za\u015bwiadczenia zaka\u0144cza kszta\u0142cenie doktoranta z dat\u0105 zgodn\u0105 z dat\u0105 z\u0142o\u017cenia rozprawy. Nast\u0119pnie przesy\u0142a do BEOI informacj\u0119 o zako\u0144czeniu kszta\u0142cenia, kt\u00f3ra jest podstaw\u0105 do tego, \u017ceby finansowanie post\u0119powania by\u0142o po stronie uczelni. Dalej post\u0119powanie prowadzone jest w BEOI. \r\n                                <div class=\"mt-3\"><\/div>\r\n                            <\/div>\r\n                            \r\n                            \r\n                        <\/div>\r\n                    <\/div>\r\n                <\/div>[\/vc_column][\/vc_row][vc_row][vc_column]\r\n                <div class=\"text-modules\">\r\n                    <div class=\"container\">\r\n                        <h3 class=\"page-title text__title\">Informacje dotycz\u0105ce stypendium doktoranckiego<\/h3>\r\n                        <div class=\"text-modules__content\"><p>Za miesi\u0105c, w kt\u00f3rym doktorant zako\u0144czy\u0142 kszta\u0142cenie stypendium doktoranckie wyp\u0142acane jest w pe\u0142nej stawce, niezale\u017cnie od dnia miesi\u0105ca, w kt\u00f3rym zako\u0144czono kszta\u0142cenie. Je\u017celi doktorant uko\u0144czy\u0142 kszta\u0142cenie wcze\u015bniej ni\u017c przewiduje program kszta\u0142cenia (tj. zwykle wcze\u015bniej ni\u017c po 48 miesi\u0105cach kszta\u0142cenia), zgodnie z art. 209 ust. 8 ustawy Prawo o Szkolnictwie Wy\u017cszym i Nauce doktorant \u201eotrzymuje stypendium doktoranckie do dnia, w kt\u00f3rym up\u0142ywa termin uko\u0144czenia kszta\u0142cenia, jednak nie d\u0142u\u017cej ni\u017c przez 6 miesi\u0119cy\u201d (do tych 6 miesi\u0119cy nie wlicza si\u0119 miesi\u0105ca, w kt\u00f3rym zako\u0144czono kszta\u0142cenie).<\/p>\n<\/div>\r\n                    <\/div>\r\n                <\/div>\r\n                <div class=\"text-modules\">\r\n                    <div class=\"container\">\r\n                        <h3 class=\"page-title text__title\">Dokumenty i podstawa prawna<\/h3>\r\n                        <div class=\"text-modules__content\"><p>lista kontrolna &#8211; weryfikacja obowi\u0105zk\u00f3w doktoranta:<\/p>\n<ul>\n<li>dla programu kszta\u0142cenia rocznik\u00f3w 2020\/2021, 2021\/2022 i 2022\/2023: <a href=\"https:\/\/us.edu.pl\/szkola-doktorska\/wp-content\/uploads\/sites\/50\/SD\/zakonczenie-ksztalcenia\/Zakonczenie-ksztalcenia-2026-lista-kontrolna-rocznik-2020-2021-2021-2022-2022-2023.docx\" class=\"mtli_attachment mtli_docx\" data-mtli=\"mtli_filesize26,02kB\" class=\"mtli_attachment mtli_docx\" data-mtli=\"mtli_filesize26,02kB\">Zakonczenie-ksztalcenia-2026-lista-kontrolna-rocznik 2020-2021, 2021-2022, 2022-2023<\/a><\/li>\n<li>dla programu kszta\u0142cenia rocznika 2023\/2024: <a href=\"https:\/\/us.edu.pl\/szkola-doktorska\/wp-content\/uploads\/sites\/50\/SD\/zakonczenie-ksztalcenia\/Zakonczenie-ksztalcenia-2026-lista-kontrolna-rocznik-2023-2024.docx\" class=\"mtli_attachment mtli_docx\" data-mtli=\"mtli_filesize25,98kB\" class=\"mtli_attachment mtli_docx\" data-mtli=\"mtli_filesize25,98kB\">Zakonczenie-ksztalcenia-2026-lista-kontrolna-rocznik 2023-2024<\/a><\/li>\n<\/ul>\n<p>Pismo ok\u00f3lne nr 3 Rektora Uniwersytetu \u015al\u0105skiego w Katowicach z dnia 12 lutego 2024 r. w sprawie sposobu weryfikacji efekt\u00f3w uczenia si\u0119 dla kwalifikacji na poziomie 8 PRK w zakresie znajomo\u015bci nowo\u017cytnego j\u0119zyka obcego w przypadku os\u00f3b ubiegaj\u0105cych si\u0119 o nadanie stopnia doktora &#8211; <a href=\"https:\/\/aktyprawne.us.edu.pl\/d\/7141\/5\/\">link do pisma<\/a><\/p>\n<p><a href=\"https:\/\/us.edu.pl\/szkola-doktorska\/wp-content\/uploads\/sites\/50\/prawo\/zalacznik-do-zarzadzenia-nr-150-z-2022.pdf\" class=\"mtli_attachment mtli_pdf\" data-mtli=\"mtli_filesize205,14kB\" class=\"mtli_attachment mtli_pdf\" data-mtli=\"mtli_filesize205,14kB\">za\u0142\u0105cznik do zarz\u0105dzenia nr 150 z 2022 rektora U\u015a<\/a> &#8211; lista certyfikat\u00f3w uznawanych na Uniwersytecie \u015al\u0105skim<\/p>\n<p>Zarz\u0105dzenie nr 197 Rektora Uniwersytetu \u015al\u0105skiego w Katowicach z dnia 16 listopada 2021 r. w sprawie wprowadzenia procedury sk\u0142adania rozpraw doktorskich oraz weryfikacji samodzielno\u015bci ich przygotowania &#8211; <a href=\"https:\/\/aktyprawne.us.edu.pl\/d\/5391\/5\/\">link do zarz\u0105dzenia<\/a><\/p>\n<p>Uchwa\u0142a nr 488\/2024 Senatu U\u015a w przedmiocie okre\u015blenia szczeg\u00f3\u0142owego trybu post\u0119powania w sprawie nadania stopnia doktora &#8211; <a href=\"https:\/\/aktyprawne.us.edu.pl\/d\/7098\/5\/\">link do uchwa\u0142y<\/a><\/p>\n<p>Regulamin Szko\u0142y Doktorskiej &#8211; uchwa\u0142a nr 343\/2022 z dnia 20-12-2022 Senatu U\u015a \u2013 <a href=\"https:\/\/aktyprawne.us.edu.pl\/d\/6057\/5\/\">link do uchwa\u0142y<\/a>.<\/p>\n<p>Ustawa Prawo o Szkolnictwie Wy\u017cszym i Nauce &#8211; <a href=\"https:\/\/isap.sejm.gov.pl\/isap.nsf\/DocDetails.xsp?id=WDU20180001668\">link do ustawy<\/a><\/p>\n<style type=\"text\/css\">a[data-mtli~=\"mtli_filesize26,02kB\"]:after {content:\" (26,02 kB)\"}a[data-mtli~=\"mtli_filesize25,98kB\"]:after {content:\" (25,98 kB)\"}a[data-mtli~=\"mtli_filesize205,14kB\"]:after {content:\" (205,14 kB)\"}<\/style><\/div>\r\n                    <\/div>\r\n                <\/div>[\/vc_column][\/vc_row]<\/p>\n<style type=\"text\/css\">a[data-mtli~=\"mtli_filesize26,02kB\"]:after {content:\" (26,02 kB)\"}a[data-mtli~=\"mtli_filesize25,98kB\"]:after {content:\" (25,98 kB)\"}a[data-mtli~=\"mtli_filesize205,14kB\"]:after {content:\" (205,14 kB)\"}<\/style>","protected":false},"excerpt":{"rendered":"<p>[vc_row][vc_column][\/vc_column][\/vc_row][vc_row][vc_column][\/vc_column][\/vc_row] [&#8230;]<\/p>\n<p><a class=\"btn btn-secondary understrap-read-more-link\" href=\"https:\/\/us.edu.pl\/szkola-doktorska\/zakonczenie-ksztalcenia\/\">Read More&#8230;<\/a><\/p>\n","protected":false},"author":42,"featured_media":0,"parent":0,"menu_order":0,"comment_status":"closed","ping_status":"closed","template":"","meta":{"_expiration-date-status":"","_expiration-date":0,"_expiration-date-type":"","_expiration-date-categories":[],"_expiration-date-options":[]},"acf":[],"_links":{"self":[{"href":"https:\/\/us.edu.pl\/szkola-doktorska\/wp-json\/wp\/v2\/pages\/8414"}],"collection":[{"href":"https:\/\/us.edu.pl\/szkola-doktorska\/wp-json\/wp\/v2\/pages"}],"about":[{"href":"https:\/\/us.edu.pl\/szkola-doktorska\/wp-json\/wp\/v2\/types\/page"}],"author":[{"embeddable":true,"href":"https:\/\/us.edu.pl\/szkola-doktorska\/wp-json\/wp\/v2\/users\/42"}],"replies":[{"embeddable":true,"href":"https:\/\/us.edu.pl\/szkola-doktorska\/wp-json\/wp\/v2\/comments?post=8414"}],"version-history":[{"count":10,"href":"https:\/\/us.edu.pl\/szkola-doktorska\/wp-json\/wp\/v2\/pages\/8414\/revisions"}],"predecessor-version":[{"id":24344,"href":"https:\/\/us.edu.pl\/szkola-doktorska\/wp-json\/wp\/v2\/pages\/8414\/revisions\/24344"}],"wp:attachment":[{"href":"https:\/\/us.edu.pl\/szkola-doktorska\/wp-json\/wp\/v2\/media?parent=8414"}],"curies":[{"name":"wp","href":"https:\/\/api.w.org\/{rel}","templated":true}]}}